{"id":53,"date":"2019-04-18T11:16:34","date_gmt":"2019-04-18T11:16:34","guid":{"rendered":"https:\/\/envothemes.com\/envo-ecommerce\/?page_id=53"},"modified":"2025-05-17T02:24:23","modified_gmt":"2025-05-17T08:24:23","slug":"about-us","status":"publish","type":"page","link":"https:\/\/tecsecmty.com\/index.php\/about-us\/","title":{"rendered":"About Us"},"content":{"rendered":"\t\t<div data-elementor-type=\"wp-post\" data-elementor-id=\"53\" class=\"elementor elementor-53\">\n\t\t\t\t\t\t<section class=\"elementor-section elementor-top-section elementor-element elementor-element-2b5c2656 elementor-section-boxed elementor-section-height-default elementor-section-height-default\" data-id=\"2b5c2656\" data-element_type=\"section\" data-e-type=\"section\" data-settings=\"{&quot;background_background&quot;:&quot;classic&quot;}\">\n\t\t\t\t\t\t<div class=\"elementor-container elementor-column-gap-default\">\n\t\t\t\t\t<div class=\"elementor-column elementor-col-100 elementor-top-column elementor-element elementor-element-6a2380e3\" data-id=\"6a2380e3\" data-element_type=\"column\" data-e-type=\"column\">\n\t\t\t<div class=\"elementor-widget-wrap elementor-element-populated\">\n\t\t\t\t\t\t<div class=\"elementor-element elementor-element-5cb5fbab elementor-widget elementor-widget-heading\" data-id=\"5cb5fbab\" data-element_type=\"widget\" data-e-type=\"widget\" data-widget_type=\"heading.default\">\n\t\t\t\t<div class=\"elementor-widget-container\">\n\t\t\t\t\t<h2 class=\"elementor-heading-title elementor-size-default\">Nuestros Servicios<\/h2>\t\t\t\t<\/div>\n\t\t\t\t<\/div>\n\t\t\t\t<div class=\"elementor-element elementor-element-13a0f5ed elementor-widget-divider--view-line elementor-widget elementor-widget-divider\" data-id=\"13a0f5ed\" data-element_type=\"widget\" data-e-type=\"widget\" data-widget_type=\"divider.default\">\n\t\t\t\t<div class=\"elementor-widget-container\">\n\t\t\t\t\t\t\t<div class=\"elementor-divider\">\n\t\t\t<span class=\"elementor-divider-separator\">\n\t\t\t\t\t\t<\/span>\n\t\t<\/div>\n\t\t\t\t\t\t<\/div>\n\t\t\t\t<\/div>\n\t\t\t\t\t<\/div>\n\t\t<\/div>\n\t\t\t\t\t<\/div>\n\t\t<\/section>\n\t\t\t\t<section class=\"elementor-section elementor-top-section elementor-element elementor-element-41b4fead elementor-reverse-mobile elementor-section-boxed elementor-section-height-default elementor-section-height-default\" data-id=\"41b4fead\" data-element_type=\"section\" data-e-type=\"section\" data-settings=\"{&quot;background_background&quot;:&quot;classic&quot;}\">\n\t\t\t\t\t\t\t<div class=\"elementor-background-overlay\"><\/div>\n\t\t\t\t\t\t\t<div class=\"elementor-container elementor-column-gap-default\">\n\t\t\t\t\t<div class=\"elementor-column elementor-col-100 elementor-top-column elementor-element elementor-element-205bc7ca\" data-id=\"205bc7ca\" data-element_type=\"column\" data-e-type=\"column\">\n\t\t\t<div class=\"elementor-widget-wrap elementor-element-populated\">\n\t\t\t\t\t\t<div class=\"elementor-element elementor-element-c8d7c01 elementor-widget elementor-widget-text-editor\" data-id=\"c8d7c01\" data-element_type=\"widget\" data-e-type=\"widget\" data-widget_type=\"text-editor.default\">\n\t\t\t\t<div class=\"elementor-widget-container\">\n\t\t\t\t\t\t\t\t\t<div class=\"page\" title=\"Page 2\">\n<div class=\"section\">\n<div class=\"layoutArea\">\n<div class=\"column\">\n<p>En <strong data-start=\"331\" data-end=\"359\">Tecno Security Monterrey<\/strong>, somos l\u00edderes en soluciones integrales de seguridad electr\u00f3nica y tecnolog\u00eda avanzada, adaptadas a las necesidades espec\u00edficas de cada cliente. Nuestro compromiso es proporcionar tecnolog\u00eda de vanguardia y asesor\u00eda experta para proteger y optimizar tus operaciones.<\/p>\n<\/div>\n<\/div>\n<\/div>\n<\/div>\t\t\t\t\t\t\t\t<\/div>\n\t\t\t\t<\/div>\n\t\t\t\t\t<\/div>\n\t\t<\/div>\n\t\t\t\t\t<\/div>\n\t\t<\/section>\n\t\t\t\t<section class=\"elementor-section elementor-top-section elementor-element elementor-element-9e42cdd elementor-reverse-mobile elementor-section-boxed elementor-section-height-default elementor-section-height-default\" data-id=\"9e42cdd\" data-element_type=\"section\" data-e-type=\"section\" data-settings=\"{&quot;background_background&quot;:&quot;classic&quot;}\">\n\t\t\t\t\t\t\t<div class=\"elementor-background-overlay\"><\/div>\n\t\t\t\t\t\t\t<div class=\"elementor-container elementor-column-gap-default\">\n\t\t\t\t\t<div class=\"elementor-column elementor-col-100 elementor-top-column elementor-element elementor-element-04f029a\" data-id=\"04f029a\" data-element_type=\"column\" data-e-type=\"column\">\n\t\t\t<div class=\"elementor-widget-wrap elementor-element-populated\">\n\t\t\t\t\t\t<div class=\"elementor-element elementor-element-58d9777 elementor-widget elementor-widget-heading\" data-id=\"58d9777\" data-element_type=\"widget\" data-e-type=\"widget\" data-widget_type=\"heading.default\">\n\t\t\t\t<div class=\"elementor-widget-container\">\n\t\t\t\t\t<h2 class=\"elementor-heading-title elementor-size-default\">Infraestructura de Redes y Cableado Estructurado<\/h2>\t\t\t\t<\/div>\n\t\t\t\t<\/div>\n\t\t\t\t<div class=\"elementor-element elementor-element-24b4cc6 elementor-widget elementor-widget-text-editor\" data-id=\"24b4cc6\" data-element_type=\"widget\" data-e-type=\"widget\" data-widget_type=\"text-editor.default\">\n\t\t\t\t<div class=\"elementor-widget-container\">\n\t\t\t\t\t\t\t\t\t<div class=\"page\" title=\"Page 3\"><div class=\"section\"><div class=\"layoutArea\"><div class=\"column\"><p>Desarrollamos infraestructuras de red robustas y eficientes, incluyendo cableado estructurado, que soportan todos los sistemas de seguridad y comunicaci\u00f3n de tu empresa.<\/p><\/div><\/div><\/div><\/div>\t\t\t\t\t\t\t\t<\/div>\n\t\t\t\t<\/div>\n\t\t\t\t\t<\/div>\n\t\t<\/div>\n\t\t\t\t\t<\/div>\n\t\t<\/section>\n\t\t\t\t<section class=\"elementor-section elementor-top-section elementor-element elementor-element-14bd753 elementor-reverse-mobile elementor-section-boxed elementor-section-height-default elementor-section-height-default\" data-id=\"14bd753\" data-element_type=\"section\" data-e-type=\"section\" data-settings=\"{&quot;background_background&quot;:&quot;classic&quot;}\">\n\t\t\t\t\t\t\t<div class=\"elementor-background-overlay\"><\/div>\n\t\t\t\t\t\t\t<div class=\"elementor-container elementor-column-gap-default\">\n\t\t\t\t\t<div class=\"elementor-column elementor-col-100 elementor-top-column elementor-element elementor-element-a4e0b31\" data-id=\"a4e0b31\" data-element_type=\"column\" data-e-type=\"column\">\n\t\t\t<div class=\"elementor-widget-wrap elementor-element-populated\">\n\t\t\t\t\t\t<div class=\"elementor-element elementor-element-1ba72bd elementor-widget elementor-widget-heading\" data-id=\"1ba72bd\" data-element_type=\"widget\" data-e-type=\"widget\" data-widget_type=\"heading.default\">\n\t\t\t\t<div class=\"elementor-widget-container\">\n\t\t\t\t\t<h2 class=\"elementor-heading-title elementor-size-default\">Videovigilancia Inteligente<\/h2>\t\t\t\t<\/div>\n\t\t\t\t<\/div>\n\t\t\t\t<div class=\"elementor-element elementor-element-f6e0317 elementor-widget elementor-widget-text-editor\" data-id=\"f6e0317\" data-element_type=\"widget\" data-e-type=\"widget\" data-widget_type=\"text-editor.default\">\n\t\t\t\t<div class=\"elementor-widget-container\">\n\t\t\t\t\t\t\t\t\t<div class=\"page\" title=\"Page 4\"><div class=\"section\"><div class=\"layoutArea\"><div class=\"column\"><p>Implementamos sistemas de videovigilancia de alta definici\u00f3n que permiten monitoreo en tiempo real y grabaci\u00f3n de eventos, mejorando la seguridad y el control en tus instalaciones.<\/p><\/div><\/div><\/div><\/div>\t\t\t\t\t\t\t\t<\/div>\n\t\t\t\t<\/div>\n\t\t\t\t\t<\/div>\n\t\t<\/div>\n\t\t\t\t\t<\/div>\n\t\t<\/section>\n\t\t\t\t<section class=\"elementor-section elementor-top-section elementor-element elementor-element-c63567c elementor-reverse-mobile elementor-section-boxed elementor-section-height-default elementor-section-height-default\" data-id=\"c63567c\" data-element_type=\"section\" data-e-type=\"section\" data-settings=\"{&quot;background_background&quot;:&quot;classic&quot;}\">\n\t\t\t\t\t\t\t<div class=\"elementor-background-overlay\"><\/div>\n\t\t\t\t\t\t\t<div class=\"elementor-container elementor-column-gap-default\">\n\t\t\t\t\t<div class=\"elementor-column elementor-col-100 elementor-top-column elementor-element elementor-element-774f518\" data-id=\"774f518\" data-element_type=\"column\" data-e-type=\"column\">\n\t\t\t<div class=\"elementor-widget-wrap elementor-element-populated\">\n\t\t\t\t\t\t<div class=\"elementor-element elementor-element-d5b13f6 elementor-widget elementor-widget-heading\" data-id=\"d5b13f6\" data-element_type=\"widget\" data-e-type=\"widget\" data-widget_type=\"heading.default\">\n\t\t\t\t<div class=\"elementor-widget-container\">\n\t\t\t\t\t<h2 class=\"elementor-heading-title elementor-size-default\">Control de Acceso y Asistencia<\/h2>\t\t\t\t<\/div>\n\t\t\t\t<\/div>\n\t\t\t\t<div class=\"elementor-element elementor-element-51dcf22 elementor-widget elementor-widget-text-editor\" data-id=\"51dcf22\" data-element_type=\"widget\" data-e-type=\"widget\" data-widget_type=\"text-editor.default\">\n\t\t\t\t<div class=\"elementor-widget-container\">\n\t\t\t\t\t\t\t\t\t<div class=\"page\" title=\"Page 5\"><div class=\"section\"><div class=\"layoutArea\"><div class=\"column\"><p>Ofrecemos soluciones avanzadas para gestionar y monitorear el acceso de personas y veh\u00edculos, as\u00ed como el control de asistencia del personal, optimizando la seguridad y la eficiencia operativa.<\/p><\/div><\/div><\/div><\/div>\t\t\t\t\t\t\t\t<\/div>\n\t\t\t\t<\/div>\n\t\t\t\t\t<\/div>\n\t\t<\/div>\n\t\t\t\t\t<\/div>\n\t\t<\/section>\n\t\t\t\t<section class=\"elementor-section elementor-top-section elementor-element elementor-element-888ecf4 elementor-reverse-mobile elementor-section-boxed elementor-section-height-default elementor-section-height-default\" data-id=\"888ecf4\" data-element_type=\"section\" data-e-type=\"section\" data-settings=\"{&quot;background_background&quot;:&quot;classic&quot;}\">\n\t\t\t\t\t\t\t<div class=\"elementor-background-overlay\"><\/div>\n\t\t\t\t\t\t\t<div class=\"elementor-container elementor-column-gap-default\">\n\t\t\t\t\t<div class=\"elementor-column elementor-col-100 elementor-top-column elementor-element elementor-element-8e99003\" data-id=\"8e99003\" data-element_type=\"column\" data-e-type=\"column\">\n\t\t\t<div class=\"elementor-widget-wrap elementor-element-populated\">\n\t\t\t\t\t\t<div class=\"elementor-element elementor-element-7c85873 elementor-widget elementor-widget-heading\" data-id=\"7c85873\" data-element_type=\"widget\" data-e-type=\"widget\" data-widget_type=\"heading.default\">\n\t\t\t\t<div class=\"elementor-widget-container\">\n\t\t\t\t\t<h2 class=\"elementor-heading-title elementor-size-default\">Sistemas de Alarma e Intrusi\u00f3n<\/h2>\t\t\t\t<\/div>\n\t\t\t\t<\/div>\n\t\t\t\t<div class=\"elementor-element elementor-element-08631f5 elementor-widget elementor-widget-text-editor\" data-id=\"08631f5\" data-element_type=\"widget\" data-e-type=\"widget\" data-widget_type=\"text-editor.default\">\n\t\t\t\t<div class=\"elementor-widget-container\">\n\t\t\t\t\t\t\t\t\t<div class=\"page\" title=\"Page 6\"><div class=\"section\"><div class=\"layoutArea\"><div class=\"column\"><p>Dise\u00f1amos e instalamos sistemas de alarma que detectan intrusiones y situaciones de emergencia, proporcionando una respuesta r\u00e1pida y efectiva ante cualquier eventualidad.<\/p><\/div><\/div><\/div><\/div>\t\t\t\t\t\t\t\t<\/div>\n\t\t\t\t<\/div>\n\t\t\t\t\t<\/div>\n\t\t<\/div>\n\t\t\t\t\t<\/div>\n\t\t<\/section>\n\t\t\t\t<section class=\"elementor-section elementor-top-section elementor-element elementor-element-7d3eb05 elementor-reverse-mobile elementor-section-boxed elementor-section-height-default elementor-section-height-default\" data-id=\"7d3eb05\" data-element_type=\"section\" data-e-type=\"section\" data-settings=\"{&quot;background_background&quot;:&quot;classic&quot;}\">\n\t\t\t\t\t\t\t<div class=\"elementor-background-overlay\"><\/div>\n\t\t\t\t\t\t\t<div class=\"elementor-container elementor-column-gap-default\">\n\t\t\t\t\t<div class=\"elementor-column elementor-col-100 elementor-top-column elementor-element elementor-element-c6b72d4\" data-id=\"c6b72d4\" data-element_type=\"column\" data-e-type=\"column\">\n\t\t\t<div class=\"elementor-widget-wrap elementor-element-populated\">\n\t\t\t\t\t\t<div class=\"elementor-element elementor-element-a025e36 elementor-widget elementor-widget-heading\" data-id=\"a025e36\" data-element_type=\"widget\" data-e-type=\"widget\" data-widget_type=\"heading.default\">\n\t\t\t\t<div class=\"elementor-widget-container\">\n\t\t\t\t\t<h2 class=\"elementor-heading-title elementor-size-default\">Soluciones de Almacenamiento<\/h2>\t\t\t\t<\/div>\n\t\t\t\t<\/div>\n\t\t\t\t<div class=\"elementor-element elementor-element-78a0818 elementor-widget elementor-widget-text-editor\" data-id=\"78a0818\" data-element_type=\"widget\" data-e-type=\"widget\" data-widget_type=\"text-editor.default\">\n\t\t\t\t<div class=\"elementor-widget-container\">\n\t\t\t\t\t\t\t\t\t<div class=\"page\" title=\"Page 7\"><div class=\"section\"><div class=\"layoutArea\"><div class=\"column\"><p>Ofrecemos opciones de almacenamiento seguras y escalables para resguardar la informaci\u00f3n cr\u00edtica generada por los sistemas de seguridad, asegurando su disponibilidad y confidencialidad.<\/p><\/div><\/div><\/div><\/div>\t\t\t\t\t\t\t\t<\/div>\n\t\t\t\t<\/div>\n\t\t\t\t\t<\/div>\n\t\t<\/div>\n\t\t\t\t\t<\/div>\n\t\t<\/section>\n\t\t\t\t<section class=\"elementor-section elementor-top-section elementor-element elementor-element-4a3eee7 elementor-reverse-mobile elementor-section-boxed elementor-section-height-default elementor-section-height-default\" data-id=\"4a3eee7\" data-element_type=\"section\" data-e-type=\"section\" data-settings=\"{&quot;background_background&quot;:&quot;classic&quot;}\">\n\t\t\t\t\t\t\t<div class=\"elementor-background-overlay\"><\/div>\n\t\t\t\t\t\t\t<div class=\"elementor-container elementor-column-gap-default\">\n\t\t\t\t\t<div class=\"elementor-column elementor-col-100 elementor-top-column elementor-element elementor-element-33096d1\" data-id=\"33096d1\" data-element_type=\"column\" data-e-type=\"column\">\n\t\t\t<div class=\"elementor-widget-wrap elementor-element-populated\">\n\t\t\t\t\t\t<div class=\"elementor-element elementor-element-b5f7816 elementor-widget elementor-widget-heading\" data-id=\"b5f7816\" data-element_type=\"widget\" data-e-type=\"widget\" data-widget_type=\"heading.default\">\n\t\t\t\t<div class=\"elementor-widget-container\">\n\t\t\t\t\t<h2 class=\"elementor-heading-title elementor-size-default\">Venta de Equipos de C\u00f3mputo y Accesorios<\/h2>\t\t\t\t<\/div>\n\t\t\t\t<\/div>\n\t\t\t\t<div class=\"elementor-element elementor-element-e4da39b elementor-widget elementor-widget-text-editor\" data-id=\"e4da39b\" data-element_type=\"widget\" data-e-type=\"widget\" data-widget_type=\"text-editor.default\">\n\t\t\t\t<div class=\"elementor-widget-container\">\n\t\t\t\t\t\t\t\t\t<div class=\"page\" title=\"Page 8\"><div class=\"section\"><div class=\"layoutArea\"><div class=\"column\"><p class=\"\" data-start=\"2191\" data-end=\"2387\">Adem\u00e1s de nuestras soluciones en seguridad, en <strong data-start=\"2238\" data-end=\"2266\">Tecno Security Monterrey<\/strong> ofrecemos una amplia gama de equipos de c\u00f3mputo y accesorios para satisfacer las necesidades tecnol\u00f3gicas de tu empresa:<\/p><ul data-start=\"2389\" data-end=\"2800\"><li class=\"\" data-start=\"2389\" data-end=\"2493\"><p class=\"\" data-start=\"2391\" data-end=\"2493\"><strong data-start=\"2391\" data-end=\"2431\">Computadoras de Escritorio y Laptops<\/strong>: Equipos de alto rendimiento para uso empresarial y personal.<\/p><\/li><li class=\"\" data-start=\"2494\" data-end=\"2594\"><p class=\"\" data-start=\"2496\" data-end=\"2594\"><strong data-start=\"2496\" data-end=\"2525\">Servidores y Workstations<\/strong>: Soluciones robustas para centros de datos y aplicaciones exigentes.<\/p><\/li><li class=\"\" data-start=\"2595\" data-end=\"2711\"><p class=\"\" data-start=\"2597\" data-end=\"2711\"><strong data-start=\"2597\" data-end=\"2625\">Impresoras y Consumibles<\/strong>: Variedad de impresoras, cartuchos de tinta y t\u00f3neres para mantener tu productividad.<\/p><\/li><li class=\"\" data-start=\"2712\" data-end=\"2800\"><p class=\"\" data-start=\"2714\" data-end=\"2800\"><strong data-start=\"2714\" data-end=\"2739\">Accesorios de C\u00f3mputo<\/strong>: Monitores, teclados, ratones, reguladores, no-breaks y m\u00e1s.<\/p><\/li><\/ul><p class=\"\" data-start=\"2802\" data-end=\"2946\">Contamos con productos de marcas reconocidas y ofrecemos asesor\u00eda personalizada para ayudarte a elegir la mejor opci\u00f3n seg\u00fan tus requerimientos.<\/p><\/div><\/div><\/div><\/div>\t\t\t\t\t\t\t\t<\/div>\n\t\t\t\t<\/div>\n\t\t\t\t\t<\/div>\n\t\t<\/div>\n\t\t\t\t\t<\/div>\n\t\t<\/section>\n\t\t\t\t<section class=\"elementor-section elementor-top-section elementor-element elementor-element-dad06b2 elementor-reverse-mobile elementor-section-boxed elementor-section-height-default elementor-section-height-default\" data-id=\"dad06b2\" data-element_type=\"section\" data-e-type=\"section\" data-settings=\"{&quot;background_background&quot;:&quot;classic&quot;}\">\n\t\t\t\t\t\t\t<div class=\"elementor-background-overlay\"><\/div>\n\t\t\t\t\t\t\t<div class=\"elementor-container elementor-column-gap-default\">\n\t\t\t\t\t<div class=\"elementor-column elementor-col-100 elementor-top-column elementor-element elementor-element-5db4ec5\" data-id=\"5db4ec5\" data-element_type=\"column\" data-e-type=\"column\">\n\t\t\t<div class=\"elementor-widget-wrap elementor-element-populated\">\n\t\t\t\t\t\t<div class=\"elementor-element elementor-element-6451d76 elementor-widget elementor-widget-heading\" data-id=\"6451d76\" data-element_type=\"widget\" data-e-type=\"widget\" data-widget_type=\"heading.default\">\n\t\t\t\t<div class=\"elementor-widget-container\">\n\t\t\t\t\t<h2 class=\"elementor-heading-title elementor-size-default\">Consultor\u00eda Tecnol\u00f3gica Especializada<\/h2>\t\t\t\t<\/div>\n\t\t\t\t<\/div>\n\t\t\t\t<div class=\"elementor-element elementor-element-159f020 elementor-widget elementor-widget-text-editor\" data-id=\"159f020\" data-element_type=\"widget\" data-e-type=\"widget\" data-widget_type=\"text-editor.default\">\n\t\t\t\t<div class=\"elementor-widget-container\">\n\t\t\t\t\t\t\t\t\t<div title=\"Page 9\"><div><div><div><p data-start=\"2998\" data-end=\"3109\">Nuestro equipo de expertos brinda servicios de consultor\u00eda para optimizar y mantener tus sistemas tecnol\u00f3gicos:<\/p><h3 data-start=\"3111\" data-end=\"3156\">Servicios para Bases de Datos Progress<\/h3><ul data-start=\"3157\" data-end=\"3405\"><li data-start=\"3157\" data-end=\"3275\"><p data-start=\"3159\" data-end=\"3275\"><strong data-start=\"3159\" data-end=\"3192\">Administraci\u00f3n y Optimizaci\u00f3n<\/strong>: Gesti\u00f3n eficiente de bases de datos Progress para asegurar un rendimiento \u00f3ptimo.<\/p><\/li><li data-start=\"3276\" data-end=\"3405\"><p data-start=\"3278\" data-end=\"3405\"><strong data-start=\"3278\" data-end=\"3307\">Migraci\u00f3n y Actualizaci\u00f3n<\/strong>: Asistencia en la transici\u00f3n a versiones m\u00e1s recientes y en la integraci\u00f3n con otras plataformas.<\/p><\/li><\/ul><h3 data-start=\"3407\" data-end=\"3451\">Servicios para Linux (Administraci\u00f3n)<\/h3><ul data-start=\"3452\" data-end=\"3681\"><li data-start=\"3452\" data-end=\"3564\"><p data-start=\"3454\" data-end=\"3564\"><strong data-start=\"3454\" data-end=\"3488\">Implementaci\u00f3n y Configuraci\u00f3n<\/strong>: Instalaci\u00f3n y configuraci\u00f3n de sistemas Linux adaptados a tus necesidades.<\/p><\/li><li data-start=\"3565\" data-end=\"3681\"><p data-start=\"3567\" data-end=\"3681\"><strong data-start=\"3567\" data-end=\"3594\">Soporte y Mantenimiento<\/strong>: Monitoreo y resoluci\u00f3n de incidencias para garantizar la estabilidad de tus sistemas.<\/p><\/li><\/ul><h3 data-start=\"3683\" data-end=\"3714\">Consultor\u00eda Progress &#8211; QAD<\/h3><p>\u00a0<\/p><ul data-start=\"3715\" data-end=\"3936\"><li data-start=\"3715\" data-end=\"3825\"><p data-start=\"3717\" data-end=\"3825\"><strong data-start=\"3717\" data-end=\"3753\">Implementaci\u00f3n y Personalizaci\u00f3n<\/strong>: Adaptaci\u00f3n de soluciones QAD a los procesos espec\u00edficos de tu empresa.<\/p><\/li><li data-start=\"3826\" data-end=\"3936\"><p data-start=\"3828\" data-end=\"3936\"><strong data-start=\"3828\" data-end=\"3855\">Integraci\u00f3n de Sistemas<\/strong>: Conexi\u00f3n de QAD con otras aplicaciones empresariales para una operaci\u00f3n fluida.<\/p><\/li><\/ul><\/div><\/div><\/div><\/div>\t\t\t\t\t\t\t\t<\/div>\n\t\t\t\t<\/div>\n\t\t\t\t\t<\/div>\n\t\t<\/div>\n\t\t\t\t\t<\/div>\n\t\t<\/section>\n\t\t\t\t<section class=\"elementor-section elementor-top-section elementor-element elementor-element-6023927 elementor-reverse-mobile elementor-section-boxed elementor-section-height-default elementor-section-height-default\" data-id=\"6023927\" data-element_type=\"section\" data-e-type=\"section\" data-settings=\"{&quot;background_background&quot;:&quot;classic&quot;}\">\n\t\t\t\t\t\t\t<div class=\"elementor-background-overlay\"><\/div>\n\t\t\t\t\t\t\t<div class=\"elementor-container elementor-column-gap-default\">\n\t\t\t\t\t<div class=\"elementor-column elementor-col-100 elementor-top-column elementor-element elementor-element-39470db\" data-id=\"39470db\" data-element_type=\"column\" data-e-type=\"column\">\n\t\t\t<div class=\"elementor-widget-wrap elementor-element-populated\">\n\t\t\t\t\t\t<div class=\"elementor-element elementor-element-189bb4a elementor-widget elementor-widget-heading\" data-id=\"189bb4a\" data-element_type=\"widget\" data-e-type=\"widget\" data-widget_type=\"heading.default\">\n\t\t\t\t<div class=\"elementor-widget-container\">\n\t\t\t\t\t<h2 class=\"elementor-heading-title elementor-size-default\">Nuestra Soluci\u00f3n Estrella: IPTOPSENTINEL<\/h2>\t\t\t\t<\/div>\n\t\t\t\t<\/div>\n\t\t\t\t<div class=\"elementor-element elementor-element-be0613e elementor-widget elementor-widget-text-editor\" data-id=\"be0613e\" data-element_type=\"widget\" data-e-type=\"widget\" data-widget_type=\"text-editor.default\">\n\t\t\t\t<div class=\"elementor-widget-container\">\n\t\t\t\t\t\t\t\t\t<div class=\"page\" title=\"Page 10\"><div class=\"section\"><div class=\"layoutArea\"><div class=\"column\"><ul><li><p class=\"\" data-start=\"3999\" data-end=\"4196\">En <strong data-start=\"4002\" data-end=\"4030\">Tecno Security Monterrey<\/strong>, nos enorgullece presentar <strong data-start=\"4058\" data-end=\"4075\">IPTOPSENTINEL<\/strong>, nuestra soluci\u00f3n desarrollada internamente para el monitoreo avanzado de servidores Linux. Con IPTOPSENTINEL, obtienes:<\/p><ul data-start=\"4198\" data-end=\"4627\"><li class=\"\" data-start=\"4198\" data-end=\"4306\"><p class=\"\" data-start=\"4200\" data-end=\"4306\"><strong data-start=\"4200\" data-end=\"4228\">Monitoreo en Tiempo Real<\/strong>: Supervisi\u00f3n constante del rendimiento y la disponibilidad de tus servidores.<\/p><\/li><li class=\"\" data-start=\"4307\" data-end=\"4408\"><p class=\"\" data-start=\"4309\" data-end=\"4408\"><strong data-start=\"4309\" data-end=\"4335\">Alertas Personalizadas<\/strong>: Notificaciones inmediatas ante eventos cr\u00edticos o anomal\u00edas detectadas.<\/p><\/li><li class=\"\" data-start=\"4409\" data-end=\"4525\"><p class=\"\" data-start=\"4411\" data-end=\"4525\"><strong data-start=\"4411\" data-end=\"4433\">An\u00e1lisis Detallado<\/strong>: Informes y estad\u00edsticas que facilitan la toma de decisiones y la optimizaci\u00f3n de recursos.<\/p><\/li><li class=\"\" data-start=\"4526\" data-end=\"4627\"><p class=\"\" data-start=\"4528\" data-end=\"4627\"><strong data-start=\"4528\" data-end=\"4550\">Interfaz Intuitiva<\/strong>: Panel de control amigable que permite una gesti\u00f3n eficiente y centralizada.<\/p><\/li><\/ul><p class=\"\" data-start=\"4629\" data-end=\"4803\">Con <strong data-start=\"4633\" data-end=\"4650\">IPTOPSENTINEL<\/strong>, elevamos la seguridad y el control de tu infraestructura tecnol\u00f3gica, brind\u00e1ndote tranquilidad y confianza en un entorno digital cada vez m\u00e1s exigente.<\/p><\/li><\/ul><\/div><\/div><\/div><\/div>\t\t\t\t\t\t\t\t<\/div>\n\t\t\t\t<\/div>\n\t\t\t\t\t<\/div>\n\t\t<\/div>\n\t\t\t\t\t<\/div>\n\t\t<\/section>\n\t\t\t\t<\/div>\n\t\t","protected":false},"excerpt":{"rendered":"<p>Nuestros Servicios En Tecno Security Monterrey, somos l\u00edderes en soluciones integrales de seguridad electr\u00f3nica y tecnolog\u00eda avanzada, adaptadas a las necesidades espec\u00edficas de cada cliente. Nuestro compromiso es proporcionar tecnolog\u00eda de vanguardia y asesor\u00eda experta para proteger y optimizar tus operaciones. Infraestructura de Redes y&hellip;<\/p>\n","protected":false},"author":1,"featured_media":0,"parent":0,"menu_order":0,"comment_status":"closed","ping_status":"closed","template":"template-parts\/template-page-builders.php","meta":{"om_disable_all_campaigns":false,"_monsterinsights_skip_tracking":false,"_monsterinsights_sitenote_active":false,"_monsterinsights_sitenote_note":"","_monsterinsights_sitenote_category":0,"footnotes":""},"class_list":["post-53","page","type-page","status-publish","hentry"],"aioseo_notices":[],"_links":{"self":[{"href":"https:\/\/tecsecmty.com\/index.php\/wp-json\/wp\/v2\/pages\/53","targetHints":{"allow":["GET"]}}],"collection":[{"href":"https:\/\/tecsecmty.com\/index.php\/wp-json\/wp\/v2\/pages"}],"about":[{"href":"https:\/\/tecsecmty.com\/index.php\/wp-json\/wp\/v2\/types\/page"}],"author":[{"embeddable":true,"href":"https:\/\/tecsecmty.com\/index.php\/wp-json\/wp\/v2\/users\/1"}],"replies":[{"embeddable":true,"href":"https:\/\/tecsecmty.com\/index.php\/wp-json\/wp\/v2\/comments?post=53"}],"version-history":[{"count":12,"href":"https:\/\/tecsecmty.com\/index.php\/wp-json\/wp\/v2\/pages\/53\/revisions"}],"predecessor-version":[{"id":15959,"href":"https:\/\/tecsecmty.com\/index.php\/wp-json\/wp\/v2\/pages\/53\/revisions\/15959"}],"wp:attachment":[{"href":"https:\/\/tecsecmty.com\/index.php\/wp-json\/wp\/v2\/media?parent=53"}],"curies":[{"name":"wp","href":"https:\/\/api.w.org\/{rel}","templated":true}]}}