{"id":1001,"date":"2023-02-16T04:58:14","date_gmt":"2023-02-16T04:58:14","guid":{"rendered":"https:\/\/tecsecmty.com\/index.php\/producto\/dahua-fullcolorkit-kit-de-4-canales-full-color-de-2-mp-dvr-cooper-i-wizsense-con-ia-h-265-4-camaras-full-color-de-2-megapixeles-4-ch-1-ip-o-hasta-5-ch-ip-4-ch-smd-plus-busqueda-de-humanos-y\/"},"modified":"2023-03-22T23:22:37","modified_gmt":"2023-03-23T05:22:37","slug":"dahua-fullcolorkit-kit-de-4-canales-full-color-de-2-mp-dvr-cooper-i-wizsense-con-ia-h-265-4-camaras-full-color-de-2-megapixeles-4-ch-1-ip-o-hasta-5-ch-ip-4-ch-smd-plus-busqueda-de-humanos-y","status":"publish","type":"product","link":"https:\/\/tecsecmty.com\/index.php\/producto\/dahua-fullcolorkit-kit-de-4-canales-full-color-de-2-mp-dvr-cooper-i-wizsense-con-ia-h-265-4-camaras-full-color-de-2-megapixeles-4-ch-1-ip-o-hasta-5-ch-ip-4-ch-smd-plus-busqueda-de-humanos-y\/","title":{"rendered":"DAHUA FULLCOLORKIT- Kit de 4 Canales Full Color de 2 MP\/ DVR Cooper-I WizSense\/ Con IA\/ H.265+\/ 4 Camaras Full Color de 2 Megapixeles\/ 4 Ch + 1 IP o Hasta 5 Ch IP\/ 4 Ch SMD Plus\/ Busqueda de Humanos y Vehiculos\/ Accesorios Incluidos\/"},"content":{"rendered":"<div class=\"row aling-items-center padding-bottom-2x\">\n<div class=\"col-lg-12\">\n<h5 class=\"card-title text-center\">Informaci\u00f3n general<\/h5>\n<p>Dahua Technology, un proveedor de servicios y soluciones de IoT inteligente centrado en video l\u00edder en el mundo, present\u00f3 su nueva serie XVR Cooper-I Series con SMD Plus para beneficiar a los clientes de la actualizaci\u00f3n de AI.<\/p>\n<p>En conjunto con\u00a0la camara HAC-HFW1209C-LED\u00a0con\u00a0video\u00a0en Full Color\u00a0HD de 2MP y la simplicidad de reutilizar la infraestructura coaxial existente con HDCVI.<\/p>\n<p><img decoding=\"async\" class=\"overview-center-img-web\" src=\"https:\/\/tvc.mx\/media\/411055\/Kit-FullColor---4-Canales-4-Camaras-FullColor---DVR-WizSense-Dahua-b.png\" alt=\"\" \/><\/div>\n<\/div>\n<div class=\"row align-items-center padding-bottom-2x\">\n<div class=\"col-md-5 order-md-2\"><img decoding=\"async\" class=\"d-block m-auto img-thumbnail\" src=\"https:\/\/tvc.mx\/media\/411059\/Kit-FullColor---4-Canales-4-Camaras-FullColor---DVR-WizSense-Dahua-grabador.png\" alt=\" \" \/><\/div>\n<div class=\"col-md-7 order-md-1 text-md-left text-center\">\n<h2>Grabador XVR1B04-I<\/h2>\n<p class=\"text-muted\">\n<p>Dahua Technology,\u00a0present\u00f3 su nueva serie XVR, Cooper Series con SMD Plus para beneficiar a los clientes de la actualizaci\u00f3n de AI. La serie est\u00e1 dise\u00f1ada para reducir las tasas de falsas alarmas y los costos de vigilancia humana, lo que brinda un gran valor a los clientes en busca de productos con alarma precisa para personas \/ veh\u00edculos para elevar el nivel de seguridad de varias instalaciones interiores y exteriores.<\/p>\n<p>&nbsp;<\/p>\n<\/div>\n<\/div>\n<hr class=\"padding-bottom-2x\" \/>\n<div class=\"row align-items-center padding-bottom-2x\">\n<div class=\"col-md-5\"><img decoding=\"async\" class=\"d-block m-auto img-thumbnail\" src=\"https:\/\/tvc.mx\/media\/411063\/Kit-FullColor---4-Canales-4-Camaras-FullColor---DVR-WizSense-Dahua-camara.png\" alt=\" \" \/><\/div>\n<div class=\"col-md-7 text-md-left text-center\">\n<h2>Camara HAC-HFW1209C-LED<\/h2>\n<p class=\"text-muted\">\n<p>\u00a0La c\u00e1mara HDCVI starlight &#8211; Full color presenta una imagen en color de alta calidad con ricos detalles incluso en condiciones de oscuridad total. Ofrece varios modelos de lentes fijas con OSD multiling\u00fce y salida conmutable HD \/ SD. Adopta uno de los potentes iluminadores LED de color blanco c\u00e1lido, que cubren un alcance efectivo de hasta 20 m.<\/p>\n<p>&nbsp;<\/p>\n<\/div>\n<\/div>\n<hr class=\"padding-bottom-2x\" \/>\n<div class=\"row align-items-center padding-bottom-2x\">\n<div class=\"col-md-5 order-md-2\"><img decoding=\"async\" class=\"d-block m-auto img-thumbnail\" src=\"https:\/\/tvc.mx\/media\/411067\/Starlight-Dahua.png\" alt=\" \" \/><\/div>\n<div class=\"col-md-7 order-md-1 text-md-left text-center\">\n<h2>Starligth<\/h2>\n<p class=\"text-muted\">\n<p>La c\u00e1mara adopta una lente de gran apertura F1.6 y un sensor de alto rendimiento de 1 \/ 2.8 \u00ab. Con una mayor cantidad de luz absorbida y un algoritmo avanzado de procesamiento de im\u00e1genes, la c\u00e1mara presenta un rendimiento impresionante con poca luz con un equilibrio excepcional entre la reducci\u00f3n de ruido y el desenfoque del objeto en movimiento .<\/p>\n<p>&nbsp;<\/p>\n<\/div>\n<\/div>\n<hr class=\"padding-bottom-2x\" \/>\n<div class=\"row align-items-center padding-bottom-2x\">\n<div class=\"col-md-5\"><img decoding=\"async\" class=\"d-block m-auto img-thumbnail\" src=\"https:\/\/tvc.mx\/media\/411071\/SMD-plus-Dahua.png\" alt=\" \" \/><\/div>\n<div class=\"col-md-7 text-md-left text-center\">\n<h2>SMD Plus<\/h2>\n<p class=\"text-muted\">\n<p>Con un algoritmo inteligente, la tecnolog\u00eda de detecci\u00f3n de movimiento inteligente de Dahua puede categorizar los objetivos que activan la detecci\u00f3n de movimiento y filtrar la alarma de detecci\u00f3n de movimiento activada por objetivos no interesados para realizar una alarma efectiva y precisa.<\/p>\n<p>&nbsp;<\/p>\n<\/div>\n<\/div>\n<hr class=\"padding-bottom-2x\" \/>\n<div class=\"row align-items-center padding-bottom-2x\">\n<div class=\"col-md-5 order-md-2\"><img decoding=\"async\" class=\"d-block m-auto img-thumbnail\" src=\"https:\/\/tvc.mx\/media\/411075\/Multiformatos-dahua.png\" alt=\" \" \/><\/div>\n<div class=\"col-md-7 order-md-1 text-md-left text-center\">\n<h2>Formatos m\u00faltiples<\/h2>\n<p class=\"text-muted\">\n<p>La c\u00e1mara admite m\u00faltiples formatos de video, incluidos HDCVI, CVBS y otros dos formatos anal\u00f3gicos HD comunes en el mercado. Los cuatro formatos se pueden cambiar a trav\u00e9s del men\u00fa OSD o mediante PFM820 (controlador UTC). Esta caracter\u00edstica hace que la c\u00e1mara sea compatible con la mayor\u00eda de los DVR HD \/ SD existentes de los usuarios finales.<\/p>\n<p>&nbsp;<\/p>\n<\/div>\n<\/div>\n<hr class=\"padding-bottom-2x\" \/>\n<div class=\"row align-items-center padding-bottom-2x\">\n<div class=\"col-md-5\"><img decoding=\"async\" class=\"d-block m-auto img-thumbnail\" src=\"https:\/\/tvc.mx\/media\/411079\/Kit-FullColor---4-Canales-4-Camaras-FullColor---DVR-WizSense-Dahua-pp-caracteristicas.png\" alt=\" \" \/><\/div>\n<div class=\"col-md-7 text-md-left text-center\">\n<h2>Caracter\u00edsticas<\/h2>\n<p class=\"text-muted\">\n<p><strong>Grabador XVR1B04-I<\/strong><\/p>\n<ul>\n<li>Compresi\u00f3n de video de doble flujo H.265 + \/ H.265<\/li>\n<li>Admite codificaci\u00f3n AI de canal completo<\/li>\n<li>Admite entradas de video HDCVI \/ AHD \/ TVI \/ CVBS \/ IP<\/li>\n<li>Entradas de c\u00e1mara IP de 5 canales como m\u00e1ximo, cada canal hasta 2MP; Ancho de banda entrante m\u00e1ximo de 20 Mbps<\/li>\n<li>Transmisi\u00f3n de video de hasta 4 canales (canal anal\u00f3gico) SMD Plus<\/li>\n<\/ul>\n<p><strong>Camara HAC-HFW1209C-LED<\/strong><\/p>\n<ul>\n<li>Lente fijo 2.8 mm<\/li>\n<li>Luz estelar a todo color<\/li>\n<li>20 m de distancia de iluminaci\u00f3n<\/li>\n<li>M\u00e1x. 30 fps a 1080 p<\/li>\n<li>CVI \/ CVBS \/ AHD \/ TVI conmutable<\/li>\n<li>IP67<\/li>\n<li>12V \u00b1 30% CD<\/li>\n<\/ul>\n<p>&nbsp;<\/p>\n<\/div>\n<\/div>\n<hr class=\"padding-bottom-2x\" \/>\n<div class=\"row align-items-center padding-bottom-2x\">\n<div class=\"col-md-5 order-md-2\"><img decoding=\"async\" class=\"d-block m-auto img-thumbnail\" src=\"https:\/\/tvc.mx\/media\/364779\/kit-todo-incluido.png\" alt=\" \" \/><\/div>\n<div class=\"col-md-7 order-md-1 text-md-left text-center\">\n<h2>Todo Incluido<\/h2>\n<p class=\"text-muted\">\n<ul>\n<li>1 Grabador\u00a0<strong>DVR\u00a0<\/strong><strong>XVR1B04-I<\/strong><\/li>\n<li>4 c\u00e1maras\u00a0<strong>HFW1209CN-LED<\/strong><\/li>\n<li>4 rollos de cable siam\u00e9s de 18 mts<\/li>\n<li>1 fuente de poder<\/li>\n<li>1 pulpo para 4 c\u00e1maras<\/li>\n<\/ul>\n<\/div>\n<\/div>\n","protected":false},"excerpt":{"rendered":"<p>Informaci\u00f3n general Dahua Technology, un proveedor de servicios y soluciones de IoT inteligente centrado en video l\u00edder en el mundo, present\u00f3 su nueva serie XVR Cooper-I Series con SMD Plus para beneficiar a los clientes de la actualizaci\u00f3n de AI. En conjunto con\u00a0la camara HAC-HFW1209C-LED\u00a0con\u00a0video\u00a0en&hellip;<\/p>\n","protected":false},"featured_media":1000,"comment_status":"open","ping_status":"closed","template":"","meta":{"om_disable_all_campaigns":false,"_monsterinsights_skip_tracking":false,"_monsterinsights_sitenote_active":false,"_monsterinsights_sitenote_note":"","_monsterinsights_sitenote_category":0},"product_brand":[],"product_cat":[65],"product_tag":[42,38,66,67,68],"class_list":{"0":"post-1001","1":"product","2":"type-product","3":"status-publish","4":"has-post-thumbnail","6":"product_cat-kit-4-camaras","7":"product_tag-camaras","8":"product_tag-camaras-de-seguridad","9":"product_tag-dahua","10":"product_tag-kits","11":"product_tag-kits-de-camaras","13":"first","14":"instock","15":"sale","16":"taxable","17":"shipping-taxable","18":"purchasable","19":"product-type-simple"},"aioseo_notices":[],"_links":{"self":[{"href":"https:\/\/tecsecmty.com\/index.php\/wp-json\/wp\/v2\/product\/1001","targetHints":{"allow":["GET"]}}],"collection":[{"href":"https:\/\/tecsecmty.com\/index.php\/wp-json\/wp\/v2\/product"}],"about":[{"href":"https:\/\/tecsecmty.com\/index.php\/wp-json\/wp\/v2\/types\/product"}],"replies":[{"embeddable":true,"href":"https:\/\/tecsecmty.com\/index.php\/wp-json\/wp\/v2\/comments?post=1001"}],"version-history":[{"count":0,"href":"https:\/\/tecsecmty.com\/index.php\/wp-json\/wp\/v2\/product\/1001\/revisions"}],"wp:featuredmedia":[{"embeddable":true,"href":"https:\/\/tecsecmty.com\/index.php\/wp-json\/wp\/v2\/media\/1000"}],"wp:attachment":[{"href":"https:\/\/tecsecmty.com\/index.php\/wp-json\/wp\/v2\/media?parent=1001"}],"wp:term":[{"taxonomy":"product_brand","embeddable":true,"href":"https:\/\/tecsecmty.com\/index.php\/wp-json\/wp\/v2\/product_brand?post=1001"},{"taxonomy":"product_cat","embeddable":true,"href":"https:\/\/tecsecmty.com\/index.php\/wp-json\/wp\/v2\/product_cat?post=1001"},{"taxonomy":"product_tag","embeddable":true,"href":"https:\/\/tecsecmty.com\/index.php\/wp-json\/wp\/v2\/product_tag?post=1001"}],"curies":[{"name":"wp","href":"https:\/\/api.w.org\/{rel}","templated":true}]}}