{"id":1005,"date":"2023-02-16T04:58:18","date_gmt":"2023-02-16T04:58:18","guid":{"rendered":"https:\/\/tecsecmty.com\/index.php\/producto\/dahua-kitxvr1b04-i4b1a21-kit-de-4-canales-de-2-megapixeles-dvr-cooper-i-wizsense-con-ia-h-265-4-camaras-b1a21-1080p-4-canales-1-ip-o-hasta-5-canales-ip-4-canales-smd-plus-busqueda-de-huma\/"},"modified":"2023-03-22T23:22:56","modified_gmt":"2023-03-23T05:22:56","slug":"dahua-kitxvr1b04-i4b1a21-kit-de-4-canales-de-2-megapixeles-dvr-cooper-i-wizsense-con-ia-h-265-4-camaras-b1a21-1080p-4-canales-1-ip-o-hasta-5-canales-ip-4-canales-smd-plus-busqueda-de-huma","status":"publish","type":"product","link":"https:\/\/tecsecmty.com\/index.php\/producto\/dahua-kitxvr1b04-i4b1a21-kit-de-4-canales-de-2-megapixeles-dvr-cooper-i-wizsense-con-ia-h-265-4-camaras-b1a21-1080p-4-canales-1-ip-o-hasta-5-canales-ip-4-canales-smd-plus-busqueda-de-huma\/","title":{"rendered":"DAHUA KITXVR1B04-I+4B1A21 &#8211; Kit de 4 Canales de 2 Megapixeles\/ DVR Cooper-I WizSense\/ Con IA\/ H.265+\/ 4 Camaras B1A21 1080p\/ 4 Canales + 1 IP o Hasta 5 Canales IP\/ 4 Canales SMD Plus\/ Busqueda de Humanos y Vehiculos\/ Accesorios Incluidos\/"},"content":{"rendered":"<div class=\"row aling-items-center padding-bottom-2x\">\n<div class=\"col-lg-12\">\n<h5 class=\"card-title text-center\">Informaci\u00f3n General<\/h5>\n<p>Dahua Technology, una soluci\u00f3n de IoT inteligente centrada en video l\u00edder en el mundo y proveedor de servicios, debut\u00f3 su nueva serie XVR, Cooper Series con SMD Plus para beneficiar a los clientes de la actualizaci\u00f3n de AI. Las series son designado para reducir las tasas de falsas alarmas y los costos de vigilancia humana, aportando as\u00ed un gran valor a los clientes en busca de productos con alarma precisa para personas \/ veh\u00edculos para elevar el nivel de seguridad de varias instalaciones interiores y exteriores.<\/p>\n<p>Adem\u00e1s de sus c\u00e1maras B1A21 de lente 3.6mm que nos brinda 93\u00b0 de visi\u00f3n<\/p>\n<p><img decoding=\"async\" class=\"overview-center-img-web\" src=\"https:\/\/tvc.mx\/media\/401667\/kit-de-4-canales-de-2-megapixeles-cooper-wizsense-KITXVR1B04-I%2B4B1A21-Dahua.png\" alt=\"\" \/><\/div>\n<\/div>\n<div class=\"row align-items-center padding-bottom-2x\">\n<div class=\"col-md-5\"><img decoding=\"async\" class=\"d-block m-auto img-thumbnail\" src=\"https:\/\/tvc.mx\/media\/401671\/Multiformatos-dahua.png\" alt=\" \" \/><\/div>\n<div class=\"col-md-7 text-md-left text-center\">\n<h2>Detecci\u00f3n autom\u00e1tica de HDCVI \/ AHD \/ TVI \/ CVBS<\/h2>\n<p class=\"text-muted\">\n<p>El XVR puede reconocer autom\u00e1ticamente la se\u00f1al de la c\u00e1mara frontal sin ning\u00fan ajuste. Hace que la operaci\u00f3n sea m\u00e1s amigable y conveniente.<\/p>\n<p>&nbsp;<\/p>\n<\/div>\n<\/div>\n<hr class=\"padding-bottom-2x\" \/>\n<div class=\"row align-items-center padding-bottom-2x\">\n<div class=\"col-md-5 order-md-2\"><img decoding=\"async\" class=\"d-block m-auto img-thumbnail\" src=\"https:\/\/tvc.mx\/media\/267503\/Audio.png\" alt=\" \" \/><\/div>\n<div class=\"col-md-7 order-md-1 text-md-left text-center\">\n<h2>Audio coaxial<\/h2>\n<p class=\"text-muted\">\n<p>El dise\u00f1o integrado puede reducir los problemas de cableado, lo que lo hace mucho m\u00e1s rentable y conveniente para la instalaci\u00f3n.<\/p>\n<p>&nbsp;<\/p>\n<\/div>\n<\/div>\n<hr class=\"padding-bottom-2x\" \/>\n<div class=\"row align-items-center padding-bottom-2x\">\n<div class=\"col-md-5\"><img decoding=\"async\" class=\"d-block m-auto img-thumbnail\" src=\"https:\/\/tvc.mx\/media\/401675\/SMD-plus-Dahua.png\" alt=\" \" \/><\/div>\n<div class=\"col-md-7 text-md-left text-center\">\n<h2>SMD Plus<\/h2>\n<p class=\"text-muted\">\n<p>Con algoritmo inteligente, tecnolog\u00eda Dahua SMD puede categorizar los objetivos que activan la detecci\u00f3n de movimiento y filtrar el alarma de detecci\u00f3n de movimiento por objetivos no interesados \u200b\u200bpara realizar un alarma eficaz y precisa.<\/p>\n<p>&nbsp;<\/p>\n<\/div>\n<\/div>\n<hr class=\"padding-bottom-2x\" \/>\n<div class=\"row align-items-center padding-bottom-2x\">\n<div class=\"col-md-5 order-md-2\"><img decoding=\"async\" class=\"d-block m-auto img-thumbnail\" src=\"https:\/\/tvc.mx\/media\/401679\/tabla-de-compayibilidad-de-HDD-para-equipo-dahua.png\" alt=\" \" \/><\/div>\n<div class=\"col-md-7 order-md-1 text-md-left text-center\">\n<h2>Tabla de compatibilidad HDD<\/h2>\n<p class=\"text-muted\">\n<p>Tabla de compatibilidad HDD<\/p>\n<p>El almacenamiento es parte fundamental de un sistema de videovigilancia por tal motivo te recomendamos revisar nuestra lista de compatibilidad antes de seleccionar un disco duro (HDD).<\/p>\n<p>https:\/\/foro.tvc.mx\/docs\/lista-compatibilidad-hdd<\/p>\n<p>&nbsp;<\/p>\n<\/div>\n<\/div>\n<hr class=\"padding-bottom-2x\" \/>\n<div class=\"row align-items-center padding-bottom-2x\">\n<div class=\"col-md-5 order-md-2\"><img decoding=\"async\" class=\"d-block m-auto img-thumbnail\" src=\"https:\/\/tvc.mx\/media\/401683\/kit-de-4-canales-de-2-megapixeles-cooper-wizsense-KITXVR1B04-I%2B4B1A21-Dahua-caracteristticas.png\" alt=\" \" \/><\/div>\n<div class=\"col-md-7 order-md-1 text-md-left text-center\">\n<h2>Principales caracter\u00edsticas<\/h2>\n<p class=\"text-muted\">\n<ul>\n<li>Compresi\u00f3n de video de doble flujo H.265 + \/ H.265<\/li>\n<li>\u00b7Admite codificaci\u00f3n AI de canal completo<\/li>\n<li>Admite entradas de video HDCVI \/ AHD \/ TVI \/ CVBS \/ IP<\/li>\n<li>Entradas de c\u00e1mara IP de 5 canales como m\u00e1ximo, cada canal hasta 2MP; Max\u00a0Ancho de banda entrante de 20 Mbps<\/li>\n<li>Hasta 4 canales de flujo de video (canal anal\u00f3gico) SMD Plus<\/li>\n<li>Lente de la c\u00e1mara 3.6 mm<\/li>\n<\/ul>\n<p>&nbsp;<\/p>\n<\/div>\n<\/div>\n<hr class=\"padding-bottom-2x\" \/>\n<div class=\"row align-items-center padding-bottom-2x\">\n<div class=\"col-md-5\"><img decoding=\"async\" class=\"d-block m-auto img-thumbnail\" src=\"https:\/\/tvc.mx\/media\/364763\/todo-incluido.png\" alt=\" \" \/><\/div>\n<div class=\"col-md-7 text-md-left text-center\">\n<h2>Incluye<\/h2>\n<p class=\"text-muted\">\n<ul>\n<li>1 DVR\u00a0XVR1B04-I<\/li>\n<li>4 c\u00e1maras Bullet B1A21.<\/li>\n<li>4 rollos de cable siam\u00e9s.<\/li>\n<li>1 Fuente de poder para DVR.<\/li>\n<li>1 Fuente de poder (para 4 c\u00e1maras).<\/li>\n<li>1 Pulpo para 4 c\u00e1maras<\/li>\n<\/ul>\n<\/div>\n<\/div>\n","protected":false},"excerpt":{"rendered":"<p>Informaci\u00f3n General Dahua Technology, una soluci\u00f3n de IoT inteligente centrada en video l\u00edder en el mundo y proveedor de servicios, debut\u00f3 su nueva serie XVR, Cooper Series con SMD Plus para beneficiar a los clientes de la actualizaci\u00f3n de AI. Las series son designado para&hellip;<\/p>\n","protected":false},"featured_media":1004,"comment_status":"open","ping_status":"closed","template":"","meta":{"om_disable_all_campaigns":false,"_monsterinsights_skip_tracking":false,"_monsterinsights_sitenote_active":false,"_monsterinsights_sitenote_note":"","_monsterinsights_sitenote_category":0},"product_brand":[],"product_cat":[65],"product_tag":[42,38,66,67,68],"class_list":{"0":"post-1005","1":"product","2":"type-product","3":"status-publish","4":"has-post-thumbnail","6":"product_cat-kit-4-camaras","7":"product_tag-camaras","8":"product_tag-camaras-de-seguridad","9":"product_tag-dahua","10":"product_tag-kits","11":"product_tag-kits-de-camaras","13":"first","14":"instock","15":"sale","16":"taxable","17":"shipping-taxable","18":"purchasable","19":"product-type-simple"},"aioseo_notices":[],"_links":{"self":[{"href":"https:\/\/tecsecmty.com\/index.php\/wp-json\/wp\/v2\/product\/1005","targetHints":{"allow":["GET"]}}],"collection":[{"href":"https:\/\/tecsecmty.com\/index.php\/wp-json\/wp\/v2\/product"}],"about":[{"href":"https:\/\/tecsecmty.com\/index.php\/wp-json\/wp\/v2\/types\/product"}],"replies":[{"embeddable":true,"href":"https:\/\/tecsecmty.com\/index.php\/wp-json\/wp\/v2\/comments?post=1005"}],"version-history":[{"count":0,"href":"https:\/\/tecsecmty.com\/index.php\/wp-json\/wp\/v2\/product\/1005\/revisions"}],"wp:featuredmedia":[{"embeddable":true,"href":"https:\/\/tecsecmty.com\/index.php\/wp-json\/wp\/v2\/media\/1004"}],"wp:attachment":[{"href":"https:\/\/tecsecmty.com\/index.php\/wp-json\/wp\/v2\/media?parent=1005"}],"wp:term":[{"taxonomy":"product_brand","embeddable":true,"href":"https:\/\/tecsecmty.com\/index.php\/wp-json\/wp\/v2\/product_brand?post=1005"},{"taxonomy":"product_cat","embeddable":true,"href":"https:\/\/tecsecmty.com\/index.php\/wp-json\/wp\/v2\/product_cat?post=1005"},{"taxonomy":"product_tag","embeddable":true,"href":"https:\/\/tecsecmty.com\/index.php\/wp-json\/wp\/v2\/product_tag?post=1005"}],"curies":[{"name":"wp","href":"https:\/\/api.w.org\/{rel}","templated":true}]}}