{"id":1011,"date":"2023-02-16T04:58:22","date_gmt":"2023-02-16T04:58:22","guid":{"rendered":"https:\/\/tecsecmty.com\/index.php\/producto\/dahua-kitxvr1b04-i1mp-2-8-kit-de-4-canales-de-1-megapixel-4-camaras-b1a11-con-lente-de-2-8mm-93-grados-de-apertura-4-ch1-ip-o-hasta-5-ch-ip-smd-plus-busqueda-de-humanos-y-vehiculos-accesorios\/"},"modified":"2023-03-22T23:22:56","modified_gmt":"2023-03-23T05:22:56","slug":"dahua-kitxvr1b04-i1mp-2-8-kit-de-4-canales-de-1-megapixel-4-camaras-b1a11-con-lente-de-2-8mm-93-grados-de-apertura-4-ch1-ip-o-hasta-5-ch-ip-smd-plus-busqueda-de-humanos-y-vehiculos-accesorios","status":"publish","type":"product","link":"https:\/\/tecsecmty.com\/index.php\/producto\/dahua-kitxvr1b04-i1mp-2-8-kit-de-4-canales-de-1-megapixel-4-camaras-b1a11-con-lente-de-2-8mm-93-grados-de-apertura-4-ch1-ip-o-hasta-5-ch-ip-smd-plus-busqueda-de-humanos-y-vehiculos-accesorios\/","title":{"rendered":"DAHUA KITXVR1B04-I1MP-2.8 &#8211; Kit de 4 Canales de 1 Megapixel\/ 4 C\u00e1maras B1A11 con Lente de 2.8mm\/ 93 Grados de Apertura\/ 4 CH+1 IP o Hasta 5 CH IP\/ SMD Plus\/ B\u00fasqueda de Humanos y Veh\u00edculos\/ Accesorios Incluidos\/"},"content":{"rendered":"<div class=\"row align-items-center padding-bottom-2x\">\n<div class=\"col-md-5\"><img decoding=\"async\" class=\"d-block m-auto img-thumbnail\" src=\"https:\/\/tvc.mx\/media\/449131\/kit-de-4-canales-de-1-megapixel-XVR1B04-I-dahua.png\" alt=\" \" \/><\/div>\n<div class=\"col-md-7 text-md-left text-center\">\n<h2>Informaci\u00f3n General XVR<\/h2>\n<p class=\"text-muted\">\n<p>Dahua Technology, present\u00f3 su nueva serie XVR, Cooper Series con SMD Plus para beneficiar a los clientes de la actualizaci\u00f3n de AI. La serie est\u00e1 dise\u00f1ada para reducir las tasas de falsas alarmas y los costos de vigilancia, lo que brinda un gran valor a los clientes en busca de productos con alarma precisa para personas \/ veh\u00edculos para elevar el nivel de seguridad de varias instalaciones interiores y exteriores.<\/p>\n<p>&nbsp;<\/p>\n<\/div>\n<\/div>\n<hr class=\"padding-bottom-2x\" \/>\n<div class=\"row align-items-center padding-bottom-2x\">\n<div class=\"col-md-5 order-md-2\"><img decoding=\"async\" class=\"d-block m-auto img-thumbnail\" src=\"https:\/\/tvc.mx\/media\/449135\/Multiformatos-dahua.png\" alt=\" \" \/><\/div>\n<div class=\"col-md-7 order-md-1 text-md-left text-center\">\n<h2>Multiformato<\/h2>\n<p class=\"text-muted\">\n<p>Detecci\u00f3n autom\u00e1tica de HDCVI \/ AHD \/ TVI \/ CVBS El XVR puede reconocer autom\u00e1ticamente la se\u00f1al de la c\u00e1mara frontal sin ning\u00fan ajuste. Hace que la operaci\u00f3n sea m\u00e1s amigable y conveniente.<\/p>\n<p>&nbsp;<\/p>\n<\/div>\n<\/div>\n<hr class=\"padding-bottom-2x\" \/>\n<div class=\"row align-items-center padding-bottom-2x\">\n<div class=\"col-md-5\"><img decoding=\"async\" class=\"d-block m-auto img-thumbnail\" src=\"https:\/\/tvc.mx\/media\/449139\/SMD-plus-Dahua.png\" alt=\" \" \/><\/div>\n<div class=\"col-md-7 text-md-left text-center\">\n<h2>SMD Plus<\/h2>\n<p class=\"text-muted\">\n<p>Con un algoritmo inteligente, la tecnolog\u00eda de detecci\u00f3n de movimiento inteligente de Dahua puede categorizar los objetivos que activan la detecci\u00f3n de movimiento y filtrar la alarma de detecci\u00f3n de movimiento activada por objetivos no interesados para realizar una alarma efectiva y precisa.<\/p>\n<p>&nbsp;<\/p>\n<\/div>\n<\/div>\n<hr class=\"padding-bottom-2x\" \/>\n<div class=\"row align-items-center padding-bottom-2x\">\n<div class=\"col-md-5 order-md-2\"><img decoding=\"async\" class=\"d-block m-auto img-thumbnail\" src=\"https:\/\/tvc.mx\/media\/449143\/kit-de-4-canales-de-1-megapixel-B1A11N-dahua.png\" alt=\" \" \/><\/div>\n<div class=\"col-md-7 order-md-1 text-md-left text-center\">\n<h2>Informaci\u00f3n General de las C\u00e1maras<\/h2>\n<p class=\"text-muted\">\n<p>Experimente video 720P y la simplicidad de usar la infraestructura de cableado existente con HDCVI. La c\u00e1mara Cooper series 720P HDCVI presenta un dise\u00f1o compacto y ofrece una imagen de alta calidad a un precio accesible. Ofrece varios modelos de lentes fijas con OSD en varios idiomas y salida conmutable HD\/SD.<\/p>\n<p>&nbsp;<\/p>\n<\/div>\n<\/div>\n<hr class=\"padding-bottom-2x\" \/>\n<div class=\"row align-items-center padding-bottom-2x\">\n<div class=\"col-md-5\"><img decoding=\"async\" class=\"d-block m-auto img-thumbnail\" src=\"https:\/\/tvc.mx\/media\/449147\/Smart-IR-Dahua.png\" alt=\" \" \/><\/div>\n<div class=\"col-md-7 text-md-left text-center\">\n<h2>IR Inteligente<\/h2>\n<p class=\"text-muted\">\n<p>La c\u00e1mara est\u00e1 dise\u00f1ada con iluminaci\u00f3n IR LED microcristalina para un mejor rendimiento con poca luz. Smart IR es una tecnolog\u00eda para garantizar la uniformidad del brillo en im\u00e1genes en blanco y negro con poca iluminaci\u00f3n. El exclusivo Smart IR de Dahua se ajusta a la intensidad de los LED infrarrojos de la c\u00e1mara para compensar la distancia de un objeto y evita que los LED IR sobreexpongan las im\u00e1genes a medida que el objeto se acerca a la c\u00e1mara.<\/p>\n<p>&nbsp;<\/p>\n<\/div>\n<\/div>\n<hr class=\"padding-bottom-2x\" \/>\n<div class=\"row align-items-center padding-bottom-2x\">\n<div class=\"col-md-5 order-md-2\"><img decoding=\"async\" class=\"d-block m-auto img-thumbnail\" src=\"https:\/\/tvc.mx\/media\/449151\/OSD-Dahua.png\" alt=\" \" \/><\/div>\n<div class=\"col-md-7 order-md-1 text-md-left text-center\">\n<h2>OSD en varios idiomas<\/h2>\n<p class=\"text-muted\">\n<p>El men\u00fa OSD proporciona m\u00faltiples ajustes de imagen y configuraci\u00f3n de funciones para cumplir con los requisitos de diferentes escenas de monitoreo. El men\u00fa OSD incluye configuraciones como el modo de luz de fondo, d\u00eda\/noche, balance de blancos. La c\u00e1mara admite 4 idiomas para el men\u00fa OSD, a saber, ingl\u00e9s, franc\u00e9s, espa\u00f1ol y ruso.<\/p>\n<p>&nbsp;<\/p>\n<\/div>\n<\/div>\n<hr class=\"padding-bottom-2x\" \/>\n<div class=\"row align-items-center padding-bottom-2x\">\n<div class=\"col-md-5\"><img decoding=\"async\" class=\"d-block m-auto img-thumbnail\" src=\"https:\/\/tvc.mx\/media\/449155\/kit-de-4-canales-de-1-megapixel-KITXVR1B04-I1MP-dahua.png\" alt=\" \" \/><\/div>\n<div class=\"col-md-7 text-md-left text-center\">\n<h2>Principales Caracter\u00edsticas<\/h2>\n<p class=\"text-muted\">\n<p>Principales Caracter\u00edsticas grabador<\/p>\n<ul>\n<li>Compresi\u00f3n de video de doble flujo H.265 + \/ H.265<\/li>\n<li>Admite codificaci\u00f3n AI de canal completo<\/li>\n<li>Admite entradas de video HDCVI \/ AHD \/ TVI \/ CVBS \/ IP<\/li>\n<li>Entradas de c\u00e1mara IP de 5 canales como m\u00e1ximo, cada canal hasta 2MP; Ancho de banda entrante m\u00e1ximo de 20 Mbps<\/li>\n<li>Transmisi\u00f3n de video de hasta 4 canales (canal anal\u00f3gico) SMD Plus<\/li>\n<li>1 puerto SATA, hasta 6 TB de capacidad<\/li>\n<li>Fuente de alimentaci\u00f3n CC 12 V \/ 1,5 A<\/li>\n<\/ul>\n<p>Principales Caracter\u00edsticas c\u00e1maras<\/p>\n<ul>\n<li>Max. 30fps@720P<\/li>\n<li>Salida HD y SD switchable<\/li>\n<li>Lente fijo 2.8 mm<\/li>\n<li>Max. IR longitud 20m, IR inteligente<\/li>\n<li>\u00b7IP67, DC12V<\/li>\n<li>Angulo de visi\u00f3n 93\u00b0<\/li>\n<\/ul>\n<p>&nbsp;<\/p>\n<\/div>\n<\/div>\n<hr class=\"padding-bottom-2x\" \/>\n<div class=\"row align-items-center padding-bottom-2x\">\n<div class=\"col-md-5 order-md-2\"><img decoding=\"async\" class=\"d-block m-auto img-thumbnail\" src=\"https:\/\/tvc.mx\/media\/449163\/Kit-de-videovigilancia-completo-marca-Dahua-COOPER-XVR1B04-I.png\" alt=\" \" \/><\/div>\n<div class=\"col-md-7 order-md-1 text-md-left text-center\">\n<h2>Incluye<\/h2>\n<p class=\"text-muted\">\n<ul>\n<li>1 DVR COOPER XVR1B04-I<\/li>\n<li>4 c\u00e1maras bullet de policarbonato COOPER B1A11.<\/li>\n<li>4 rollos de cable siam\u00e9s 18m.<\/li>\n<li>1 Fuente de poder (para las 4 c\u00e1maras).<\/li>\n<li>1 Pulpo para 4 c\u00e1maras.<\/li>\n<\/ul>\n<\/div>\n<\/div>\n","protected":false},"excerpt":{"rendered":"<p>Informaci\u00f3n General XVR Dahua Technology, present\u00f3 su nueva serie XVR, Cooper Series con SMD Plus para beneficiar a los clientes de la actualizaci\u00f3n de AI. La serie est\u00e1 dise\u00f1ada para reducir las tasas de falsas alarmas y los costos de vigilancia, lo que brinda un&hellip;<\/p>\n","protected":false},"featured_media":1010,"comment_status":"open","ping_status":"closed","template":"","meta":{"om_disable_all_campaigns":false,"_monsterinsights_skip_tracking":false,"_monsterinsights_sitenote_active":false,"_monsterinsights_sitenote_note":"","_monsterinsights_sitenote_category":0},"product_brand":[],"product_cat":[65],"product_tag":[42,38,66,67,68],"class_list":{"0":"post-1011","1":"product","2":"type-product","3":"status-publish","4":"has-post-thumbnail","6":"product_cat-kit-4-camaras","7":"product_tag-camaras","8":"product_tag-camaras-de-seguridad","9":"product_tag-dahua","10":"product_tag-kits","11":"product_tag-kits-de-camaras","13":"first","14":"instock","15":"sale","16":"taxable","17":"shipping-taxable","18":"purchasable","19":"product-type-simple"},"aioseo_notices":[],"_links":{"self":[{"href":"https:\/\/tecsecmty.com\/index.php\/wp-json\/wp\/v2\/product\/1011","targetHints":{"allow":["GET"]}}],"collection":[{"href":"https:\/\/tecsecmty.com\/index.php\/wp-json\/wp\/v2\/product"}],"about":[{"href":"https:\/\/tecsecmty.com\/index.php\/wp-json\/wp\/v2\/types\/product"}],"replies":[{"embeddable":true,"href":"https:\/\/tecsecmty.com\/index.php\/wp-json\/wp\/v2\/comments?post=1011"}],"version-history":[{"count":0,"href":"https:\/\/tecsecmty.com\/index.php\/wp-json\/wp\/v2\/product\/1011\/revisions"}],"wp:featuredmedia":[{"embeddable":true,"href":"https:\/\/tecsecmty.com\/index.php\/wp-json\/wp\/v2\/media\/1010"}],"wp:attachment":[{"href":"https:\/\/tecsecmty.com\/index.php\/wp-json\/wp\/v2\/media?parent=1011"}],"wp:term":[{"taxonomy":"product_brand","embeddable":true,"href":"https:\/\/tecsecmty.com\/index.php\/wp-json\/wp\/v2\/product_brand?post=1011"},{"taxonomy":"product_cat","embeddable":true,"href":"https:\/\/tecsecmty.com\/index.php\/wp-json\/wp\/v2\/product_cat?post=1011"},{"taxonomy":"product_tag","embeddable":true,"href":"https:\/\/tecsecmty.com\/index.php\/wp-json\/wp\/v2\/product_tag?post=1011"}],"curies":[{"name":"wp","href":"https:\/\/api.w.org\/{rel}","templated":true}]}}