{"id":1015,"date":"2023-02-16T04:58:25","date_gmt":"2023-02-16T04:58:25","guid":{"rendered":"https:\/\/tecsecmty.com\/index.php\/producto\/dahua-kitxvr5104hs4kli34hfw1500cma-kit-de-4-canales-de-5-mp-con-audio-dvr-wizsense-con-reconocimiento-de-rostros-h-265-4-camaras-metalicas-4-ch-4-ip-o-hasta-8-ch-ip-4-ch-smd-plus-busqueda-d\/"},"modified":"2023-03-22T23:22:57","modified_gmt":"2023-03-23T05:22:57","slug":"dahua-kitxvr5104hs4kli34hfw1500cma-kit-de-4-canales-de-5-mp-con-audio-dvr-wizsense-con-reconocimiento-de-rostros-h-265-4-camaras-metalicas-4-ch-4-ip-o-hasta-8-ch-ip-4-ch-smd-plus-busqueda-d","status":"publish","type":"product","link":"https:\/\/tecsecmty.com\/index.php\/producto\/dahua-kitxvr5104hs4kli34hfw1500cma-kit-de-4-canales-de-5-mp-con-audio-dvr-wizsense-con-reconocimiento-de-rostros-h-265-4-camaras-metalicas-4-ch-4-ip-o-hasta-8-ch-ip-4-ch-smd-plus-busqueda-d\/","title":{"rendered":"DAHUA KITXVR5104HS4KLI3+4HFW1500CMA- Kit de 4 Canales de 5 Mp con Audio\/ DVR WizSense con Reconocimiento de Rostros\/ H.265+\/ 4 Camaras Metalicas\/ 4 Ch + 4 IP o Hasta 8 Ch IP\/ 4 Ch SMD Plus\/ Busqueda de Humanos y Vehiculos\/ Accesorios Incluidos\/ #PromoMayo"},"content":{"rendered":"<div class=\"row align-items-center padding-bottom-2x\">\n<div class=\"col-md-5 order-md-2\"><img decoding=\"async\" class=\"d-block m-auto img-thumbnail\" src=\"https:\/\/tvc.mx\/media\/400207\/kit-de-4-canales-de-5-mp-con-audio-XVR5104HS-4KL-I3-dahua.png\" alt=\" \" \/><\/div>\n<div class=\"col-md-7 order-md-1 text-md-left text-center\">\n<h2>Informaci\u00f3n General del DVR<\/h2>\n<p class=\"text-muted\">\n<p>Este kit de vigilancia est\u00e1 conformado por el grabador\u00a0<strong>XVR5104HS-4KL-I3<\/strong>, pertenece a la serie\u00a0<strong>WizSense I3<\/strong>\u00a0con Inteligencia Artificial, puede reducir las tasas de falsas alarmas y los costos de vigilancia humana, con alarma precisa para personas y\/o veh\u00edculos. Este grabador soporta\u00a0<strong>4 canales HDCVI 5MP<\/strong>\u00a0m\u00e1s\u00a0<strong>4 canales Ip<\/strong>\u00a0( 8Mp m\u00e1ximo ) y una codificaci\u00f3n inteligente en sus 4 canales.<\/p>\n<p>&nbsp;<\/p>\n<\/div>\n<\/div>\n<hr class=\"padding-bottom-2x\" \/>\n<div class=\"row align-items-center padding-bottom-2x\">\n<div class=\"col-md-5\"><img decoding=\"async\" class=\"d-block m-auto img-thumbnail\" src=\"https:\/\/tvc.mx\/media\/400215\/codificacion-h.265-dahua.png\" alt=\" \" \/><\/div>\n<div class=\"col-md-7 text-md-left text-center\">\n<h2>Compresi\u00f3n H.265+<\/h2>\n<p class=\"text-muted\">\n<p>Smart H.265 +\u00a0es la implementaci\u00f3n optimizada del c\u00f3dec H.265 que utiliza una estrategia de codificaci\u00f3n adaptada a la escena, GOP din\u00e1mico, ROI din\u00e1mico,Flexible estructura de referencia multi-trama y reducci\u00f3n inteligente de ruido para ofrecer video de alta calidad sin forzar la red. La tecnolog\u00eda Smart H.265 + reduce la velocidad de bits y los requisitos de almacenamiento hasta en un 70% en comparaci\u00f3n con la compresi\u00f3n est\u00e1ndar de video H.265.<\/p>\n<p>&nbsp;<\/p>\n<\/div>\n<\/div>\n<hr class=\"padding-bottom-2x\" \/>\n<div class=\"row align-items-center padding-bottom-2x\">\n<div class=\"col-md-5 order-md-2\"><img decoding=\"async\" class=\"d-block m-auto img-thumbnail\" src=\"https:\/\/tvc.mx\/media\/400211\/tabla-de-compayibilidad-de-HDD-para-equipo-dahua.png\" alt=\" \" \/><\/div>\n<div class=\"col-md-7 order-md-1 text-md-left text-center\">\n<h2>Tabla de compatibilidad HDD<\/h2>\n<p class=\"text-muted\">\n<p>Tabla de compatibilidad HDD<\/p>\n<p>El almacenamiento es parte fundamental de un sistema de videovigilancia por tal motivo te recomendamos revisar nuestra lista de compatibilidad antes de seleccionar un disco duro (HDD).<\/p>\n<p>https:\/\/foro.tvc.mx\/docs\/lista-compatibilidad-hdd<\/p>\n<p>&nbsp;<\/p>\n<\/div>\n<\/div>\n<hr class=\"padding-bottom-2x\" \/>\n<div class=\"row align-items-center padding-bottom-2x\">\n<div class=\"col-md-5 order-md-2\"><img decoding=\"async\" class=\"d-block m-auto img-thumbnail\" src=\"https:\/\/tvc.mx\/media\/400219\/kit-de-4-canales-de-5-mp-con-audio-HAC-HFW1500CM%28-A%29-dahua.png\" alt=\" \" \/><\/div>\n<div class=\"col-md-7 order-md-1 text-md-left text-center\">\n<h2>Informaci\u00f3n General de las C\u00e1maras<\/h2>\n<p class=\"text-muted\">\n<p>Las c\u00e1maras incluidas en este kit son el modelo\u00a0<strong>HFW1500CM-A<\/strong>, es una c\u00e1mara met\u00e1lica\u00a0con tecnolog\u00eda HDCVI de\u00a0<strong>5Mp\u00a0<\/strong>con audio integrado, tiene un\u00a0<strong>IR inteligente<\/strong>\u00a0con alcance de\u00a0<strong>30 mts<\/strong>.<\/p>\n<p>&nbsp;<\/p>\n<\/div>\n<\/div>\n<hr class=\"padding-bottom-2x\" \/>\n<div class=\"row align-items-center padding-bottom-2x\">\n<div class=\"col-md-5\"><img decoding=\"async\" class=\"d-block m-auto img-thumbnail\" src=\"https:\/\/tvc.mx\/media\/400223\/Smart-IR-Dahua.png\" alt=\" \" \/><\/div>\n<div class=\"col-md-7 text-md-left text-center\">\n<h2>IR Inteligente<\/h2>\n<p class=\"text-muted\">\n<p>La\u00a0c\u00e1mara\u00a0est\u00e1\u00a0dise\u00f1ada\u00a0con\u00a0iluminaci\u00f3n\u00a0LED\u00a0IR\u00a0para\u00a0un\u00a0mejor\u00a0rendimiento\u00a0con\u00a0poca\u00a0luz.\u00a0Smart\u00a0IR\u00a0es\u00a0una\u00a0tecnolog\u00eda\u00a0que\u00a0garantiza\u00a0la\u00a0uniformidad\u00a0del\u00a0brillo\u00a0en\u00a0im\u00e1genes\u00a0en\u00a0blanco\u00a0y\u00a0negro\u00a0con\u00a0poca\u00a0iluminaci\u00f3n.\u00a0El\u00a0IR\u00a0inteligente\u00a0exclusivo\u00a0de\u00a0Dahua\u00a0se\u00a0ajusta\u00a0a\u00a0la\u00a0intensidad\u00a0de\u00a0los\u00a0LED\u00a0infrarrojos\u00a0de\u00a0la\u00a0c\u00e1mara\u00a0para\u00a0compensar\u00a0la\u00a0distancia\u00a0de\u00a0un\u00a0objeto\u00a0y\u00a0evita\u00a0que\u00a0los\u00a0LED\u00a0IR\u00a0sobreexpongan\u00a0las\u00a0im\u00e1genes\u00a0a\u00a0medida\u00a0que\u00a0el\u00a0objeto\u00a0se\u00a0acerca\u00a0a\u00a0la\u00a0c\u00e1mara.<\/p>\n<p>&nbsp;<\/p>\n<\/div>\n<\/div>\n<hr class=\"padding-bottom-2x\" \/>\n<div class=\"row align-items-center padding-bottom-2x\">\n<div class=\"col-md-5 order-md-2\"><img decoding=\"async\" class=\"d-block m-auto img-thumbnail\" src=\"https:\/\/tvc.mx\/media\/400239\/kit-de-4-canales-de-5-mp-con-audio-KITXVR5104HS4KLI3%2B4HFW1500CMA-dahua.png\" alt=\" \" \/><\/div>\n<div class=\"col-md-7 order-md-1 text-md-left text-center\">\n<h2>Principales Caracter\u00edsticas<\/h2>\n<p class=\"text-muted\">\n<h5><em>PRINCIPALES CARACTER\u00cdSTICAS DEL DVR.<\/em><\/h5>\n<ul>\n<li>Compresi\u00f3n de video de doble flujo H.265 + \/ H.265.<\/li>\n<li>Admite codificaci\u00f3n AI de canal completo.<\/li>\n<li>Admite entradas de video HDCVI \/ AHD \/ TVI \/ CVBS \/ IP.<\/li>\n<li>Soporta hasta 5Mp en c\u00e1maras HDCVI.<\/li>\n<li>Se pueden agregar hasta 4 c\u00e1maras IP ( 8Mp m\u00e1ximo ).<\/li>\n<li>Larga distancia de transmisi\u00f3n por cable coaxial.<\/li>\n<li>Soporta hasta 4 canales SMD Plus.<\/li>\n<li>Codificaci\u00f3n Inteligente.<\/li>\n<li>Interfaz monitor 1 HDMI, 1 VGA.<\/li>\n<li>Interfaz red 1 puerto RJ-45 (100 MB).<\/li>\n<li>Max. Acceso de usuario 128.<\/li>\n<li>1 puerto SATA, hasta 10 TB de capacidad.<\/li>\n<li>Peso Neto sin Disco Duro 0.53 kg.<\/li>\n<li>Dimensiones 260 mm \u00d7 237.9 mm \u00d7 47.6 mm.<\/li>\n<\/ul>\n<h5><em>PRINCIPALES CARACTER\u00cdSTICAS DE LA C\u00c1MARA:<\/em><\/h5>\n<ul>\n<li>\u00a0M\u00e1ximo\u00a025\u00a0fps\u00a0a\u00a05MP\u00a0(salida\u00a0de\u00a0video\u00a016:\u00a09)<\/li>\n<li>Lente Fijo de 2.8 mm<\/li>\n<li>Formatos compatibles CVI\u00a0\/\u00a0TVI\u00a0\/\u00a0AHD\u00a0\/\u00a0CVBS<\/li>\n<li>30 metros de distancia de IR LEDs.<\/li>\n<li>Sensor de Im\u00e1gen 1\/2.7&#8243; CMOS.<\/li>\n<li>Men\u00fa osd multilenguaje.<\/li>\n<li>BLC\u00a0\/\u00a0HLC\u00a0\/\u00a0DWDR.<\/li>\n<li>Micr\u00f3fono\u00a0integrado.<\/li>\n<li>Reducci\u00f3n de ruido 2D NR<\/li>\n<li>Fuente de alimentaci\u00f3n 12V DC \u00b130%.<\/li>\n<li>Consumo de energ\u00eda m\u00e1x 3.7w (12V DC, IR encendido).<\/li>\n<li>Condiciones de operaci\u00f3n -40 \u00b0 C ~ + 60 \u00b0 C.<\/li>\n<li>Indice de protecci\u00f3n IP67.<\/li>\n<li>Met\u00e1lica.<\/li>\n<li>Dimensiones 166.6mm\u00d769.7mm\u00d770.0mm.<\/li>\n<li>Peso Neto 0.33kg.<\/li>\n<\/ul>\n<p>&nbsp;<\/p>\n<\/div>\n<\/div>\n<hr class=\"padding-bottom-2x\" \/>\n<div class=\"row align-items-center padding-bottom-2x\">\n<div class=\"col-md-5\"><img decoding=\"async\" class=\"d-block m-auto img-thumbnail\" src=\"https:\/\/tvc.mx\/media\/400243\/kit-de-4-canales-de-5-mp-con-audio-KITXVR5104HS4KLI3%2B4HFW1500CMA-dahua-incluye.png\" alt=\" \" \/><\/div>\n<div class=\"col-md-7 text-md-left text-center\">\n<h2>Incluye<\/h2>\n<p class=\"text-muted\">\n<p>El\u00a0<strong>KITXVR5104HS-4KL-I3+4-HFW1500CM-A<\/strong>\u00a0incluye todo! simplemente conecta la energ\u00eda al DVR y las c\u00e1maras, adicional se requiere de instalar el disco duro\u00a0<strong>(No incluido)<\/strong>.<\/p>\n<ul>\n<li><strong>1<\/strong>\u00a0<strong>XVR 5104HS-4KL-I3<\/strong>.<\/li>\n<li><strong>4 c\u00e1maras<\/strong>\u00a0bullet metalicas\u00a0<strong>HFW1500CM-A<\/strong>.<\/li>\n<li>4 rollos de cable siam\u00e9s de18 mts.<\/li>\n<li>1 Fuente de poder (para las 4 c\u00e1maras).<\/li>\n<li>1 Pulpo para 4 c\u00e1maras.<\/li>\n<\/ul>\n<\/div>\n<\/div>\n","protected":false},"excerpt":{"rendered":"<p>Informaci\u00f3n General del DVR Este kit de vigilancia est\u00e1 conformado por el grabador\u00a0XVR5104HS-4KL-I3, pertenece a la serie\u00a0WizSense I3\u00a0con Inteligencia Artificial, puede reducir las tasas de falsas alarmas y los costos de vigilancia humana, con alarma precisa para personas y\/o veh\u00edculos. Este grabador soporta\u00a04 canales HDCVI&hellip;<\/p>\n","protected":false},"featured_media":1014,"comment_status":"open","ping_status":"closed","template":"","meta":{"om_disable_all_campaigns":false,"_monsterinsights_skip_tracking":false,"_monsterinsights_sitenote_active":false,"_monsterinsights_sitenote_note":"","_monsterinsights_sitenote_category":0},"product_brand":[],"product_cat":[65],"product_tag":[42,38,66,67,68],"class_list":{"0":"post-1015","1":"product","2":"type-product","3":"status-publish","4":"has-post-thumbnail","6":"product_cat-kit-4-camaras","7":"product_tag-camaras","8":"product_tag-camaras-de-seguridad","9":"product_tag-dahua","10":"product_tag-kits","11":"product_tag-kits-de-camaras","13":"first","14":"instock","15":"sale","16":"taxable","17":"shipping-taxable","18":"purchasable","19":"product-type-simple"},"aioseo_notices":[],"_links":{"self":[{"href":"https:\/\/tecsecmty.com\/index.php\/wp-json\/wp\/v2\/product\/1015","targetHints":{"allow":["GET"]}}],"collection":[{"href":"https:\/\/tecsecmty.com\/index.php\/wp-json\/wp\/v2\/product"}],"about":[{"href":"https:\/\/tecsecmty.com\/index.php\/wp-json\/wp\/v2\/types\/product"}],"replies":[{"embeddable":true,"href":"https:\/\/tecsecmty.com\/index.php\/wp-json\/wp\/v2\/comments?post=1015"}],"version-history":[{"count":0,"href":"https:\/\/tecsecmty.com\/index.php\/wp-json\/wp\/v2\/product\/1015\/revisions"}],"wp:featuredmedia":[{"embeddable":true,"href":"https:\/\/tecsecmty.com\/index.php\/wp-json\/wp\/v2\/media\/1014"}],"wp:attachment":[{"href":"https:\/\/tecsecmty.com\/index.php\/wp-json\/wp\/v2\/media?parent=1015"}],"wp:term":[{"taxonomy":"product_brand","embeddable":true,"href":"https:\/\/tecsecmty.com\/index.php\/wp-json\/wp\/v2\/product_brand?post=1015"},{"taxonomy":"product_cat","embeddable":true,"href":"https:\/\/tecsecmty.com\/index.php\/wp-json\/wp\/v2\/product_cat?post=1015"},{"taxonomy":"product_tag","embeddable":true,"href":"https:\/\/tecsecmty.com\/index.php\/wp-json\/wp\/v2\/product_tag?post=1015"}],"curies":[{"name":"wp","href":"https:\/\/api.w.org\/{rel}","templated":true}]}}