{"id":1018,"date":"2023-02-16T05:07:39","date_gmt":"2023-02-16T05:07:39","guid":{"rendered":"https:\/\/tecsecmty.com\/index.php\/producto\/dahua-cooper-xvr1b08kit-kit-8-canales-2-megapixeles-2-ch-ip-adicionales-8-camaras-b1a21-1080p-dvr-de-8-canales-h-2651080p-lite-82-accesorios\/"},"modified":"2023-03-22T23:22:23","modified_gmt":"2023-03-23T05:22:23","slug":"dahua-cooper-xvr1b08kit-kit-8-canales-2-megapixeles-2-ch-ip-adicionales-8-camaras-b1a21-1080p-dvr-de-8-canales-h-2651080p-lite-82-accesorios","status":"publish","type":"product","link":"https:\/\/tecsecmty.com\/index.php\/producto\/dahua-cooper-xvr1b08kit-kit-8-canales-2-megapixeles-2-ch-ip-adicionales-8-camaras-b1a21-1080p-dvr-de-8-canales-h-2651080p-lite-82-accesorios\/","title":{"rendered":"DAHUA COOPER XVR1B08KIT &#8211; Kit 8 canales 2 megapixeles\/ 2 Ch IP adicionales\/ 8 Camaras B1A21 1080p\/ DVR De 8 canales H.265+1080p Lite 8+2\/ Accesorios"},"content":{"rendered":"<div class=\"row aling-items-center padding-bottom-2x\">\n<div class=\"col-lg-12\">\n<h5 class=\"card-title text-center\">TODO INCLUIDO.<\/h5>\n<p>El kit<strong>\u00a0COOPER XVR1B08KIT<\/strong>\u00a0incluye todo\u00a0simplemente\u00a0conecta la energ\u00eda al DVR\u00a0y\u00a0las c\u00e1maras, adicional se requiere de instalar el disco duro (No incluido).<\/p>\n<p>ESTE KIT INCLUYE:<\/p>\n<ul>\n<li>1 DVR\u00a0<strong>COOPER XVR1B08<\/strong>.<\/li>\n<li>8 c\u00e1maras bullet de policarbonato\u00a0<strong>COOPER B1A21.<\/strong><\/li>\n<li>8 rollos de cable siam\u00e9s.<\/li>\n<li>2 Fuente de poder (para las 4 c\u00e1maras).<\/li>\n<li>2 Pulpos para 4 c\u00e1maras c\/u.<\/li>\n<\/ul>\n<\/div>\n<\/div>\n<div class=\"row aling-items-center padding-bottom-2x\">\n<div class=\"col-lg-12\">\n<h5 class=\"card-title text-center\"><\/h5>\n<p>&nbsp;<\/p>\n<p><img decoding=\"async\" class=\"overview-center-img-\" src=\"https:\/\/tvc.mx\/media\/4695\/1.jpg\" alt=\"\" \/><\/div>\n<\/div>\n<div class=\"row aling-items-center padding-bottom-2x\">\n<div class=\"col-lg-12\">\n<h5 class=\"card-title text-center\">INFORMACI\u00d3N GENERAL DEL DVR.<\/h5>\n<p>Este\u00a0kit de vigilancia est\u00e1 conformado por el\u00a0<strong>COOPER XVR1B08,\u00a0<\/strong>el cual es un dvr Penta &#8211; h\u00edbrido, esto significa que es compatible con las 5 \u00a0tecnolog\u00edas\u00a0actuales en el mercado \u00a0(An\u00e1logo\/\u00a0HDCVI\/ AHD\/ TVI\/\u00a0IP), lo cual en costo &#8211; beneficio para el usuario final lo hacer ser la mejor opci\u00f3n.<\/p>\n<\/div>\n<\/div>\n<div class=\"row aling-items-center padding-bottom-2x\">\n<div class=\"col-lg-12\">\n<h5 class=\"card-title text-center\"><\/h5>\n<p>&nbsp;<\/p>\n<p><img decoding=\"async\" class=\"overview-center-img-\" src=\"https:\/\/tvc.mx\/media\/4703\/penta.jpg\" alt=\"\" \/><\/div>\n<\/div>\n<div class=\"row aling-items-center padding-bottom-2x\">\n<div class=\"col-lg-12\">\n<h5 class=\"card-title text-center\">COMPRESI\u00d3N DE VIDEO H.265+.<\/h5>\n<p>La compresi\u00f3n de v\u00eddeo H.265+ reci\u00e9n agregada garantiza la misma calidad de imagen con solo la mitad de la tasa de bits y el almacenamiento en comparaci\u00f3n con H.264.<\/p>\n<p>Despu\u00e9s de actualizar su formato de cod\u00e9c de H.264 a H.265 y luego a H.265 +, el XVR ofrece un m\u00e9todo de almacenamiento mas rentable con menor capacidad de almacenamiento, mayor compatibilidad e inteligencia mejorada, lo que soluciona la demanda mucho mayor de almacenamiento. capacidad instalada por los dispositivos UHD 4K \/ 4MP y ofreciendo a los clientes y socios mas oportunidades de negocio.<\/p>\n<\/div>\n<\/div>\n<div class=\"row aling-items-center padding-bottom-2x\">\n<div class=\"col-lg-12\">\n<h5 class=\"card-title text-center\"><\/h5>\n<p>&nbsp;<\/p>\n<p><img decoding=\"async\" class=\"overview-center-img-\" src=\"https:\/\/tvc.mx\/media\/4704\/h265.jpg\" alt=\"\" \/><\/div>\n<\/div>\n<div class=\"row aling-items-center padding-bottom-2x\">\n<div class=\"col-lg-12\">\n<h5 class=\"card-title text-center\">CANALES IP ADICIONALES.<\/h5>\n<p>El DVR\u00a0<strong>COOPER XVR1B08\u00a0<\/strong>cuenta con 2 canales IP adicionales, los cuales soportan camaras IP de hasta 6MP de marcas como: Dahua, Arecont Vision, AXIS, Bosch, Brickcom, Canon, CP Plus, Dynacolor, Honeywell, Panasonic, Pelco, Samsung, Sanyo, Sony, Videotec, Vivotek, y m\u00e1s.<\/p>\n<p><strong>NOTA: Para las c\u00e1maras IP Fisheye de dahua u otras marcas, este DVR NO soporta la funci\u00f3n Dewarping.<\/strong><\/p>\n<\/div>\n<\/div>\n<div class=\"row aling-items-center padding-bottom-2x\">\n<div class=\"col-lg-12\">\n<h5 class=\"card-title text-center\"><\/h5>\n<p>&nbsp;<\/p>\n<p><img decoding=\"async\" class=\"overview-center-img-\" src=\"https:\/\/tvc.mx\/media\/4707\/ip.jpg\" alt=\"\" \/><\/div>\n<\/div>\n<div class=\"row aling-items-center padding-bottom-2x\">\n<div class=\"col-lg-12\">\n<ul>\n<li>\u00a0Soporta\u00a0HDCVI\/ AHD\/ TVI\/ CVBS\/ IP.<\/li>\n<li>\u00a0Compresi\u00f3n de video\u00a0H.265+\/H.265\/H.264+\/H.264.<\/li>\n<li>8\u00a0Canales HDCVI\u00a01080N\/720P(1~15fps); 960H\/D1\/HD1\/BCIF\/CIF\/QCIF(1~25\/30fps)<\/li>\n<li>2\u00a0Canal IP Adicionales hasta 6MP.<\/li>\n<li>\u00a01 HDMI\/ 1 VGA.<\/li>\n<li>\u00a01 Entrada \/1 Salida de Audio RCA.<\/li>\n<li>\u00a01\u00a0puerto SATA (hasta 6TB).<\/li>\n<li>\u00a02\u00a0puerto USB (USB 2.0).<\/li>\n<li>\u00a01 Puerto RJ-45 (100M).<\/li>\n<li>\u00a0Soporta m\u00faltiples marcas de c\u00e1maras IP:\u00a0Dahua, Arecont, Vision, AXIS, Bosch, Brickcom, Canon, CP Plus, Dynacolor, Honeywell, Panasonic, Pelco, Samsung, Sanyo, Sony, Videotec, Vivotek y m\u00e1s.<\/li>\n<li>\u00a0M\u00e1x Acceso de Usuarios: 128.<\/li>\n<li>\u00a0Fuente de Alimentaci\u00f3n DC12V\/ 1.5A.<\/li>\n<li>\u00a0Consumo de Energ\u00eda &lt;10W. (sin HDD).<\/li>\n<li>\u00a0Condiciones de Operaci\u00f3n -10\u00c2\u00baC a 45\u00c2\u00baC.<\/li>\n<li>\u00a0Peso 0.56kg. (sin DD).<\/li>\n<\/ul>\n<\/div>\n<\/div>\n<div class=\"row aling-items-center padding-bottom-2x\">\n<div class=\"col-lg-12\">\n<h5 class=\"card-title text-center\">INFORMACI\u00d3N GENERAL DE LA C\u00c1MARA.<\/h5>\n<p>La c\u00e1mara modelo\u00a0<strong>COOPER B1A21<\/strong>\u00a0es una c\u00e1mara de policarbonato con tecnolog\u00eda HDCVI, proporciona video en alta definici\u00f3n a\u00a0una resoluci\u00f3n de 1080p (1920 x 1080), incorpora un lente fijo de 3.6mm el cual proporciona un \u00e1ngulo de visi\u00f3n de\u00a093 grados. Cuenta con DWDR, smart\u00a0IR con un alcance de 20 metros, men\u00fa osd y adem\u00e1s la c\u00e1mara cuenta con un \u00edndice de protecci\u00f3n IP67 por lo que goza de una protecci\u00f3n contra el polvo y agua.<\/p>\n<\/div>\n<\/div>\n<div class=\"row aling-items-center padding-bottom-2x\">\n<div class=\"col-lg-12\">\n<h5 class=\"card-title text-center\"><\/h5>\n<p>&nbsp;<\/p>\n<p><img decoding=\"async\" class=\"overview-center-img-\" src=\"https:\/\/tvc.mx\/media\/4711\/camara.jpg\" alt=\"\" \/><\/div>\n<\/div>\n<div class=\"row aling-items-center padding-bottom-2x\">\n<div class=\"col-lg-12\">\n<h5 class=\"card-title text-center\">DISTANCIA DORI.<\/h5>\n<p>La distancia DORI es una proximidad general de la distancia que hace que sea f\u00e1cil elegir la c\u00e1mara adecuada para sus necesidades. La distancia DORI se calcula sobre la base de la especificaci\u00f3n del sensor y del resultado de la prueba de laboratorio seg\u00fan EN 62676-4, que define los criterios para Detectar, Observar, Reconocer e Identificar, respectivamente.<\/p>\n<\/div>\n<\/div>\n<div class=\"row aling-items-center padding-bottom-2x\">\n<div class=\"col-lg-12\">\n<h5 class=\"card-title text-center\"><\/h5>\n<p>&nbsp;<\/p>\n<p><img decoding=\"async\" class=\"overview-center-img-\" src=\"https:\/\/tvc.mx\/media\/4753\/dori.jpg\" alt=\"\" \/><\/div>\n<\/div>\n<div class=\"row aling-items-center padding-bottom-2x\">\n<div class=\"col-lg-12\">\n<h5 class=\"card-title text-center\">SMART IR.<\/h5>\n<p class=\"ql-align-justify\">La c\u00e1mara cuenta Smart IR, los LEDs IR tienen un alcance de 20 metros, los cuales se ajustan de forma autom\u00e1tica en condiciones de poca luz regulando su intensidad dependiendo de la distancia del objeto, haciendo que se obtenga una imagen m\u00e1s clara a diferentes distancias.<\/p>\n<\/div>\n<\/div>\n<div class=\"row aling-items-center padding-bottom-2x\">\n<div class=\"col-lg-12\">\n<h5 class=\"card-title text-center\"><\/h5>\n<p>&nbsp;<\/p>\n<p><img decoding=\"async\" class=\"overview-center-img-\" src=\"https:\/\/tvc.mx\/media\/4757\/ir.jpg\" alt=\"\" \/><\/div>\n<\/div>\n<div class=\"row aling-items-center padding-bottom-2x\">\n<div class=\"col-lg-12\">\n<h5 class=\"card-title text-center\">PRINCIPALES CARACTERISTICAS:<\/h5>\n<ul>\n<li>Bullet HDCVI 1080P.<\/li>\n<li>Formatos compatibles HDCVI\/TVI\/AHD\/CVBS (para cambiar de tecnolog\u00eda es necesario\u00a0<a href=\"https:\/\/www.tvc.mx\/shop\/catalog\/product_info.php?products_id=9583\" target=\"_blank\" rel=\"noopener\">PFM820<\/a><\/li>\n<li>Iluminaci\u00f3n m\u00ednima\u00a00.04Lux \/ F1.85, 30IRE, 0Lux IR encendido.<\/li>\n<li>20 metros de distancia de IR LEDs.<\/li>\n<li>Lente fijo 3.6mm.<\/li>\n<li>\u00c1ngulo de visi\u00f3n 93\u00ba.<\/li>\n<li>D\u00eda y Noche.<\/li>\n<li>Men\u00fa osd multilenguaje.<\/li>\n<li>BLC, HLC, DWDR.<\/li>\n<li>Reducci\u00f3n de ruido 2D.<\/li>\n<li>Smart IR.<\/li>\n<li>Fuente de alimentaci\u00f3n 12V DC.<\/li>\n<li>Consumo de energ\u00eda m\u00e1x 2.7w (12V DC, IR encendido).<\/li>\n<li>Condiciones de operaci\u00f3n\u00a0-40 \u00b0 C ~ + 60 \u00b0 C.<\/li>\n<li>Indice de protecci\u00f3n IP67.<\/li>\n<li>Material Policarbonato.<\/li>\n<li>Dimensiones\u00a070mm\u00d770mm\u00d7149mm..<\/li>\n<li>Peso Neto\u00a00.14kg.<\/li>\n<\/ul>\n<\/div>\n<\/div>\n<div class=\"row aling-items-center padding-bottom-2x\">\n<div class=\"col-lg-12\">\n<h5 class=\"card-title text-center\">APLICACION.<\/h5>\n<p>&nbsp;<\/p>\n<p><img decoding=\"async\" class=\"overview-center-img-\" src=\"https:\/\/tvc.mx\/media\/4791\/aplicacion1.jpg\" alt=\"\" \/><\/div>\n<\/div>\n","protected":false},"excerpt":{"rendered":"<p>TODO INCLUIDO. El kit\u00a0COOPER XVR1B08KIT\u00a0incluye todo\u00a0simplemente\u00a0conecta la energ\u00eda al DVR\u00a0y\u00a0las c\u00e1maras, adicional se requiere de instalar el disco duro (No incluido). ESTE KIT INCLUYE: 1 DVR\u00a0COOPER XVR1B08. 8 c\u00e1maras bullet de policarbonato\u00a0COOPER B1A21. 8 rollos de cable siam\u00e9s. 2 Fuente de poder (para las 4&hellip;<\/p>\n","protected":false},"featured_media":1017,"comment_status":"open","ping_status":"closed","template":"","meta":{"om_disable_all_campaigns":false,"_monsterinsights_skip_tracking":false,"_monsterinsights_sitenote_active":false,"_monsterinsights_sitenote_note":"","_monsterinsights_sitenote_category":0},"product_brand":[],"product_cat":[69],"product_tag":[42,38,66,67,68],"class_list":{"0":"post-1018","1":"product","2":"type-product","3":"status-publish","4":"has-post-thumbnail","6":"product_cat-kits-8-camaras","7":"product_tag-camaras","8":"product_tag-camaras-de-seguridad","9":"product_tag-dahua","10":"product_tag-kits","11":"product_tag-kits-de-camaras","13":"first","14":"instock","15":"sale","16":"taxable","17":"shipping-taxable","18":"purchasable","19":"product-type-simple"},"aioseo_notices":[],"_links":{"self":[{"href":"https:\/\/tecsecmty.com\/index.php\/wp-json\/wp\/v2\/product\/1018","targetHints":{"allow":["GET"]}}],"collection":[{"href":"https:\/\/tecsecmty.com\/index.php\/wp-json\/wp\/v2\/product"}],"about":[{"href":"https:\/\/tecsecmty.com\/index.php\/wp-json\/wp\/v2\/types\/product"}],"replies":[{"embeddable":true,"href":"https:\/\/tecsecmty.com\/index.php\/wp-json\/wp\/v2\/comments?post=1018"}],"version-history":[{"count":0,"href":"https:\/\/tecsecmty.com\/index.php\/wp-json\/wp\/v2\/product\/1018\/revisions"}],"wp:featuredmedia":[{"embeddable":true,"href":"https:\/\/tecsecmty.com\/index.php\/wp-json\/wp\/v2\/media\/1017"}],"wp:attachment":[{"href":"https:\/\/tecsecmty.com\/index.php\/wp-json\/wp\/v2\/media?parent=1018"}],"wp:term":[{"taxonomy":"product_brand","embeddable":true,"href":"https:\/\/tecsecmty.com\/index.php\/wp-json\/wp\/v2\/product_brand?post=1018"},{"taxonomy":"product_cat","embeddable":true,"href":"https:\/\/tecsecmty.com\/index.php\/wp-json\/wp\/v2\/product_cat?post=1018"},{"taxonomy":"product_tag","embeddable":true,"href":"https:\/\/tecsecmty.com\/index.php\/wp-json\/wp\/v2\/product_tag?post=1018"}],"curies":[{"name":"wp","href":"https:\/\/api.w.org\/{rel}","templated":true}]}}