{"id":1022,"date":"2023-02-16T05:07:42","date_gmt":"2023-02-16T05:07:42","guid":{"rendered":"https:\/\/tecsecmty.com\/index.php\/producto\/dahua-kitxvr1b08-i8-b2a21-kit-de-8-canales-2-megapixeles-dvr-cooper-i-wizsense-con-ia-h-265-8-camaras-b2a21-1080p-metalicas-8-ch-2-ip-o-hasta-10-ch-ip-4-ch-con-smd-plus-busqueda-de-humano\/"},"modified":"2023-03-22T23:22:57","modified_gmt":"2023-03-23T05:22:57","slug":"dahua-kitxvr1b08-i8-b2a21-kit-de-8-canales-2-megapixeles-dvr-cooper-i-wizsense-con-ia-h-265-8-camaras-b2a21-1080p-metalicas-8-ch-2-ip-o-hasta-10-ch-ip-4-ch-con-smd-plus-busqueda-de-humano","status":"publish","type":"product","link":"https:\/\/tecsecmty.com\/index.php\/producto\/dahua-kitxvr1b08-i8-b2a21-kit-de-8-canales-2-megapixeles-dvr-cooper-i-wizsense-con-ia-h-265-8-camaras-b2a21-1080p-metalicas-8-ch-2-ip-o-hasta-10-ch-ip-4-ch-con-smd-plus-busqueda-de-humano\/","title":{"rendered":"DAHUA KITXVR1B08- I+8-B2A21- Kit de 8 Canales 2 Megapixeles\/ DVR Cooper-I WizSense\/ Con IA\/ H.265+\/ 8 Camaras B2A21 1080p Metalicas\/ 8 Ch + 2 IP o Hasta 10 Ch IP\/ 4 Ch con SMD Plus\/ Busqueda de Humanos y Vehiculos\/ Accesorios Incluidos\/"},"content":{"rendered":"<div class=\"row align-items-center padding-bottom-2x\">\n<div class=\"col-md-5 order-md-2\"><img decoding=\"async\" class=\"d-block m-auto img-thumbnail\" src=\"https:\/\/tvc.mx\/media\/402691\/Dahua-DH-XVR1B08-I%2B8-B2A21-Grabador-8-Canales-Inteligencia-imagen-principal.png\" alt=\" \" \/><\/div>\n<div class=\"col-md-7 order-md-1 text-md-left text-center\">\n<h2>DVR 8 Canales 1080Lite Wizsense<\/h2>\n<p class=\"text-muted\">\n<p>El\u00a0<strong>XVR1B08-I<\/strong>\u00a0es un DVR\u00a0Cooper\u00a0con\u00a0SMD Plus\u00a0que pertenece a la serie\u00a0WizSense\u00a0con\u00a0Inteligencia Artificial, est\u00e1 dise\u00f1ado para reducir las tasas de falsas alarmas y los costos de vigilancia humana, lo que brinda un gran valor a los clientes en busca de productos con alarma precisa para personas \/ veh\u00edculos para elevar el nivel de seguridad de varias instalaciones interiores y exteriores.\u00a0Este grabador soporta\u00a08\u00a0canales HDCVI 1080MP Lite\u00a0m\u00e1s\u00a02 canales Ip\u00a0( 6Mp m\u00e1ximo ) y una\u00a0codificaci\u00f3n inteligente\u00a0en sus 8 canales.<\/p>\n<p>&nbsp;<\/p>\n<\/div>\n<\/div>\n<hr class=\"padding-bottom-2x\" \/>\n<div class=\"row align-items-center padding-bottom-2x\">\n<div class=\"col-md-5\"><img decoding=\"async\" class=\"d-block m-auto img-thumbnail\" src=\"https:\/\/tvc.mx\/media\/402731\/SMD-plus-Dahua.png\" alt=\" \" \/><\/div>\n<div class=\"col-md-7 text-md-left text-center\">\n<h2>SDM Plus<\/h2>\n<p class=\"text-muted\">\n<p>El grabador\u00a0<strong>XVR1B08-I<\/strong>\u00a0incorpora la funci\u00f3n denominada\u00a0Smart Motion Detection Plus, que es una actualizaci\u00f3n de la versi\u00f3n de SMD que mejora en gran medida la precisi\u00f3n de la alarma al cargar algoritmos de aprendizaje profundo. Analiza formas de personas y veh\u00edculos basado en la detecci\u00f3n de movimiento y env\u00edos de alarmas solo cuando la persona y el veh\u00edculo se detecten.<\/p>\n<p>&nbsp;<\/p>\n<\/div>\n<\/div>\n<hr class=\"padding-bottom-2x\" \/>\n<div class=\"row align-items-center padding-bottom-2x\">\n<div class=\"col-md-5 order-md-2\"><img decoding=\"async\" class=\"d-block m-auto img-thumbnail\" src=\"https:\/\/tvc.mx\/media\/402735\/tabla-de-compayibilidad-de-HDD-para-equipo-dahua.png\" alt=\" \" \/><\/div>\n<div class=\"col-md-7 order-md-1 text-md-left text-center\">\n<h2>Tabla de compatibilidad HDD<\/h2>\n<p class=\"text-muted\">\n<p>Tabla de compatibilidad HDD<\/p>\n<p>El almacenamiento es parte fundamental de un sistema de videovigilancia por tal motivo te recomendamos revisar nuestra lista de compatibilidad antes de seleccionar un disco duro (HDD).<\/p>\n<p>https:\/\/foro.tvc.mx\/docs\/lista-compatibilidad-hdd<\/p>\n<p>&nbsp;<\/p>\n<\/div>\n<\/div>\n<hr class=\"padding-bottom-2x\" \/>\n<div class=\"row align-items-center padding-bottom-2x\">\n<div class=\"col-md-5\"><img decoding=\"async\" class=\"d-block m-auto img-thumbnail\" src=\"https:\/\/tvc.mx\/media\/402739\/DAHUA_KITXVR1B08--I%2B8-B2A21_dvr_8_canales_8_camaras_IP67.png\" alt=\" \" \/><\/div>\n<div class=\"col-md-7 text-md-left text-center\">\n<h2>C\u00e1mara B2A21<\/h2>\n<p class=\"text-muted\">\n<p>La c\u00e1mara modelo\u00a0<strong>COOPER B2A21<\/strong>\u00a0es una c\u00e1mara Met\u00e1lica con tecnolog\u00eda HDCVI, proporciona v\u00eddeo en alta definici\u00f3n a\u00a0una resoluci\u00f3n de 1080p (1920 x 1080), incorpora un lente fijo de 3.6 mm el cual proporciona un \u00e1ngulo de visi\u00f3n de\u00a093 grados. Cuenta con DWDR, Smart\u00a0IR con un alcance de 20 metros, men\u00fa OSD y adem\u00e1s la c\u00e1mara cuenta con un \u00edndice de protecci\u00f3n IP67 por lo que goza de una protecci\u00f3n contra el polvo y agua.<\/p>\n<p>&nbsp;<\/p>\n<\/div>\n<\/div>\n<hr class=\"padding-bottom-2x\" \/>\n<div class=\"row align-items-center padding-bottom-2x\">\n<div class=\"col-md-5 order-md-2\"><img decoding=\"async\" class=\"d-block m-auto img-thumbnail\" src=\"https:\/\/tvc.mx\/media\/402775\/Smart-IR-Dahua.png\" alt=\" \" \/><\/div>\n<div class=\"col-md-7 order-md-1 text-md-left text-center\">\n<h2>Smart IR<\/h2>\n<p class=\"text-muted\">\n<p class=\"ql-align-justify\">La c\u00e1mara cuenta Smart IR, los LEDs IR tienen un alcance de 20 metros, los cuales se ajustan de forma autom\u00e1tica en condiciones de poca luz regulando su intensidad dependiendo de la distancia del objeto, haciendo que se obtenga una imagen m\u00e1s clara a diferentes distancias.<\/p>\n<p>&nbsp;<\/p>\n<\/div>\n<\/div>\n<hr class=\"padding-bottom-2x\" \/>\n<div class=\"row align-items-center padding-bottom-2x\">\n<div class=\"col-md-5\"><img decoding=\"async\" class=\"d-block m-auto img-thumbnail\" src=\"https:\/\/tvc.mx\/media\/402779\/DAHUA_KITXVR1B08--I%2B8-B2A21_dvr_8_canales_8_camaras_IP67-caracteristicas-kit.png\" alt=\" \" \/><\/div>\n<div class=\"col-md-7 text-md-left text-center\">\n<h2>Principales Caracter\u00edsticas<\/h2>\n<p class=\"text-muted\">\n<p><strong>Caracter\u00edsticas C\u00e1mara<\/strong><\/p>\n<ul>\n<li>Bullet HDCVI 1080P.<\/li>\n<li>Formatos compatibles HDCVI\/TVI\/AHD\/CVBS<\/li>\n<li>20 metros de distancia de IR LEDs.<\/li>\n<li>Lente fijo 3.6mm.<\/li>\n<li>Men\u00fa osd multilenguaje.<\/li>\n<li>BLC, HLC, DWDR.<\/li>\n<li>Reducci\u00f3n de ruido 2D.<\/li>\n<li>Fuente de alimentaci\u00f3n 12V DC.<\/li>\n<li>Indice de protecci\u00f3n IP67.<\/li>\n<li>Material Aluminio.<\/li>\n<\/ul>\n<p><strong>Caracter\u00edsticas DVR<\/strong><\/p>\n<ul>\n<li>Compresi\u00f3n de video de doble flujo H.265 + \/ H.265.<\/li>\n<li>Admite codificaci\u00f3n AI de canal completo.<\/li>\n<li>Admite entradas de video HDCVI \/ AHD \/ TVI \/ CVBS \/ IP.<\/li>\n<li>Soporta hasta 1080P Lite en c\u00e1maras HDCVI.<\/li>\n<li>Se pueden agregar hasta 2 c\u00e1maras IP ( 6Mp m\u00e1ximo ).<\/li>\n<li>Larga distancia de transmisi\u00f3n por cable coaxial.<\/li>\n<li>Soporta hasta 4 canales SMD Plus.<\/li>\n<li>Codificaci\u00f3n Inteligente.<\/li>\n<li>Interfaz monitor 1 HDMI, 1 VGA.<\/li>\n<li>Interfaz red 1 puerto RJ-45 (100 MB).<\/li>\n<li>Max. Acceso de usuario 128.<\/li>\n<li>1 puerto SATA, hasta 6 TB de capacidad.<\/li>\n<\/ul>\n<p>&nbsp;<\/p>\n<\/div>\n<\/div>\n<hr class=\"padding-bottom-2x\" \/>\n<div class=\"row align-items-center padding-bottom-2x\">\n<div class=\"col-md-5 order-md-2\"><img decoding=\"async\" class=\"d-block m-auto img-thumbnail\" src=\"https:\/\/tvc.mx\/media\/402799\/DAHUA_KITXVR1B08--I%2B8-B2A21_dvr_8_canales_8_camaras_IP67-caracteristicas-kit-incluye.png\" alt=\" \" \/><\/div>\n<div class=\"col-md-7 order-md-1 text-md-left text-center\">\n<h2>Este Kit Incluye<\/h2>\n<p class=\"text-muted\">\n<ul>\n<li>1 DVR\u00a0COOPER XVR1B08-I<\/li>\n<li>8 c\u00e1maras Bullet met\u00e1licas\u00a0COOPER B2A21.<\/li>\n<li>8 rollos de cable siam\u00e9s 18m.<\/li>\n<li>1 Fuente de poder para DVR.<\/li>\n<li>2 Fuente de poder (para 4 c\u00e1maras).<\/li>\n<li>2 Pulpos para 4 c\u00e1maras c\/u.<\/li>\n<\/ul>\n<\/div>\n<\/div>\n","protected":false},"excerpt":{"rendered":"<p>DVR 8 Canales 1080Lite Wizsense El\u00a0XVR1B08-I\u00a0es un DVR\u00a0Cooper\u00a0con\u00a0SMD Plus\u00a0que pertenece a la serie\u00a0WizSense\u00a0con\u00a0Inteligencia Artificial, est\u00e1 dise\u00f1ado para reducir las tasas de falsas alarmas y los costos de vigilancia humana, lo que brinda un gran valor a los clientes en busca de productos con alarma precisa&hellip;<\/p>\n","protected":false},"featured_media":1021,"comment_status":"open","ping_status":"closed","template":"","meta":{"om_disable_all_campaigns":false,"_monsterinsights_skip_tracking":false,"_monsterinsights_sitenote_active":false,"_monsterinsights_sitenote_note":"","_monsterinsights_sitenote_category":0},"product_brand":[],"product_cat":[69],"product_tag":[42,38,66,67,68],"class_list":{"0":"post-1022","1":"product","2":"type-product","3":"status-publish","4":"has-post-thumbnail","6":"product_cat-kits-8-camaras","7":"product_tag-camaras","8":"product_tag-camaras-de-seguridad","9":"product_tag-dahua","10":"product_tag-kits","11":"product_tag-kits-de-camaras","13":"first","14":"instock","15":"sale","16":"taxable","17":"shipping-taxable","18":"purchasable","19":"product-type-simple"},"aioseo_notices":[],"_links":{"self":[{"href":"https:\/\/tecsecmty.com\/index.php\/wp-json\/wp\/v2\/product\/1022","targetHints":{"allow":["GET"]}}],"collection":[{"href":"https:\/\/tecsecmty.com\/index.php\/wp-json\/wp\/v2\/product"}],"about":[{"href":"https:\/\/tecsecmty.com\/index.php\/wp-json\/wp\/v2\/types\/product"}],"replies":[{"embeddable":true,"href":"https:\/\/tecsecmty.com\/index.php\/wp-json\/wp\/v2\/comments?post=1022"}],"version-history":[{"count":0,"href":"https:\/\/tecsecmty.com\/index.php\/wp-json\/wp\/v2\/product\/1022\/revisions"}],"wp:featuredmedia":[{"embeddable":true,"href":"https:\/\/tecsecmty.com\/index.php\/wp-json\/wp\/v2\/media\/1021"}],"wp:attachment":[{"href":"https:\/\/tecsecmty.com\/index.php\/wp-json\/wp\/v2\/media?parent=1022"}],"wp:term":[{"taxonomy":"product_brand","embeddable":true,"href":"https:\/\/tecsecmty.com\/index.php\/wp-json\/wp\/v2\/product_brand?post=1022"},{"taxonomy":"product_cat","embeddable":true,"href":"https:\/\/tecsecmty.com\/index.php\/wp-json\/wp\/v2\/product_cat?post=1022"},{"taxonomy":"product_tag","embeddable":true,"href":"https:\/\/tecsecmty.com\/index.php\/wp-json\/wp\/v2\/product_tag?post=1022"}],"curies":[{"name":"wp","href":"https:\/\/api.w.org\/{rel}","templated":true}]}}