{"id":1024,"date":"2023-02-16T05:07:44","date_gmt":"2023-02-16T05:07:44","guid":{"rendered":"https:\/\/tecsecmty.com\/index.php\/producto\/dahua-kitxvr1b08-i-2mp4cp-kit-de-8-canales-2-megapixeles-con-4-camaras-dvr-cooper-i-wizsense-con-ia-h-265-4-camaras-b1a21-1080p-8-canales-2-ip-o-hasta-10-canales-ip-4-ch-smd-plus-busqueda\/"},"modified":"2023-03-22T23:22:57","modified_gmt":"2023-03-23T05:22:57","slug":"dahua-kitxvr1b08-i-2mp4cp-kit-de-8-canales-2-megapixeles-con-4-camaras-dvr-cooper-i-wizsense-con-ia-h-265-4-camaras-b1a21-1080p-8-canales-2-ip-o-hasta-10-canales-ip-4-ch-smd-plus-busqueda","status":"publish","type":"product","link":"https:\/\/tecsecmty.com\/index.php\/producto\/dahua-kitxvr1b08-i-2mp4cp-kit-de-8-canales-2-megapixeles-con-4-camaras-dvr-cooper-i-wizsense-con-ia-h-265-4-camaras-b1a21-1080p-8-canales-2-ip-o-hasta-10-canales-ip-4-ch-smd-plus-busqueda\/","title":{"rendered":"DAHUA KITXVR1B08-I-2MP4CP &#8211; Kit de 8 Canales 2 Megapixeles\/ con 4 Camaras\/ DVR Cooper-I WizSense\/ Con IA\/ H.265+\/ 4 Camaras B1A21 1080p\/ 8 Canales + 2 IP o Hasta 10 Canales IP\/ 4 Ch SMD Plus\/ Busqueda de Humanos y Vehiculos\/ Accesorios Incluidos\/"},"content":{"rendered":"<div class=\"row aling-items-center padding-bottom-2x\">\n<div class=\"col-lg-12\">\n<h5 class=\"card-title text-center\">Informaci\u00f3n General<\/h5>\n<p>XVR Cooper Series con SMD Plus para beneficiar a los clientes con actualizaci\u00f3n de AI. La serie est\u00e1 dise\u00f1ada para reducir las tasas de falsas alarmas y los costos de vigilancia, lo que brinda un gran valor a los clientes en busca de productos con alarma precisa para personas \/ veh\u00edculos para elevar el nivel de seguridad de varias instalaciones interiores y exteriores.<\/p>\n<p><img decoding=\"async\" class=\"overview-center-img-web\" src=\"https:\/\/tvc.mx\/media\/401883\/Kit-de-videovigilancia-completo-marca-Dahua-KITXVR1B08-I-2MP4CP.png\" alt=\"\" \/><\/div>\n<\/div>\n<div class=\"row align-items-center padding-bottom-2x\">\n<div class=\"col-md-5 order-md-2\"><img decoding=\"async\" class=\"d-block m-auto img-thumbnail\" src=\"https:\/\/tvc.mx\/media\/401887\/Kit-de-videovigilancia-completo-marca-Dahua-B1A21N.png\" alt=\" \" \/><\/div>\n<div class=\"col-md-7 order-md-1 text-md-left text-center\">\n<h2>DH-HAC-B1A21<\/h2>\n<p class=\"text-muted\">\n<ul>\n<li>M\u00e1x. 30 fps a 1080 P<\/li>\n<li>Salida HD y SD conmutable<\/li>\n<li>Lente fija de 3,6 mm (2,8 mm, 6 mm opcional)<\/li>\n<li>M\u00e1x. IR longitud 20 m, IR inteligente<\/li>\n<li>IP67, DC12V<\/li>\n<li>Pl\u00e1stico<\/li>\n<\/ul>\n<p>&nbsp;<\/p>\n<\/div>\n<\/div>\n<hr class=\"padding-bottom-2x\" \/>\n<div class=\"row align-items-center padding-bottom-2x\">\n<div class=\"col-md-5\"><img decoding=\"async\" class=\"d-block m-auto img-thumbnail\" src=\"https:\/\/tvc.mx\/media\/401891\/Multiformatos-dahua.png\" alt=\" \" \/><\/div>\n<div class=\"col-md-7 text-md-left text-center\">\n<h2>Detecci\u00f3n autom\u00e1tica de HDCVI \/ AHD \/ TVI \/ CVBS<\/h2>\n<p class=\"text-muted\">\n<p>El XVR puede reconocer autom\u00e1ticamente la se\u00f1al de la c\u00e1mara frontal sin ning\u00fan ajuste. Hace que la operaci\u00f3n sea m\u00e1s amigable y conveniente.<\/p>\n<p>&nbsp;<\/p>\n<\/div>\n<\/div>\n<hr class=\"padding-bottom-2x\" \/>\n<div class=\"row align-items-center padding-bottom-2x\">\n<div class=\"col-md-5 order-md-2\"><img decoding=\"async\" class=\"d-block m-auto img-thumbnail\" src=\"https:\/\/tvc.mx\/media\/401895\/codificacion-h.265-dahua.png\" alt=\" \" \/><\/div>\n<div class=\"col-md-7 order-md-1 text-md-left text-center\">\n<h2>C\u00f3dec inteligente<\/h2>\n<p class=\"text-muted\">\n<p>Con un algoritmo avanzado de control de velocidad adaptable a la escena, la tecnolog\u00eda de c\u00f3dec inteligente de Dahua logra una mayor eficiencia de codificaci\u00f3n que H.265 y H.264, proporciona video de alta calidad y reduce el costo de almacenamiento y transmisi\u00f3n.<\/p>\n<p>&nbsp;<\/p>\n<\/div>\n<\/div>\n<hr class=\"padding-bottom-2x\" \/>\n<div class=\"row align-items-center padding-bottom-2x\">\n<div class=\"col-md-5\"><img decoding=\"async\" class=\"d-block m-auto img-thumbnail\" src=\"https:\/\/tvc.mx\/media\/401899\/SMD-plus-Dahua.png\" alt=\" \" \/><\/div>\n<div class=\"col-md-7 text-md-left text-center\">\n<h2>SMD Plus<\/h2>\n<p class=\"text-muted\">\n<p>Con un algoritmo inteligente, la tecnolog\u00eda de detecci\u00f3n de movimiento inteligente de Dahua puede categorizar los objetivos que activan la detecci\u00f3n de movimiento y filtrar la alarma de detecci\u00f3n de movimiento activada por objetivos no interesados para realizar una alarma efectiva y precisa.<\/p>\n<p>&nbsp;<\/p>\n<\/div>\n<\/div>\n<hr class=\"padding-bottom-2x\" \/>\n<div class=\"row align-items-center padding-bottom-2x\">\n<div class=\"col-md-5 order-md-2\"><img decoding=\"async\" class=\"d-block m-auto img-thumbnail\" src=\"https:\/\/tvc.mx\/media\/401903\/Kit-de-videovigilancia-completo-marca-Dahua-XVR1B08-I.png\" alt=\" \" \/><\/div>\n<div class=\"col-md-7 order-md-1 text-md-left text-center\">\n<h2>DVR XVR1B08<\/h2>\n<p class=\"text-muted\">\n<ul>\n<li>Compresi\u00f3n de video de doble flujo H.265 + \/ H.265<\/li>\n<li>Admite codificaci\u00f3n AI de canal completo<\/li>\n<li>Admite entradas de video HDCVI \/ AHD \/ TVI \/ CVBS \/ IP<\/li>\n<li>Entradas de c\u00e1mara IP de 10 canales como m\u00e1ximo, cada canal hasta 6MP; Ancho de banda entrante m\u00e1ximo de 40 Mbps<\/li>\n<li>Transmisi\u00f3n de video de hasta 4 canales (canal anal\u00f3gico) SMD Plus<\/li>\n<li>1 puerto SATA, hasta 6 TB de capacidad<\/li>\n<li>Corriente, CC 12 V \/ 1,5 A<\/li>\n<\/ul>\n<p>&nbsp;<\/p>\n<\/div>\n<\/div>\n<hr class=\"padding-bottom-2x\" \/>\n<div class=\"row align-items-center padding-bottom-2x\">\n<div class=\"col-md-5\"><img decoding=\"async\" class=\"d-block m-auto img-thumbnail\" src=\"https:\/\/tvc.mx\/media\/330995\/Kit-de-videovigilancia-completo-marca-Dahua-KITXVR1B08-I-2MP4CP-M.png\" alt=\" \" \/><\/div>\n<div class=\"col-md-7 text-md-left text-center\">\n<h2>Incluye<\/h2>\n<p class=\"text-muted\">\n<p>1 DVR\u00a0<strong>XVR1B08-I<\/strong><\/p>\n<p>4 C\u00e1maras Modelo\u00a0<strong>B1A21N<\/strong><\/p>\n<p>4 rollos de cable siam\u00e9s de 18 metros<\/p>\n<p>1 Fuente de Poder para las C\u00e1maras<\/p>\n<p>1 Divisor de Energ\u00eda<\/p>\n<\/div>\n<\/div>\n","protected":false},"excerpt":{"rendered":"<p>Informaci\u00f3n General XVR Cooper Series con SMD Plus para beneficiar a los clientes con actualizaci\u00f3n de AI. La serie est\u00e1 dise\u00f1ada para reducir las tasas de falsas alarmas y los costos de vigilancia, lo que brinda un gran valor a los clientes en busca de&hellip;<\/p>\n","protected":false},"featured_media":1023,"comment_status":"open","ping_status":"closed","template":"","meta":{"om_disable_all_campaigns":false,"_monsterinsights_skip_tracking":false,"_monsterinsights_sitenote_active":false,"_monsterinsights_sitenote_note":"","_monsterinsights_sitenote_category":0},"product_brand":[],"product_cat":[69],"product_tag":[42,38,66,67,68],"class_list":{"0":"post-1024","1":"product","2":"type-product","3":"status-publish","4":"has-post-thumbnail","6":"product_cat-kits-8-camaras","7":"product_tag-camaras","8":"product_tag-camaras-de-seguridad","9":"product_tag-dahua","10":"product_tag-kits","11":"product_tag-kits-de-camaras","13":"first","14":"instock","15":"sale","16":"taxable","17":"shipping-taxable","18":"purchasable","19":"product-type-simple"},"aioseo_notices":[],"_links":{"self":[{"href":"https:\/\/tecsecmty.com\/index.php\/wp-json\/wp\/v2\/product\/1024","targetHints":{"allow":["GET"]}}],"collection":[{"href":"https:\/\/tecsecmty.com\/index.php\/wp-json\/wp\/v2\/product"}],"about":[{"href":"https:\/\/tecsecmty.com\/index.php\/wp-json\/wp\/v2\/types\/product"}],"replies":[{"embeddable":true,"href":"https:\/\/tecsecmty.com\/index.php\/wp-json\/wp\/v2\/comments?post=1024"}],"version-history":[{"count":0,"href":"https:\/\/tecsecmty.com\/index.php\/wp-json\/wp\/v2\/product\/1024\/revisions"}],"wp:featuredmedia":[{"embeddable":true,"href":"https:\/\/tecsecmty.com\/index.php\/wp-json\/wp\/v2\/media\/1023"}],"wp:attachment":[{"href":"https:\/\/tecsecmty.com\/index.php\/wp-json\/wp\/v2\/media?parent=1024"}],"wp:term":[{"taxonomy":"product_brand","embeddable":true,"href":"https:\/\/tecsecmty.com\/index.php\/wp-json\/wp\/v2\/product_brand?post=1024"},{"taxonomy":"product_cat","embeddable":true,"href":"https:\/\/tecsecmty.com\/index.php\/wp-json\/wp\/v2\/product_cat?post=1024"},{"taxonomy":"product_tag","embeddable":true,"href":"https:\/\/tecsecmty.com\/index.php\/wp-json\/wp\/v2\/product_tag?post=1024"}],"curies":[{"name":"wp","href":"https:\/\/api.w.org\/{rel}","templated":true}]}}