{"id":1870,"date":"2023-02-22T17:53:50","date_gmt":"2023-02-22T23:53:50","guid":{"rendered":"https:\/\/tecsecmty.com\/index.php\/producto\/dahua-dh-ipc-hfw1430ds-saw-camara-ip-bullet-wifi-de-4-megapixeles-lente-de-2-8mm-90-grados-de-apertura-h-265-ir-de-30-metros-microfono-integrado-ranura-para-microsd-metalica-ip67-dwdr-vid\/"},"modified":"2023-03-22T23:22:24","modified_gmt":"2023-03-23T05:22:24","slug":"dahua-dh-ipc-hfw1430ds-saw-camara-ip-bullet-wifi-de-4-megapixeles-lente-de-2-8mm-90-grados-de-apertura-h-265-ir-de-30-metros-microfono-integrado-ranura-para-microsd-metalica-ip67-dwdr-videoanaliticos","status":"publish","type":"product","link":"https:\/\/tecsecmty.com\/index.php\/producto\/dahua-dh-ipc-hfw1430ds-saw-camara-ip-bullet-wifi-de-4-megapixeles-lente-de-2-8mm-90-grados-de-apertura-h-265-ir-de-30-metros-microfono-integrado-ranura-para-microsd-metalica-ip67-dwdr-videoanaliticos\/","title":{"rendered":"DAHUA DH-IPC-HFW1430DS-SAW &#8211; Camara IP Bullet Wifi de 4 Megapixeles\/ Lente de 2.8mm\/ 90 Grados de Apertura\/ H.265+\/ IR de 30 Metros\/ Microfono Integrado\/ Ranura para MicroSD\/ Metalica\/ IP67\/ DWDR\/ Videoanaliticos con SMD\/ LoNuevo"},"content":{"rendered":"<div class=\"row aling-items-center padding-bottom-2x\">\n<div class=\"col-lg-12\">\n<h5 class=\"card-title text-center\" style=\"text-align: center\">Informaci\u00f3n General<\/h5>\n<p style=\"text-align: center\">Con caracter\u00edsticas de instalaci\u00f3n simple, f\u00e1cil operaci\u00f3n y alta relaci\u00f3n rendimiento-costo, la c\u00e1mara de red de la serie Entry de Dahua es aplicable a escenas peque\u00f1as y medianas, como hogares\/residencias, tiendas minoristas peque\u00f1as y otras peque\u00f1as y medianas. empresas<\/p>\n<p><img decoding=\"async\" class=\"overview-center-img-web aligncenter\" src=\"https:\/\/tvc.mx\/media\/473100\/camara-IP-bullet-wifi-4-megapixeles-microfono-integrado-microSD-IPC-HFW1430DS-SAW-Dahua.png\" alt=\"\" \/><\/div>\n<\/div>\n<div class=\"row align-items-center padding-bottom-2x\" style=\"text-align: center\">\n<div class=\"col-md-5\"><img decoding=\"async\" class=\"d-block m-auto img-thumbnail\" src=\"https:\/\/tvc.mx\/media\/473102\/h.265plus-y-h.264plus-dahua.png\" alt=\" \" \/><\/div>\n<div class=\"col-md-7 text-md-left text-center\">\n<h2>Codificaci\u00f3n Inteligente<\/h2>\n<p class=\"text-muted\">\n<p>Con un algoritmo avanzado de control de velocidad adaptable a la escena, la tecnolog\u00eda de codificaci\u00f3n inteligente de Dahua logra una mayor eficiencia de codificaci\u00f3n que H.265 y H.264, proporciona video de alta calidad y reduce el costo de almacenamiento y transmisi\u00f3n.<\/p>\n<p>&nbsp;<\/p>\n<\/div>\n<\/div>\n<hr class=\"padding-bottom-2x\" \/>\n<div class=\"row align-items-center padding-bottom-2x\" style=\"text-align: center\">\n<div class=\"col-md-5 order-md-2\"><img decoding=\"async\" class=\"d-block m-auto img-thumbnail\" src=\"https:\/\/tvc.mx\/media\/473104\/deteccion-de-movimiento-dahua.png\" alt=\" \" \/><\/div>\n<div class=\"col-md-7 order-md-1 text-md-left text-center\">\n<h2>Detecci\u00f3n de movimiento<\/h2>\n<p class=\"text-muted\">\n<p>Cuando aparecen objetos en movimiento en la imagen de monitoreo, la tecnolog\u00eda de detecci\u00f3n de movimiento de Dahua activa la alarma o registra<\/p>\n<p>&nbsp;<\/p>\n<\/div>\n<\/div>\n<hr class=\"padding-bottom-2x\" \/>\n<div class=\"row align-items-center padding-bottom-2x\" style=\"text-align: center\">\n<div class=\"col-md-5\"><img decoding=\"async\" class=\"d-block m-auto img-thumbnail\" src=\"https:\/\/tvc.mx\/media\/473106\/Dia-noche-dahua.png\" alt=\" \" \/><\/div>\n<div class=\"col-md-7 text-md-left text-center\">\n<h2>D\u00eda \/ Noche<\/h2>\n<p class=\"text-muted\">\n<p>La funci\u00f3n D\u00eda\/Noche de Dahua proporciona una imagen en color cuando la iluminaci\u00f3n es adecuada; cuando la iluminaci\u00f3n es inadecuada, cambia al modo nocturno y proporciona una imagen en blanco y negro. Puede garantizar que la c\u00e1mara de red funcione normalmente cuando cambia la iluminaci\u00f3n.<\/p>\n<p>&nbsp;<\/p>\n<\/div>\n<\/div>\n<hr class=\"padding-bottom-2x\" \/>\n<div class=\"row align-items-center padding-bottom-2x\" style=\"text-align: center\">\n<div class=\"col-md-5 order-md-2\"><img decoding=\"async\" class=\"d-block m-auto img-thumbnail\" src=\"https:\/\/tvc.mx\/media\/473108\/IP67-dahua.png\" alt=\" \" \/><\/div>\n<div class=\"col-md-7 order-md-1 text-md-left text-center\">\n<h2>Protecci\u00f3n IP67<\/h2>\n<p class=\"text-muted\">\n<p>IP67: la c\u00e1mara pasa una serie de pruebas estrictas sobre polvo y remojo. Tiene una funci\u00f3n a prueba de polvo y la carcasa puede funcionar normalmente despu\u00e9s de sumergirse en agua a 1 m de profundidad durante 30 minutos.<\/p>\n<p>Amplio voltaje: la c\u00e1mara permite una tolerancia de voltaje de entrada de \u00b130 % (para algunas fuentes de alimentaci\u00f3n) (amplio rango de voltaje) y se aplica ampliamente en ambientes exteriores con voltaje inestable.<\/p>\n<p>&nbsp;<\/p>\n<\/div>\n<\/div>\n<hr class=\"padding-bottom-2x\" \/>\n<div class=\"row align-items-center padding-bottom-2x\" style=\"text-align: center\">\n<div class=\"col-md-5\"><img decoding=\"async\" class=\"d-block m-auto img-thumbnail\" src=\"https:\/\/tvc.mx\/media\/473110\/camara-IP-bullet-wifi-4-megapixeles-microfono-integrado-microSD-IPC-HFW1430DS-SAW-Dahua-caracteristicas.png\" alt=\" \" \/><\/div>\n<div class=\"col-md-7 text-md-left text-center\">\n<h2>Principales Caracter\u00edsticas<\/h2>\n<p class=\"text-muted\">\n<ul>\n<li>C\u00f3dec H.265, alta tasa de compresi\u00f3n, tasa de bits ultrabaja.<\/li>\n<li>LED IR incorporado.<\/li>\n<li>SMART H.264 +\/H.265+, codificaci\u00f3n flexible, aplicable a varios entornos de almacenamiento y ancho de banda.<\/li>\n<li>DWDR, 3D NR, BLC, marca de agua digital, aplicable a varias escenas de monitoreo.<\/li>\n<li>Detecci\u00f3n de anomal\u00edas: detecci\u00f3n de movimiento, manipulaci\u00f3n de video, detecci\u00f3n de audio, sin tarjeta SD, tarjeta SD llena, error de tarjeta SD, desconexi\u00f3n de red, conflicto de IP, acceso ilegal, SMD (humano).<\/li>\n<li>WiFi<\/li>\n<\/ul>\n<p>&nbsp;<\/p>\n<\/div>\n<\/div>\n<hr class=\"padding-bottom-2x\" \/>\n<div class=\"row align-items-center padding-bottom-2x\">\n<div class=\"col-md-5 order-md-2\" style=\"text-align: center\"><img decoding=\"async\" class=\"d-block m-auto img-thumbnail\" src=\"https:\/\/tvc.mx\/media\/473112\/camara-IP-bullet-wifi-4-megapixeles-microfono-integrado-microSD-IPC-HFW1430DS-SAW-Dahua-especificaciones.png\" alt=\" \" \/><\/div>\n<div class=\"col-md-7 order-md-1 text-md-left text-center\">\n<h2 style=\"text-align: center\">Especificaciones<\/h2>\n<p class=\"text-muted\" style=\"text-align: center\">\n<ul>\n<li style=\"text-align: center\">CMOS de 1\/3&#8243;<\/li>\n<li style=\"text-align: center\">Distancia de iluminaci\u00f3n 30 m<\/li>\n<li style=\"text-align: center\">Lente fijo 2.8mm<\/li>\n<li style=\"text-align: center\">\u00c1ngulo de visi\u00f3n 107\u00b0<\/li>\n<li style=\"text-align: center\">Compresi\u00f3n de video H.264B; H.264; H.264H; H.265<\/li>\n<li style=\"text-align: center\">C\u00f3dec inteligente Inteligente H.265+; Inteligente H.264+<\/li>\n<li style=\"text-align: center\">D\u00eda\/Noche Autom\u00e1tico (ICR)\/Color\/B\/N<\/li>\n<li style=\"text-align: center\">DWDR<\/li>\n<li style=\"text-align: center\">Reducci\u00f3n de ruido NR 3D<\/li>\n<li style=\"text-align: center\">Alcance inal\u00e1mbrico: 80 m<\/li>\n<li style=\"text-align: center\">Fuente de alimentaci\u00f3n 12 VCC<\/li>\n<li style=\"text-align: center\">Protecci\u00f3n IP67<\/li>\n<li style=\"text-align: center\">Carcasa: Metal<\/li>\n<\/ul>\n<\/div>\n<\/div>\n","protected":false},"excerpt":{"rendered":"<p>Informaci\u00f3n General Con caracter\u00edsticas de instalaci\u00f3n simple, f\u00e1cil operaci\u00f3n y alta relaci\u00f3n rendimiento-costo, la c\u00e1mara de red de la serie Entry de Dahua es aplicable a escenas peque\u00f1as y medianas, como hogares\/residencias, tiendas minoristas peque\u00f1as y otras peque\u00f1as y medianas. empresas Codificaci\u00f3n Inteligente Con un&hellip;<\/p>\n","protected":false},"featured_media":1869,"comment_status":"open","ping_status":"closed","template":"","meta":{"om_disable_all_campaigns":false,"_monsterinsights_skip_tracking":false,"_monsterinsights_sitenote_active":false,"_monsterinsights_sitenote_note":"","_monsterinsights_sitenote_category":0},"product_brand":[],"product_cat":[110],"product_tag":[112,111,42,38,66],"class_list":{"0":"post-1870","1":"product","2":"type-product","3":"status-publish","4":"has-post-thumbnail","6":"product_cat-bullet","7":"product_tag-bala","8":"product_tag-bullet","9":"product_tag-camaras","10":"product_tag-camaras-de-seguridad","11":"product_tag-dahua","13":"first","14":"instock","15":"sale","16":"taxable","17":"shipping-taxable","18":"purchasable","19":"product-type-simple"},"aioseo_notices":[],"_links":{"self":[{"href":"https:\/\/tecsecmty.com\/index.php\/wp-json\/wp\/v2\/product\/1870","targetHints":{"allow":["GET"]}}],"collection":[{"href":"https:\/\/tecsecmty.com\/index.php\/wp-json\/wp\/v2\/product"}],"about":[{"href":"https:\/\/tecsecmty.com\/index.php\/wp-json\/wp\/v2\/types\/product"}],"replies":[{"embeddable":true,"href":"https:\/\/tecsecmty.com\/index.php\/wp-json\/wp\/v2\/comments?post=1870"}],"version-history":[{"count":2,"href":"https:\/\/tecsecmty.com\/index.php\/wp-json\/wp\/v2\/product\/1870\/revisions"}],"predecessor-version":[{"id":2357,"href":"https:\/\/tecsecmty.com\/index.php\/wp-json\/wp\/v2\/product\/1870\/revisions\/2357"}],"wp:featuredmedia":[{"embeddable":true,"href":"https:\/\/tecsecmty.com\/index.php\/wp-json\/wp\/v2\/media\/1869"}],"wp:attachment":[{"href":"https:\/\/tecsecmty.com\/index.php\/wp-json\/wp\/v2\/media?parent=1870"}],"wp:term":[{"taxonomy":"product_brand","embeddable":true,"href":"https:\/\/tecsecmty.com\/index.php\/wp-json\/wp\/v2\/product_brand?post=1870"},{"taxonomy":"product_cat","embeddable":true,"href":"https:\/\/tecsecmty.com\/index.php\/wp-json\/wp\/v2\/product_cat?post=1870"},{"taxonomy":"product_tag","embeddable":true,"href":"https:\/\/tecsecmty.com\/index.php\/wp-json\/wp\/v2\/product_tag?post=1870"}],"curies":[{"name":"wp","href":"https:\/\/api.w.org\/{rel}","templated":true}]}}