{"id":1872,"date":"2023-02-22T17:53:53","date_gmt":"2023-02-22T23:53:53","guid":{"rendered":"https:\/\/tecsecmty.com\/index.php\/producto\/dahua-dh-ipc-hfw1431s1-s4-camara-ip-bullet-de-4-megapixeles-h-265-lente-de-2-8mm-93-grados-de-apertura-ir-de-30-metros-30-fps-wdr-ip67\/"},"modified":"2023-03-22T23:22:24","modified_gmt":"2023-03-23T05:22:24","slug":"dahua-dh-ipc-hfw1431s1-s4-camara-ip-bullet-de-4-megapixeles-h-265-lente-de-2-8mm-93-grados-de-apertura-ir-de-30-metros-30-fps-wdr-ip67","status":"publish","type":"product","link":"https:\/\/tecsecmty.com\/index.php\/producto\/dahua-dh-ipc-hfw1431s1-s4-camara-ip-bullet-de-4-megapixeles-h-265-lente-de-2-8mm-93-grados-de-apertura-ir-de-30-metros-30-fps-wdr-ip67\/","title":{"rendered":"DAHUA DH-IPC-HFW1431S1-S4 &#8211; C\u00e1mara IP Bullet de 4 Megapixeles\/ H.265+\/ Lente de 2.8mm\/ 93 Grados de Apertura\/ IR de 30 Metros\/ 30 FPS\/ WDR\/ IP67\/"},"content":{"rendered":"<div class=\"row aling-items-center padding-bottom-2x\">\n<div class=\"col-lg-12\">\n<h5 class=\"card-title text-center\" style=\"text-align: center\">Informaci\u00f3n General<\/h5>\n<p style=\"text-align: center\">La c\u00e1mara modelo\u00a0<strong>HFW1431S1-S4\u00a0<\/strong>es una c\u00e1mara bullet de\u00a0<strong>4MP<\/strong>, con la cual podemos apreciar una imagen con mayor nitidez, brillo y claridad . Este modelo incorpora un<strong>\u00a0lente de 2.8 mm<\/strong>\u00a0dando un \u00e1ngulo de visi\u00f3n de\u00a0<strong>93\u00b0<\/strong>,nuestra c\u00e1mara es aplicable a peque\u00f1os y escenas de tama\u00f1o mediano, como casas \/ residencias, tiendas minoristas peque\u00f1as tiendas y otras peque\u00f1as adem\u00e1s de medianas empresas.<\/p>\n<p><img decoding=\"async\" class=\"overview-center-img-web aligncenter\" src=\"https:\/\/tvc.mx\/media\/413179\/Camara-IP-4MP-HFW1431S1-S4-lente2.8-ip67.png\" alt=\"\" \/><\/div>\n<\/div>\n<div class=\"row align-items-center padding-bottom-2x\" style=\"text-align: center\">\n<div class=\"col-md-5 order-md-2\"><img decoding=\"async\" class=\"d-block m-auto img-thumbnail\" src=\"https:\/\/tvc.mx\/media\/413183\/codificacion-h.265-dahua.png\" alt=\" \" \/><\/div>\n<div class=\"col-md-7 order-md-1 text-md-left text-center\">\n<h2>Compresi\u00f3n H.265+<\/h2>\n<p class=\"text-muted\">\n<p>La c\u00e1mara trabaja con el c\u00f3dec\u00a0<strong>Smart H.265 +<\/strong>, proporcionando un gran ahorro de ancho de banda y almacenamiento sobre el est\u00e1ndar H.264.Esta tecnolog\u00eda toma una imagen de un entorno estable, lo utiliza como marco de fondo y se centra s\u00f3lo en los objetos en movimiento. Cuando hay una interrupci\u00f3n en el \u00e1rea de vigilancia, H265 + toma la imagen del objeto en movimiento y lo utiliza como marco de referencia. Si el objeto sigue movi\u00e9ndose, el sistema s\u00f3lo agrega datos de objetos en movimiento.<\/p>\n<p>&nbsp;<\/p>\n<\/div>\n<\/div>\n<hr class=\"padding-bottom-2x\" \/>\n<div class=\"row align-items-center padding-bottom-2x\" style=\"text-align: center\">\n<div class=\"col-md-5\"><img decoding=\"async\" class=\"d-block m-auto img-thumbnail\" src=\"https:\/\/tvc.mx\/media\/413187\/WDR-Dahua.png\" alt=\" \" \/><\/div>\n<div class=\"col-md-7 text-md-left text-center\">\n<h2>WDR 120 dB<\/h2>\n<p class=\"text-muted\">\n<p>La c\u00e1mara\u00a0logra obtener im\u00e1genes n\u00edtidas\u00a0en escenarios donde hay variaci\u00f3n\u00a0en las condiciones de iluminaci\u00f3n ya sea\u00a0baja y\/o brillante,la funci\u00f3n\u00a0<strong>WDR<\/strong><strong>120dB<\/strong>\u00a0se encarga de medir, compensar y ajustar la luz en la imagen\u00a0captada para despu\u00e9s\u00a0combinar los espacios de luces brillantes con los espacios de sombras, creando\u00a0un equilibrio en la imagen final.<\/p>\n<p>&nbsp;<\/p>\n<\/div>\n<\/div>\n<hr class=\"padding-bottom-2x\" \/>\n<div class=\"row align-items-center padding-bottom-2x\" style=\"text-align: center\">\n<div class=\"col-md-5 order-md-2\"><img decoding=\"async\" class=\"d-block m-auto img-thumbnail\" src=\"https:\/\/tvc.mx\/media\/413191\/PoE-Inteligente-Dahua.png\" alt=\" \" \/><\/div>\n<div class=\"col-md-7 order-md-1 text-md-left text-center\">\n<h2>Alimentaci\u00f3n PoE<\/h2>\n<p class=\"text-muted\">\n<p>La c\u00e1mara\u00a0<strong>HFW1431S1-S4<\/strong>\u00a0puede ser alimentada a trav\u00e9s de Ethernet (PoE) mediante la norma IEEE 802.3af, con esto se simplifica y abarata la creaci\u00f3n de un suministro el\u00e9ctrico altamente robusto para el CCTV IP.<\/p>\n<p>&nbsp;<\/p>\n<\/div>\n<\/div>\n<hr class=\"padding-bottom-2x\" \/>\n<div class=\"row align-items-center padding-bottom-2x\" style=\"text-align: center\">\n<div class=\"col-md-5\"><img decoding=\"async\" class=\"d-block m-auto img-thumbnail\" src=\"https:\/\/tvc.mx\/media\/413195\/Monitoreo-Remoto-App-y-Software--dahua.png\" alt=\" \" \/><\/div>\n<div class=\"col-md-7 text-md-left text-center\">\n<h2>Monitoreo Remoto App y Software<\/h2>\n<p class=\"text-muted\">\n<p>Con las aplicaciones de Dahua puede monitorear nuestra c\u00e1mara de manera f\u00e1cil y sencilla por medio del servicio P2P, simplemente ingresa el c\u00f3digo QR y listo!.<\/p>\n<p>&nbsp;<\/p>\n<\/div>\n<\/div>\n<hr class=\"padding-bottom-2x\" \/>\n<div class=\"row align-items-center padding-bottom-2x\" style=\"text-align: center\">\n<div class=\"col-md-5 order-md-2\"><img decoding=\"async\" class=\"d-block m-auto img-thumbnail\" src=\"https:\/\/tvc.mx\/media\/413199\/Camara-IP-4MP-HFW1431S1-S4-lente2.8-ip67-caracteristicas.png\" alt=\" \" \/><\/div>\n<div class=\"col-md-7 order-md-1 text-md-left text-center\">\n<h2>Principales Caracter\u00edsticas<\/h2>\n<p class=\"text-muted\">\n<ul>\n<li>Sensor de imagen CMOS de 4MP, 1\/3 \u201d<\/li>\n<li>Produce 4MP (2560 \u00d7 1440) a 25\/30 fps y admite m\u00e1x. 4MP (2688 \u00d7 1520) a 20 fps<\/li>\n<li>C\u00f3dec H.265<\/li>\n<li>LED IR incorporado<\/li>\n<li>ROI, SMART H.264 \/ H.265<\/li>\n<li>Cambio de imagen, WDR, 3D DNR, HLC, BLC, marca de agua digital, aplicable a varias escenas de monitoreo<\/li>\n<li>Detecci\u00f3n de anomal\u00edas: detecci\u00f3n de movimiento, manipulaci\u00f3n de video, desconexi\u00f3n de red, conflicto de IP, acceso ilegal, detecci\u00f3n de voltaje<\/li>\n<li>IP67, protecci\u00f3n<\/li>\n<\/ul>\n<p>&nbsp;<\/p>\n<\/div>\n<\/div>\n<hr class=\"padding-bottom-2x\" \/>\n<div class=\"row align-items-center padding-bottom-2x\">\n<div class=\"col-md-5\" style=\"text-align: center\"><img decoding=\"async\" class=\"d-block m-auto img-thumbnail\" src=\"https:\/\/tvc.mx\/media\/413203\/Camara-IP-4MP-HFW1431S1-S4-lente2.8-ip67-especificaciones.png\" alt=\" \" \/><\/div>\n<div class=\"col-md-7 text-md-left text-center\">\n<h2 style=\"text-align: center\">Especificaciones<\/h2>\n<p class=\"text-muted\" style=\"text-align: center\">\n<ul>\n<li style=\"text-align: center\">CMOS progresivo de 1\/3 \u201dy 4 megap\u00edxeles<\/li>\n<li style=\"text-align: center\">Distancia IR: 30m<\/li>\n<li style=\"text-align: center\">Lente fijo 2.8mm<\/li>\n<li style=\"text-align: center\">Campo de visi\u00f3n: Horizontal: 93\u00b0 Vertical: 53\u00b0 Diagonal: 111\u00b0<\/li>\n<li style=\"text-align: center\">Compresi\u00f3n de video: H.265; H.264; H.264B; MJPEG<\/li>\n<li style=\"text-align: center\">BLC \/ HLC<\/li>\n<li style=\"text-align: center\">WDR real 120dB<\/li>\n<li style=\"text-align: center\">Reducci\u00f3n de ruido: DNR 3D<\/li>\n<li style=\"text-align: center\">Fuente de alimentaci\u00f3n: 12V CC \/ POE (802.3af)<\/li>\n<li style=\"text-align: center\">Protecci\u00f3n de ingreso: IP67<\/li>\n<li style=\"text-align: center\">Carcasa: Metal + Pl\u00e1stico<\/li>\n<\/ul>\n<\/div>\n<\/div>\n","protected":false},"excerpt":{"rendered":"<p>Informaci\u00f3n General La c\u00e1mara modelo\u00a0HFW1431S1-S4\u00a0es una c\u00e1mara bullet de\u00a04MP, con la cual podemos apreciar una imagen con mayor nitidez, brillo y claridad . Este modelo incorpora un\u00a0lente de 2.8 mm\u00a0dando un \u00e1ngulo de visi\u00f3n de\u00a093\u00b0,nuestra c\u00e1mara es aplicable a peque\u00f1os y escenas de tama\u00f1o mediano,&hellip;<\/p>\n","protected":false},"featured_media":1871,"comment_status":"open","ping_status":"closed","template":"","meta":{"om_disable_all_campaigns":false,"_monsterinsights_skip_tracking":false,"_monsterinsights_sitenote_active":false,"_monsterinsights_sitenote_note":"","_monsterinsights_sitenote_category":0},"product_brand":[],"product_cat":[110],"product_tag":[112,111,42,38,66],"class_list":{"0":"post-1872","1":"product","2":"type-product","3":"status-publish","4":"has-post-thumbnail","6":"product_cat-bullet","7":"product_tag-bala","8":"product_tag-bullet","9":"product_tag-camaras","10":"product_tag-camaras-de-seguridad","11":"product_tag-dahua","13":"first","14":"instock","15":"sale","16":"taxable","17":"shipping-taxable","18":"purchasable","19":"product-type-simple"},"aioseo_notices":[],"_links":{"self":[{"href":"https:\/\/tecsecmty.com\/index.php\/wp-json\/wp\/v2\/product\/1872","targetHints":{"allow":["GET"]}}],"collection":[{"href":"https:\/\/tecsecmty.com\/index.php\/wp-json\/wp\/v2\/product"}],"about":[{"href":"https:\/\/tecsecmty.com\/index.php\/wp-json\/wp\/v2\/types\/product"}],"replies":[{"embeddable":true,"href":"https:\/\/tecsecmty.com\/index.php\/wp-json\/wp\/v2\/comments?post=1872"}],"version-history":[{"count":2,"href":"https:\/\/tecsecmty.com\/index.php\/wp-json\/wp\/v2\/product\/1872\/revisions"}],"predecessor-version":[{"id":2359,"href":"https:\/\/tecsecmty.com\/index.php\/wp-json\/wp\/v2\/product\/1872\/revisions\/2359"}],"wp:featuredmedia":[{"embeddable":true,"href":"https:\/\/tecsecmty.com\/index.php\/wp-json\/wp\/v2\/media\/1871"}],"wp:attachment":[{"href":"https:\/\/tecsecmty.com\/index.php\/wp-json\/wp\/v2\/media?parent=1872"}],"wp:term":[{"taxonomy":"product_brand","embeddable":true,"href":"https:\/\/tecsecmty.com\/index.php\/wp-json\/wp\/v2\/product_brand?post=1872"},{"taxonomy":"product_cat","embeddable":true,"href":"https:\/\/tecsecmty.com\/index.php\/wp-json\/wp\/v2\/product_cat?post=1872"},{"taxonomy":"product_tag","embeddable":true,"href":"https:\/\/tecsecmty.com\/index.php\/wp-json\/wp\/v2\/product_tag?post=1872"}],"curies":[{"name":"wp","href":"https:\/\/api.w.org\/{rel}","templated":true}]}}