{"id":1874,"date":"2023-02-22T17:53:55","date_gmt":"2023-02-22T23:53:55","guid":{"rendered":"https:\/\/tecsecmty.com\/index.php\/producto\/dahua-dh-ipc-hfw2241s-s-camara-ip-bullet-de-2-megapixeles-lente-de-2-8-mm-wizsense-107-grados-de-apertura-ir-de-30-metros-smd-plus-microfono-integrado-poe-ranura-para-microsd-ip67-wdr-real\/"},"modified":"2023-03-22T23:22:24","modified_gmt":"2023-03-23T05:22:24","slug":"dahua-dh-ipc-hfw2241s-s-camara-ip-bullet-de-2-megapixeles-lente-de-2-8-mm-wizsense-107-grados-de-apertura-ir-de-30-metros-smd-plus-microfono-integrado-poe-ranura-para-microsd-ip67-wdr-real-de-120-db","status":"publish","type":"product","link":"https:\/\/tecsecmty.com\/index.php\/producto\/dahua-dh-ipc-hfw2241s-s-camara-ip-bullet-de-2-megapixeles-lente-de-2-8-mm-wizsense-107-grados-de-apertura-ir-de-30-metros-smd-plus-microfono-integrado-poe-ranura-para-microsd-ip67-wdr-real-de-120-db\/","title":{"rendered":"DAHUA DH-IPC-HFW2241S-S &#8211; Camara IP Bullet de 2 Megapixeles\/ Lente de 2.8 mm\/ WizSense\/ 107 Grados de Apertura\/ IR de 30 Metros\/ SMD Plus\/ Microfono Integrado\/ PoE\/ Ranura para MicroSD\/ IP67\/ WDR Real de 120 dB\/ LoNuevo"},"content":{"rendered":"<div class=\"row aling-items-center padding-bottom-2x\">\n<div class=\"col-lg-12\">\n<h5 class=\"card-title text-center\" style=\"text-align: center\">Informaci\u00f3n general<\/h5>\n<h5 class=\"ql-align-justify\" style=\"text-align: center\">Con un algoritmo avanzado de aprendizaje profundo, la c\u00e1mara de red de la serie Dahua WizSense 2 admite funciones inteligentes, como protecci\u00f3n perimetral y detecci\u00f3n de movimiento inteligente. Con la tecnolog\u00eda Starlight, esta c\u00e1mara de la serie proporciona un mejor efecto de imagen en condiciones de baja iluminaci\u00f3n.<\/h5>\n<p><img decoding=\"async\" class=\"overview-center-img-web aligncenter\" src=\"https:\/\/tvc.mx\/media\/629142\/DAHUA-DH-IPC-HFW2241S-S---Camara-IP-Bullet-2-Megapixeles-Lente-2.8-mm-WizSense-banner-principal.png\" alt=\"\" \/><\/div>\n<\/div>\n<div class=\"row align-items-center padding-bottom-2x\" style=\"text-align: center\">\n<div class=\"col-md-5\"><img decoding=\"async\" class=\"d-block m-auto img-thumbnail\" src=\"https:\/\/tvc.mx\/media\/629154\/SMD-plus-Dahua.png\" alt=\" \" \/><\/div>\n<div class=\"col-md-7 text-md-left text-center\">\n<h2>SMD m\u00e1s<\/h2>\n<p class=\"text-muted\">\n<h5 class=\"ql-align-justify\">Con un algoritmo inteligente, la tecnolog\u00eda de detecci\u00f3n de movimiento inteligente de Dahua puede categorizar los objetivos que activan la detecci\u00f3n de movimiento y filtrar la alarma de detecci\u00f3n de movimiento activada por objetivos no afectados para generar una alarma efectiva y precisa.<\/h5>\n<p>&nbsp;<\/p>\n<\/div>\n<\/div>\n<hr class=\"padding-bottom-2x\" \/>\n<div class=\"row align-items-center padding-bottom-2x\" style=\"text-align: center\">\n<div class=\"col-md-5 order-md-2\"><img decoding=\"async\" class=\"d-block m-auto img-thumbnail\" src=\"https:\/\/tvc.mx\/media\/629162\/WDR-Dahua.png\" alt=\" \" \/><\/div>\n<div class=\"col-md-7 order-md-1 text-md-left text-center\">\n<h2>WDR<\/h2>\n<p class=\"text-muted\">\n<h5 class=\"ql-align-justify\">Con la tecnolog\u00eda avanzada de amplio rango din\u00e1mico (WDR), la c\u00e1mara de red Dahua proporciona detalles claros en un entorno de fuerte contraste de brillo. El \u00e1rea brillante y oscura puede obtener un video claro incluso en entornos de alto brillo o con sombra de luz de fondo.<\/h5>\n<p>&nbsp;<\/p>\n<\/div>\n<\/div>\n<hr class=\"padding-bottom-2x\" \/>\n<div class=\"row align-items-center padding-bottom-2x\" style=\"text-align: center\">\n<div class=\"col-md-5\"><img decoding=\"async\" class=\"d-block m-auto img-thumbnail\" src=\"https:\/\/tvc.mx\/media\/629210\/proteccion-perimetral-dahua.png\" alt=\" \" \/><\/div>\n<div class=\"col-md-7 text-md-left text-center\">\n<h2>Protecci\u00f3n Perimetral<\/h2>\n<p class=\"text-muted\">\n<h5 class=\"ql-align-justify\">Con un algoritmo de aprendizaje profundo, la tecnolog\u00eda de protecci\u00f3n perimetral de Dahua puede reconocer a humanos y veh\u00edculos con precisi\u00f3n. En \u00e1reas restringidas (como \u00e1reas para peatones y veh\u00edculos), las falsas alarmas de detecci\u00f3n inteligente basadas en el tipo de objetivo (como cable trampa, intrusi\u00f3n) se reducen en gran medida.<\/h5>\n<p>&nbsp;<\/p>\n<\/div>\n<\/div>\n<hr class=\"padding-bottom-2x\" \/>\n<div class=\"row align-items-center padding-bottom-2x\" style=\"text-align: center\">\n<div class=\"col-md-5 order-md-2\"><img decoding=\"async\" class=\"d-block m-auto img-thumbnail\" src=\"https:\/\/tvc.mx\/media\/629214\/IP67-dahua.png\" alt=\" \" \/><\/div>\n<div class=\"col-md-7 order-md-1 text-md-left text-center\">\n<h2>Protecci\u00f3n (IP67, amplio voltaje)<\/h2>\n<p class=\"text-muted\">\n<h5 class=\"ql-align-justify\">IP67: la c\u00e1mara pasa una serie de pruebas estrictas sobre polvo y remojo. Tiene una funci\u00f3n a prueba de polvo y la carcasa puede funcionar normalmente despu\u00e9s de sumergirse en agua a 1m de profundidad durante 30 minutos. Amplio voltaje: la c\u00e1mara permite una tolerancia de voltaje de entrada de \u00b130 % (para algunas fuentes de alimentaci\u00f3n) (amplio rango de voltaje) y se aplica ampliamente en ambientes exteriores con voltaje inestable.<\/h5>\n<p>&nbsp;<\/p>\n<\/div>\n<\/div>\n<hr class=\"padding-bottom-2x\" \/>\n<div class=\"row align-items-center padding-bottom-2x\" style=\"text-align: center\">\n<div class=\"col-md-5\"><img decoding=\"async\" class=\"d-block m-auto img-thumbnail\" src=\"https:\/\/tvc.mx\/media\/629262\/DAHUA-DH-IPC-HFW2241S-S---Camara-IP-Bullet-2-Megapixeles-Lente-2.8-mm-WizSense-caracteristicas-principales.png\" alt=\" \" \/><\/div>\n<div class=\"col-md-7 text-md-left text-center\">\n<h2>Caracteristicas principales<\/h2>\n<p class=\"text-muted\">\n<h5><strong>\u00b7\u00a0<\/strong>Modo de rotaci\u00f3n, WDR, 3D NR, HLC, BLC, marca de agua digital, aplicable a<\/h5>\n<h5 class=\"ql-align-justify\">varias escenas de monitoreo.<\/h5>\n<h5><strong>\u00b7\u00a0<\/strong>Monitoreo inteligente: intrusi\u00f3n, cable trampa (las dos funciones admiten la<\/h5>\n<h5>clasificaci\u00f3n y detecci\u00f3n precisa de veh\u00edculos y humanos)<\/h5>\n<h5><strong>\u00b7\u00a0<\/strong>Soporta m\u00e1x. Tarjeta Micro SD de 256G; Micr\u00f3fono integrado.<\/h5>\n<h5><strong>\u00b7\u00a0<\/strong>Fuente de alimentaci\u00f3n de 12 V CC\/PoE.<\/h5>\n<h5><strong>\u00b7\u00a0<\/strong>Protecci\u00f3n IP67.<\/h5>\n<h5><strong>\u00b7\u00a0<\/strong>SMD Plus<\/h5>\n<p>&nbsp;<\/p>\n<\/div>\n<\/div>\n<hr class=\"padding-bottom-2x\" \/>\n<div class=\"row align-items-center padding-bottom-2x\">\n<div class=\"col-md-5 order-md-2\" style=\"text-align: center\"><img decoding=\"async\" class=\"d-block m-auto img-thumbnail\" src=\"https:\/\/tvc.mx\/media\/629282\/DAHUA-DH-IPC-HFW2241S-S---Camara-IP-Bullet-2-Megapixeles-Lente-2.8-mm-WizSense-Especificaciones-tecnicas.png\" alt=\" \" \/><\/div>\n<div class=\"col-md-7 order-md-1 text-md-left text-center\">\n<h2 style=\"text-align: center\">Especificaciones T\u00e9cnicas<\/h2>\n<p class=\"text-muted\" style=\"text-align: center\">\n<h5 class=\"ql-align-justify\" style=\"text-align: center\"><strong>\u00b7\u00a0<\/strong>Sensor de imagen CMOS de 2 MP 1\/2,8&#8243;, baja luminancia e imagen de alta definici\u00f3n.<\/h5>\n<h5 class=\"ql-align-justify\" style=\"text-align: center\"><\/h5>\n<h5 class=\"ql-align-justify\" style=\"text-align: center\"><strong>\u00b7\u00a0<\/strong>Salidas m\u00e1x. 2 MP (1920 \u00d7 1080) a 25\/30 fps.<\/h5>\n<h5 class=\"ql-align-justify\" style=\"text-align: center\"><\/h5>\n<h5 class=\"ql-align-justify\" style=\"text-align: center\"><strong>\u00b7\u00a0<\/strong>C\u00f3dec H.265, alta tasa de compresi\u00f3n, tasa de bits ultrabaja.<\/h5>\n<h5 class=\"ql-align-justify\" style=\"text-align: center\"><\/h5>\n<h5 class=\"ql-align-justify\" style=\"text-align: center\"><strong>\u00b7\u00a0<\/strong>LED IR incorporado y el m\u00e1x. la distancia de iluminaci\u00f3n es de 30 m.<\/h5>\n<h5 class=\"ql-align-justify\" style=\"text-align: center\"><\/h5>\n<h5 class=\"ql-align-justify\" style=\"text-align: center\"><strong>\u00b7\u00a0<\/strong>ROI, SMART H.264 +\/H.265+, codificaci\u00f3n flexible, aplicable a varios entornos de almacenamiento y ancho de banda.<\/h5>\n<h5 class=\"ql-align-justify\" style=\"text-align: center\"><\/h5>\n<h5 class=\"ql-align-justify\" style=\"text-align: center\"><strong>\u00b7\u00a0<\/strong>Modo de rotaci\u00f3n, WDR, 3D NR, HLC, BLC, marca de agua digital, aplicable a varias escenas de monitoreo.<\/h5>\n<\/div>\n<\/div>\n","protected":false},"excerpt":{"rendered":"<p>Informaci\u00f3n general Con un algoritmo avanzado de aprendizaje profundo, la c\u00e1mara de red de la serie Dahua WizSense 2 admite funciones inteligentes, como protecci\u00f3n perimetral y detecci\u00f3n de movimiento inteligente. Con la tecnolog\u00eda Starlight, esta c\u00e1mara de la serie proporciona un mejor efecto de imagen&hellip;<\/p>\n","protected":false},"featured_media":1873,"comment_status":"open","ping_status":"closed","template":"","meta":{"om_disable_all_campaigns":false,"_monsterinsights_skip_tracking":false,"_monsterinsights_sitenote_active":false,"_monsterinsights_sitenote_note":"","_monsterinsights_sitenote_category":0},"product_brand":[],"product_cat":[110],"product_tag":[112,111,42,38,66],"class_list":{"0":"post-1874","1":"product","2":"type-product","3":"status-publish","4":"has-post-thumbnail","6":"product_cat-bullet","7":"product_tag-bala","8":"product_tag-bullet","9":"product_tag-camaras","10":"product_tag-camaras-de-seguridad","11":"product_tag-dahua","13":"first","14":"instock","15":"sale","16":"taxable","17":"shipping-taxable","18":"purchasable","19":"product-type-simple"},"aioseo_notices":[],"_links":{"self":[{"href":"https:\/\/tecsecmty.com\/index.php\/wp-json\/wp\/v2\/product\/1874","targetHints":{"allow":["GET"]}}],"collection":[{"href":"https:\/\/tecsecmty.com\/index.php\/wp-json\/wp\/v2\/product"}],"about":[{"href":"https:\/\/tecsecmty.com\/index.php\/wp-json\/wp\/v2\/types\/product"}],"replies":[{"embeddable":true,"href":"https:\/\/tecsecmty.com\/index.php\/wp-json\/wp\/v2\/comments?post=1874"}],"version-history":[{"count":2,"href":"https:\/\/tecsecmty.com\/index.php\/wp-json\/wp\/v2\/product\/1874\/revisions"}],"predecessor-version":[{"id":2361,"href":"https:\/\/tecsecmty.com\/index.php\/wp-json\/wp\/v2\/product\/1874\/revisions\/2361"}],"wp:featuredmedia":[{"embeddable":true,"href":"https:\/\/tecsecmty.com\/index.php\/wp-json\/wp\/v2\/media\/1873"}],"wp:attachment":[{"href":"https:\/\/tecsecmty.com\/index.php\/wp-json\/wp\/v2\/media?parent=1874"}],"wp:term":[{"taxonomy":"product_brand","embeddable":true,"href":"https:\/\/tecsecmty.com\/index.php\/wp-json\/wp\/v2\/product_brand?post=1874"},{"taxonomy":"product_cat","embeddable":true,"href":"https:\/\/tecsecmty.com\/index.php\/wp-json\/wp\/v2\/product_cat?post=1874"},{"taxonomy":"product_tag","embeddable":true,"href":"https:\/\/tecsecmty.com\/index.php\/wp-json\/wp\/v2\/product_tag?post=1874"}],"curies":[{"name":"wp","href":"https:\/\/api.w.org\/{rel}","templated":true}]}}