{"id":1876,"date":"2023-02-22T17:53:56","date_gmt":"2023-02-22T23:53:56","guid":{"rendered":"https:\/\/tecsecmty.com\/index.php\/producto\/dahua-dh-ipc-hfw2431dg-4g-sp-la-b-camara-ip-bullet-4g-con-panel-solar-y-bateria-4mp-disuasion-activa-ir-50-m-luz-calida-30-m-ranura-para-tarjeta-micro-sd-audio-bidireccional-starlight-h-26\/"},"modified":"2023-03-22T23:22:24","modified_gmt":"2023-03-23T05:22:24","slug":"dahua-dh-ipc-hfw2431dg-4g-sp-la-b-camara-ip-bullet-4g-con-panel-solar-y-bateria-4mp-disuasion-activa-ir-50-m-luz-calida-30-m-ranura-para-tarjeta-micro-sd-audio-bidireccional-starlight-h-26","status":"publish","type":"product","link":"https:\/\/tecsecmty.com\/index.php\/producto\/dahua-dh-ipc-hfw2431dg-4g-sp-la-b-camara-ip-bullet-4g-con-panel-solar-y-bateria-4mp-disuasion-activa-ir-50-m-luz-calida-30-m-ranura-para-tarjeta-micro-sd-audio-bidireccional-starlight-h-26\/","title":{"rendered":"DAHUA DH-IPC-HFW2431DG-4G-SP-LA-B &#8211; C\u00e1mara IP Bullet 4G con Panel Solar y Bater\u00eda\/ 4MP \/ Disuasi\u00f3n Activa\/ IR: 50 m\/ Luz c\u00e1lida 30 m\/ Ranura para Tarjeta Micro SD\/ Audio bidireccional\/ Starlight\/ H.265\/ IP67\/#IASMD"},"content":{"rendered":"<div class=\"row aling-items-center padding-bottom-2x\">\n<div class=\"col-lg-12\">\n<h5 class=\"card-title text-center\">Informaci\u00f3n General<\/h5>\n<h5 class=\"ql-align-justify\">IPC-HFW2431DG-4G-SP-LA-B es una c\u00e1mara IP Bullet de energ\u00eda solar de 4MP IR con lente fija, la cual cuenta con un m\u00f3dulo 4G integrado de alto rendimiento que se adapta a las redes m\u00f3viles. La instalaci\u00f3n ya no esta limitada a redes cableadas. Admite el uso de energ\u00eda solar, por lo que es ideal para usar en lugares que tienen exposici\u00f3n a la luz solar. De trabajo aut\u00f3nomo con panel solar y bater\u00eda integrados, el ciclo de vida de la bater\u00eda puede durar hasta 10 d\u00edas a raz\u00f3n de 1 hora de visualizaci\u00f3n remota en vivo por d\u00eda.<\/h5>\n<p><img decoding=\"async\" class=\"overview-center-img-web\" src=\"https:\/\/tvc.mx\/media\/517799\/Camara_IP_Bullet_4G_Panel_Solar_Dahua_DH-IPC-HFW2431DG-4G-SP-LA-B_Over_Ppal.png\" alt=\"\" \/><\/div>\n<\/div>\n<div class=\"row align-items-center padding-bottom-2x\">\n<div class=\"col-md-5\"><img decoding=\"async\" class=\"d-block m-auto img-thumbnail\" src=\"https:\/\/tvc.mx\/media\/603571\/IP67-dahua.png\" alt=\" IP67\" \/><\/div>\n<div class=\"col-md-7 text-md-left text-center\">\n<h2>Protecci\u00f3n IP67<\/h2>\n<p class=\"text-muted\">\n<h5 class=\"ql-align-justify\">IP67: la c\u00e1mara pasa una serie de pruebas estrictas sobre polvo y remojo. Tiene una funci\u00f3n a prueba de polvo y la carcasa puede funcionar normalmente despu\u00e9s de sumergirse en agua a 1 m de profundidad durante 30 minutos.<\/h5>\n<p>&nbsp;<\/p>\n<\/div>\n<\/div>\n<hr class=\"padding-bottom-2x\" \/>\n<div class=\"row align-items-center padding-bottom-2x\">\n<div class=\"col-md-5 order-md-2\"><img decoding=\"async\" class=\"d-block m-auto img-thumbnail\" src=\"https:\/\/tvc.mx\/media\/603579\/WDR-Dahua.png\" alt=\" WDR\" \/><\/div>\n<div class=\"col-md-7 order-md-1 text-md-left text-center\">\n<h2>WDR<\/h2>\n<p class=\"text-muted\">\n<h5 class=\"ql-align-justify\">Con la tecnolog\u00eda avanzada de amplio rango din\u00e1mico (WDR), la c\u00e1mara de red Dahua proporciona detalles claros en un entorno de fuerte contraste de brillo.<\/h5>\n<h5 class=\"ql-align-justify\">El \u00e1rea brillante y oscura puede obtener un video claro incluso en entornos de alto brillo o con sombra de luz de fondo.<\/h5>\n<p>&nbsp;<\/p>\n<\/div>\n<\/div>\n<hr class=\"padding-bottom-2x\" \/>\n<div class=\"row align-items-center padding-bottom-2x\">\n<div class=\"col-md-5\"><img decoding=\"async\" class=\"d-block m-auto img-thumbnail\" src=\"https:\/\/tvc.mx\/media\/603547\/IPC-HFW2431DG-4G-SP-LA-B_3.png\" alt=\" Caracteristicas\" \/><\/div>\n<div class=\"col-md-7 text-md-left text-center\">\n<h2>Caracter\u00edsticas principales<\/h2>\n<p class=\"text-muted\">\n<h5 class=\"ql-align-justify\"><strong>\u00b7\u00a0<\/strong>Admite energ\u00eda solar, por lo que es ideal para usar en lugares expuestos a la luz solar.<\/h5>\n<h5 class=\"ql-align-justify\"><strong>\u00b7\u00a0<\/strong>Independiente con panel solar y bater\u00eda incorporados, la vida \u00fatil del ciclo de la bater\u00eda puede durar hasta 10 d\u00edas a raz\u00f3n de 1 hora de visualizaci\u00f3n remota en vivo por d\u00eda.<\/h5>\n<h5 class=\"ql-align-justify\"><strong>\u00b7\u00a0<\/strong>Detecci\u00f3n de anomal\u00edas: detecci\u00f3n de movimiento, manipulaci\u00f3n de video, detecci\u00f3n de audio, tarjeta SD llena, error de tarjeta SD, desconexi\u00f3n de red, conflicto de IP y acceso ilegal.<\/h5>\n<h5 class=\"ql-align-justify\"><strong>\u00b7\u00a0<\/strong>Soporta m\u00e1x. Tarjeta Micro SD de 256G; micr\u00f3fono y altavoz integrados; Admite conversaci\u00f3n bidireccional.<\/h5>\n<h5 class=\"ql-align-justify\"><strong>\u00b7\u00a0<\/strong>Protecci\u00f3n IP67.<\/h5>\n<p>&nbsp;<\/p>\n<\/div>\n<\/div>\n<hr class=\"padding-bottom-2x\" \/>\n<div class=\"row align-items-center padding-bottom-2x\">\n<div class=\"col-md-5 order-md-2\"><img decoding=\"async\" class=\"d-block m-auto img-thumbnail\" src=\"https:\/\/tvc.mx\/media\/603559\/IPC-HFW2431DG-4G-SP-LA-B_3-especificaciones-tecnicas.png\" alt=\" dimensiones\" \/><\/div>\n<div class=\"col-md-7 order-md-1 text-md-left text-center\">\n<h2>Especificaciones T\u00e9cnicas<\/h2>\n<p class=\"text-muted\">\n<h5 class=\"ql-align-justify\"><strong>\u00b7\u00a0<\/strong>Sensor de imagen CMOS de 1\/3&#8243; de 4 MP, baja luminancia e imagen de alta definici\u00f3n.<\/h5>\n<h5 class=\"ql-align-justify\"><strong>\u00b7\u00a0<\/strong>Salidas m\u00e1x. 4 MP (2688 \u00d7 1520) a 25\/30 fps.<\/h5>\n<h5 class=\"ql-align-justify\"><strong>\u00b7\u00a0<\/strong>C\u00f3dec H.265, alta tasa de compresi\u00f3n, tasa de bits ultra baja.<\/h5>\n<h5 class=\"ql-align-justify\"><strong>\u00b7\u00a0<\/strong>Luz c\u00e1lida\/LED IR incorporado.<\/h5>\n<h5 class=\"ql-align-justify\"><strong>\u00b7\u00a0<\/strong>Enlace de alarma de sonido y luz. Cuando se activa la alarma, el sonido y la luz se vincular\u00e1n.<\/h5>\n<h5 class=\"ql-align-justify\"><strong>\u00b7\u00a0<\/strong>M\u00f3dulo 4G integrado de alto rendimiento que se adapta a todas las redes m\u00f3viles. La instalaci\u00f3n ya no se limita a las redes cableadas.<\/h5>\n<h5 class=\"ql-align-justify\"><strong>\u00b7\u00a0<\/strong>Sensor PIR incorporado que detecta el cuerpo humano a trav\u00e9s de infrarrojos pasivos que son sensibles a la temperatura corporal.<\/h5>\n<h5 class=\"ql-align-justify\"><strong>\u00b7\u00a0<\/strong>Chip de memoria eMMC de 8 GB incorporado que protege los registros clave para que no se pierdan.<\/h5>\n<\/div>\n<\/div>\n","protected":false},"excerpt":{"rendered":"<p>Informaci\u00f3n General IPC-HFW2431DG-4G-SP-LA-B es una c\u00e1mara IP Bullet de energ\u00eda solar de 4MP IR con lente fija, la cual cuenta con un m\u00f3dulo 4G integrado de alto rendimiento que se adapta a las redes m\u00f3viles. La instalaci\u00f3n ya no esta limitada a redes cableadas. Admite&hellip;<\/p>\n","protected":false},"featured_media":1875,"comment_status":"open","ping_status":"closed","template":"","meta":{"om_disable_all_campaigns":false,"_monsterinsights_skip_tracking":false,"_monsterinsights_sitenote_active":false,"_monsterinsights_sitenote_note":"","_monsterinsights_sitenote_category":0},"product_brand":[],"product_cat":[110],"product_tag":[112,111,42,38,66],"class_list":{"0":"post-1876","1":"product","2":"type-product","3":"status-publish","4":"has-post-thumbnail","6":"product_cat-bullet","7":"product_tag-bala","8":"product_tag-bullet","9":"product_tag-camaras","10":"product_tag-camaras-de-seguridad","11":"product_tag-dahua","13":"first","14":"instock","15":"sale","16":"taxable","17":"shipping-taxable","18":"purchasable","19":"product-type-simple"},"aioseo_notices":[],"_links":{"self":[{"href":"https:\/\/tecsecmty.com\/index.php\/wp-json\/wp\/v2\/product\/1876","targetHints":{"allow":["GET"]}}],"collection":[{"href":"https:\/\/tecsecmty.com\/index.php\/wp-json\/wp\/v2\/product"}],"about":[{"href":"https:\/\/tecsecmty.com\/index.php\/wp-json\/wp\/v2\/types\/product"}],"replies":[{"embeddable":true,"href":"https:\/\/tecsecmty.com\/index.php\/wp-json\/wp\/v2\/comments?post=1876"}],"version-history":[{"count":0,"href":"https:\/\/tecsecmty.com\/index.php\/wp-json\/wp\/v2\/product\/1876\/revisions"}],"wp:featuredmedia":[{"embeddable":true,"href":"https:\/\/tecsecmty.com\/index.php\/wp-json\/wp\/v2\/media\/1875"}],"wp:attachment":[{"href":"https:\/\/tecsecmty.com\/index.php\/wp-json\/wp\/v2\/media?parent=1876"}],"wp:term":[{"taxonomy":"product_brand","embeddable":true,"href":"https:\/\/tecsecmty.com\/index.php\/wp-json\/wp\/v2\/product_brand?post=1876"},{"taxonomy":"product_cat","embeddable":true,"href":"https:\/\/tecsecmty.com\/index.php\/wp-json\/wp\/v2\/product_cat?post=1876"},{"taxonomy":"product_tag","embeddable":true,"href":"https:\/\/tecsecmty.com\/index.php\/wp-json\/wp\/v2\/product_tag?post=1876"}],"curies":[{"name":"wp","href":"https:\/\/api.w.org\/{rel}","templated":true}]}}