{"id":1878,"date":"2023-02-22T17:53:58","date_gmt":"2023-02-22T23:53:58","guid":{"rendered":"https:\/\/tecsecmty.com\/index.php\/producto\/dahua-dh-ipc-hfw2441s-s-camara-ip-bullet-de-4-megapixeles-wizsense-lente-de-2-8mm-95-grados-de-apertura-ir-de-30-metros-smd-plus-microfono-integrado-wdr-real-de-120-db-ranura-microsd-ip67\/"},"modified":"2023-03-22T23:22:24","modified_gmt":"2023-03-23T05:22:24","slug":"dahua-dh-ipc-hfw2441s-s-camara-ip-bullet-de-4-megapixeles-wizsense-lente-de-2-8mm-95-grados-de-apertura-ir-de-30-metros-smd-plus-microfono-integrado-wdr-real-de-120-db-ranura-microsd-ip67-poe-lonu","status":"publish","type":"product","link":"https:\/\/tecsecmty.com\/index.php\/producto\/dahua-dh-ipc-hfw2441s-s-camara-ip-bullet-de-4-megapixeles-wizsense-lente-de-2-8mm-95-grados-de-apertura-ir-de-30-metros-smd-plus-microfono-integrado-wdr-real-de-120-db-ranura-microsd-ip67-poe-lonu\/","title":{"rendered":"DAHUA DH-IPC-HFW2441S-S &#8211; Camara IP Bullet de 4 Megapixeles\/ WizSense\/ Lente de 2.8mm\/ 95 Grados de Apertura\/ IR de 30 Metros\/ SMD Plus\/ Microfono Integrado\/ WDR Real de 120 dB\/ Ranura MicroSD\/ IP67\/ PoE\/ LoNuevo"},"content":{"rendered":"<div class=\"row aling-items-center padding-bottom-2x\">\n<div class=\"col-lg-12\">\n<h5 class=\"card-title text-center\" style=\"text-align: center\">Informaci\u00f3n general<\/h5>\n<h5 class=\"ql-align-justify\" style=\"text-align: center\">Con un algoritmo avanzado de aprendizaje profundo, la c\u00e1mara de red de la serie Dahua WizSense 2 admite funciones inteligentes, como protecci\u00f3n perimetral y detecci\u00f3n de movimiento inteligente. Con la tecnolog\u00eda Starlight, esta c\u00e1mara de la serie proporciona un mejor efecto de imagen en condiciones de baja iluminaci\u00f3n.<\/h5>\n<p><img decoding=\"async\" class=\"overview-center-img-web aligncenter\" src=\"https:\/\/tvc.mx\/media\/634394\/DAHUA-DH-IPC-HFW2441S-S---Camara-IP-Bullet-WizSense-Lente-2.8mm-SMD-Plus-banner-principal.png\" alt=\"\" \/><\/div>\n<\/div>\n<div class=\"row align-items-center padding-bottom-2x\" style=\"text-align: center\">\n<div class=\"col-md-5\"><img decoding=\"async\" class=\"d-block m-auto img-thumbnail\" src=\"https:\/\/tvc.mx\/media\/634402\/SMD-plus-Dahua.png\" alt=\" \" \/><\/div>\n<div class=\"col-md-7 text-md-left text-center\">\n<h2>SMD m\u00e1s<\/h2>\n<p class=\"text-muted\">\n<h5>Con un algoritmo inteligente, la tecnolog\u00eda de detecci\u00f3n de movimiento inteligente de Dahua puede categorizar los objetivos que activan la detecci\u00f3n de movimiento y filtrar la alarma de detecci\u00f3n de movimiento activada por objetivos no afectados para generar una alarma efectiva y precisa.<\/h5>\n<p>&nbsp;<\/p>\n<\/div>\n<\/div>\n<hr class=\"padding-bottom-2x\" \/>\n<div class=\"row align-items-center padding-bottom-2x\" style=\"text-align: center\">\n<div class=\"col-md-5 order-md-2\"><img decoding=\"async\" class=\"d-block m-auto img-thumbnail\" src=\"https:\/\/tvc.mx\/media\/634430\/h.265plus-y-h.264plus-dahua.png\" alt=\" H.265+ H.264\" \/><\/div>\n<div class=\"col-md-7 order-md-1 text-md-left text-center\">\n<h2>H.265+ inteligente y H.264+ inteligente<\/h2>\n<p class=\"text-muted\">\n<h5 class=\"ql-align-justify\">Con un algoritmo avanzado de control de velocidad adaptable a la escena, la tecnolog\u00eda de codificaci\u00f3n inteligente de Dahua logra una mayor eficiencia de codificaci\u00f3n que H.265 y H.264, proporciona video de alta calidad y reduce el costo de almacenamiento y transmisi\u00f3n.<\/h5>\n<p>&nbsp;<\/p>\n<\/div>\n<\/div>\n<hr class=\"padding-bottom-2x\" \/>\n<div class=\"row align-items-center padding-bottom-2x\" style=\"text-align: center\">\n<div class=\"col-md-5\"><img decoding=\"async\" class=\"d-block m-auto img-thumbnail\" src=\"https:\/\/tvc.mx\/media\/634438\/proteccion-perimetral-dahua.png\" alt=\" \" \/><\/div>\n<div class=\"col-md-7 text-md-left text-center\">\n<h2>Protecci\u00f3n Perimetral<\/h2>\n<p class=\"text-muted\">\n<h5 class=\"ql-align-justify\">Con un algoritmo de aprendizaje profundo, la tecnolog\u00eda de protecci\u00f3n perimetral de Dahua puede reconocer a humanos y veh\u00edculos con precisi\u00f3n. En \u00e1reas restringidas (como \u00e1reas para peatones y veh\u00edculos), las falsas alarmas de detecci\u00f3n inteligente basadas en el tipo de objetivo (como cable trampa, intrusi\u00f3n) se reducen en gran medida.<\/h5>\n<p>&nbsp;<\/p>\n<\/div>\n<\/div>\n<hr class=\"padding-bottom-2x\" \/>\n<div class=\"row align-items-center padding-bottom-2x\" style=\"text-align: center\">\n<div class=\"col-md-5 order-md-2\"><img decoding=\"async\" class=\"d-block m-auto img-thumbnail\" src=\"https:\/\/tvc.mx\/media\/634454\/IP67-dahua.png\" alt=\" \" \/><\/div>\n<div class=\"col-md-7 order-md-1 text-md-left text-center\">\n<h2>Protecci\u00f3n (IP67, amplio voltaje)<\/h2>\n<p class=\"text-muted\">\n<h5 class=\"ql-align-justify\"><strong>IP67:<\/strong>\u00a0la c\u00e1mara pasa una serie de pruebas estrictas sobre polvo y remojo. Tiene una funci\u00f3n a prueba de polvo y la carcasa puede funcionar normalmente despu\u00e9s de sumergirse en agua a 1 m de profundidad durante 30 minutos.<\/h5>\n<h5 class=\"ql-align-justify\"><strong>Amplio voltaje:<\/strong>\u00a0la c\u00e1mara permite una tolerancia de voltaje de entrada de \u00b130 % (para algunas fuentes de alimentaci\u00f3n) (amplio rango de voltaje) y se aplica ampliamente en ambientes exteriores con voltaje inestable.<\/h5>\n<p>&nbsp;<\/p>\n<\/div>\n<\/div>\n<hr class=\"padding-bottom-2x\" \/>\n<div class=\"row align-items-center padding-bottom-2x\">\n<div class=\"col-md-5\" style=\"text-align: center\"><img decoding=\"async\" class=\"d-block m-auto img-thumbnail\" src=\"https:\/\/tvc.mx\/media\/634470\/DAHUA-DH-IPC-HFW2441S-S---Camara-IP-Bullet-WizSense-Lente-2.8mm-SMD-Plus-caracteristicas-principales.png\" alt=\" \" \/><\/div>\n<div class=\"col-md-7 text-md-left text-center\">\n<h2 style=\"text-align: center\">Caracter\u00edsticas Principales<\/h2>\n<p class=\"text-muted\" style=\"text-align: center\">\n<h5 class=\"ql-align-justify\" style=\"text-align: center\"><strong>\u00b7\u00a0<\/strong>Monitoreo inteligente: intrusi\u00f3n, cable trampa (las dos funciones admiten la<\/h5>\n<h5 class=\"ql-align-justify\" style=\"text-align: center\">clasificaci\u00f3n y detecci\u00f3n precisa de veh\u00edculos y humanos)<\/h5>\n<h5 class=\"ql-align-justify\" style=\"text-align: center\"><strong>\u00b7\u00a0<\/strong>Soporta m\u00e1x. Tarjeta Micro SD de 256G; Micr\u00f3fono integrado.<\/h5>\n<h5 class=\"ql-align-justify\" style=\"text-align: center\"><strong>\u00b7\u00a0<\/strong>Fuente de alimentaci\u00f3n de 12 VCC\/PoE.<\/h5>\n<h5 class=\"ql-align-justify\" style=\"text-align: center\"><strong>\u00b7\u00a0<\/strong>Protecci\u00f3n IP67.<\/h5>\n<h5 class=\"ql-align-justify\" style=\"text-align: center\"><strong>\u00b7\u00a0<\/strong>SMD Plus.<\/h5>\n<\/div>\n<\/div>\n","protected":false},"excerpt":{"rendered":"<p>Informaci\u00f3n general Con un algoritmo avanzado de aprendizaje profundo, la c\u00e1mara de red de la serie Dahua WizSense 2 admite funciones inteligentes, como protecci\u00f3n perimetral y detecci\u00f3n de movimiento inteligente. Con la tecnolog\u00eda Starlight, esta c\u00e1mara de la serie proporciona un mejor efecto de imagen&hellip;<\/p>\n","protected":false},"featured_media":1877,"comment_status":"open","ping_status":"closed","template":"","meta":{"om_disable_all_campaigns":false,"_monsterinsights_skip_tracking":false,"_monsterinsights_sitenote_active":false,"_monsterinsights_sitenote_note":"","_monsterinsights_sitenote_category":0},"product_brand":[],"product_cat":[110],"product_tag":[112,111,42,38,66],"class_list":{"0":"post-1878","1":"product","2":"type-product","3":"status-publish","4":"has-post-thumbnail","6":"product_cat-bullet","7":"product_tag-bala","8":"product_tag-bullet","9":"product_tag-camaras","10":"product_tag-camaras-de-seguridad","11":"product_tag-dahua","13":"first","14":"instock","15":"sale","16":"taxable","17":"shipping-taxable","18":"purchasable","19":"product-type-simple"},"aioseo_notices":[],"_links":{"self":[{"href":"https:\/\/tecsecmty.com\/index.php\/wp-json\/wp\/v2\/product\/1878","targetHints":{"allow":["GET"]}}],"collection":[{"href":"https:\/\/tecsecmty.com\/index.php\/wp-json\/wp\/v2\/product"}],"about":[{"href":"https:\/\/tecsecmty.com\/index.php\/wp-json\/wp\/v2\/types\/product"}],"replies":[{"embeddable":true,"href":"https:\/\/tecsecmty.com\/index.php\/wp-json\/wp\/v2\/comments?post=1878"}],"version-history":[{"count":2,"href":"https:\/\/tecsecmty.com\/index.php\/wp-json\/wp\/v2\/product\/1878\/revisions"}],"predecessor-version":[{"id":2363,"href":"https:\/\/tecsecmty.com\/index.php\/wp-json\/wp\/v2\/product\/1878\/revisions\/2363"}],"wp:featuredmedia":[{"embeddable":true,"href":"https:\/\/tecsecmty.com\/index.php\/wp-json\/wp\/v2\/media\/1877"}],"wp:attachment":[{"href":"https:\/\/tecsecmty.com\/index.php\/wp-json\/wp\/v2\/media?parent=1878"}],"wp:term":[{"taxonomy":"product_brand","embeddable":true,"href":"https:\/\/tecsecmty.com\/index.php\/wp-json\/wp\/v2\/product_brand?post=1878"},{"taxonomy":"product_cat","embeddable":true,"href":"https:\/\/tecsecmty.com\/index.php\/wp-json\/wp\/v2\/product_cat?post=1878"},{"taxonomy":"product_tag","embeddable":true,"href":"https:\/\/tecsecmty.com\/index.php\/wp-json\/wp\/v2\/product_tag?post=1878"}],"curies":[{"name":"wp","href":"https:\/\/api.w.org\/{rel}","templated":true}]}}