{"id":1882,"date":"2023-02-22T17:54:02","date_gmt":"2023-02-22T23:54:02","guid":{"rendered":"https:\/\/tecsecmty.com\/index.php\/producto\/dahua-dh-ipc-hfw5449t-ase-led-camara-ip-bullet-full-color-de-4-megapixeles-lente-de-2-8-mm-60-metros-de-iluminacion-microfono-integrado-deteccion-facial-conteo-de-personas-proteccion-perimetra\/"},"modified":"2023-03-22T23:22:25","modified_gmt":"2023-03-23T05:22:25","slug":"dahua-dh-ipc-hfw5449t-ase-led-camara-ip-bullet-full-color-de-4-megapixeles-lente-de-2-8-mm-60-metros-de-iluminacion-microfono-integrado-deteccion-facial-conteo-de-personas-proteccion-perimetra-epoe","status":"publish","type":"product","link":"https:\/\/tecsecmty.com\/index.php\/producto\/dahua-dh-ipc-hfw5449t-ase-led-camara-ip-bullet-full-color-de-4-megapixeles-lente-de-2-8-mm-60-metros-de-iluminacion-microfono-integrado-deteccion-facial-conteo-de-personas-proteccion-perimetra-epoe\/","title":{"rendered":"DAHUA DH-IPC-HFW5449T-ASE-LED &#8211; C\u00e1mara IP Bullet Full Color de 4 Megapixeles\/ Lente de 2.8 mm\/ 60 Metros de Iluminaci\u00f3n\/ Micr\u00f3fono Integrado\/ Detecci\u00f3n Facial\/ Conteo de Personas\/ Protecci\u00f3n Perimetral\/ ePoE\/ IP67\/ E&amp;S de Alarma\/ Ranura para Micro SD"},"content":{"rendered":"<div class=\"row aling-items-center padding-bottom-2x\">\n<div class=\"col-lg-12\">\n<h5 class=\"card-title text-center\" style=\"text-align: center\">Informaci\u00f3n general<\/h5>\n<p class=\"ql-align-justify\" style=\"text-align: center\">Con la soluci\u00f3n Starlight y el algoritmo de aprendizaje profundo, la c\u00e1mara de red de la serie Dahua WizMind 5 tiene varias funciones inteligentes, que incluyen captura de rostros, protecci\u00f3n perimetral y conteo de personas, que mejoran en gran medida la precisi\u00f3n del an\u00e1lisis de video. La c\u00e1mara de la serie admite la funci\u00f3n a prueba de polvo, la funci\u00f3n a prueba de agua y la funci\u00f3n a prueba de vandalismo, cumpliendo con los est\u00e1ndares de IP67 e IK10 (compatible con algunos modelos selectos).<\/p>\n<p><img decoding=\"async\" class=\"overview-center-img-web aligncenter\" src=\"https:\/\/tvc.mx\/media\/572875\/DAHUA-DH-IPC-HFW5449T-ASE-LED---Camara-IP-Bullet-Full-Color-4-Megapixeles-Lente-2-banner-principal.png\" alt=\"Camara IP\" \/><\/div>\n<\/div>\n<div class=\"row align-items-center padding-bottom-2x\" style=\"text-align: center\">\n<div class=\"col-md-5\"><img decoding=\"async\" class=\"d-block m-auto img-thumbnail\" src=\"https:\/\/tvc.mx\/media\/572919\/reconocimiento-facial-dahua.png\" alt=\" Detecci\u00f3n de rostro\" \/><\/div>\n<div class=\"col-md-7 text-md-left text-center\">\n<h2>Detecci\u00f3n de rostro<\/h2>\n<p class=\"text-muted\">\n<p class=\"ql-align-justify\">La tecnolog\u00eda de detecci\u00f3n de rostros de Dahua puede detectar el rostro en la imagen. Con un algoritmo de aprendizaje profundo, la tecnolog\u00eda admite la detecci\u00f3n, el seguimiento, la captura y la selecci\u00f3n de la mejor imagen del rostro, y luego genera una instant\u00e1nea del rostro.<\/p>\n<p>&nbsp;<\/p>\n<\/div>\n<\/div>\n<hr class=\"padding-bottom-2x\" \/>\n<div class=\"row align-items-center padding-bottom-2x\" style=\"text-align: center\">\n<div class=\"col-md-5 order-md-2\"><img decoding=\"async\" class=\"d-block m-auto img-thumbnail\" src=\"https:\/\/tvc.mx\/media\/572935\/Conteo-de-personas-Dahua.png\" alt=\" Conteo de personas\" \/><\/div>\n<div class=\"col-md-7 order-md-1 text-md-left text-center\">\n<h2>Conteo de personas<\/h2>\n<p class=\"text-muted\">\n<p class=\"ql-align-justify\">Con un algoritmo de aprendizaje profundo, la tecnolog\u00eda de conteo de personas de Dahua puede rastrear y procesar objetivos del cuerpo humano en movimiento para realizar estad\u00edsticas precisas de n\u00famero de entrada, n\u00famero de salida y n\u00famero de \u00e1rea. Trabajando con la plataforma de gesti\u00f3n, genera informes anuales\/mensuales\/diarios para cumplir con sus requisitos.<\/p>\n<p>&nbsp;<\/p>\n<\/div>\n<\/div>\n<hr class=\"padding-bottom-2x\" \/>\n<div class=\"row align-items-center padding-bottom-2x\" style=\"text-align: center\">\n<div class=\"col-md-5\"><img decoding=\"async\" class=\"d-block m-auto img-thumbnail\" src=\"https:\/\/tvc.mx\/media\/572947\/IP67-dahua.png\" alt=\" IP67\" \/><\/div>\n<div class=\"col-md-7 text-md-left text-center\">\n<h2>Protecci\u00f3n (IP67, amplio voltaje)<\/h2>\n<p class=\"text-muted\">\n<p class=\"ql-align-justify\">IP67: la c\u00e1mara pasa una serie de pruebas estrictas sobre polvo y remojo. Tiene una funci\u00f3n a prueba de polvo y la carcasa puede funcionar normalmente despu\u00e9s de sumergirse en agua a 1 m de profundidad durante 30 minutos. Amplio voltaje: la c\u00e1mara permite una tolerancia de voltaje de entrada de \u00b130 % (para algunas fuentes de alimentaci\u00f3n) (amplio rango de voltaje) y se aplica ampliamente en ambientes exteriores con voltaje inestable.<\/p>\n<p>&nbsp;<\/p>\n<\/div>\n<\/div>\n<hr class=\"padding-bottom-2x\" \/>\n<div class=\"row align-items-center padding-bottom-2x\" style=\"text-align: center\">\n<div class=\"col-md-5 order-md-2\"><img decoding=\"async\" class=\"d-block m-auto img-thumbnail\" src=\"https:\/\/tvc.mx\/media\/572951\/DAHUA-DH-IPC-HFW5449T-ASE-LED---Camara-IP-Bullet-Full-Color-4-Megapixeles-Lente-2.-caracteristicas-principales.png\" alt=\" Camara IP\" \/><\/div>\n<div class=\"col-md-7 order-md-1 text-md-left text-center\">\n<h2>Caracter\u00edsticas Principales<\/h2>\n<p class=\"text-muted\">\n<p class=\"ql-align-justify\"><strong>\u00b7\u00a0<\/strong>Sensor de imagen CMOS de 4 MP 1\/1,8&#8243;, baja iluminancia, alta definici\u00f3n de imagen.<\/p>\n<p class=\"ql-align-justify\"><strong>\u00b7\u00a0<\/strong>Salidas m\u00e1x. 4 MP (2688 \u00d7 1520) a 30 fps.<\/p>\n<p class=\"ql-align-justify\"><strong>\u00b7\u00a0<\/strong>Iluminador c\u00e1lido incorporado y el m\u00e1x. la distancia de iluminaci\u00f3n es de 60 m.<\/p>\n<p class=\"ql-align-justify\"><strong>\u00b7\u00a0<\/strong>ROI, SMART H.264+\/H.265+, codificaci\u00f3n flexible, aplicable a varios entornos de almacenamiento y ancho de banda.<\/p>\n<p class=\"ql-align-justify\"><strong>\u00b7\u00a0<\/strong>Modo de rotaci\u00f3n, WDR, 3D NR, HLC, BLC, marca de agua digital, aplicable a varias escenas de monitoreo.<\/p>\n<p class=\"ql-align-justify\"><strong>\u00b7\u00a0<\/strong>Alarma: 1 entrada, 1 salida; audio: 1 entrada, 1 salida; admite m\u00e1x. Tarjeta Micro SD de 256 G, micr\u00f3fono integrado.<\/p>\n<p class=\"ql-align-justify\"><strong>\u00b7\u00a0<\/strong>Fuente de alimentaci\u00f3n de 12 V CC\/PoE.<\/p>\n<p>&nbsp;<\/p>\n<\/div>\n<\/div>\n<hr class=\"padding-bottom-2x\" \/>\n<div class=\"row align-items-center padding-bottom-2x\">\n<div class=\"col-md-5\" style=\"text-align: center\"><img decoding=\"async\" class=\"d-block m-auto img-thumbnail\" src=\"https:\/\/tvc.mx\/media\/572959\/DAHUA-DH-IPC-HFW5449T-ASE-LED---Camara-IP-Bullet-Full-Color-4-Megapixeles-Lente-2-especificaciones-tecnicas.png\" alt=\" dimensiones\" \/><\/div>\n<div class=\"col-md-7 text-md-left text-center\">\n<h2 style=\"text-align: center\">Especificaciones T\u00e9cnicas<\/h2>\n<p class=\"text-muted\" style=\"text-align: center\">\n<ul>\n<li style=\"text-align: center\">CMOS de 1\/1,8&#8243;<\/li>\n<li style=\"text-align: center\">M\u00e1x. Resoluci\u00f3n 2688 (H) x 1520 (v)<\/li>\n<li style=\"text-align: center\">ROM 128 MB<\/li>\n<li style=\"text-align: center\">RAM 512 MB<\/li>\n<li style=\"text-align: center\">Sistema de escaneo progresivo<\/li>\n<li style=\"text-align: center\">Velocidad de obturaci\u00f3n electr\u00f3nica:\u00a0Autom\u00e1tico\/Manual 1\/3 s\u20131\/100 000\u00a0s<\/li>\n<li style=\"text-align: center\">M\u00edn. Iluminaci\u00f3n: 0.0005 lux@F1.0<\/li>\n<li style=\"text-align: center\">Distancia de iluminaci\u00f3n: 60 m (196.85 pies)<\/li>\n<li style=\"text-align: center\">N\u00famero de iluminador: 4 (luz calida)<\/li>\n<\/ul>\n<\/div>\n<\/div>\n","protected":false},"excerpt":{"rendered":"<p>Informaci\u00f3n general Con la soluci\u00f3n Starlight y el algoritmo de aprendizaje profundo, la c\u00e1mara de red de la serie Dahua WizMind 5 tiene varias funciones inteligentes, que incluyen captura de rostros, protecci\u00f3n perimetral y conteo de personas, que mejoran en gran medida la precisi\u00f3n del&hellip;<\/p>\n","protected":false},"featured_media":1881,"comment_status":"open","ping_status":"closed","template":"","meta":{"om_disable_all_campaigns":false,"_monsterinsights_skip_tracking":false,"_monsterinsights_sitenote_active":false,"_monsterinsights_sitenote_note":"","_monsterinsights_sitenote_category":0},"product_brand":[],"product_cat":[110],"product_tag":[112,111,42,38,66],"class_list":{"0":"post-1882","1":"product","2":"type-product","3":"status-publish","4":"has-post-thumbnail","6":"product_cat-bullet","7":"product_tag-bala","8":"product_tag-bullet","9":"product_tag-camaras","10":"product_tag-camaras-de-seguridad","11":"product_tag-dahua","13":"first","14":"instock","15":"sale","16":"taxable","17":"shipping-taxable","18":"purchasable","19":"product-type-simple"},"aioseo_notices":[],"_links":{"self":[{"href":"https:\/\/tecsecmty.com\/index.php\/wp-json\/wp\/v2\/product\/1882","targetHints":{"allow":["GET"]}}],"collection":[{"href":"https:\/\/tecsecmty.com\/index.php\/wp-json\/wp\/v2\/product"}],"about":[{"href":"https:\/\/tecsecmty.com\/index.php\/wp-json\/wp\/v2\/types\/product"}],"replies":[{"embeddable":true,"href":"https:\/\/tecsecmty.com\/index.php\/wp-json\/wp\/v2\/comments?post=1882"}],"version-history":[{"count":2,"href":"https:\/\/tecsecmty.com\/index.php\/wp-json\/wp\/v2\/product\/1882\/revisions"}],"predecessor-version":[{"id":2366,"href":"https:\/\/tecsecmty.com\/index.php\/wp-json\/wp\/v2\/product\/1882\/revisions\/2366"}],"wp:featuredmedia":[{"embeddable":true,"href":"https:\/\/tecsecmty.com\/index.php\/wp-json\/wp\/v2\/media\/1881"}],"wp:attachment":[{"href":"https:\/\/tecsecmty.com\/index.php\/wp-json\/wp\/v2\/media?parent=1882"}],"wp:term":[{"taxonomy":"product_brand","embeddable":true,"href":"https:\/\/tecsecmty.com\/index.php\/wp-json\/wp\/v2\/product_brand?post=1882"},{"taxonomy":"product_cat","embeddable":true,"href":"https:\/\/tecsecmty.com\/index.php\/wp-json\/wp\/v2\/product_cat?post=1882"},{"taxonomy":"product_tag","embeddable":true,"href":"https:\/\/tecsecmty.com\/index.php\/wp-json\/wp\/v2\/product_tag?post=1882"}],"curies":[{"name":"wp","href":"https:\/\/api.w.org\/{rel}","templated":true}]}}