{"id":1884,"date":"2023-02-22T17:54:04","date_gmt":"2023-02-22T23:54:04","guid":{"rendered":"https:\/\/tecsecmty.com\/index.php\/producto\/dahua-ipc-hfw1230dt-stw-camara-ip-bullet-wifi-de-2-megapixeles-lente-de-2-8-mm-100-grados-de-apertura-ir-de-30-metros-h-265-microfono-y-altavoz-integrados-ranura-microsd-ip67-deteccion-de-hu\/"},"modified":"2023-03-22T23:22:51","modified_gmt":"2023-03-23T05:22:51","slug":"dahua-ipc-hfw1230dt-stw-camara-ip-bullet-wifi-de-2-megapixeles-lente-de-2-8-mm-100-grados-de-apertura-ir-de-30-metros-h-265-microfono-y-altavoz-integrados-ranura-microsd-ip67-deteccion-de-humanos","status":"publish","type":"product","link":"https:\/\/tecsecmty.com\/index.php\/producto\/dahua-ipc-hfw1230dt-stw-camara-ip-bullet-wifi-de-2-megapixeles-lente-de-2-8-mm-100-grados-de-apertura-ir-de-30-metros-h-265-microfono-y-altavoz-integrados-ranura-microsd-ip67-deteccion-de-humanos\/","title":{"rendered":"DAHUA IPC-HFW1230DT-STW &#8211; Camara IP Bullet Wifi de 2 Megapixeles\/ Lente de 2.8 mm\/ 100 Grados de Apertura\/ IR de 30 Metros\/ H.265\/ Microfono y Altavoz Integrados\/ Ranura MicroSD\/ IP67\/ Detecci\u00f3n de Humanos\/"},"content":{"rendered":"<div class=\"row aling-items-center padding-bottom-2x\">\n<div class=\"col-lg-12\">\n<h5 class=\"card-title text-center\" style=\"text-align: center\">Informaci\u00f3n General<\/h5>\n<p style=\"text-align: center\">Impulsadas por tecnolog\u00eda l\u00edder en la industria, las c\u00e1maras de red de la serie Wi-Fi de Dahua son altamente precisas y f\u00e1ciles de instalar, y producen im\u00e1genes de alta calidad. Tienen fuertes capacidades de conexi\u00f3n Wi-Fi y no requieren cables de red, lo que elimina la necesidad de un equipo de construcci\u00f3n profesional. Esta serie de c\u00e1maras rentables admiten almacenamiento en tarjeta SD y son resistentes al polvo y al agua. Son ideales para escenarios peque\u00f1os y medianos, como tiendas minoristas, hogares y otras peque\u00f1as y medianas empresas.<\/p>\n<p><img decoding=\"async\" class=\"overview-center-img-web aligncenter\" src=\"https:\/\/tvc.mx\/media\/450703\/camara-ip-wifi-2-megapixeles-lente-2.8mm-dwdr-IPC-HFW1230DTP-STW-Dahua-imgpp.png\" alt=\"\" \/><\/div>\n<\/div>\n<div class=\"row align-items-center padding-bottom-2x\" style=\"text-align: center\">\n<div class=\"col-md-5\"><img decoding=\"async\" class=\"d-block m-auto img-thumbnail\" src=\"https:\/\/tvc.mx\/media\/450707\/h.265plus-y-h.264plus-dahua.png\" alt=\" \" \/><\/div>\n<div class=\"col-md-7 text-md-left text-center\">\n<h2>C\u00f3dec Inteligente<\/h2>\n<p class=\"text-muted\">\n<p>Con un algoritmo avanzado de control de velocidad adaptable a la escena, la tecnolog\u00eda de codificaci\u00f3n inteligente de Dahua logra una mayor eficiencia de codificaci\u00f3n que H.265 y H.264, proporciona video de alta calidad y reduce el costo de almacenamiento y transmisi\u00f3n.<\/p>\n<p>&nbsp;<\/p>\n<\/div>\n<\/div>\n<hr class=\"padding-bottom-2x\" \/>\n<div class=\"row align-items-center padding-bottom-2x\" style=\"text-align: center\">\n<div class=\"col-md-5 order-md-2\"><img decoding=\"async\" class=\"d-block m-auto img-thumbnail\" src=\"https:\/\/tvc.mx\/media\/450711\/conexion-wifi.png\" alt=\" \" \/><\/div>\n<div class=\"col-md-7 order-md-1 text-md-left text-center\">\n<h2>Doble antena<\/h2>\n<p class=\"text-muted\">\n<p>La antena dual de alto rendimiento y la tecnolog\u00eda MIMO (entrada m\u00faltiple y salida m\u00faltiple) de la c\u00e1mara de red hacen que la distancia de transmisi\u00f3n WiFi sea mayor, el rendimiento antiinterferencias sea mejor y la transmisi\u00f3n de video sea m\u00e1s fluida.<\/p>\n<p>&nbsp;<\/p>\n<\/div>\n<\/div>\n<hr class=\"padding-bottom-2x\" \/>\n<div class=\"row align-items-center padding-bottom-2x\" style=\"text-align: center\">\n<div class=\"col-md-5\"><img decoding=\"async\" class=\"d-block m-auto img-thumbnail\" src=\"https:\/\/tvc.mx\/media\/450715\/WDR-Dahua.png\" alt=\" \" \/><\/div>\n<div class=\"col-md-7 text-md-left text-center\">\n<h2>Amplio Rango Din\u00e1mico<\/h2>\n<p class=\"text-muted\">\n<p>La c\u00e1mara logra im\u00e1genes v\u00edvidas, incluso en las condiciones de iluminaci\u00f3n de contraste m\u00e1s intenso, utilizando la tecnolog\u00eda de rango din\u00e1mico amplio (WDR) l\u00edder en la industria. Para aplicaciones con condiciones de luz brillante y baja que cambian r\u00e1pidamente, WDR optimiza las \u00e1reas brillantes y oscuras de una escena al mismo tiempo para proporcionar video utilizable.<\/p>\n<p>&nbsp;<\/p>\n<\/div>\n<\/div>\n<hr class=\"padding-bottom-2x\" \/>\n<div class=\"row align-items-center padding-bottom-2x\" style=\"text-align: center\">\n<div class=\"col-md-5 order-md-2\"><img decoding=\"async\" class=\"d-block m-auto img-thumbnail\" src=\"https:\/\/tvc.mx\/media\/450719\/camara-ip-wifi-2-megapixeles-lente-2.8mm-dwdr-IPC-HFW1230DTP-STW-Dahua-caracteristicas.png\" alt=\" \" \/><\/div>\n<div class=\"col-md-7 order-md-1 text-md-left text-center\">\n<h2>Principales Caracter\u00edsticas<\/h2>\n<p class=\"text-muted\">\n<ul>\n<li>C\u00f3dec H.265, alta tasa de compresi\u00f3n, tasa de bits ultrabaja<\/li>\n<li>LED IR incorporado<\/li>\n<li>SMART H.264 +\/H.265+<\/li>\n<li>DWDR, 3D NR, BLC, marca de agua digital, aplicable a varias escenas de monitoreo<\/li>\n<li>Detecci\u00f3n de anomal\u00edas: detecci\u00f3n de movimiento, manipulaci\u00f3n de video, detecci\u00f3n de audio, sin tarjeta SD, tarjeta SD llena, error de tarjeta SD, desconexi\u00f3n de red, conflicto de IP, acceso ilegal<\/li>\n<li>Wi-Fi 2.4G de antena dual incorporada<\/li>\n<li>Protecci\u00f3n IP67<\/li>\n<\/ul>\n<p>&nbsp;<\/p>\n<\/div>\n<\/div>\n<hr class=\"padding-bottom-2x\" \/>\n<div class=\"row align-items-center padding-bottom-2x\">\n<div class=\"col-md-5\" style=\"text-align: center\"><img decoding=\"async\" class=\"d-block m-auto img-thumbnail\" src=\"https:\/\/tvc.mx\/media\/450723\/camara-ip-wifi-2-megapixeles-lente-2.8mm-dwdr-IPC-HFW1230DTP-STW-Dahua-especificaciones.png\" alt=\" \" \/><\/div>\n<div class=\"col-md-7 text-md-left text-center\">\n<h2 style=\"text-align: center\">Especificaciones<\/h2>\n<p class=\"text-muted\" style=\"text-align: center\">\n<ul>\n<li style=\"text-align: center\">CMOS de 1\/3&#8243;<\/li>\n<li style=\"text-align: center\">Distancia de iluminaci\u00f3n 30 m<\/li>\n<li style=\"text-align: center\">Lente fijo 2.8mm<\/li>\n<li style=\"text-align: center\">Compresi\u00f3n de video H.264B; H.264; H.264H; H.265<\/li>\n<li style=\"text-align: center\">C\u00f3dec inteligente Inteligente H.265+; Inteligente H.264+<\/li>\n<li style=\"text-align: center\">D\u00eda\/Noche Autom\u00e1tico (ICR)\/Color\/B\/N<\/li>\n<li style=\"text-align: center\">DWDR<\/li>\n<li style=\"text-align: center\">Reducci\u00f3n de ruido NR 3D<\/li>\n<li style=\"text-align: center\">MICR\u00d3FONO incorporado<\/li>\n<li style=\"text-align: center\">Altavoz incorporado<\/li>\n<li style=\"text-align: center\">Wifi IEEE802.11b\/g\/n 2,4\u20132,4835 GHz; 2,4G<\/li>\n<li style=\"text-align: center\">Almacenamiento: Tarjeta Micro SD (admite m\u00e1x. 128 GB)<\/li>\n<li style=\"text-align: center\">Fuente de alimentaci\u00f3n 12 VCC<\/li>\n<li style=\"text-align: center\">Protecci\u00f3n IP67<\/li>\n<li style=\"text-align: center\">Cubierta frontal: Pl\u00e1stico Trasero: Pl\u00e1stico Soporte: Met\u00e1lico<\/li>\n<li style=\"text-align: center\">Incluye fuente 12V cc 1A<\/li>\n<\/ul>\n<\/div>\n<\/div>\n","protected":false},"excerpt":{"rendered":"<p>Informaci\u00f3n General Impulsadas por tecnolog\u00eda l\u00edder en la industria, las c\u00e1maras de red de la serie Wi-Fi de Dahua son altamente precisas y f\u00e1ciles de instalar, y producen im\u00e1genes de alta calidad. Tienen fuertes capacidades de conexi\u00f3n Wi-Fi y no requieren cables de red, lo&hellip;<\/p>\n","protected":false},"featured_media":1883,"comment_status":"open","ping_status":"closed","template":"","meta":{"om_disable_all_campaigns":false,"_monsterinsights_skip_tracking":false,"_monsterinsights_sitenote_active":false,"_monsterinsights_sitenote_note":"","_monsterinsights_sitenote_category":0},"product_brand":[],"product_cat":[110],"product_tag":[112,111,42,38,66],"class_list":{"0":"post-1884","1":"product","2":"type-product","3":"status-publish","4":"has-post-thumbnail","6":"product_cat-bullet","7":"product_tag-bala","8":"product_tag-bullet","9":"product_tag-camaras","10":"product_tag-camaras-de-seguridad","11":"product_tag-dahua","13":"first","14":"instock","15":"sale","16":"taxable","17":"shipping-taxable","18":"purchasable","19":"product-type-simple"},"aioseo_notices":[],"_links":{"self":[{"href":"https:\/\/tecsecmty.com\/index.php\/wp-json\/wp\/v2\/product\/1884","targetHints":{"allow":["GET"]}}],"collection":[{"href":"https:\/\/tecsecmty.com\/index.php\/wp-json\/wp\/v2\/product"}],"about":[{"href":"https:\/\/tecsecmty.com\/index.php\/wp-json\/wp\/v2\/types\/product"}],"replies":[{"embeddable":true,"href":"https:\/\/tecsecmty.com\/index.php\/wp-json\/wp\/v2\/comments?post=1884"}],"version-history":[{"count":1,"href":"https:\/\/tecsecmty.com\/index.php\/wp-json\/wp\/v2\/product\/1884\/revisions"}],"predecessor-version":[{"id":2367,"href":"https:\/\/tecsecmty.com\/index.php\/wp-json\/wp\/v2\/product\/1884\/revisions\/2367"}],"wp:featuredmedia":[{"embeddable":true,"href":"https:\/\/tecsecmty.com\/index.php\/wp-json\/wp\/v2\/media\/1883"}],"wp:attachment":[{"href":"https:\/\/tecsecmty.com\/index.php\/wp-json\/wp\/v2\/media?parent=1884"}],"wp:term":[{"taxonomy":"product_brand","embeddable":true,"href":"https:\/\/tecsecmty.com\/index.php\/wp-json\/wp\/v2\/product_brand?post=1884"},{"taxonomy":"product_cat","embeddable":true,"href":"https:\/\/tecsecmty.com\/index.php\/wp-json\/wp\/v2\/product_cat?post=1884"},{"taxonomy":"product_tag","embeddable":true,"href":"https:\/\/tecsecmty.com\/index.php\/wp-json\/wp\/v2\/product_tag?post=1884"}],"curies":[{"name":"wp","href":"https:\/\/api.w.org\/{rel}","templated":true}]}}