{"id":1888,"date":"2023-02-22T17:54:08","date_gmt":"2023-02-22T23:54:08","guid":{"rendered":"https:\/\/tecsecmty.com\/index.php\/producto\/dahua-ipc-hfw1230s1-s4-camara-ip-bullet-2-mp-h-265-20-fps-lente-de-2-8mm-angulo-de-104-ir-de-30-mts-ip67-poe-dwdr-hlc\/"},"modified":"2023-03-22T23:22:51","modified_gmt":"2023-03-23T05:22:51","slug":"dahua-ipc-hfw1230s1-s4-camara-ip-bullet-2-mp-h-265-20-fps-lente-de-2-8mm-angulo-de-104-ir-de-30-mts-ip67-poe-dwdr-hlc","status":"publish","type":"product","link":"https:\/\/tecsecmty.com\/index.php\/producto\/dahua-ipc-hfw1230s1-s4-camara-ip-bullet-2-mp-h-265-20-fps-lente-de-2-8mm-angulo-de-104-ir-de-30-mts-ip67-poe-dwdr-hlc\/","title":{"rendered":"DAHUA IPC-HFW1230S1-S4 &#8211; Camara IP Bullet 2 MP\/ H.265+\/ 20 Fps\/ Lente de 2.8mm\/ Angulo de 104\/ IR DE 30 Mts\/ IP67\/ PoE\/ DWDR\/ HLC\/"},"content":{"rendered":"<div class=\"row aling-items-center padding-bottom-2x\">\n<div class=\"col-lg-12\">\n<h5 class=\"card-title text-center\" style=\"text-align: center\">Informaci\u00f3n General<\/h5>\n<p style=\"text-align: center\">C\u00e1mara IP con un algoritmo eficiente de compresi\u00f3n de imagen que asegura la transmisi\u00f3n de imagen clara y m\u00e1s fluida con una resoluci\u00f3n m\u00e1xima de 1080p.\u00a0 La posibilidad de alimentaci\u00f3n PoE, compatible con el est\u00e1ndar 802.3af, hace que el dispositivo sea a\u00fan m\u00e1s vers\u00e1til y m\u00e1s f\u00e1cil de instalar.<\/p>\n<p><img decoding=\"async\" class=\"overview-center-img-web aligncenter\" src=\"https:\/\/tvc.mx\/media\/412375\/camara-ip-bullet-2mp-h.265%2B-angulo104-poe-dwdr-hlc-DahuaHFW1230S1-S4.png\" alt=\"\" \/><\/div>\n<\/div>\n<div class=\"row align-items-center padding-bottom-2x\" style=\"text-align: center\">\n<div class=\"col-md-5\"><img decoding=\"async\" class=\"d-block m-auto img-thumbnail\" src=\"https:\/\/tvc.mx\/media\/412379\/codificacion-h.265-dahua.png\" alt=\" \" \/><\/div>\n<div class=\"col-md-7 text-md-left text-center\">\n<h2>Compresi\u00f3n H.265+<\/h2>\n<p class=\"text-muted\">\n<p>Ofrece la implementaci\u00f3n optimizada de la compresi\u00f3n de v\u00eddeo est\u00e1ndar ( H.265 y H.264), utiliza m\u00e9todos de compresi\u00f3n de datos sin p\u00e9rdida y reducci\u00f3n inteligente de ruido para ofrecer v\u00eddeos de alta calidad sin forzar la red. Smart Codec reduce la tasa de bits y los requisitos de almacenamiento en hasta un 70% comparado con la compresi\u00f3n de v\u00eddeo est\u00e1ndar.<\/p>\n<p>&nbsp;<\/p>\n<\/div>\n<\/div>\n<hr class=\"padding-bottom-2x\" \/>\n<div class=\"row align-items-center padding-bottom-2x\" style=\"text-align: center\">\n<div class=\"col-md-5 order-md-2\"><img decoding=\"async\" class=\"d-block m-auto img-thumbnail\" src=\"https:\/\/tvc.mx\/media\/412383\/WDR-Dahua.png\" alt=\" \" \/><\/div>\n<div class=\"col-md-7 order-md-1 text-md-left text-center\">\n<h2>Digital WDR<\/h2>\n<p class=\"text-muted\">\n<p>Con estas funciones nuestra imagen podr\u00e1 medir , compensar y ajustar la luz en escenarios de iluminaci\u00f3n variable\u00a0para despu\u00e9s combinar los espacios de luces brillantes con los espacios de sombras creando un equilibrio en la imagen final. entregando im\u00e1genes en color durante el d\u00eda y cambiando autom\u00e1ticamente a medida de que la escena oscurezca.<\/p>\n<p>&nbsp;<\/p>\n<\/div>\n<\/div>\n<hr class=\"padding-bottom-2x\" \/>\n<div class=\"row align-items-center padding-bottom-2x\" style=\"text-align: center\">\n<div class=\"col-md-5\"><img decoding=\"async\" class=\"d-block m-auto img-thumbnail\" src=\"https:\/\/tvc.mx\/media\/412387\/Smart-IR-Dahua.png\" alt=\" \" \/><\/div>\n<div class=\"col-md-7 text-md-left text-center\">\n<h2>Smart IR<\/h2>\n<p class=\"text-muted\">\n<p>Las im\u00e1genes detalladas se pueden capturar con poca luz u oscuridad total!! La tecnolog\u00eda Smart IR ajusta a la intensidad de los LED infrarrojos de la c\u00e1mara para compensar la distancia de un objeto. La tecnolog\u00eda de IR inteligente evita que los LEDs IR atranquen las im\u00e1genes a medida que se acercan a la c\u00e1mara. La iluminaci\u00f3n infrarroja integrada de la c\u00e1mara proporciona un alto rendimiento en entornos con poca luz externa hasta 30 mts.<\/p>\n<p>&nbsp;<\/p>\n<\/div>\n<\/div>\n<hr class=\"padding-bottom-2x\" \/>\n<div class=\"row align-items-center padding-bottom-2x\" style=\"text-align: center\">\n<div class=\"col-md-5 order-md-2\"><img decoding=\"async\" class=\"d-block m-auto img-thumbnail\" src=\"https:\/\/tvc.mx\/media\/412391\/HLC-dahua.png\" alt=\" \" \/><\/div>\n<div class=\"col-md-7 order-md-1 text-md-left text-center\">\n<h2>Compensaci\u00f3n de luz alta (HLC)<\/h2>\n<p class=\"text-muted\">\n<p>HLC (Compensaci\u00f3n de luz alta) la funci\u00f3n puede eliminar eficazmente el riesgo de exposici\u00f3n y garantizar el v\u00eddeo apropiado cuando hay luces fuertes<\/p>\n<p>&nbsp;<\/p>\n<\/div>\n<\/div>\n<hr class=\"padding-bottom-2x\" \/>\n<div class=\"row align-items-center padding-bottom-2x\" style=\"text-align: center\">\n<div class=\"col-md-5 order-md-2\"><img decoding=\"async\" class=\"d-block m-auto img-thumbnail\" src=\"https:\/\/tvc.mx\/media\/412395\/distancia-dori.png\" alt=\" \" \/><\/div>\n<div class=\"col-md-7 order-md-1 text-md-left text-center\">\n<h2>Distancia DORI<\/h2>\n<p class=\"text-muted\">\n<p class=\"ql-align-justify\">La distancia DORI es una proximidad general de la distancia que hace que sea f\u00e1cil elegir la c\u00e1mara adecuada para sus necesidades. La distancia DORI se calcula sobre la base de la especificaci\u00f3n del sensor y del resultado de la prueba de laboratorio seg\u00fan EN 62676-4, que define los criterios para Detectar, Observar, Reconocer e Identificar, respectivamente.<\/p>\n<p>&nbsp;<\/p>\n<\/div>\n<\/div>\n<hr class=\"padding-bottom-2x\" \/>\n<div class=\"row align-items-center padding-bottom-2x\" style=\"text-align: center\">\n<div class=\"col-md-5\"><img decoding=\"async\" class=\"d-block m-auto img-thumbnail\" src=\"https:\/\/tvc.mx\/media\/412399\/IP67-dahua.png\" alt=\" \" \/><\/div>\n<div class=\"col-md-7 text-md-left text-center\">\n<h2>IP67<\/h2>\n<p class=\"text-muted\">\n<p>IP67: la c\u00e1mara pasa una serie de estrictas pruebas de polvo y agua. Tiene funci\u00f3n a prueba de polvo, y el gabinete puede funcionar normalmente despu\u00e9s de sumergirse en agua de 1 m de profundidad durante 30 minutos. Voltaje amplio: la c\u00e1mara permite una tolerancia de voltaje de entrada de \u00b1 30% (rango de voltaje amplio) y se aplica ampliamente a entornos exteriores con voltaje inestable.<\/p>\n<p>&nbsp;<\/p>\n<\/div>\n<\/div>\n<hr class=\"padding-bottom-2x\" \/>\n<div class=\"row align-items-center padding-bottom-2x\" style=\"text-align: center\">\n<div class=\"col-md-5 order-md-2\"><img decoding=\"async\" class=\"d-block m-auto img-thumbnail\" src=\"https:\/\/tvc.mx\/media\/412403\/camara-ip-bullet-2mp-h.265%2B-angulo104-poe-dwdr-hlc-DahuaHFW1230S1-S4-caracteristicas.png\" alt=\" \" \/><\/div>\n<div class=\"col-md-7 order-md-1 text-md-left text-center\">\n<h2>Caracter\u00edsticas Principales<\/h2>\n<p class=\"text-muted\">\n<ul>\n<li>Sensor de imagen CMOS de 2MP, 1 \/ 2.7 \u201d<\/li>\n<li>Salidas m\u00e1x. 2MP (1920 \u00d7 1080p) @ 25\/30 fps<\/li>\n<li>C\u00f3dec H.265<\/li>\n<li>LED IR incorporado<\/li>\n<li>ROI, SMART H.264 \/ H.265<\/li>\n<li>Detecci\u00f3n de anomal\u00edas: detecci\u00f3n de movimiento, manipulaci\u00f3n de video, desconexi\u00f3n de red, conflicto de IP, acceso ilegal<\/li>\n<li>Protecci\u00f3n IP67<\/li>\n<\/ul>\n<p>&nbsp;<\/p>\n<\/div>\n<\/div>\n<hr class=\"padding-bottom-2x\" \/>\n<div class=\"row align-items-center padding-bottom-2x\">\n<div class=\"col-md-5\" style=\"text-align: center\"><img decoding=\"async\" class=\"d-block m-auto img-thumbnail\" src=\"https:\/\/tvc.mx\/media\/412519\/camara-ip-bullet-2mp-h.265%2B-angulo104-poe-dwdr-hlc-DahuaHFW1230S1-S4-especificaciones.png\" alt=\" \" \/><\/div>\n<div class=\"col-md-7 text-md-left text-center\">\n<h2 style=\"text-align: center\">Especificaciones<\/h2>\n<p class=\"text-muted\" style=\"text-align: center\">\n<ul>\n<li style=\"text-align: center\">CMOS progresivo de 1 \/ 2,7 \u00ab2 megap\u00edxeles 1920 (H)<\/li>\n<li style=\"text-align: center\">Distancia IR: 30m<\/li>\n<li style=\"text-align: center\">Lente Fijo de 2.8mm<\/li>\n<li style=\"text-align: center\">Campo de visi\u00f3n: Horizontal: 105 \u00b0 Vertical: 57 \u00b0 Diagonal: 125 \u00b0<\/li>\n<li style=\"text-align: center\">Compresi\u00f3n de video: H.265; H.264; H.264H; H.264B; MJPEG<\/li>\n<li style=\"text-align: center\">BLC \/ HLC<\/li>\n<li style=\"text-align: center\">DWDR<\/li>\n<li style=\"text-align: center\">Reducci\u00f3n de ruido: DNR 3D<\/li>\n<li style=\"text-align: center\">Fuente de alimentaci\u00f3n: 12 V CC \/ PoE (802.3af)<\/li>\n<li style=\"text-align: center\">Protecci\u00f3n de ingreso: IP67<\/li>\n<li style=\"text-align: center\">Carcasa: Metal + pl\u00e1stico<\/li>\n<\/ul>\n<\/div>\n<\/div>\n","protected":false},"excerpt":{"rendered":"<p>Informaci\u00f3n General C\u00e1mara IP con un algoritmo eficiente de compresi\u00f3n de imagen que asegura la transmisi\u00f3n de imagen clara y m\u00e1s fluida con una resoluci\u00f3n m\u00e1xima de 1080p.\u00a0 La posibilidad de alimentaci\u00f3n PoE, compatible con el est\u00e1ndar 802.3af, hace que el dispositivo sea a\u00fan m\u00e1s&hellip;<\/p>\n","protected":false},"featured_media":1887,"comment_status":"open","ping_status":"closed","template":"","meta":{"om_disable_all_campaigns":false,"_monsterinsights_skip_tracking":false,"_monsterinsights_sitenote_active":false,"_monsterinsights_sitenote_note":"","_monsterinsights_sitenote_category":0},"product_brand":[],"product_cat":[110],"product_tag":[112,111,42,38,66],"class_list":{"0":"post-1888","1":"product","2":"type-product","3":"status-publish","4":"has-post-thumbnail","6":"product_cat-bullet","7":"product_tag-bala","8":"product_tag-bullet","9":"product_tag-camaras","10":"product_tag-camaras-de-seguridad","11":"product_tag-dahua","13":"first","14":"instock","15":"sale","16":"taxable","17":"shipping-taxable","18":"purchasable","19":"product-type-simple"},"aioseo_notices":[],"_links":{"self":[{"href":"https:\/\/tecsecmty.com\/index.php\/wp-json\/wp\/v2\/product\/1888","targetHints":{"allow":["GET"]}}],"collection":[{"href":"https:\/\/tecsecmty.com\/index.php\/wp-json\/wp\/v2\/product"}],"about":[{"href":"https:\/\/tecsecmty.com\/index.php\/wp-json\/wp\/v2\/types\/product"}],"replies":[{"embeddable":true,"href":"https:\/\/tecsecmty.com\/index.php\/wp-json\/wp\/v2\/comments?post=1888"}],"version-history":[{"count":1,"href":"https:\/\/tecsecmty.com\/index.php\/wp-json\/wp\/v2\/product\/1888\/revisions"}],"predecessor-version":[{"id":2369,"href":"https:\/\/tecsecmty.com\/index.php\/wp-json\/wp\/v2\/product\/1888\/revisions\/2369"}],"wp:featuredmedia":[{"embeddable":true,"href":"https:\/\/tecsecmty.com\/index.php\/wp-json\/wp\/v2\/media\/1887"}],"wp:attachment":[{"href":"https:\/\/tecsecmty.com\/index.php\/wp-json\/wp\/v2\/media?parent=1888"}],"wp:term":[{"taxonomy":"product_brand","embeddable":true,"href":"https:\/\/tecsecmty.com\/index.php\/wp-json\/wp\/v2\/product_brand?post=1888"},{"taxonomy":"product_cat","embeddable":true,"href":"https:\/\/tecsecmty.com\/index.php\/wp-json\/wp\/v2\/product_cat?post=1888"},{"taxonomy":"product_tag","embeddable":true,"href":"https:\/\/tecsecmty.com\/index.php\/wp-json\/wp\/v2\/product_tag?post=1888"}],"curies":[{"name":"wp","href":"https:\/\/api.w.org\/{rel}","templated":true}]}}