{"id":1890,"date":"2023-02-22T17:54:11","date_gmt":"2023-02-22T23:54:11","guid":{"rendered":"https:\/\/tecsecmty.com\/index.php\/producto\/dahua-ipc-hfw1230t1n-zs-camara-ip-bullet-de-2-megapixeles-lente-motorizado-de-2-8-a-12mm-h-265-ir-de-50-mts-ip67-poe-ranura-para-microsd-dwdr-3d-dr-hlc-blc\/"},"modified":"2023-03-22T23:22:51","modified_gmt":"2023-03-23T05:22:51","slug":"dahua-ipc-hfw1230t1n-zs-camara-ip-bullet-de-2-megapixeles-lente-motorizado-de-2-8-a-12mm-h-265-ir-de-50-mts-ip67-poe-ranura-para-microsd-dwdr-3d-dr-hlc-blc","status":"publish","type":"product","link":"https:\/\/tecsecmty.com\/index.php\/producto\/dahua-ipc-hfw1230t1n-zs-camara-ip-bullet-de-2-megapixeles-lente-motorizado-de-2-8-a-12mm-h-265-ir-de-50-mts-ip67-poe-ranura-para-microsd-dwdr-3d-dr-hlc-blc\/","title":{"rendered":"DAHUA IPC-HFW1230T1N-ZS &#8211; Camara IP Bullet de 2 Megapixeles\/ Lente Motorizado de 2.8 a 12mm\/ H.265+\/ IR de 50 Mts\/ IP67\/ PoE\/ Ranura para MicroSD\/ DWDR\/ 3D DR\/ HLC\/ BLC\/"},"content":{"rendered":"<div class=\"row aling-items-center padding-bottom-2x\">\n<div class=\"col-lg-12\">\n<h5 class=\"card-title text-center\" style=\"text-align: center\">Informaci\u00f3n General<\/h5>\n<p style=\"text-align: center\">C\u00e1mara IP con un algoritmo eficiente de compresi\u00f3n de imagen que asegura la transmisi\u00f3n de imagen clara y m\u00e1s fluida con una resoluci\u00f3n m\u00e1xima de 2Mp.\u00a0La posibilidad de alimentaci\u00f3n PoE, compatible con el est\u00e1ndar 802.3af, hace que el dispositivo sea a\u00fan m\u00e1s vers\u00e1til y m\u00e1s f\u00e1cil de instalar.<\/p>\n<p><img decoding=\"async\" class=\"overview-center-img-web aligncenter\" src=\"https:\/\/tvc.mx\/media\/414967\/C%C3%A1mara-ip-bullet-2-mp-motorizada-PoE-DAHUA-IPC-HFW1230T1N-ZS-S4-principal.png\" alt=\"C\u00e1mara motorizada bullet\" \/><\/p>\n<\/div>\n<\/div>\n<div class=\"row align-items-center padding-bottom-2x\" style=\"text-align: center\">\n<div class=\"col-md-5\"><img decoding=\"async\" class=\"d-block m-auto img-thumbnail\" src=\"https:\/\/tvc.mx\/media\/414971\/codificacion-h.265-dahua.png\" alt=\" H.265+\" \/><\/div>\n<div class=\"col-md-7 text-md-left text-center\">\n<h2>Compresi\u00f3n H.265+<\/h2>\n<p>Ofrece la implementaci\u00f3n optimizada de la compresi\u00f3n de v\u00eddeo est\u00e1ndar ( H.265 y H.264), utiliza m\u00e9todos de compresi\u00f3n de datos sin p\u00e9rdida y reducci\u00f3n inteligente de ruido para ofrecer v\u00eddeos de alta calidad sin forzar la red. Smart Codec reduce la tasa de bits y los requisitos de almacenamiento en hasta un 70% comparado con la compresi\u00f3n de v\u00eddeo est\u00e1ndar.<\/p>\n<p>&nbsp;<\/p>\n<\/div>\n<\/div>\n<hr class=\"padding-bottom-2x\" \/>\n<div class=\"row align-items-center padding-bottom-2x\" style=\"text-align: center\">\n<div class=\"col-md-5 order-md-2\"><img decoding=\"async\" class=\"d-block m-auto img-thumbnail\" src=\"https:\/\/tvc.mx\/media\/414975\/WDR-Dahua.png\" alt=\" DWDR\" \/><\/div>\n<div class=\"col-md-7 order-md-1 text-md-left text-center\">\n<h2>Digital WDR<\/h2>\n<p>Con estas funciones nuestra imagen podr\u00e1 medir , compensar y ajustar la luz en escenarios de iluminaci\u00f3n variable\u00a0para despu\u00e9s combinar los espacios de luces brillantes con los espacios de sombras creando un equilibrio en la imagen final. entregando im\u00e1genes en color durante el d\u00eda y cambiando autom\u00e1ticamente a medida de que la escena oscurezca.<\/p>\n<p>&nbsp;<\/p>\n<\/div>\n<\/div>\n<hr class=\"padding-bottom-2x\" \/>\n<div class=\"row align-items-center padding-bottom-2x\" style=\"text-align: center\">\n<div class=\"col-md-5\"><img decoding=\"async\" class=\"d-block m-auto img-thumbnail\" src=\"https:\/\/tvc.mx\/media\/414979\/Smart-IR-Dahua.png\" alt=\" IR inteligente\" \/><\/div>\n<div class=\"col-md-7 text-md-left text-center\">\n<h2>Smart IR<\/h2>\n<p>Las im\u00e1genes detalladas se pueden capturar con poca luz u oscuridad total!! La tecnolog\u00eda Smart IR ajusta a la intensidad de los LED infrarrojos de la c\u00e1mara para compensar la distancia de un objeto. La tecnolog\u00eda de IR inteligente evita que los LEDs IR atranquen las im\u00e1genes a medida que se acercan a la c\u00e1mara. La iluminaci\u00f3n infrarroja integrada de la c\u00e1mara proporciona un alto rendimiento en entornos con poca luz externa hasta 50 mts.<\/p>\n<p>&nbsp;<\/p>\n<\/div>\n<\/div>\n<hr class=\"padding-bottom-2x\" \/>\n<div class=\"row align-items-center padding-bottom-2x\" style=\"text-align: center\">\n<div class=\"col-md-5 order-md-2\"><img decoding=\"async\" class=\"d-block m-auto img-thumbnail\" src=\"https:\/\/tvc.mx\/media\/414983\/C%C3%A1mara-ip-bullet-2-mp-motorizada-PoE-DAHUA-IPC-HFW1230T1N-ZS-S4-principal-caracteristicas.png\" alt=\" caracter\u00edsticas\" \/><\/div>\n<div class=\"col-md-7 order-md-1 text-md-left text-center\">\n<h2>Caracter\u00edsticas Principales<\/h2>\n<ul>\n<li>Sensor de imagen CMOS de 2MP, 1 \/ 2.7 \u201d<\/li>\n<li>Salidas m\u00e1x. 2MP (1920 \u00d7 1080) @ 25\/30 fps<\/li>\n<li>C\u00f3dec H.265<\/li>\n<li>LED de infrarrojos integrado<\/li>\n<li>ROI, SMART H.264 \/ H.265<\/li>\n<li>Modo de rotaci\u00f3n, WDR, 3D DNR, HLC, BLC, marca de agua digital, aplicable a varias escenas de monitoreo<\/li>\n<li>Detecci\u00f3n de anomal\u00edas: sin tarjeta SD, tarjeta SD llena, error de tarjeta SD, desconexi\u00f3n de red, conflicto de IP, acceso ilegal, detecci\u00f3n de movimiento, manipulaci\u00f3n de video, excepci\u00f3n de seguridad<\/li>\n<li>Protecci\u00f3n IP67<\/li>\n<\/ul>\n<p>&nbsp;<\/p>\n<\/div>\n<\/div>\n<hr class=\"padding-bottom-2x\" \/>\n<div class=\"row align-items-center padding-bottom-2x\">\n<div class=\"col-md-5\" style=\"text-align: center\"><img decoding=\"async\" class=\"d-block m-auto img-thumbnail\" src=\"https:\/\/tvc.mx\/media\/414995\/C%C3%A1mara-ip-bullet-2-mp-motorizada-PoE-DAHUA-IPC-HFW1230T1N-ZS-S4-principal-especificaciones.png\" alt=\" \" \/><\/div>\n<div class=\"col-md-7 text-md-left text-center\">\n<h2 style=\"text-align: center\">Especificaciones<\/h2>\n<ul>\n<li style=\"text-align: center\">1 \/ 2.7 \u00abCMOS progresivo de 2 megap\u00edxeles 1920 (H)<\/li>\n<li style=\"text-align: center\">Distancia IR: 50m<\/li>\n<li style=\"text-align: center\">Lente Varifocal motorizado: 2.8 mm \u2013 12 mm<\/li>\n<li style=\"text-align: center\">Campo de visi\u00f3n: Pan: 106 \u00b0 -33 \u00b0 Inclinaci\u00f3n: 56 \u00b0 -19 \u00b0 Diagonal: 127 \u00b0 -38 \u00b0<\/li>\n<li style=\"text-align: center\">Compresi\u00f3n de video: H.265; H.264; H.264H; H.264B; MJPEG<\/li>\n<li style=\"text-align: center\">DWDR<\/li>\n<li style=\"text-align: center\">Reducci\u00f3n de ruido: DNR 3D<\/li>\n<li style=\"text-align: center\">Fuente de alimentaci\u00f3n: 12 V CC \/ PoE (802.3af)<\/li>\n<li style=\"text-align: center\">IP67<\/li>\n<li style=\"text-align: center\">Carcasa: Metal + plastico<\/li>\n<\/ul>\n<\/div>\n<\/div>\n","protected":false},"excerpt":{"rendered":"<p>Informaci\u00f3n General C\u00e1mara IP con un algoritmo eficiente de compresi\u00f3n de imagen que asegura la transmisi\u00f3n de imagen clara y m\u00e1s fluida con una resoluci\u00f3n m\u00e1xima de 2Mp.\u00a0La posibilidad de alimentaci\u00f3n PoE, compatible con el est\u00e1ndar 802.3af, hace que el dispositivo sea a\u00fan m\u00e1s vers\u00e1til&hellip;<\/p>\n","protected":false},"featured_media":1889,"comment_status":"open","ping_status":"closed","template":"","meta":{"om_disable_all_campaigns":false,"_monsterinsights_skip_tracking":false,"_monsterinsights_sitenote_active":false,"_monsterinsights_sitenote_note":"","_monsterinsights_sitenote_category":0},"product_brand":[],"product_cat":[110],"product_tag":[112,111,42,38,66],"class_list":{"0":"post-1890","1":"product","2":"type-product","3":"status-publish","4":"has-post-thumbnail","6":"product_cat-bullet","7":"product_tag-bala","8":"product_tag-bullet","9":"product_tag-camaras","10":"product_tag-camaras-de-seguridad","11":"product_tag-dahua","13":"first","14":"instock","15":"sale","16":"taxable","17":"shipping-taxable","18":"purchasable","19":"product-type-simple"},"aioseo_notices":[],"_links":{"self":[{"href":"https:\/\/tecsecmty.com\/index.php\/wp-json\/wp\/v2\/product\/1890","targetHints":{"allow":["GET"]}}],"collection":[{"href":"https:\/\/tecsecmty.com\/index.php\/wp-json\/wp\/v2\/product"}],"about":[{"href":"https:\/\/tecsecmty.com\/index.php\/wp-json\/wp\/v2\/types\/product"}],"replies":[{"embeddable":true,"href":"https:\/\/tecsecmty.com\/index.php\/wp-json\/wp\/v2\/comments?post=1890"}],"version-history":[{"count":2,"href":"https:\/\/tecsecmty.com\/index.php\/wp-json\/wp\/v2\/product\/1890\/revisions"}],"predecessor-version":[{"id":2371,"href":"https:\/\/tecsecmty.com\/index.php\/wp-json\/wp\/v2\/product\/1890\/revisions\/2371"}],"wp:featuredmedia":[{"embeddable":true,"href":"https:\/\/tecsecmty.com\/index.php\/wp-json\/wp\/v2\/media\/1889"}],"wp:attachment":[{"href":"https:\/\/tecsecmty.com\/index.php\/wp-json\/wp\/v2\/media?parent=1890"}],"wp:term":[{"taxonomy":"product_brand","embeddable":true,"href":"https:\/\/tecsecmty.com\/index.php\/wp-json\/wp\/v2\/product_brand?post=1890"},{"taxonomy":"product_cat","embeddable":true,"href":"https:\/\/tecsecmty.com\/index.php\/wp-json\/wp\/v2\/product_cat?post=1890"},{"taxonomy":"product_tag","embeddable":true,"href":"https:\/\/tecsecmty.com\/index.php\/wp-json\/wp\/v2\/product_tag?post=1890"}],"curies":[{"name":"wp","href":"https:\/\/api.w.org\/{rel}","templated":true}]}}