{"id":1892,"date":"2023-02-22T17:54:13","date_gmt":"2023-02-22T23:54:13","guid":{"rendered":"https:\/\/tecsecmty.com\/index.php\/producto\/dahua-ipc-hfw1239s1-a-led-s5-camara-ip-bullet-full-color-de-2-megapixeles-lente-de-2-8mm-102-grados-de-apertura-microfono-integrado-h-265-15-metros-de-luz-visible-ip67-poe-dwdr-lonuevo\/"},"modified":"2023-03-22T23:22:51","modified_gmt":"2023-03-23T05:22:51","slug":"dahua-ipc-hfw1239s1-a-led-s5-camara-ip-bullet-full-color-de-2-megapixeles-lente-de-2-8mm-102-grados-de-apertura-microfono-integrado-h-265-15-metros-de-luz-visible-ip67-poe-dwdr-lonuevo","status":"publish","type":"product","link":"https:\/\/tecsecmty.com\/index.php\/producto\/dahua-ipc-hfw1239s1-a-led-s5-camara-ip-bullet-full-color-de-2-megapixeles-lente-de-2-8mm-102-grados-de-apertura-microfono-integrado-h-265-15-metros-de-luz-visible-ip67-poe-dwdr-lonuevo\/","title":{"rendered":"DAHUA IPC-HFW1239S1-A-LED-S5 &#8211; Camara IP Bullet Full Color de 2 Megapixeles\/ Lente de 2.8mm\/ 102 Grados de Apertura\/ Microfono Integrado\/ H.265+\/ 15 Metros de Luz Visible\/ IP67\/ PoE\/ DWDR\/ LoNuevo"},"content":{"rendered":"<div class=\"row aling-items-center padding-bottom-2x\">\n<div class=\"col-lg-12\">\n<h5 class=\"card-title text-center\" style=\"text-align: center\">Informaci\u00f3n general<\/h5>\n<h5 class=\"ql-align-justify\" style=\"text-align: center\">Con caracter\u00edsticas de instalaci\u00f3n simple, f\u00e1cil operaci\u00f3n y alta relaci\u00f3n rendimiento-costo, la c\u00e1mara de red de la serie Entry de Dahua es aplicable a escenas peque\u00f1as y medianas, como hogares\/residencias, tiendas minoristas peque\u00f1as y otras peque\u00f1as y medianas empresas.<\/h5>\n<p><img decoding=\"async\" class=\"overview-center-img-web aligncenter\" src=\"https:\/\/tvc.mx\/media\/578899\/DAHUA-DH-IPC-HFW1239S1-A-LED-S5-Camara-IP-Bullet-Full-Color-2-Megapixeles-Lente-2.8mm-102-Grados-Apertura-Microfono-Integrado-H.png\" alt=\"Camara IP\" \/><\/div>\n<\/div>\n<div class=\"row align-items-center padding-bottom-2x\" style=\"text-align: center\">\n<div class=\"col-md-5\"><img decoding=\"async\" class=\"d-block m-auto img-thumbnail\" src=\"https:\/\/tvc.mx\/media\/578923\/full-color-dahua.png\" alt=\" full color\" \/><\/div>\n<div class=\"col-md-7 text-md-left text-center\">\n<h2>A todo color<\/h2>\n<p class=\"text-muted\">\n<h5>Con un sensor de alto rendimiento y una lente de gran apertura, la tecnolog\u00eda a todo color de Dahua puede mostrar im\u00e1genes claras y coloridas en un entorno de iluminaci\u00f3n ultra baja. Con esta tecnolog\u00eda de foto sensibilidad, la c\u00e1mara puede capturar m\u00e1s luz disponible y mostrar detalles de imagen m\u00e1s coloridos.<\/h5>\n<p>&nbsp;<\/p>\n<\/div>\n<\/div>\n<hr class=\"padding-bottom-2x\" \/>\n<div class=\"row align-items-center padding-bottom-2x\" style=\"text-align: center\">\n<div class=\"col-md-5\"><img decoding=\"async\" class=\"d-block m-auto img-thumbnail\" src=\"https:\/\/tvc.mx\/media\/578935\/deteccion-de-movimiento-dahua.png\" alt=\" Detecci\u00f3n de movimiento\" \/><\/div>\n<div class=\"col-md-7 text-md-left text-center\">\n<h2>Detecci\u00f3n de movimiento<\/h2>\n<p class=\"text-muted\">\n<h5 class=\"ql-align-justify\">Cuando aparecen objetos en movimiento en la imagen de monitoreo, la tecnolog\u00eda de detecci\u00f3n de movimiento de Dahua (general) activa la alarma o registra.<\/h5>\n<p>&nbsp;<\/p>\n<\/div>\n<\/div>\n<hr class=\"padding-bottom-2x\" \/>\n<div class=\"row align-items-center padding-bottom-2x\" style=\"text-align: center\">\n<div class=\"col-md-5\"><img decoding=\"async\" class=\"d-block m-auto img-thumbnail\" src=\"https:\/\/tvc.mx\/media\/578939\/IP67-dahua.png\" alt=\" IP67\" \/><\/div>\n<div class=\"col-md-7 text-md-left text-center\">\n<h2>Protecci\u00f3n (IP67, amplio voltaje)<\/h2>\n<p class=\"text-muted\">\n<h5 class=\"ql-align-justify\">IP67: la c\u00e1mara pasa una serie de pruebas estrictas sobre polvo y remojo. Tiene una funci\u00f3n a prueba de polvo y la carcasa puede funcionar normalmente despu\u00e9s de sumergirse en agua a 1 m de profundidad durante 30 minutos.<\/h5>\n<h5 class=\"ql-align-justify\">Amplio voltaje: la c\u00e1mara permite una tolerancia de voltaje de entrada de \u00b130 % (para algunas fuentes de alimentaci\u00f3n) (amplio rango de voltaje) y se aplica ampliamente en ambientes exteriores con voltaje inestable.<\/h5>\n<p>&nbsp;<\/p>\n<\/div>\n<\/div>\n<hr class=\"padding-bottom-2x\" \/>\n<div class=\"row align-items-center padding-bottom-2x\" style=\"text-align: center\">\n<div class=\"col-md-5 order-md-2\"><img decoding=\"async\" class=\"d-block m-auto img-thumbnail\" src=\"https:\/\/tvc.mx\/media\/578987\/DAHUA-DH-IPC-HFW1239S1-A-LED-S5-Camara-IP-Bullet-Full-Color-2-Megapixeles-Lente-2-caracteristicas-principales.png\" alt=\" Caracter\u00edsticas c\u00e1mara IP\" \/><\/div>\n<div class=\"col-md-7 order-md-1 text-md-left text-center\">\n<h2>Caracter\u00edsticas Principales<\/h2>\n<p class=\"text-muted\">\n<ul>\n<li>Sensor de imagen CMOS de 2 MP, 1\/2,8&#8243;, baja iluminancia, alta definici\u00f3n de imagen.<\/li>\n<li>Salidas m\u00e1x. 2 MP (1920 \u00d7 1080) a 25\/30 fps.<\/li>\n<li>C\u00f3dec H.265, alta tasa de compresi\u00f3n, tasa de bits ultrabaja .<\/li>\n<li>Luz c\u00e1lida eficiente incorporada y el m\u00e1ximo. la distancia de iluminaci\u00f3n es de 15 m.<\/li>\n<li>ROI, SMART H.264+\/H.265+, codificaci\u00f3n flexible, aplicable a varios entornos de almacenamiento y ancho de banda.<\/li>\n<li>Modo de rotaci\u00f3n, DWDR, 3D NR, HLC, BLC, marca de agua digital, aplicable a varias escenas de monitoreo.<\/li>\n<li>Detecci\u00f3n de anomal\u00edas: detecci\u00f3n de movimiento, manipulaci\u00f3n de video, desconexi\u00f3n de red, conflicto de IP, acceso ilegal.<\/li>\n<li>Fuente de alimentaci\u00f3n de 12 V CC\/PoE.<\/li>\n<li>Protecci\u00f3n IP67.<\/li>\n<\/ul>\n<p>&nbsp;<\/p>\n<\/div>\n<\/div>\n<hr class=\"padding-bottom-2x\" \/>\n<div class=\"row align-items-center padding-bottom-2x\">\n<div class=\"col-md-5\" style=\"text-align: center\"><img decoding=\"async\" class=\"d-block m-auto img-thumbnail\" src=\"https:\/\/tvc.mx\/media\/579019\/DAHUA-DH-IPC-HFW1239S1-A-LED-S5-Camara-IP-Bullet-Full-Color-2-Megapixeles-Lente-2-Especificaciones-tecnicas.png\" alt=\" Dimensiones\" \/><\/div>\n<div class=\"col-md-7 text-md-left text-center\">\n<h2 style=\"text-align: center\">Especificaciones T\u00e9cnicas<\/h2>\n<p class=\"text-muted\" style=\"text-align: center\">\n<ul>\n<li style=\"text-align: center\">CMOS de 1\/2,8&#8243;<\/li>\n<li style=\"text-align: center\">M\u00e1x. Resoluci\u00f3n: 1920 (H) x 1080 (v)<\/li>\n<li style=\"text-align: center\">ROM: 16 MB<\/li>\n<li style=\"text-align: center\">RAM: 64 MB<\/li>\n<li style=\"text-align: center\">Sistema de escaneo progresivo<\/li>\n<li style=\"text-align: center\">Velocidad de obturaci\u00f3n electr\u00f3nica: Autom\u00e1tico\/manual 1\/3 s &#8211; 1\/100 000 s<\/li>\n<li style=\"text-align: center\">M\u00edn. Iluminaci\u00f3n: 0,005 lux @F1.6<\/li>\n<li style=\"text-align: center\">Relaci\u00f3n se\u00f1al\/ruido &gt;56 dB<\/li>\n<li style=\"text-align: center\">Distancia de iluminaci\u00f3n:\u00a02,8 mm: 10 m (32,8 pies) 3,6 mm: 15 m (49,2 pies)<\/li>\n<li style=\"text-align: center\">Control de encendido\/ apagado del iluminador: Manual de auto<\/li>\n<\/ul>\n<\/div>\n<\/div>\n","protected":false},"excerpt":{"rendered":"<p>Informaci\u00f3n general Con caracter\u00edsticas de instalaci\u00f3n simple, f\u00e1cil operaci\u00f3n y alta relaci\u00f3n rendimiento-costo, la c\u00e1mara de red de la serie Entry de Dahua es aplicable a escenas peque\u00f1as y medianas, como hogares\/residencias, tiendas minoristas peque\u00f1as y otras peque\u00f1as y medianas empresas. A todo color Con&hellip;<\/p>\n","protected":false},"featured_media":1891,"comment_status":"open","ping_status":"closed","template":"","meta":{"om_disable_all_campaigns":false,"_monsterinsights_skip_tracking":false,"_monsterinsights_sitenote_active":false,"_monsterinsights_sitenote_note":"","_monsterinsights_sitenote_category":0},"product_brand":[],"product_cat":[110],"product_tag":[112,111,42,38,66],"class_list":{"0":"post-1892","1":"product","2":"type-product","3":"status-publish","4":"has-post-thumbnail","6":"product_cat-bullet","7":"product_tag-bala","8":"product_tag-bullet","9":"product_tag-camaras","10":"product_tag-camaras-de-seguridad","11":"product_tag-dahua","13":"first","14":"instock","15":"sale","16":"taxable","17":"shipping-taxable","18":"purchasable","19":"product-type-simple"},"aioseo_notices":[],"_links":{"self":[{"href":"https:\/\/tecsecmty.com\/index.php\/wp-json\/wp\/v2\/product\/1892","targetHints":{"allow":["GET"]}}],"collection":[{"href":"https:\/\/tecsecmty.com\/index.php\/wp-json\/wp\/v2\/product"}],"about":[{"href":"https:\/\/tecsecmty.com\/index.php\/wp-json\/wp\/v2\/types\/product"}],"replies":[{"embeddable":true,"href":"https:\/\/tecsecmty.com\/index.php\/wp-json\/wp\/v2\/comments?post=1892"}],"version-history":[{"count":2,"href":"https:\/\/tecsecmty.com\/index.php\/wp-json\/wp\/v2\/product\/1892\/revisions"}],"predecessor-version":[{"id":2373,"href":"https:\/\/tecsecmty.com\/index.php\/wp-json\/wp\/v2\/product\/1892\/revisions\/2373"}],"wp:featuredmedia":[{"embeddable":true,"href":"https:\/\/tecsecmty.com\/index.php\/wp-json\/wp\/v2\/media\/1891"}],"wp:attachment":[{"href":"https:\/\/tecsecmty.com\/index.php\/wp-json\/wp\/v2\/media?parent=1892"}],"wp:term":[{"taxonomy":"product_brand","embeddable":true,"href":"https:\/\/tecsecmty.com\/index.php\/wp-json\/wp\/v2\/product_brand?post=1892"},{"taxonomy":"product_cat","embeddable":true,"href":"https:\/\/tecsecmty.com\/index.php\/wp-json\/wp\/v2\/product_cat?post=1892"},{"taxonomy":"product_tag","embeddable":true,"href":"https:\/\/tecsecmty.com\/index.php\/wp-json\/wp\/v2\/product_tag?post=1892"}],"curies":[{"name":"wp","href":"https:\/\/api.w.org\/{rel}","templated":true}]}}