{"id":1896,"date":"2023-02-22T17:54:17","date_gmt":"2023-02-22T23:54:17","guid":{"rendered":"https:\/\/tecsecmty.com\/index.php\/producto\/dahua-ipc-hfw1431s1-a-s4-camara-ip-bullet-de-4-megapixeles-h-265-lente-de-2-8-mm-104-grados-de-apertura-ir-de-30-mts-microfono-integrado-poe-wdr-real-ip67\/"},"modified":"2023-03-22T23:22:51","modified_gmt":"2023-03-23T05:22:51","slug":"dahua-ipc-hfw1431s1-a-s4-camara-ip-bullet-de-4-megapixeles-h-265-lente-de-2-8-mm-104-grados-de-apertura-ir-de-30-mts-microfono-integrado-poe-wdr-real-ip67","status":"publish","type":"product","link":"https:\/\/tecsecmty.com\/index.php\/producto\/dahua-ipc-hfw1431s1-a-s4-camara-ip-bullet-de-4-megapixeles-h-265-lente-de-2-8-mm-104-grados-de-apertura-ir-de-30-mts-microfono-integrado-poe-wdr-real-ip67\/","title":{"rendered":"DAHUA IPC-HFW1431S1-A-S4 &#8211; C\u00e1mara IP Bullet de 4 Megapixeles\/ H.265+\/ Lente de 2.8 mm\/ 104 Grados de Apertura\/ IR de 30 Mts\/ Micr\u00f3fono Integrado\/ PoE\/ WDR Real\/ IP67\/"},"content":{"rendered":"<div class=\"row aling-items-center padding-bottom-2x\">\n<div class=\"col-lg-12\">\n<h5 class=\"card-title text-center\" style=\"text-align: center\">Informaci\u00f3n general<\/h5>\n<p style=\"text-align: center\">Con caracter\u00edsticas de instalaci\u00f3n simple, f\u00e1cil operaci\u00f3n y alta relaci\u00f3n costo rendimiento, la c\u00e1mara de red de la serie Dahua Entry es aplicable a escenas peque\u00f1as y medianas, como hogares \/ residencias, tiendas minoristas peque\u00f1as y otras peque\u00f1as y medianas. empresas.<\/p>\n<p><img decoding=\"async\" class=\"overview-center-img-web aligncenter\" src=\"https:\/\/tvc.mx\/media\/390047\/Camara-IP-Bullet-4-Megapixeles-Microfono-Integrado-IR---IPC-HFW1431S1-A-S4-Dahua-b.png\" alt=\"\" \/><\/div>\n<\/div>\n<div class=\"row align-items-center padding-bottom-2x\" style=\"text-align: center\">\n<div class=\"col-md-5 order-md-2\"><img decoding=\"async\" class=\"d-block m-auto img-thumbnail\" src=\"https:\/\/tvc.mx\/media\/390075\/codificacion-h.265-dahua.png\" alt=\" \" \/><\/div>\n<div class=\"col-md-7 order-md-1 text-md-left text-center\">\n<h2>Smart H.265 + y Smart H.264 +<\/h2>\n<p class=\"text-muted\">\n<p>Con un algoritmo avanzado de control de velocidad adaptable a la escena, la tecnolog\u00eda de codificaci\u00f3n inteligente de Dahua logra una mayor eficiencia de codificaci\u00f3n que H.265 y H.264, proporciona video de alta calidad y reduce el costo de almacenamiento y transmisi\u00f3n.<\/p>\n<p>&nbsp;<\/p>\n<\/div>\n<\/div>\n<hr class=\"padding-bottom-2x\" \/>\n<div class=\"row align-items-center padding-bottom-2x\" style=\"text-align: center\">\n<div class=\"col-md-5\"><img decoding=\"async\" class=\"d-block m-auto img-thumbnail\" src=\"https:\/\/tvc.mx\/media\/390079\/WDR-Dahua.png\" alt=\" \" \/><\/div>\n<div class=\"col-md-7 text-md-left text-center\">\n<h2>Amplio Rango Din\u00e1mico<\/h2>\n<p class=\"text-muted\">\n<p>La tecnolog\u00eda de iluminaci\u00f3n inteligente de Dahua puede mostrar im\u00e1genes en un entorno de baja iluminaci\u00f3n o en un entorno completamente oscuro. Seg\u00fan la distancia de los objetivos, la c\u00e1mara ajusta la intensidad de las iluminaciones autom\u00e1ticamente para mostrar los detalles del objetivo en movimiento.<\/p>\n<p>&nbsp;<\/p>\n<\/div>\n<\/div>\n<hr class=\"padding-bottom-2x\" \/>\n<div class=\"row align-items-center padding-bottom-2x\" style=\"text-align: center\">\n<div class=\"col-md-5 order-md-2\"><img decoding=\"async\" class=\"d-block m-auto img-thumbnail\" src=\"https:\/\/tvc.mx\/media\/390083\/ciber-seguridad-dahua.png\" alt=\" \" \/><\/div>\n<div class=\"col-md-7 order-md-1 text-md-left text-center\">\n<h2>Seguridad Cibern\u00e9tica<\/h2>\n<p class=\"text-muted\">\n<p>Las c\u00e1maras de red de Dahua emplean una serie de tecnolog\u00edas de seguridad, que incluyen autenticaci\u00f3n y autorizaci\u00f3n de seguridad, protocolos de control de acceso, protecci\u00f3n confiable, transmisi\u00f3n encriptada y almacenamiento encriptado. Estas tecnolog\u00edas mejoran la defensa de la c\u00e1mara contra ciberamenazas externas y evitan que programas maliciosos comprometan el dispositivo.<\/p>\n<p>&nbsp;<\/p>\n<\/div>\n<\/div>\n<hr class=\"padding-bottom-2x\" \/>\n<div class=\"row align-items-center padding-bottom-2x\" style=\"text-align: center\">\n<div class=\"col-md-5\"><img decoding=\"async\" class=\"d-block m-auto img-thumbnail\" src=\"https:\/\/tvc.mx\/media\/390087\/IP67-dahua.png\" alt=\" \" \/><\/div>\n<div class=\"col-md-7 text-md-left text-center\">\n<h2>Protecci\u00f3n IP67<\/h2>\n<p class=\"text-muted\">\n<p>IP67: la c\u00e1mara pasa una serie de estrictas pruebas de polvo y remojo. Tiene funci\u00f3n a prueba de polvo y la carcasa puede funcionar normalmente despu\u00e9s de sumergirla en agua de 1 m de profundidad durante 30 minutos. Voltaje amplio: la c\u00e1mara permite una tolerancia de voltaje de entrada de \u00b1 30% (para algunas fuentes de alimentaci\u00f3n) (rango de voltaje amplio), y se aplica ampliamente a entornos exteriores con voltaje inestable.<\/p>\n<p>&nbsp;<\/p>\n<\/div>\n<\/div>\n<hr class=\"padding-bottom-2x\" \/>\n<div class=\"row align-items-center padding-bottom-2x\" style=\"text-align: center\">\n<div class=\"col-md-5 order-md-2\"><img decoding=\"async\" class=\"d-block m-auto img-thumbnail\" src=\"https:\/\/tvc.mx\/media\/390091\/Camara-IP-Bullet-4-Megapixeles-Microfono-Integrado-IR---IPC-HFW1431S1-A-S4-Dahua-pp-caracteristicas.png\" alt=\" \" \/><\/div>\n<div class=\"col-md-7 order-md-1 text-md-left text-center\">\n<h2>Principales Caracter\u00edsticas<\/h2>\n<p class=\"text-muted\">\n<p>\u00b7 Sensor de imagen CMOS de 4 MP 1 \/ 2,7 \u00ab, baja luminancia e imagen de alta definici\u00f3n.<\/p>\n<p>\u00b7 LED IR incorporado<\/p>\n<p>\u00b7 ROI, SMART H.264 + \/ H.265 +, codificaci\u00f3n flexible, aplicable a varios entornos de almacenamiento y ancho de banda.<\/p>\n<p>\u00b7 Modo de rotaci\u00f3n, WDR, 3D NR, HLC, BLC<\/p>\n<p>\u00b7 Detecci\u00f3n de anomal\u00edas: detecci\u00f3n de movimiento, manipulaci\u00f3n de video, desconexi\u00f3n de red, conflicto de IP, detecci\u00f3n de audio y acceso ilegal.<\/p>\n<p>\u00b7 MIC incorporado.<\/p>\n<p>\u00b7 Protecci\u00f3n IP67.<\/p>\n<p>&nbsp;<\/p>\n<\/div>\n<\/div>\n<hr class=\"padding-bottom-2x\" \/>\n<div class=\"row align-items-center padding-bottom-2x\">\n<div class=\"col-md-5\" style=\"text-align: center\"><img decoding=\"async\" class=\"d-block m-auto img-thumbnail\" src=\"https:\/\/tvc.mx\/media\/374235\/especificaciones-camara-ip-bullet--IPC-HFW1431S1-A-S4-Dahua.png\" alt=\" \" \/><\/div>\n<div class=\"col-md-7 text-md-left text-center\">\n<h2 style=\"text-align: center\">Especificaciones<\/h2>\n<p class=\"text-muted\" style=\"text-align: center\">\n<ul>\n<li style=\"text-align: center\">Lente fijo de 2.8 mm<\/li>\n<li style=\"text-align: center\">Distancia de iluminaci\u00f3n IR 30 m<\/li>\n<li style=\"text-align: center\">Distancia de enfoque cercana 0.7 m<\/li>\n<li style=\"text-align: center\">Resoluci\u00f3n 4 MP (2560 \u00d7 1440) a 25\/30 fps y admite m\u00e1x. 4 MP (2688 \u00d7 1520) a 20 fps<\/li>\n<li style=\"text-align: center\">WDR 120 dB<\/li>\n<li style=\"text-align: center\">Temperatura de funcionamiento &#8211; 40 \u00b0 C a +60 \u00b0 C<\/li>\n<li style=\"text-align: center\">Fuente de poder 12 VCC \/ PoE (802.3af)<\/li>\n<li style=\"text-align: center\">Protecci\u00f3n IP67<\/li>\n<li style=\"text-align: center\">Dimensiones 162,6 mm \u00d7 70 mm \u00d7 70 mm<\/li>\n<\/ul>\n<\/div>\n<\/div>\n","protected":false},"excerpt":{"rendered":"<p>Informaci\u00f3n general Con caracter\u00edsticas de instalaci\u00f3n simple, f\u00e1cil operaci\u00f3n y alta relaci\u00f3n costo rendimiento, la c\u00e1mara de red de la serie Dahua Entry es aplicable a escenas peque\u00f1as y medianas, como hogares \/ residencias, tiendas minoristas peque\u00f1as y otras peque\u00f1as y medianas. empresas. Smart H.265&hellip;<\/p>\n","protected":false},"featured_media":1895,"comment_status":"open","ping_status":"closed","template":"","meta":{"om_disable_all_campaigns":false,"_monsterinsights_skip_tracking":false,"_monsterinsights_sitenote_active":false,"_monsterinsights_sitenote_note":"","_monsterinsights_sitenote_category":0},"product_brand":[],"product_cat":[110],"product_tag":[112,111,42,38,66],"class_list":{"0":"post-1896","1":"product","2":"type-product","3":"status-publish","4":"has-post-thumbnail","6":"product_cat-bullet","7":"product_tag-bala","8":"product_tag-bullet","9":"product_tag-camaras","10":"product_tag-camaras-de-seguridad","11":"product_tag-dahua","13":"first","14":"instock","15":"sale","16":"taxable","17":"shipping-taxable","18":"purchasable","19":"product-type-simple"},"aioseo_notices":[],"_links":{"self":[{"href":"https:\/\/tecsecmty.com\/index.php\/wp-json\/wp\/v2\/product\/1896","targetHints":{"allow":["GET"]}}],"collection":[{"href":"https:\/\/tecsecmty.com\/index.php\/wp-json\/wp\/v2\/product"}],"about":[{"href":"https:\/\/tecsecmty.com\/index.php\/wp-json\/wp\/v2\/types\/product"}],"replies":[{"embeddable":true,"href":"https:\/\/tecsecmty.com\/index.php\/wp-json\/wp\/v2\/comments?post=1896"}],"version-history":[{"count":2,"href":"https:\/\/tecsecmty.com\/index.php\/wp-json\/wp\/v2\/product\/1896\/revisions"}],"predecessor-version":[{"id":2376,"href":"https:\/\/tecsecmty.com\/index.php\/wp-json\/wp\/v2\/product\/1896\/revisions\/2376"}],"wp:featuredmedia":[{"embeddable":true,"href":"https:\/\/tecsecmty.com\/index.php\/wp-json\/wp\/v2\/media\/1895"}],"wp:attachment":[{"href":"https:\/\/tecsecmty.com\/index.php\/wp-json\/wp\/v2\/media?parent=1896"}],"wp:term":[{"taxonomy":"product_brand","embeddable":true,"href":"https:\/\/tecsecmty.com\/index.php\/wp-json\/wp\/v2\/product_brand?post=1896"},{"taxonomy":"product_cat","embeddable":true,"href":"https:\/\/tecsecmty.com\/index.php\/wp-json\/wp\/v2\/product_cat?post=1896"},{"taxonomy":"product_tag","embeddable":true,"href":"https:\/\/tecsecmty.com\/index.php\/wp-json\/wp\/v2\/product_tag?post=1896"}],"curies":[{"name":"wp","href":"https:\/\/api.w.org\/{rel}","templated":true}]}}