{"id":1898,"date":"2023-02-22T17:54:20","date_gmt":"2023-02-22T23:54:20","guid":{"rendered":"https:\/\/tecsecmty.com\/index.php\/producto\/dahua-ipc-hfw1431t1-zs-s4-camara-ip-bullet-de-4-megapixeles-lente-motorizado-de-2-8-a-12mm-h-265-ir-de-50-metros-wdr-real-3d-dnr-ranura-para-microsd-ip67-poe\/"},"modified":"2023-03-22T23:22:51","modified_gmt":"2023-03-23T05:22:51","slug":"dahua-ipc-hfw1431t1-zs-s4-camara-ip-bullet-de-4-megapixeles-lente-motorizado-de-2-8-a-12mm-h-265-ir-de-50-metros-wdr-real-3d-dnr-ranura-para-microsd-ip67-poe","status":"publish","type":"product","link":"https:\/\/tecsecmty.com\/index.php\/producto\/dahua-ipc-hfw1431t1-zs-s4-camara-ip-bullet-de-4-megapixeles-lente-motorizado-de-2-8-a-12mm-h-265-ir-de-50-metros-wdr-real-3d-dnr-ranura-para-microsd-ip67-poe\/","title":{"rendered":"DAHUA IPC-HFW1431T1-ZS-S4 &#8211; Camara IP Bullet de 4 Megapixeles\/ Lente Motorizado de 2.8 a 12mm\/ H.265\/ IR de 50 Metros\/ WDR Real, 3D DNR\/ Ranura para MicroSD\/ IP67\/ PoE"},"content":{"rendered":"<div class=\"row aling-items-center padding-bottom-2x\">\n<div class=\"col-lg-12\">\n<h5 class=\"card-title text-center\" style=\"text-align: center\">Informaci\u00f3n general<\/h5>\n<p style=\"text-align: center\">Con caracter\u00edsticas de instalaci\u00f3n simple, f\u00e1cil operaci\u00f3n y alta relaci\u00f3n rendimiento-costo, la c\u00e1mara de la serie Dahua Entry es aplicable a escenas de tama\u00f1o mediano, como casas \/ residencias, tiendas minoristas peque\u00f1as tiendas y otras peque\u00f1as y medianas empresas.<\/p>\n<p><img decoding=\"async\" class=\"overview-center-img-web aligncenter\" src=\"https:\/\/tvc.mx\/media\/416099\/camara-ip-bullet-de-4-megapixeles-con-lente-motorizado-con-ranura-para-microsd-IPC-HFW1431T1-ZS-S4-dahua.png\" alt=\"\" \/><\/div>\n<\/div>\n<div class=\"row align-items-center padding-bottom-2x\" style=\"text-align: center\">\n<div class=\"col-md-5 order-md-2\"><img decoding=\"async\" class=\"d-block m-auto img-thumbnail\" src=\"https:\/\/tvc.mx\/media\/416103\/codificacion-h.265-dahua.png\" alt=\" \" \/><\/div>\n<div class=\"col-md-7 order-md-1 text-md-left text-center\">\n<h2>Decodificaci\u00f3n (Smart H.265 + \/ Smart H.264 +)<\/h2>\n<p class=\"text-muted\">\n<p>Con un algoritmo avanzado de control de velocidad adaptativo a la escena, Dahua smart cuenta con de la mayor eficiencia de codificaci\u00f3n que H.265 y H.264, proporciona v\u00eddeo de alta calidad y reduce el costo de almacenamiento y transmisi\u00f3n.<\/p>\n<p>&nbsp;<\/p>\n<\/div>\n<\/div>\n<hr class=\"padding-bottom-2x\" \/>\n<div class=\"row align-items-center padding-bottom-2x\" style=\"text-align: center\">\n<div class=\"col-md-5\"><img decoding=\"async\" class=\"d-block m-auto img-thumbnail\" src=\"https:\/\/tvc.mx\/media\/416107\/deteccion-de-movimiento-dahua.png\" alt=\" \" \/><\/div>\n<div class=\"col-md-7 text-md-left text-center\">\n<h2>Detecci\u00f3n de movimiento<\/h2>\n<p class=\"text-muted\">\n<p>Cuando aparecen objetos en movimiento en la imagen de monitoreo, la tecnolog\u00eda de detecci\u00f3n (general) activa alarmas o registros.<\/p>\n<p>&nbsp;<\/p>\n<\/div>\n<\/div>\n<hr class=\"padding-bottom-2x\" \/>\n<div class=\"row align-items-center padding-bottom-2x\" style=\"text-align: center\">\n<div class=\"col-md-5 order-md-2\"><img decoding=\"async\" class=\"d-block m-auto img-thumbnail\" src=\"https:\/\/tvc.mx\/media\/416111\/WDR-Dahua.png\" alt=\" \" \/><\/div>\n<div class=\"col-md-7 order-md-1 text-md-left text-center\">\n<h2>WDR<\/h2>\n<p class=\"text-muted\">\n<p>Con tecnolog\u00eda avanzada de amplio rango din\u00e1mico. La c\u00e1mara proporciona detalles claros en un entorno de fuerte brillo o contraste. El \u00e1rea brillante y oscura puede obtener v\u00eddeos n\u00edtidos incluso en alta ambiente de brillo o con sombra de luz de fondo.<\/p>\n<p>&nbsp;<\/p>\n<\/div>\n<\/div>\n<hr class=\"padding-bottom-2x\" \/>\n<div class=\"row align-items-center padding-bottom-2x\" style=\"text-align: center\">\n<div class=\"col-md-5\"><img decoding=\"async\" class=\"d-block m-auto img-thumbnail\" src=\"https:\/\/tvc.mx\/media\/416115\/Smart-IR-Dahua.png\" alt=\" \" \/><\/div>\n<div class=\"col-md-7 text-md-left text-center\">\n<h2>IR inteligente<\/h2>\n<p class=\"text-muted\">\n<p>La tecnolog\u00eda Dahua Smart IR puede mostrar im\u00e1genes en un entorno de baja iluminaci\u00f3n o entorno completamente oscuro. Seg\u00fan la distancia de los objetivos, la c\u00e1mara ajusta autom\u00e1ticamente la intensidad de los LED IR para mostrar los detalles del objetivo en movimiento.<\/p>\n<p>&nbsp;<\/p>\n<\/div>\n<\/div>\n<hr class=\"padding-bottom-2x\" \/>\n<div class=\"row align-items-center padding-bottom-2x\" style=\"text-align: center\">\n<div class=\"col-md-5 order-md-2\"><img decoding=\"async\" class=\"d-block m-auto img-thumbnail\" src=\"https:\/\/tvc.mx\/media\/416119\/camara-ip-bullet-de-4-megapixeles-con-lente-motorizado-con-ranura-para-microsd-IPC-HFW1431T1-ZS-S4-dahua-caracteristicas.png\" alt=\" \" \/><\/div>\n<div class=\"col-md-7 order-md-1 text-md-left text-center\">\n<h2>Principales caracter\u00edsticas<\/h2>\n<p class=\"text-muted\">\n<ul>\n<li>Sensor de imagen CMOS de 4MP, 1\/3 \u201d<\/li>\n<li>Produce 4MP (2560 \u00d7 1440) a 25\/30 fps y admite m\u00e1x. 4MP (2688 \u00d7 1520) a 20 fps<\/li>\n<li>C\u00f3dec H.265<\/li>\n<li>LED IR integrado<\/li>\n<li>ROI, SMART H.264 \/ H.265, codificaci\u00f3n flexible, aplicable a varios entornos de almacenamiento y ancho de banda<\/li>\n<li>Cambio de imagen, WDR, 3D DNR, HLC, BLC, marca de agua digital, aplicable a varias escenas de monitoreo<\/li>\n<li>Detecci\u00f3n de anomal\u00edas: detecci\u00f3n de movimiento, manipulaci\u00f3n de video, sin tarjeta SD, tarjeta SD llena, error de tarjeta SD, desconexi\u00f3n de red, conflicto de IP, acceso ilegal, detecci\u00f3n de voltaje<\/li>\n<li>Protecci\u00f3n IP67<\/li>\n<\/ul>\n<p>&nbsp;<\/p>\n<\/div>\n<\/div>\n<hr class=\"padding-bottom-2x\" \/>\n<div class=\"row align-items-center padding-bottom-2x\">\n<div class=\"col-md-5\" style=\"text-align: center\"><img decoding=\"async\" class=\"d-block m-auto img-thumbnail\" src=\"https:\/\/tvc.mx\/media\/416123\/camara-ip-bullet-de-4-megapixeles-con-lente-motorizado-con-ranura-para-microsd-IPC-HFW1431T1-ZS-S4-dahua-especificaciones.png\" alt=\" \" \/><\/div>\n<div class=\"col-md-7 text-md-left text-center\">\n<h2 style=\"text-align: center\">Especificaciones<\/h2>\n<p class=\"text-muted\" style=\"text-align: center\">\n<ul>\n<li style=\"text-align: center\">CMOS progresivo de 1\/3 \u201dy 4 megap\u00edxeles 2688 (H)<\/li>\n<li style=\"text-align: center\">Distancia IR: 50m<\/li>\n<li style=\"text-align: center\">Lente Varifocal motorizado\u00a02.8 mm \u2013 12 mm<\/li>\n<li style=\"text-align: center\">Campo de visi\u00f3n: Horizontal: 98 \u00b0 \u201331 \u00b0 Vertical: 55 \u00b0 \u201318 \u00b0 Diagonal: 116 \u00b0 \u201336 \u00b0<\/li>\n<li style=\"text-align: center\">Compresi\u00f3n de video H.265; H.264; H.264B; MJPEG<\/li>\n<li style=\"text-align: center\">WDR real 120dB<\/li>\n<li style=\"text-align: center\">Reducci\u00f3n de ruido: DNR 3D<\/li>\n<li style=\"text-align: center\">Fuente de alimentaci\u00f3n: 12V CC \/ POE (802.3af)<\/li>\n<li style=\"text-align: center\">IP67<\/li>\n<li style=\"text-align: center\">Carcasa: Metal + pl\u00e1stico<\/li>\n<\/ul>\n<\/div>\n<\/div>\n","protected":false},"excerpt":{"rendered":"<p>Informaci\u00f3n general Con caracter\u00edsticas de instalaci\u00f3n simple, f\u00e1cil operaci\u00f3n y alta relaci\u00f3n rendimiento-costo, la c\u00e1mara de la serie Dahua Entry es aplicable a escenas de tama\u00f1o mediano, como casas \/ residencias, tiendas minoristas peque\u00f1as tiendas y otras peque\u00f1as y medianas empresas. Decodificaci\u00f3n (Smart H.265 +&hellip;<\/p>\n","protected":false},"featured_media":1897,"comment_status":"open","ping_status":"closed","template":"","meta":{"om_disable_all_campaigns":false,"_monsterinsights_skip_tracking":false,"_monsterinsights_sitenote_active":false,"_monsterinsights_sitenote_note":"","_monsterinsights_sitenote_category":0},"product_brand":[],"product_cat":[110],"product_tag":[112,111,42,38,66],"class_list":{"0":"post-1898","1":"product","2":"type-product","3":"status-publish","4":"has-post-thumbnail","6":"product_cat-bullet","7":"product_tag-bala","8":"product_tag-bullet","9":"product_tag-camaras","10":"product_tag-camaras-de-seguridad","11":"product_tag-dahua","13":"first","14":"instock","15":"sale","16":"taxable","17":"shipping-taxable","18":"purchasable","19":"product-type-simple"},"aioseo_notices":[],"_links":{"self":[{"href":"https:\/\/tecsecmty.com\/index.php\/wp-json\/wp\/v2\/product\/1898","targetHints":{"allow":["GET"]}}],"collection":[{"href":"https:\/\/tecsecmty.com\/index.php\/wp-json\/wp\/v2\/product"}],"about":[{"href":"https:\/\/tecsecmty.com\/index.php\/wp-json\/wp\/v2\/types\/product"}],"replies":[{"embeddable":true,"href":"https:\/\/tecsecmty.com\/index.php\/wp-json\/wp\/v2\/comments?post=1898"}],"version-history":[{"count":1,"href":"https:\/\/tecsecmty.com\/index.php\/wp-json\/wp\/v2\/product\/1898\/revisions"}],"predecessor-version":[{"id":2377,"href":"https:\/\/tecsecmty.com\/index.php\/wp-json\/wp\/v2\/product\/1898\/revisions\/2377"}],"wp:featuredmedia":[{"embeddable":true,"href":"https:\/\/tecsecmty.com\/index.php\/wp-json\/wp\/v2\/media\/1897"}],"wp:attachment":[{"href":"https:\/\/tecsecmty.com\/index.php\/wp-json\/wp\/v2\/media?parent=1898"}],"wp:term":[{"taxonomy":"product_brand","embeddable":true,"href":"https:\/\/tecsecmty.com\/index.php\/wp-json\/wp\/v2\/product_brand?post=1898"},{"taxonomy":"product_cat","embeddable":true,"href":"https:\/\/tecsecmty.com\/index.php\/wp-json\/wp\/v2\/product_cat?post=1898"},{"taxonomy":"product_tag","embeddable":true,"href":"https:\/\/tecsecmty.com\/index.php\/wp-json\/wp\/v2\/product_tag?post=1898"}],"curies":[{"name":"wp","href":"https:\/\/api.w.org\/{rel}","templated":true}]}}