{"id":1900,"date":"2023-02-22T17:54:24","date_gmt":"2023-02-22T23:54:24","guid":{"rendered":"https:\/\/tecsecmty.com\/index.php\/producto\/dahua-ipc-hfw1435s-w-s2-camara-ip-bullet-4-megapixeles-wifi-lente-2-8-mm-angulo-de-vision-97-grados-luz-ir-30-metros-hlc-ip67-onvif-ranura-para-microsd\/"},"modified":"2023-03-22T23:22:52","modified_gmt":"2023-03-23T05:22:52","slug":"dahua-ipc-hfw1435s-w-s2-camara-ip-bullet-4-megapixeles-wifi-lente-2-8-mm-angulo-de-vision-97-grados-luz-ir-30-metros-hlc-ip67-onvif-ranura-para-microsd","status":"publish","type":"product","link":"https:\/\/tecsecmty.com\/index.php\/producto\/dahua-ipc-hfw1435s-w-s2-camara-ip-bullet-4-megapixeles-wifi-lente-2-8-mm-angulo-de-vision-97-grados-luz-ir-30-metros-hlc-ip67-onvif-ranura-para-microsd\/","title":{"rendered":"DAHUA IPC-HFW1435S-W-S2 &#8211; Camara IP bullet 4 megapixeles WiFi \/ Lente 2.8 mm \/ Angulo de vision 97 grados \/ Luz ir 30 metros \/ HLC \/ IP67 \/ ONVIF \/ Ranura para MicroSD"},"content":{"rendered":"<div class=\"row aling-items-center padding-bottom-2x\">\n<div class=\"col-lg-12\">\n<h5 class=\"card-title text-center\" style=\"text-align: center\">Informaci\u00f3n General<\/h5>\n<p style=\"text-align: center\">La c\u00e1mara modelo\u00a0\u00a0IPC-HFW1435S-W-S2\u00a0es una c\u00e1mara IP bullet wifi con una resoluci\u00f3n de 4 megap\u00edxeles que nos brinda una excelente calidad de imagen, con tecnolog\u00eda de compresi\u00f3n de video H265.\u00a0Cuenta con potentes IR con alcance de hasta 30 metros de distancia y adem\u00e1s cuenta con ranura micro SD en la cual se le puede colocar una memoria micro SD de hasta 256Gb (No incluida) . La c\u00e1mara se puede instalar en ambientes exteriores debido a su \u00edndice de protecci\u00f3n IP67.<\/p>\n<p><img decoding=\"async\" class=\"overview-center-img-web aligncenter\" src=\"https:\/\/tvc.mx\/media\/396103\/Dahua-IPC-HFW1435S-W-S2-camara-bullet-ip-wifi-4MP.png\" alt=\"\" \/><\/div>\n<\/div>\n<div class=\"row align-items-center padding-bottom-2x\" style=\"text-align: center\">\n<div class=\"col-md-5\"><img decoding=\"async\" class=\"d-block m-auto img-thumbnail\" src=\"https:\/\/tvc.mx\/media\/396043\/reconocimiento-wifi.png\" alt=\" \" \/><\/div>\n<div class=\"col-md-7 text-md-left text-center\">\n<h2>Wifi<\/h2>\n<p class=\"text-muted\">\n<p>La c\u00e1mara IPC-HFW1435S-W-S2 soporta el standard Wifi 802.311 a\/g, con el cual se puede realizar la conexi\u00f3n con un NVR sin necesidad de cables, solo conectando a la energ\u00eda el\u00e9ctrica y listo la c\u00e1mara estar\u00e1 operando sin problemas.<\/p>\n<p>&nbsp;<\/p>\n<\/div>\n<\/div>\n<hr class=\"padding-bottom-2x\" \/>\n<div class=\"row align-items-center padding-bottom-2x\" style=\"text-align: center\">\n<div class=\"col-md-5 order-md-2\"><img decoding=\"async\" class=\"d-block m-auto img-thumbnail\" src=\"https:\/\/tvc.mx\/media\/396047\/codificacion-h.265-dahua.png\" alt=\" \" \/><\/div>\n<div class=\"col-md-7 order-md-1 text-md-left text-center\">\n<h2>Compresi\u00f3n H.265<\/h2>\n<p class=\"text-muted\">\n<p>Ofrece\u00a0la implementaci\u00f3n optimizada de la compresi\u00f3n de video est\u00e1ndar ( H.265 y H.264), utiliza m\u00e9todos de compresi\u00f3n de datos sin p\u00e9rdida y reducci\u00f3n inteligente de ruido para ofrecer videos de alta calidad sin forzar la red. Smart Codec reduce la tasa de bits y los requisitos de almacenamiento en hasta un 70% comparado con la compresi\u00f3n de video est\u00e1ndar.<\/p>\n<p>&nbsp;<\/p>\n<\/div>\n<\/div>\n<hr class=\"padding-bottom-2x\" \/>\n<div class=\"row align-items-center padding-bottom-2x\" style=\"text-align: center\">\n<div class=\"col-md-5\"><img decoding=\"async\" class=\"d-block m-auto img-thumbnail\" src=\"https:\/\/tvc.mx\/media\/396051\/WDR-Dahua.png\" alt=\" \" \/><\/div>\n<div class=\"col-md-7 text-md-left text-center\">\n<h2>DWDR efectivo<\/h2>\n<p class=\"text-muted\">\n<p>La funci\u00f3n DWDR se encargan de medir, compensar y ajustar la luz en la imagen que va a grabar una c\u00e1mara de CCTV combinando los espacios de luces brillantes con los espacios de sombras que hay en una misma toma, para crear un equilibrio en la imagen final.<\/p>\n<p>&nbsp;<\/p>\n<\/div>\n<\/div>\n<hr class=\"padding-bottom-2x\" \/>\n<div class=\"row align-items-center padding-bottom-2x\" style=\"text-align: center\">\n<div class=\"col-md-5 order-md-2\"><img decoding=\"async\" class=\"d-block m-auto img-thumbnail\" src=\"https:\/\/tvc.mx\/media\/396055\/almacenamiento-microSD-Dahua.png\" alt=\" \" \/><\/div>\n<div class=\"col-md-7 order-md-1 text-md-left text-center\">\n<h2>Memoria Micro SD<\/h2>\n<p class=\"text-muted\">\n<p>La c\u00e1mara\u00a0IPC-HFW1435S-W-S2\u00a0cuenta con ranura micro SD en la cual se puede insertar una tarjeta de memoria de hasta 256gb.<\/p>\n<p>&nbsp;<\/p>\n<\/div>\n<\/div>\n<hr class=\"padding-bottom-2x\" \/>\n<div class=\"row align-items-center padding-bottom-2x\" style=\"text-align: center\">\n<div class=\"col-md-5\"><img decoding=\"async\" class=\"d-block m-auto img-thumbnail\" src=\"https:\/\/tvc.mx\/media\/396059\/Camara-IP-Bullet-Wifi-2-Megapixeles-Lente-2.8mm-IPC-HFW1235S-W-S2-Dahua-pp-caracteristicas.png\" alt=\" \" \/><\/div>\n<div class=\"col-md-7 text-md-left text-center\">\n<h2>Principales Caracter\u00edsticas<\/h2>\n<p class=\"text-muted\">\n<ul>\n<li>Sensor de imagen CMOS de 4MP, 1\/3 \u201d<\/li>\n<li>Salidas m\u00e1x. 4MP (2560 \u00d7 1440) a 20 fps<\/li>\n<li>C\u00f3dec H.265, alta tasa de compresi\u00f3n, tasa de bits ultrabaja<\/li>\n<li>IR Inteligente<\/li>\n<li>ROI, SMART H.264 \/ H.265<\/li>\n<li>Modo de rotaci\u00f3n, WDR, 3D DNR, HLC, BLC<\/li>\n<li>Admite tarjeta SD 256 GMicro<\/li>\n<li>Protecci\u00f3n IP67<\/li>\n<li>Soporta Wi-Fi<\/li>\n<\/ul>\n<p>&nbsp;<\/p>\n<\/div>\n<\/div>\n<hr class=\"padding-bottom-2x\" \/>\n<div class=\"row align-items-center padding-bottom-2x\" style=\"text-align: center\">\n<div class=\"col-md-5 order-md-2\"><img decoding=\"async\" class=\"d-block m-auto img-thumbnail\" src=\"https:\/\/tvc.mx\/media\/396063\/Camara-IP-Bullet-Wifi-2-Megapixeles-Lente-2.8mm-IPC-HFW1235S-W-S2-Dahua-especificaciones.png\" alt=\" \" \/><\/div>\n<div class=\"col-md-7 order-md-1 text-md-left text-center\">\n<h2>Especificaciones<\/h2>\n<p class=\"text-muted\">\n<ul>\n<li>CMOS progresivo de 1\/3 \u201dy 4 megap\u00edxeles<\/li>\n<li>Distancia de iluminaci\u00f3n\u00a030 m<\/li>\n<li>Lente fijo 2.8 mm<\/li>\n<li>Campo de visi\u00f3n: Horizontal: 97 \u00b0 Vertical: 52 \u00b0 Diagonal: 116 \u00b0<\/li>\n<li>Compresi\u00f3n de video H.265; H.264; H.264H; H.264B; MJPEG<\/li>\n<li>DWDR<\/li>\n<li>Reducci\u00f3n de ruido 3D DNR<\/li>\n<li>Almacenamiento: FTP; SFTP; Tarjeta Micro SD (256 G); NAS<\/li>\n<li>Fuente de alimentaci\u00f3n: 12V CC<\/li>\n<\/ul>\n<p>&nbsp;<\/p>\n<\/div>\n<\/div>\n<hr class=\"padding-bottom-2x\" \/>\n<div class=\"row align-items-center padding-bottom-2x\">\n<div class=\"col-md-5\" style=\"text-align: center\"><img decoding=\"async\" class=\"d-block m-auto img-thumbnail\" src=\"https:\/\/tvc.mx\/media\/395999\/Dahua.png\" alt=\" \" \/><\/div>\n<div class=\"col-md-7 text-md-left text-center\">\n<h2 style=\"text-align: center\">Incluye<\/h2>\n<p class=\"text-muted\" style=\"text-align: center\">\n<ul>\n<li style=\"text-align: center\">C\u00e1mara\u00a0<strong>IPC-HFW1435S-W-S2<\/strong><\/li>\n<li style=\"text-align: center\">Fuente de poder<\/li>\n<li style=\"text-align: center\">Tornillos<\/li>\n<li style=\"text-align: center\">Manuales<\/li>\n<li style=\"text-align: center\">P\u00f3liza de garant\u00eda<\/li>\n<\/ul>\n<\/div>\n<\/div>\n","protected":false},"excerpt":{"rendered":"<p>Informaci\u00f3n General La c\u00e1mara modelo\u00a0\u00a0IPC-HFW1435S-W-S2\u00a0es una c\u00e1mara IP bullet wifi con una resoluci\u00f3n de 4 megap\u00edxeles que nos brinda una excelente calidad de imagen, con tecnolog\u00eda de compresi\u00f3n de video H265.\u00a0Cuenta con potentes IR con alcance de hasta 30 metros de distancia y adem\u00e1s cuenta&hellip;<\/p>\n","protected":false},"featured_media":1899,"comment_status":"open","ping_status":"closed","template":"","meta":{"om_disable_all_campaigns":false,"_monsterinsights_skip_tracking":false,"_monsterinsights_sitenote_active":false,"_monsterinsights_sitenote_note":"","_monsterinsights_sitenote_category":0},"product_brand":[],"product_cat":[110],"product_tag":[112,111,42,38,66],"class_list":{"0":"post-1900","1":"product","2":"type-product","3":"status-publish","4":"has-post-thumbnail","6":"product_cat-bullet","7":"product_tag-bala","8":"product_tag-bullet","9":"product_tag-camaras","10":"product_tag-camaras-de-seguridad","11":"product_tag-dahua","13":"first","14":"instock","15":"sale","16":"taxable","17":"shipping-taxable","18":"purchasable","19":"product-type-simple"},"aioseo_notices":[],"_links":{"self":[{"href":"https:\/\/tecsecmty.com\/index.php\/wp-json\/wp\/v2\/product\/1900","targetHints":{"allow":["GET"]}}],"collection":[{"href":"https:\/\/tecsecmty.com\/index.php\/wp-json\/wp\/v2\/product"}],"about":[{"href":"https:\/\/tecsecmty.com\/index.php\/wp-json\/wp\/v2\/types\/product"}],"replies":[{"embeddable":true,"href":"https:\/\/tecsecmty.com\/index.php\/wp-json\/wp\/v2\/comments?post=1900"}],"version-history":[{"count":1,"href":"https:\/\/tecsecmty.com\/index.php\/wp-json\/wp\/v2\/product\/1900\/revisions"}],"predecessor-version":[{"id":2378,"href":"https:\/\/tecsecmty.com\/index.php\/wp-json\/wp\/v2\/product\/1900\/revisions\/2378"}],"wp:featuredmedia":[{"embeddable":true,"href":"https:\/\/tecsecmty.com\/index.php\/wp-json\/wp\/v2\/media\/1899"}],"wp:attachment":[{"href":"https:\/\/tecsecmty.com\/index.php\/wp-json\/wp\/v2\/media?parent=1900"}],"wp:term":[{"taxonomy":"product_brand","embeddable":true,"href":"https:\/\/tecsecmty.com\/index.php\/wp-json\/wp\/v2\/product_brand?post=1900"},{"taxonomy":"product_cat","embeddable":true,"href":"https:\/\/tecsecmty.com\/index.php\/wp-json\/wp\/v2\/product_cat?post=1900"},{"taxonomy":"product_tag","embeddable":true,"href":"https:\/\/tecsecmty.com\/index.php\/wp-json\/wp\/v2\/product_tag?post=1900"}],"curies":[{"name":"wp","href":"https:\/\/api.w.org\/{rel}","templated":true}]}}