{"id":1902,"date":"2023-02-22T17:54:26","date_gmt":"2023-02-22T23:54:26","guid":{"rendered":"https:\/\/tecsecmty.com\/index.php\/producto\/dahua-ipc-hfw1439s1-a-led-s4-camara-ip-bullet-de-4-megapixeles-full-color-lente-de-2-8mm-95-grados-de-apertura-microfono-integrado-15-metros-de-iluminacion-con-luz-visible-h-265-wdr-de-120-db\/"},"modified":"2023-03-22T23:22:52","modified_gmt":"2023-03-23T05:22:52","slug":"dahua-ipc-hfw1439s1-a-led-s4-camara-ip-bullet-de-4-megapixeles-full-color-lente-de-2-8mm-95-grados-de-apertura-microfono-integrado-15-metros-de-iluminacion-con-luz-visible-h-265-wdr-de-120-db","status":"publish","type":"product","link":"https:\/\/tecsecmty.com\/index.php\/producto\/dahua-ipc-hfw1439s1-a-led-s4-camara-ip-bullet-de-4-megapixeles-full-color-lente-de-2-8mm-95-grados-de-apertura-microfono-integrado-15-metros-de-iluminacion-con-luz-visible-h-265-wdr-de-120-db\/","title":{"rendered":"DAHUA IPC-HFW1439S1-A-LED-S4 -Camara IP Bullet de 4 Megapixeles\/ Full Color\/ Lente de 2.8mm\/ 95 Grados de Apertura\/ Microfono Integrado\/ 15 Metros de Iluminaci\u00f3n con Luz Visible\/ H.265+\/ WDR de 120 dB\/ #LoNuevo"},"content":{"rendered":"<div class=\"row aling-items-center padding-bottom-2x\">\n<div class=\"col-lg-12\">\n<h5 class=\"card-title text-center\">Informaci\u00f3n general<\/h5>\n<h5 class=\"ql-align-justify\">Con caracter\u00edsticas de instalaci\u00f3n simple, f\u00e1cil operaci\u00f3n y alta relaci\u00f3n rendimiento-costo, la c\u00e1mara de red de la serie Entry de Dahua es aplicable a escenas peque\u00f1as y medianas, como hogares\/residencias, tiendas minoristas peque\u00f1as y otras peque\u00f1as y medianas. empresas<\/h5>\n<p><img decoding=\"async\" class=\"overview-center-img-web\" src=\"https:\/\/tvc.mx\/media\/613635\/DH-IPC-HFW1439S1-A-LED-S4--Camara-IP-Bullet--4-Megapixeles-Full-Color-H.265%2B-Lente-2.8mm-banner-principal.png\" alt=\"Camara IP Bullet\" \/><\/div>\n<\/div>\n<div class=\"row align-items-center padding-bottom-2x\">\n<div class=\"col-md-5\"><img decoding=\"async\" class=\"d-block m-auto img-thumbnail\" src=\"https:\/\/tvc.mx\/media\/613643\/IP67-dahua.png\" alt=\" IP67\" \/><\/div>\n<div class=\"col-md-7 text-md-left text-center\">\n<h2>Protecci\u00f3n (IP67, amplio voltaje)<\/h2>\n<p class=\"text-muted\">\n<p class=\"ql-align-justify\"><strong>IP67:<\/strong>\u00a0la c\u00e1mara pasa una serie de pruebas estrictas sobre polvo y remojo. Tiene una funci\u00f3n a prueba de polvo y la carcasa puede funcionar normalmente despu\u00e9s de sumergirse en agua a 1 m de profundidad durante 30 minutos.<\/p>\n<p class=\"ql-align-justify\"><strong>Amplio voltaje:<\/strong>\u00a0la c\u00e1mara permite una tolerancia de voltaje de entrada de \u00b130 % (para algunas fuentes de alimentaci\u00f3n) (amplio rango de voltaje) y se aplica ampliamente en ambientes exteriores con voltaje inestable.<\/p>\n<p>&nbsp;<\/p>\n<\/div>\n<\/div>\n<hr class=\"padding-bottom-2x\" \/>\n<div class=\"row align-items-center padding-bottom-2x\">\n<div class=\"col-md-5 order-md-2\"><img decoding=\"async\" class=\"d-block m-auto img-thumbnail\" src=\"https:\/\/tvc.mx\/media\/613647\/h.265plus-y-h.264plus-dahua.png\" alt=\" H.265+ \/ H.264\" \/><\/div>\n<div class=\"col-md-7 order-md-1 text-md-left text-center\">\n<h2>H.265+ inteligente y H.264+ inteligente<\/h2>\n<p class=\"text-muted\">\n<h5 class=\"ql-align-justify\">Con un algoritmo avanzado de control de velocidad adaptable a la escena, la tecnolog\u00eda de codificaci\u00f3n inteligente de Dahua logra una mayor eficiencia de codificaci\u00f3n que H.265 y H.264, proporciona video de alta calidad y reduce el costo de almacenamiento y transmisi\u00f3n.<\/h5>\n<p>&nbsp;<\/p>\n<\/div>\n<\/div>\n<hr class=\"padding-bottom-2x\" \/>\n<div class=\"row align-items-center padding-bottom-2x\">\n<div class=\"col-md-5\"><img decoding=\"async\" class=\"d-block m-auto img-thumbnail\" src=\"https:\/\/tvc.mx\/media\/613671\/full-color-dahua.png\" alt=\" Full color\" \/><\/div>\n<div class=\"col-md-7 text-md-left text-center\">\n<h2>A todo color<\/h2>\n<p class=\"text-muted\">\n<h5 class=\"ql-align-justify\">Con un sensor de alto rendimiento y una lente de gran apertura, la tecnolog\u00eda a todo color de Dahua puede mostrar im\u00e1genes claras y coloridas en un entorno de iluminaci\u00f3n ultra-baja. Con esta tecnolog\u00eda de foto-sensibilidad, la c\u00e1mara puede capturar m\u00e1s luz disponible y mostrar detalles de imagen m\u00e1s coloridos.<\/h5>\n<p>&nbsp;<\/p>\n<\/div>\n<\/div>\n<hr class=\"padding-bottom-2x\" \/>\n<div class=\"row align-items-center padding-bottom-2x\">\n<div class=\"col-md-5 order-md-2\"><img decoding=\"async\" class=\"d-block m-auto img-thumbnail\" src=\"https:\/\/tvc.mx\/media\/613675\/DH-IPC-HFW1439S1-A-LED-S4--Camara-IP-Bullet--4-Megapixeles-Full-Color-H.265%2B-Lente-2.8mm-caracteristicas-principales.png\" alt=\" \" \/><\/div>\n<div class=\"col-md-7 order-md-1 text-md-left text-center\">\n<h2>Caracter\u00edsticas Principales<\/h2>\n<p class=\"text-muted\">\n<h5><strong>\u00b7\u00a0<\/strong>Modo de rotaci\u00f3n, WDR, 3D NR, HLC, BLC, marca de agua digital, aplicable a varias escenas de monitoreo.<\/h5>\n<h5><strong>\u00b7\u00a0<\/strong>Detecci\u00f3n de anomal\u00edas: detecci\u00f3n de movimiento, manipulaci\u00f3n de video, excepci\u00f3n de audio, desconexi\u00f3n de red, conflicto de IP, acceso ilegal y detecci\u00f3n de voltaje.<\/h5>\n<h5><strong>\u00b7\u00a0<\/strong>Fuente de alimentaci\u00f3n de 12 V CC\/PoE.<\/h5>\n<h5><strong>\u00b7\u00a0<\/strong>Protecci\u00f3n IP67.<\/h5>\n<p>&nbsp;<\/p>\n<\/div>\n<\/div>\n<hr class=\"padding-bottom-2x\" \/>\n<div class=\"row align-items-center padding-bottom-2x\">\n<div class=\"col-md-5\"><img decoding=\"async\" class=\"d-block m-auto img-thumbnail\" src=\"https:\/\/tvc.mx\/media\/613679\/DH-IPC-HFW1439S1-A-LED-S4--Camara-IP-Bullet--4-Megapixeles-Full-Color-H.265%2B-Lente-2.8mm-Especificaciones-tecnicas.png\" alt=\" \" \/><\/div>\n<div class=\"col-md-7 text-md-left text-center\">\n<h2>Especificaciones T\u00e9cnicas<\/h2>\n<p class=\"text-muted\">\n<p><strong>\u00b7\u00a0<\/strong>Sensor de imagen CMOS de 1\/3&#8243; de 4 MP, baja luminancia e imagen de alta<\/p>\n<p>definici\u00f3n.<\/p>\n<p><strong>\u00b7\u00a0<\/strong>Salidas m\u00e1x. 4 MP (2560 \u00d7 1440) a 25\/30 fps.<\/p>\n<p><strong>\u00b7\u00a0<\/strong>C\u00f3dec H.265, alta tasa de compresi\u00f3n, tasa de bits ultrabaja.<\/p>\n<p><strong>\u00b7\u00a0<\/strong>Luz c\u00e1lida incorporada y el m\u00e1ximo. distancia de iluminaci\u00f3n es de 15 m.<\/p>\n<p><strong>\u00b7\u00a0<\/strong>ROI, SMART H.264+\/H.265+, codificaci\u00f3n flexible, aplicable a varios<\/p>\n<p>entornos de almacenamiento y ancho de banda.<\/p>\n<p><strong>\u00b7\u00a0<\/strong>Modo de rotaci\u00f3n, WDR, 3D NR, HLC, BLC, marca de agua digital, aplicable a<\/p>\n<p>varias escenas de monitoreo.<\/p>\n<\/div>\n<\/div>\n","protected":false},"excerpt":{"rendered":"<p>Informaci\u00f3n general Con caracter\u00edsticas de instalaci\u00f3n simple, f\u00e1cil operaci\u00f3n y alta relaci\u00f3n rendimiento-costo, la c\u00e1mara de red de la serie Entry de Dahua es aplicable a escenas peque\u00f1as y medianas, como hogares\/residencias, tiendas minoristas peque\u00f1as y otras peque\u00f1as y medianas. empresas Protecci\u00f3n (IP67, amplio voltaje)&hellip;<\/p>\n","protected":false},"featured_media":1901,"comment_status":"open","ping_status":"closed","template":"","meta":{"om_disable_all_campaigns":false,"_monsterinsights_skip_tracking":false,"_monsterinsights_sitenote_active":false,"_monsterinsights_sitenote_note":"","_monsterinsights_sitenote_category":0},"product_brand":[],"product_cat":[110],"product_tag":[112,111,42,38,66],"class_list":{"0":"post-1902","1":"product","2":"type-product","3":"status-publish","4":"has-post-thumbnail","6":"product_cat-bullet","7":"product_tag-bala","8":"product_tag-bullet","9":"product_tag-camaras","10":"product_tag-camaras-de-seguridad","11":"product_tag-dahua","13":"first","14":"instock","15":"sale","16":"taxable","17":"shipping-taxable","18":"purchasable","19":"product-type-simple"},"aioseo_notices":[],"_links":{"self":[{"href":"https:\/\/tecsecmty.com\/index.php\/wp-json\/wp\/v2\/product\/1902","targetHints":{"allow":["GET"]}}],"collection":[{"href":"https:\/\/tecsecmty.com\/index.php\/wp-json\/wp\/v2\/product"}],"about":[{"href":"https:\/\/tecsecmty.com\/index.php\/wp-json\/wp\/v2\/types\/product"}],"replies":[{"embeddable":true,"href":"https:\/\/tecsecmty.com\/index.php\/wp-json\/wp\/v2\/comments?post=1902"}],"version-history":[{"count":0,"href":"https:\/\/tecsecmty.com\/index.php\/wp-json\/wp\/v2\/product\/1902\/revisions"}],"wp:featuredmedia":[{"embeddable":true,"href":"https:\/\/tecsecmty.com\/index.php\/wp-json\/wp\/v2\/media\/1901"}],"wp:attachment":[{"href":"https:\/\/tecsecmty.com\/index.php\/wp-json\/wp\/v2\/media?parent=1902"}],"wp:term":[{"taxonomy":"product_brand","embeddable":true,"href":"https:\/\/tecsecmty.com\/index.php\/wp-json\/wp\/v2\/product_brand?post=1902"},{"taxonomy":"product_cat","embeddable":true,"href":"https:\/\/tecsecmty.com\/index.php\/wp-json\/wp\/v2\/product_cat?post=1902"},{"taxonomy":"product_tag","embeddable":true,"href":"https:\/\/tecsecmty.com\/index.php\/wp-json\/wp\/v2\/product_tag?post=1902"}],"curies":[{"name":"wp","href":"https:\/\/api.w.org\/{rel}","templated":true}]}}