{"id":1908,"date":"2023-02-22T17:54:32","date_gmt":"2023-02-22T23:54:32","guid":{"rendered":"https:\/\/tecsecmty.com\/index.php\/producto\/dahua-ipc-hfw2231s-s-s2-camara-ip-bullet-de-2-megapixeles-lente-de-2-8mm-106-grados-de-apertura-30-mts-de-ir-starlight-wdr-real-120db-ranura-microsd-ip67-poe-videoanaliticos-con-ivs-metalic\/"},"modified":"2023-03-22T23:22:52","modified_gmt":"2023-03-23T05:22:52","slug":"dahua-ipc-hfw2231s-s-s2-camara-ip-bullet-de-2-megapixeles-lente-de-2-8mm-106-grados-de-apertura-30-mts-de-ir-starlight-wdr-real-120db-ranura-microsd-ip67-poe-videoanaliticos-con-ivs-metalic","status":"publish","type":"product","link":"https:\/\/tecsecmty.com\/index.php\/producto\/dahua-ipc-hfw2231s-s-s2-camara-ip-bullet-de-2-megapixeles-lente-de-2-8mm-106-grados-de-apertura-30-mts-de-ir-starlight-wdr-real-120db-ranura-microsd-ip67-poe-videoanaliticos-con-ivs-metalic\/","title":{"rendered":"DAHUA IPC-HFW2231S-S-S2 &#8211; Camara IP Bullet de 2 Megapixeles\/ Lente de 2.8mm\/ 106 Grados de Apertura\/ 30 Mts de IR\/ Starlight\/ WDR Real 120dB\/ Ranura MicroSD\/ IP67\/PoE\/ Videoanaliticos con IVS\/ Met\u00e1lica\/"},"content":{"rendered":"<div class=\"row aling-items-center padding-bottom-2x\">\n<div class=\"col-lg-12\">\n<h5 class=\"card-title text-center\">Informaci\u00f3n General<\/h5>\n<p>Con tecnolog\u00eda de codificaci\u00f3n H.265 mejorada, la c\u00e1mara de la serie Dahua Lite tiene una capacidad de codificaci\u00f3n de v\u00eddeo eficiente, lo que ahorra ancho de banda y espacio de almacenamiento. Esta c\u00e1mara adopta la \u00faltima tecnolog\u00eda STARLIGTH y muestra una mejor imagen colorida en un entorno de poca<\/p>\n<p>iluminaci\u00f3n. Admite almacenamiento en tarjeta SD, funci\u00f3n a prueba de agua, funci\u00f3n a prueba de polvo, cumpliendo con los est\u00e1ndares de IP67.<\/p>\n<p><img decoding=\"async\" class=\"overview-center-img-web\" src=\"https:\/\/tvc.mx\/media\/413347\/Camara-IP-bullet-starlight-wdr-real-120-dB-IPC-HFW2231S-S-S2-Dahua.png\" alt=\"\" \/><\/div>\n<\/div>\n<div class=\"row align-items-center padding-bottom-2x\">\n<div class=\"col-md-5 order-md-2\"><img decoding=\"async\" class=\"d-block m-auto img-thumbnail\" src=\"https:\/\/tvc.mx\/media\/413351\/codificacion-h.265-dahua.png\" alt=\" \" \/><\/div>\n<div class=\"col-md-7 order-md-1 text-md-left text-center\">\n<h2>Compresi\u00f3n H.265+<\/h2>\n<p class=\"text-muted\">\n<p>Ofrece la implementaci\u00f3n optimizada de la compresi\u00f3n de v\u00eddeo est\u00e1ndar ( H.265 y H.264), utiliza m\u00e9todos de compresi\u00f3n de datos sin p\u00e9rdida y reducci\u00f3n inteligente de ruido para ofrecer v\u00eddeos de alta calidad sin forzar la red. Smart Codec reduce la tasa de bits y los requisitos de almacenamiento en un 70 &#8211; 90% comparado con la compresi\u00f3n de v\u00eddeo est\u00e1ndar.<\/p>\n<p>&nbsp;<\/p>\n<\/div>\n<\/div>\n<hr class=\"padding-bottom-2x\" \/>\n<div class=\"row align-items-center padding-bottom-2x\">\n<div class=\"col-md-5\"><img decoding=\"async\" class=\"d-block m-auto img-thumbnail\" src=\"https:\/\/tvc.mx\/media\/413355\/Starlight-Dahua.png\" alt=\" \" \/><\/div>\n<div class=\"col-md-7 text-md-left text-center\">\n<h2>Smart IR<\/h2>\n<p class=\"text-muted\">\n<p>Con la iluminaci\u00f3n IR, las im\u00e1genes detalladas se pueden capturar con poca luz o oscuridad total. La tecnolog\u00eda Smart IR ajusta la intensidad de los LED infrarrojos para compensar la distancia de un objeto evitando\u00a0que los LEDs IR borren las im\u00e1genes a medida que se acercan a la c\u00e1mara. La iluminaci\u00f3n infrarroja integrada de la c\u00e1mara proporciona un alto rendimiento en entornos con poca luz extrema de hasta\u00a030 mts<\/p>\n<p>&nbsp;<\/p>\n<\/div>\n<\/div>\n<hr class=\"padding-bottom-2x\" \/>\n<div class=\"row align-items-center padding-bottom-2x\">\n<div class=\"col-md-5 order-md-2\"><img decoding=\"async\" class=\"d-block m-auto img-thumbnail\" src=\"https:\/\/tvc.mx\/media\/413359\/PoE-Inteligente-Dahua.png\" alt=\" \" \/><\/div>\n<div class=\"col-md-7 order-md-1 text-md-left text-center\">\n<h2>Alimentaci\u00f3n PoE<\/h2>\n<p class=\"text-muted\">\n<p>Nuestra c\u00e1mara\u00a0<strong>IPC-HFW2231S-S-S2<\/strong>\u00a0se puede alimentar por medio de la tecnolog\u00eda PoE, esta hace posible energizar la c\u00e1mara por medio del cable de red ( utp ) sin necesidad de alimentarla con una fuente de energ\u00eda tradicional. Con esto nuestra instalaci\u00f3n ser\u00e1 m\u00e1s f\u00e1cil y est\u00e9tica.<\/p>\n<p>&nbsp;<\/p>\n<\/div>\n<\/div>\n<hr class=\"padding-bottom-2x\" \/>\n<div class=\"row align-items-center padding-bottom-2x\">\n<div class=\"col-md-5\"><img decoding=\"async\" class=\"d-block m-auto img-thumbnail\" src=\"https:\/\/tvc.mx\/media\/413363\/IVS-Dahua.png\" alt=\" \" \/><\/div>\n<div class=\"col-md-7 text-md-left text-center\">\n<h2>V\u00eddeo Inteligente<\/h2>\n<p class=\"text-muted\">\n<p>Cuenta con\u00a0funciones\u00a0IVS por lo que tiene la capacidad de detectar y\u00a0analizar objetos en movimiento para mejorar la vigilancia por v\u00eddeo.<\/p>\n<ul>\n<li class=\"ql-align-justify\">Tripwire.<\/li>\n<li class=\"ql-align-justify\">Intrusi\u00f3n<\/li>\n<\/ul>\n<p>&nbsp;<\/p>\n<\/div>\n<\/div>\n<hr class=\"padding-bottom-2x\" \/>\n<div class=\"row align-items-center padding-bottom-2x\">\n<div class=\"col-md-5 order-md-2\"><img decoding=\"async\" class=\"d-block m-auto img-thumbnail\" src=\"https:\/\/tvc.mx\/media\/413367\/Camara-IP-bullet-starlight-wdr-real-120-dB-IPC-HFW2231S-S-S2-Dahua-caracteristicas.png\" alt=\" \" \/><\/div>\n<div class=\"col-md-7 order-md-1 text-md-left text-center\">\n<h2>Caracter\u00edsticas Principales<\/h2>\n<p class=\"text-muted\">\n<ul>\n<li>Sensor de imagen CMOS de 2MP, 1 \/ 2.8 \u201d, baja iluminaci\u00f3n, alta definici\u00f3n de imagen<\/li>\n<li>Salidas m\u00e1x. 2MP (1920 \u00d7 1080) @ 25\/30 fps<\/li>\n<li>C\u00f3dec H.265<\/li>\n<li>LED IR integrado<\/li>\n<li>ROI, SMART H.264 \/ H.265<\/li>\n<li>Modo de rotaci\u00f3n, WDR, 3D DNR, HLC, BLC<\/li>\n<li>Detecci\u00f3n de anomal\u00edas: detecci\u00f3n de movimiento, manipulaci\u00f3n de v\u00eddeo, sin tarjeta SD, tarjeta SD llena, error de tarjeta SD, desconexi\u00f3n de red, conflicto de IP, acceso ilegal, detecci\u00f3n de voltaje<\/li>\n<li>Protecci\u00f3n IP67<\/li>\n<\/ul>\n<p>&nbsp;<\/p>\n<\/div>\n<\/div>\n<hr class=\"padding-bottom-2x\" \/>\n<div class=\"row align-items-center padding-bottom-2x\">\n<div class=\"col-md-5\"><img decoding=\"async\" class=\"d-block m-auto img-thumbnail\" src=\"https:\/\/tvc.mx\/media\/413371\/Camara-IP-bullet-starlight-wdr-real-120-dB-IPC-HFW2231S-S-S2-Dahua-especificaciones.png\" alt=\" \" \/><\/div>\n<div class=\"col-md-7 text-md-left text-center\">\n<h2>Especificaciones<\/h2>\n<p class=\"text-muted\">\n<ul>\n<li>1 \/ 2.8 \u00abCMOS progresivo de 2 megap\u00edxeles<\/li>\n<li>Distancia IR: 30 m<\/li>\n<li>Lente Fijo 2.8mm<\/li>\n<li>Campo de visi\u00f3n: Pan: 106 \u00b0 Inclinaci\u00f3n: 56 \u00b0 Diagonal: 126 \u00b0<\/li>\n<li>An\u00e1lisis general de IVS: Tripwire intrusi\u00f3n<\/li>\n<li>Compresi\u00f3n de video H.265; H.264; H.264B; MJPEG<\/li>\n<li>BLC \/ HLC<\/li>\n<li>WDR real 120 dB<\/li>\n<li>Reducci\u00f3n de ruido: DNR 3D<\/li>\n<li>Fuente de alimentaci\u00f3n: 12V DC \/ PoE (802.3af)<\/li>\n<li>Protecci\u00f3n de ingreso: IP67<\/li>\n<li>Metal: Metal<\/li>\n<\/ul>\n<\/div>\n<\/div>\n","protected":false},"excerpt":{"rendered":"<p>Informaci\u00f3n General Con tecnolog\u00eda de codificaci\u00f3n H.265 mejorada, la c\u00e1mara de la serie Dahua Lite tiene una capacidad de codificaci\u00f3n de v\u00eddeo eficiente, lo que ahorra ancho de banda y espacio de almacenamiento. Esta c\u00e1mara adopta la \u00faltima tecnolog\u00eda STARLIGTH y muestra una mejor imagen&hellip;<\/p>\n","protected":false},"featured_media":1907,"comment_status":"open","ping_status":"closed","template":"","meta":{"om_disable_all_campaigns":false,"_monsterinsights_skip_tracking":false,"_monsterinsights_sitenote_active":false,"_monsterinsights_sitenote_note":"","_monsterinsights_sitenote_category":0},"product_brand":[],"product_cat":[110],"product_tag":[112,111,42,38,66],"class_list":{"0":"post-1908","1":"product","2":"type-product","3":"status-publish","4":"has-post-thumbnail","6":"product_cat-bullet","7":"product_tag-bala","8":"product_tag-bullet","9":"product_tag-camaras","10":"product_tag-camaras-de-seguridad","11":"product_tag-dahua","13":"first","14":"instock","15":"sale","16":"taxable","17":"shipping-taxable","18":"purchasable","19":"product-type-simple"},"aioseo_notices":[],"_links":{"self":[{"href":"https:\/\/tecsecmty.com\/index.php\/wp-json\/wp\/v2\/product\/1908","targetHints":{"allow":["GET"]}}],"collection":[{"href":"https:\/\/tecsecmty.com\/index.php\/wp-json\/wp\/v2\/product"}],"about":[{"href":"https:\/\/tecsecmty.com\/index.php\/wp-json\/wp\/v2\/types\/product"}],"replies":[{"embeddable":true,"href":"https:\/\/tecsecmty.com\/index.php\/wp-json\/wp\/v2\/comments?post=1908"}],"version-history":[{"count":0,"href":"https:\/\/tecsecmty.com\/index.php\/wp-json\/wp\/v2\/product\/1908\/revisions"}],"wp:featuredmedia":[{"embeddable":true,"href":"https:\/\/tecsecmty.com\/index.php\/wp-json\/wp\/v2\/media\/1907"}],"wp:attachment":[{"href":"https:\/\/tecsecmty.com\/index.php\/wp-json\/wp\/v2\/media?parent=1908"}],"wp:term":[{"taxonomy":"product_brand","embeddable":true,"href":"https:\/\/tecsecmty.com\/index.php\/wp-json\/wp\/v2\/product_brand?post=1908"},{"taxonomy":"product_cat","embeddable":true,"href":"https:\/\/tecsecmty.com\/index.php\/wp-json\/wp\/v2\/product_cat?post=1908"},{"taxonomy":"product_tag","embeddable":true,"href":"https:\/\/tecsecmty.com\/index.php\/wp-json\/wp\/v2\/product_tag?post=1908"}],"curies":[{"name":"wp","href":"https:\/\/api.w.org\/{rel}","templated":true}]}}