{"id":1910,"date":"2023-02-22T17:54:34","date_gmt":"2023-02-22T23:54:34","guid":{"rendered":"https:\/\/tecsecmty.com\/index.php\/producto\/dahua-ipc-hfw2239s-sa-led-28-camara-bullet-ip-de-2-megapixeles-full-color-lente-de-2-8-mm-microfono-integrado-107-grados-de-apertura-h-265-leds-para-30-mts-metalica-wdr-real-ranura-para-mi\/"},"modified":"2023-03-22T23:22:52","modified_gmt":"2023-03-23T05:22:52","slug":"dahua-ipc-hfw2239s-sa-led-28-camara-bullet-ip-de-2-megapixeles-full-color-lente-de-2-8-mm-microfono-integrado-107-grados-de-apertura-h-265-leds-para-30-mts-metalica-wdr-real-ranura-para-mi","status":"publish","type":"product","link":"https:\/\/tecsecmty.com\/index.php\/producto\/dahua-ipc-hfw2239s-sa-led-28-camara-bullet-ip-de-2-megapixeles-full-color-lente-de-2-8-mm-microfono-integrado-107-grados-de-apertura-h-265-leds-para-30-mts-metalica-wdr-real-ranura-para-mi\/","title":{"rendered":"DAHUA IPC-HFW2239S-SA-LED-28 &#8211; Camara Bullet IP de 2 Megapixeles\/ Full Color\/ Lente de 2.8 mm\/ Microfono Integrado\/ 107 Grados de Apertura\/ H.265+\/ Leds para 30 Mts\/ Metalica\/ WDR Real\/ Ranura para MicroSD\/ IP67\/ PoE\/"},"content":{"rendered":"<div class=\"row aling-items-center padding-bottom-2x\">\n<div class=\"col-lg-12\">\n<h5 class=\"card-title text-center\">Informaci\u00f3n General<\/h5>\n<p>Esta c\u00e1mara adopta la \u00faltima tecnolog\u00eda Starligth y muestra una mejor imagen en color en condiciones de poca iluminaci\u00f3n. Admite almacenamiento en tarjeta SD, funci\u00f3n a prueba de polvo, funci\u00f3n a prueba de agua y funci\u00f3n a prueba de vandalismo, cumpliendo con los est\u00e1ndares de IP67.<\/p>\n<p><img decoding=\"async\" class=\"overview-center-img-web\" src=\"https:\/\/tvc.mx\/media\/396939\/camara-bullet-ip-de-2-megapixeles-fullcolor-microfono-integrado-IPC-HFW2239S-SA-LED-Dahua.png\" alt=\"\" \/><\/div>\n<\/div>\n<div class=\"row align-items-center padding-bottom-2x\">\n<div class=\"col-md-5 order-md-2\"><img decoding=\"async\" class=\"d-block m-auto img-thumbnail\" src=\"https:\/\/tvc.mx\/media\/257175\/fullcolor.png\" alt=\" \" \/><\/div>\n<div class=\"col-md-7 order-md-1 text-md-left text-center\">\n<h2>Full Color<\/h2>\n<p class=\"text-muted\">\n<p>Con sensor de alto rendimiento y lente de gran apertura. La tecnolog\u00eda puede mostrar una imagen clara y colorida en un entorno de iluminaci\u00f3n ultra baja. Con esta tecnolog\u00eda de fotosensibilidad, la c\u00e1mara puede capturar m\u00e1s luz disponible y muestre detalles de imagen m\u00e1s coloridos.<\/p>\n<p>&nbsp;<\/p>\n<\/div>\n<\/div>\n<hr class=\"padding-bottom-2x\" \/>\n<div class=\"row align-items-center padding-bottom-2x\">\n<div class=\"col-md-5\"><img decoding=\"async\" class=\"d-block m-auto img-thumbnail\" src=\"https:\/\/tvc.mx\/media\/396943\/WDR-Dahua.png\" alt=\" \" \/><\/div>\n<div class=\"col-md-7 text-md-left text-center\">\n<h2>WDR<\/h2>\n<p class=\"text-muted\">\n<p>Con tecnolog\u00eda avanzada de amplio rango din\u00e1mico (WDR), red Dahua. La c\u00e1mara proporciona detalles claros en un entorno de fuerte brillo, contraste. El \u00e1rea brillante y oscura puede obtener videos n\u00edtidos incluso en alta ambiente de brillo o con sombra de luz de fondo.<\/p>\n<p>&nbsp;<\/p>\n<\/div>\n<\/div>\n<hr class=\"padding-bottom-2x\" \/>\n<div class=\"row align-items-center padding-bottom-2x\">\n<div class=\"col-md-5 order-md-2\"><img decoding=\"async\" class=\"d-block m-auto img-thumbnail\" src=\"https:\/\/tvc.mx\/media\/396947\/smart-H.265%2B-y-h.264%2B.png\" alt=\" \" \/><\/div>\n<div class=\"col-md-7 order-md-1 text-md-left text-center\">\n<h2>Smart H.265 + y Smart H.264 +<\/h2>\n<p class=\"text-muted\">\n<p>Con un algoritmo avanzado de control de velocidad adaptativo a la escena, Dahua smart. La tecnolog\u00eda de codificaci\u00f3n se da cuenta de la mayor eficiencia de codificaci\u00f3n que H.265 y H.264, proporciona video de alta calidad y reduce el costo de almacenamiento y transmisi\u00f3n.<\/p>\n<p>&nbsp;<\/p>\n<\/div>\n<\/div>\n<hr class=\"padding-bottom-2x\" \/>\n<div class=\"row align-items-center padding-bottom-2x\">\n<div class=\"col-md-5\"><img decoding=\"async\" class=\"d-block m-auto img-thumbnail\" src=\"https:\/\/tvc.mx\/media\/396971\/camara-bullet-ip-de-2-megapixeles-fullcolor-microfono-integrado-IPC-HFW2239S-SA-LED-Dahua-pp-caracteristicas.png\" alt=\" \" \/><\/div>\n<div class=\"col-md-7 text-md-left text-center\">\n<h2>Principales caracter\u00edsticas<\/h2>\n<p class=\"text-muted\">\n<ul>\n<li>WDR &#8211; 120 dB &#8211; Amplio rango din\u00e1mico de la iluminaci\u00f3n<\/li>\n<li>3D-DNR &#8211; Reducci\u00f3n digital de ruido en la imagen<\/li>\n<li>ROI &#8211; mejora de la calidad de las partes seleccionadas de la imagen<\/li>\n<li>BLC\/HLC &#8211; compensaci\u00f3n de luz de fondo \/ luz alta<\/li>\n<li>Posibilidad de cambiar la resoluci\u00f3n, calidad y tasa de bits<\/li>\n<li>Detecci\u00f3n de movimiento<\/li>\n<li>Zonas de privacidad configurables<\/li>\n<li>Mirror &#8211; Imagen de espejo<\/li>\n<li>An\u00e1lisis IVS\u00a0:\u00a0intrusi\u00f3n,\u00a0cruzamiento de la l\u00ednea (cable trampa)<\/li>\n<\/ul>\n<p>&nbsp;<\/p>\n<\/div>\n<\/div>\n<hr class=\"padding-bottom-2x\" \/>\n<div class=\"row align-items-center padding-bottom-2x\">\n<div class=\"col-md-5 order-md-2\"><img decoding=\"async\" class=\"d-block m-auto img-thumbnail\" src=\"https:\/\/tvc.mx\/media\/396975\/camara-bullet-ip-de-2-megapixeles-fullcolor-microfono-integrado-IPC-HFW2239S-SA-LED-Dahua-especificaciones.png\" alt=\" \" \/><\/div>\n<div class=\"col-md-7 order-md-1 text-md-left text-center\">\n<h2>Especificaciones<\/h2>\n<p class=\"text-muted\">\n<ul>\n<li>1\/2.8\u00a0\u00bb CMOS<\/li>\n<li>2 megap\u00edxeles<\/li>\n<li>Lente fijo 2.8mm<\/li>\n<li>\u00c1ngulo de visi\u00f3n:107\u00a0\u00b0<\/li>\n<li>Alcance del iluminador de luz blanca (LED):30\u00a0m<\/li>\n<li>M\u00e9todo de compresi\u00f3n de im\u00e1genes:H.265+ \/\u00a0H.265\u00a0\/ H.264+ \/\u00a0H.264\u00a0\/\u00a0MJPEG<\/li>\n<li>Micr\u00f3fono integrado<\/li>\n<li>Transmisi\u00f3n de audio por la red<\/li>\n<li>Detecci\u00f3n de audio<\/li>\n<li>Alimentaci\u00f3n: PoE (802.3af),12\u00a0V\u00a0DC\u00a0\/ 500\u00a0mA<\/li>\n<li>Carcasa: Metal<\/li>\n<li>Grado de protecci\u00f3n:IP67<\/li>\n<\/ul>\n<\/div>\n<\/div>\n","protected":false},"excerpt":{"rendered":"<p>Informaci\u00f3n General Esta c\u00e1mara adopta la \u00faltima tecnolog\u00eda Starligth y muestra una mejor imagen en color en condiciones de poca iluminaci\u00f3n. Admite almacenamiento en tarjeta SD, funci\u00f3n a prueba de polvo, funci\u00f3n a prueba de agua y funci\u00f3n a prueba de vandalismo, cumpliendo con los&hellip;<\/p>\n","protected":false},"featured_media":1909,"comment_status":"open","ping_status":"closed","template":"","meta":{"om_disable_all_campaigns":false,"_monsterinsights_skip_tracking":false,"_monsterinsights_sitenote_active":false,"_monsterinsights_sitenote_note":"","_monsterinsights_sitenote_category":0},"product_brand":[],"product_cat":[110],"product_tag":[112,111,42,38,66],"class_list":{"0":"post-1910","1":"product","2":"type-product","3":"status-publish","4":"has-post-thumbnail","6":"product_cat-bullet","7":"product_tag-bala","8":"product_tag-bullet","9":"product_tag-camaras","10":"product_tag-camaras-de-seguridad","11":"product_tag-dahua","13":"first","14":"instock","15":"sale","16":"taxable","17":"shipping-taxable","18":"purchasable","19":"product-type-simple"},"aioseo_notices":[],"_links":{"self":[{"href":"https:\/\/tecsecmty.com\/index.php\/wp-json\/wp\/v2\/product\/1910","targetHints":{"allow":["GET"]}}],"collection":[{"href":"https:\/\/tecsecmty.com\/index.php\/wp-json\/wp\/v2\/product"}],"about":[{"href":"https:\/\/tecsecmty.com\/index.php\/wp-json\/wp\/v2\/types\/product"}],"replies":[{"embeddable":true,"href":"https:\/\/tecsecmty.com\/index.php\/wp-json\/wp\/v2\/comments?post=1910"}],"version-history":[{"count":0,"href":"https:\/\/tecsecmty.com\/index.php\/wp-json\/wp\/v2\/product\/1910\/revisions"}],"wp:featuredmedia":[{"embeddable":true,"href":"https:\/\/tecsecmty.com\/index.php\/wp-json\/wp\/v2\/media\/1909"}],"wp:attachment":[{"href":"https:\/\/tecsecmty.com\/index.php\/wp-json\/wp\/v2\/media?parent=1910"}],"wp:term":[{"taxonomy":"product_brand","embeddable":true,"href":"https:\/\/tecsecmty.com\/index.php\/wp-json\/wp\/v2\/product_brand?post=1910"},{"taxonomy":"product_cat","embeddable":true,"href":"https:\/\/tecsecmty.com\/index.php\/wp-json\/wp\/v2\/product_cat?post=1910"},{"taxonomy":"product_tag","embeddable":true,"href":"https:\/\/tecsecmty.com\/index.php\/wp-json\/wp\/v2\/product_tag?post=1910"}],"curies":[{"name":"wp","href":"https:\/\/api.w.org\/{rel}","templated":true}]}}