{"id":1912,"date":"2023-02-22T17:54:36","date_gmt":"2023-02-22T23:54:36","guid":{"rendered":"https:\/\/tecsecmty.com\/index.php\/producto\/dahua-ipc-hfw2249s-s-il-camara-bullet-ip-2-megapixeles-iluminador-dual-inteligentefull-color-wizsense-lente-de-2-8mm-107-grados-microfono-integrado-30-mts-de-ir-y-luz-visible-metalica-ranur\/"},"modified":"2023-03-22T23:22:52","modified_gmt":"2023-03-23T05:22:52","slug":"dahua-ipc-hfw2249s-s-il-camara-bullet-ip-2-megapixeles-iluminador-dual-inteligentefull-color-wizsense-lente-de-2-8mm-107-grados-microfono-integrado-30-mts-de-ir-y-luz-visible-metalica-ranur","status":"publish","type":"product","link":"https:\/\/tecsecmty.com\/index.php\/producto\/dahua-ipc-hfw2249s-s-il-camara-bullet-ip-2-megapixeles-iluminador-dual-inteligentefull-color-wizsense-lente-de-2-8mm-107-grados-microfono-integrado-30-mts-de-ir-y-luz-visible-metalica-ranur\/","title":{"rendered":"DAHUA IPC-HFW2249S-S-IL &#8211; Camara Bullet IP 2 Megapixeles\/ Iluminador Dual Inteligente+Full Color\/ WizSense\/ Lente de 2.8mm\/ 107 Grados\/ Microfono Integrado\/ 30 Mts de IR y Luz Visible\/ Metalica\/ Ranura MicroSD\/ WDR 120dB\/ SMD Plus\/ PoE\/ #LoNuevo"},"content":{"rendered":"<div class=\"row aling-items-center padding-bottom-2x\">\n<div class=\"col-lg-12\">\n<h5 class=\"card-title text-center\">Informaci\u00f3n general<\/h5>\n<p class=\"ql-align-justify\">Con un algoritmo avanzado de aprendizaje profundo, la c\u00e1mara de red de la serie Dahua WizSense 2 admite funciones inteligentes, como protecci\u00f3n perimetral y detecci\u00f3n de movimiento inteligente. Con la tecnolog\u00eda Starlight, esta c\u00e1mara de la serie proporciona un mejor efecto de imagen en condiciones de baja iluminaci\u00f3n.<\/p>\n<p><img decoding=\"async\" class=\"overview-center-img-web\" src=\"https:\/\/tvc.mx\/media\/617207\/DAHUA-DH-IPC-HFW2249S-S-IL---Camara-Bullet-IP-Smart-Dual-Illumination--Megapixeles-WizSense-Banner-principal.png\" alt=\"Camara bullet\" \/><\/div>\n<\/div>\n<div class=\"row align-items-center padding-bottom-2x\">\n<div class=\"col-md-5\"><img decoding=\"async\" class=\"d-block m-auto img-thumbnail\" src=\"https:\/\/tvc.mx\/media\/617219\/Iluminadores-inteligentes-dahua.png\" alt=\" \" \/><\/div>\n<div class=\"col-md-7 text-md-left text-center\">\n<h2>Iluminadores duales inteligentes<\/h2>\n<p class=\"text-muted\">\n<p class=\"ql-align-justify\">La tecnolog\u00eda Dahua Smart Dual Illuminators adopta un algoritmo inteligente para detectar objetivos. Por lo general, el iluminador IR est\u00e1 encendido durante la noche; cuando el objetivo aparece en el \u00e1rea de monitoreo, la luz blanca est\u00e1 encendida y la c\u00e1mara graba el video a todo color y la informaci\u00f3n de los eventos clave. Es decir, la c\u00e1mara vincula la instant\u00e1nea y el video con una imagen a todo color. Cuando el objetivo est\u00e1 fuera del \u00e1rea de monitoreo, la luz blanca est\u00e1 apagada y el iluminador IR est\u00e1 encendido, lo que reduce la contaminaci\u00f3n lum\u00ednica de manera eficiente.<\/p>\n<p>&nbsp;<\/p>\n<\/div>\n<\/div>\n<hr class=\"padding-bottom-2x\" \/>\n<div class=\"row align-items-center padding-bottom-2x\">\n<div class=\"col-md-5 order-md-2\"><img decoding=\"async\" class=\"d-block m-auto img-thumbnail\" src=\"https:\/\/tvc.mx\/media\/617227\/SMD-plus-Dahua.png\" alt=\" SMD m\u00e1s\" \/><\/div>\n<div class=\"col-md-7 order-md-1 text-md-left text-center\">\n<h2>SMD m\u00e1s<\/h2>\n<p class=\"text-muted\">\n<p class=\"ql-align-justify\">Con un algoritmo inteligente, la tecnolog\u00eda de detecci\u00f3n de movimiento inteligente de Dahua puede categorizar los objetivos que activan la detecci\u00f3n de movimiento y filtrar la alarma de detecci\u00f3n de movimiento activada por objetivos no afectados para generar una alarma efectiva y precisa.<\/p>\n<p>&nbsp;<\/p>\n<\/div>\n<\/div>\n<hr class=\"padding-bottom-2x\" \/>\n<div class=\"row align-items-center padding-bottom-2x\">\n<div class=\"col-md-5\"><img decoding=\"async\" class=\"d-block m-auto img-thumbnail\" src=\"https:\/\/tvc.mx\/media\/617259\/full-color-dahua.png\" alt=\" A todo color\" \/><\/div>\n<div class=\"col-md-7 text-md-left text-center\">\n<h2>A todo color<\/h2>\n<p class=\"text-muted\">\n<p class=\"ql-align-justify\">Con un sensor de alto rendimiento y una lente de gran apertura, la tecnolog\u00eda a todo color de Dahua puede mostrar im\u00e1genes claras y coloridas en un entorno de iluminaci\u00f3n ultrabaja. Con esta tecnolog\u00eda de foto-sensibilidad, la c\u00e1mara puede capturar m\u00e1s luz disponible y mostrar detalles de imagen m\u00e1s coloridos.<\/p>\n<p>&nbsp;<\/p>\n<\/div>\n<\/div>\n<hr class=\"padding-bottom-2x\" \/>\n<div class=\"row align-items-center padding-bottom-2x\">\n<div class=\"col-md-5 order-md-2\"><img decoding=\"async\" class=\"d-block m-auto img-thumbnail\" src=\"https:\/\/tvc.mx\/media\/617267\/h.265plus-y-h.264plus-dahua.png\" alt=\" \" \/><\/div>\n<div class=\"col-md-7 order-md-1 text-md-left text-center\">\n<h2>H.265+ inteligente y H.264+ inteligente<\/h2>\n<p class=\"text-muted\">\n<p class=\"ql-align-justify\">Con un algoritmo avanzado de control de velocidad adaptable a la escena, la tecnolog\u00eda de codificaci\u00f3n inteligente de Dahua logra una mayor eficiencia de codificaci\u00f3n que H.265 y H.264, proporciona video de alta calidad y reduce el costo de almacenamiento y transmisi\u00f3n.<\/p>\n<p>&nbsp;<\/p>\n<\/div>\n<\/div>\n<hr class=\"padding-bottom-2x\" \/>\n<div class=\"row align-items-center padding-bottom-2x\">\n<div class=\"col-md-5\"><img decoding=\"async\" class=\"d-block m-auto img-thumbnail\" src=\"https:\/\/tvc.mx\/media\/617271\/IP67-dahua.png\" alt=\" \" \/><\/div>\n<div class=\"col-md-7 text-md-left text-center\">\n<h2>Protecci\u00f3n (IP67, amplio voltaje)<\/h2>\n<p class=\"text-muted\">\n<p><strong>IP67:<\/strong>\u00a0la c\u00e1mara pasa una serie de pruebas estrictas sobre polvo y remojo. Tiene una funci\u00f3n a prueba de polvo y la carcasa puede funcionar normalmente despu\u00e9s de sumergirse en agua a 1 m de profundidad durante 30 minutos.<\/p>\n<p><strong>Amplio voltaje:<\/strong>\u00a0la c\u00e1mara permite una tolerancia de voltaje de entrada de \u00b130 % (para algunas fuentes de alimentaci\u00f3n) (amplio rango de voltaje) y se aplica ampliamente en ambientes exteriores con voltaje inestable.<\/p>\n<p>&nbsp;<\/p>\n<\/div>\n<\/div>\n<hr class=\"padding-bottom-2x\" \/>\n<div class=\"row align-items-center padding-bottom-2x\">\n<div class=\"col-md-5 order-md-2\"><img decoding=\"async\" class=\"d-block m-auto img-thumbnail\" src=\"https:\/\/tvc.mx\/media\/617275\/DAHUA-DH-IPC-HFW2249S-S-IL---Camara-Bullet-IP-Smart-Dual-Illumination--Megapixeles-WizSense-caracteristicas-principales.png\" alt=\" caracter\u00edsticas\" \/><\/div>\n<div class=\"col-md-7 order-md-1 text-md-left text-center\">\n<h2>Caracter\u00edsticas Principales<\/h2>\n<p class=\"text-muted\">\n<p><strong>\u00b7\u00a0<\/strong>Modo de rotaci\u00f3n, WDR, 3D NR, HLC, BLC, marca de agua digital, aplicable a<\/p>\n<p>varias escenas de monitoreo.<\/p>\n<p><strong>\u00b7\u00a0<\/strong>Monitoreo inteligente: Intrusi\u00f3n, cable trampa (las dos funciones admiten la<\/p>\n<p>clasificaci\u00f3n y detecci\u00f3n precisa de veh\u00edculos y humanos).<\/p>\n<p><strong>\u00b7\u00a0<\/strong>Soporta m\u00e1x. Tarjeta Micro SD de 256G; Micr\u00f3fono integrado.<\/p>\n<p><strong>\u00b7\u00a0<\/strong>Fuente de alimentaci\u00f3n de 12 VDC\/PoE, f\u00e1cil de instalar.<\/p>\n<p><strong>\u00b7\u00a0<\/strong>Protecci\u00f3n IP67.<\/p>\n<p><strong>\u00b7\u00a0<\/strong>SMD Plus.<\/p>\n<p>&nbsp;<\/p>\n<\/div>\n<\/div>\n<hr class=\"padding-bottom-2x\" \/>\n<div class=\"row align-items-center padding-bottom-2x\">\n<div class=\"col-md-5 order-md-2\"><img decoding=\"async\" class=\"d-block m-auto img-thumbnail\" src=\"https:\/\/tvc.mx\/media\/617283\/DAHUA-DH-IPC-HFW2249S-S-IL---Camara-Bullet-IP-Smart-Dual-Illumination--Megapixeles-WizSense-Especificaciones-tecnicas.png\" alt=\" dimensiones\" \/><\/div>\n<div class=\"col-md-7 order-md-1 text-md-left text-center\">\n<h2>Especificaciones T\u00e9cnicas<\/h2>\n<p class=\"text-muted\">\n<p><strong>\u00b7<\/strong>CMOS de 1\/2,8&#8243;<\/p>\n<p><strong>\u00b7<\/strong>M\u00e1x. Resoluci\u00f3n 1920 (H) x 1080 (v)<\/p>\n<p><strong>\u00b7<\/strong>ROM 128 MB<\/p>\n<p><strong>\u00b7<\/strong>RAM 128 MB<\/p>\n<p><strong>\u00b7<\/strong>Sistema de escaneo progresivo<\/p>\n<p><strong>\u00b7<\/strong>Velocidad de obturaci\u00f3n electr\u00f3nica:\u00a0Autom\u00e1tico\/Manual 1\/3 s\u20131\/100 000s<\/p>\n<p><strong>\u00b7<\/strong>M\u00edn. Iluminaci\u00f3n:0,002 lux a F1,6 (color, 30 IRE) 0,0002 lux a F1,6 (B\/N, 30 IRE) 0 lux (iluminador encendido)<\/p>\n<\/div>\n<\/div>\n","protected":false},"excerpt":{"rendered":"<p>Informaci\u00f3n general Con un algoritmo avanzado de aprendizaje profundo, la c\u00e1mara de red de la serie Dahua WizSense 2 admite funciones inteligentes, como protecci\u00f3n perimetral y detecci\u00f3n de movimiento inteligente. Con la tecnolog\u00eda Starlight, esta c\u00e1mara de la serie proporciona un mejor efecto de imagen&hellip;<\/p>\n","protected":false},"featured_media":1911,"comment_status":"open","ping_status":"closed","template":"","meta":{"om_disable_all_campaigns":false,"_monsterinsights_skip_tracking":false,"_monsterinsights_sitenote_active":false,"_monsterinsights_sitenote_note":"","_monsterinsights_sitenote_category":0},"product_brand":[],"product_cat":[110],"product_tag":[112,111,42,38,66],"class_list":{"0":"post-1912","1":"product","2":"type-product","3":"status-publish","4":"has-post-thumbnail","6":"product_cat-bullet","7":"product_tag-bala","8":"product_tag-bullet","9":"product_tag-camaras","10":"product_tag-camaras-de-seguridad","11":"product_tag-dahua","13":"first","14":"instock","15":"sale","16":"taxable","17":"shipping-taxable","18":"purchasable","19":"product-type-simple"},"aioseo_notices":[],"_links":{"self":[{"href":"https:\/\/tecsecmty.com\/index.php\/wp-json\/wp\/v2\/product\/1912","targetHints":{"allow":["GET"]}}],"collection":[{"href":"https:\/\/tecsecmty.com\/index.php\/wp-json\/wp\/v2\/product"}],"about":[{"href":"https:\/\/tecsecmty.com\/index.php\/wp-json\/wp\/v2\/types\/product"}],"replies":[{"embeddable":true,"href":"https:\/\/tecsecmty.com\/index.php\/wp-json\/wp\/v2\/comments?post=1912"}],"version-history":[{"count":0,"href":"https:\/\/tecsecmty.com\/index.php\/wp-json\/wp\/v2\/product\/1912\/revisions"}],"wp:featuredmedia":[{"embeddable":true,"href":"https:\/\/tecsecmty.com\/index.php\/wp-json\/wp\/v2\/media\/1911"}],"wp:attachment":[{"href":"https:\/\/tecsecmty.com\/index.php\/wp-json\/wp\/v2\/media?parent=1912"}],"wp:term":[{"taxonomy":"product_brand","embeddable":true,"href":"https:\/\/tecsecmty.com\/index.php\/wp-json\/wp\/v2\/product_brand?post=1912"},{"taxonomy":"product_cat","embeddable":true,"href":"https:\/\/tecsecmty.com\/index.php\/wp-json\/wp\/v2\/product_cat?post=1912"},{"taxonomy":"product_tag","embeddable":true,"href":"https:\/\/tecsecmty.com\/index.php\/wp-json\/wp\/v2\/product_tag?post=1912"}],"curies":[{"name":"wp","href":"https:\/\/api.w.org\/{rel}","templated":true}]}}