{"id":1916,"date":"2023-02-22T17:54:41","date_gmt":"2023-02-22T23:54:41","guid":{"rendered":"https:\/\/tecsecmty.com\/index.php\/producto\/dahua-ipc-hfw2431tn-zs-s2-camara-ip-bullet-4-megapixeles-lente-motorizado-de-2-7-a-13-5mm-ir-60mts-wdr-real-120db-starlight-wdr-real-120db-videoanaliticos-con-ivs-ranura-micro-sd-ip67-poe\/"},"modified":"2023-03-22T23:22:52","modified_gmt":"2023-03-23T05:22:52","slug":"dahua-ipc-hfw2431tn-zs-s2-camara-ip-bullet-4-megapixeles-lente-motorizado-de-2-7-a-13-5mm-ir-60mts-wdr-real-120db-starlight-wdr-real-120db-videoanaliticos-con-ivs-ranura-micro-sd-ip67-poe","status":"publish","type":"product","link":"https:\/\/tecsecmty.com\/index.php\/producto\/dahua-ipc-hfw2431tn-zs-s2-camara-ip-bullet-4-megapixeles-lente-motorizado-de-2-7-a-13-5mm-ir-60mts-wdr-real-120db-starlight-wdr-real-120db-videoanaliticos-con-ivs-ranura-micro-sd-ip67-poe\/","title":{"rendered":"DAHUA IPC-HFW2431TN-ZS-S2 &#8211; Camara IP Bullet 4 Megapixeles\/ Lente Motorizado de 2.7 a 13.5mm\/ IR 60Mts\/ WDR Real 120dB\/ Starlight\/ WDR Real 120dB\/ Videoanaliticos con IVS\/ Ranura Micro SD\/ IP67\/ PoE\/"},"content":{"rendered":"<div class=\"row aling-items-center padding-bottom-2x\">\n<div class=\"col-lg-12\">\n<h5 class=\"card-title text-center\">Informaci\u00f3n General<\/h5>\n<p>La c\u00e1mara\u00a0<strong>HFW2431TN-ZS-S2\u00a0<\/strong>pertenece\u00a0la l\u00ednea Lite de Dahua, cuenta con una resoluci\u00f3n de video de\u00a0<strong>4 megap\u00edxeles\u00a0<\/strong>proporcionando video en alta definici\u00f3n\u00a0en tiempo real, tiene\u00a0un lente varifocal que le permite tener una apertura de visi\u00f3n perfecta para cubrir zonas donde se requiera visi\u00f3n amplia.<\/p>\n<p><img decoding=\"async\" class=\"overview-center-img-web\" src=\"https:\/\/tvc.mx\/media\/429363\/camara-ip-de-4-megapixeles-lente-motorizado-sarlight--IPC-HFW2431TN-ZS-S2-Dahua.png\" alt=\"\" \/><\/div>\n<\/div>\n<div class=\"row align-items-center padding-bottom-2x\">\n<div class=\"col-md-5\"><img decoding=\"async\" class=\"d-block m-auto img-thumbnail\" src=\"https:\/\/tvc.mx\/media\/429367\/Resolucion-de-4mp-litr-Dahua.png\" alt=\" \" \/><\/div>\n<div class=\"col-md-7 text-md-left text-center\">\n<h2>Experiencia Superior 4MP<\/h2>\n<p class=\"text-muted\">\n<p class=\"ql-align-justify\">La c\u00e1mara\u00a0<strong>HFW2431TN-ZS-S2<\/strong>\u00a0ofrece un amplio rango de visi\u00f3n con su alta resoluci\u00f3n que permite obtener detalles y calidad sin igual.\u00a0La resoluci\u00f3n de\u00a0<strong>4MP\u00a0<\/strong>es dos veces m\u00e1s clara que la claridad de 1080p,consiguiendo una imagen mucho m\u00e1s clara.<\/p>\n<p>&nbsp;<\/p>\n<\/div>\n<\/div>\n<hr class=\"padding-bottom-2x\" \/>\n<div class=\"row align-items-center padding-bottom-2x\">\n<div class=\"col-md-5 order-md-2\"><img decoding=\"async\" class=\"d-block m-auto img-thumbnail\" src=\"https:\/\/tvc.mx\/media\/429371\/Starlight-Dahua.png\" alt=\" \" \/><\/div>\n<div class=\"col-md-7 order-md-1 text-md-left text-center\">\n<h2>Starlight<\/h2>\n<p class=\"text-muted\">\n<p class=\"ql-align-justify\">Esta tecnolog\u00eda nos permite obtener un\u00a0rendimiento excepcional ideal para la visualizaci\u00f3n y reproducci\u00f3n\u00a0de im\u00e1genes bajo condiciones de poca iluminaci\u00f3n, tanto en condiciones de contraluz extremo como en la obscuridad. Incorpora un sensor 1\/2.8&#8243; STARVIS CMOS de alto rendimiento el cual captura las im\u00e1genes a todo color y\u00a0obtiene un balance entre las zonas m\u00e1s iluminadas y menos iluminadas.<\/p>\n<p>&nbsp;<\/p>\n<\/div>\n<\/div>\n<hr class=\"padding-bottom-2x\" \/>\n<div class=\"row align-items-center padding-bottom-2x\">\n<div class=\"col-md-5\"><img decoding=\"async\" class=\"d-block m-auto img-thumbnail\" src=\"https:\/\/tvc.mx\/media\/429375\/IVS-Dahua.png\" alt=\" \" \/><\/div>\n<div class=\"col-md-7 text-md-left text-center\">\n<h2>Video Inteligente (IVS)<\/h2>\n<p class=\"text-muted\">\n<p class=\"ql-align-justify\">Cuenta con\u00a0funciones\u00a0IVS por lo que tiene la capacidad de detectar y\u00a0analizar objetos en movimiento para mejorar la vigilancia por video.<\/p>\n<ul>\n<li class=\"ql-align-justify\">Tripwire.<\/li>\n<li class=\"ql-align-justify\">Intrusi\u00f3n<\/li>\n<\/ul>\n<p>&nbsp;<\/p>\n<\/div>\n<\/div>\n<hr class=\"padding-bottom-2x\" \/>\n<div class=\"row align-items-center padding-bottom-2x\">\n<div class=\"col-md-5 order-md-2\"><img decoding=\"async\" class=\"d-block m-auto img-thumbnail\" src=\"https:\/\/tvc.mx\/media\/429379\/Region-de-interes-dahua.png\" alt=\" \" \/><\/div>\n<div class=\"col-md-7 order-md-1 text-md-left text-center\">\n<h2>Region de Inter\u00e9s &#8211; ROI<\/h2>\n<p class=\"text-muted\">\n<p>Es una funci\u00f3n con la que cuenta nuestra c\u00e1mara para\u00a0que el operador pueda monitorear \u00e1reas espec\u00edficas de una escena que se resalta y se transmite a una secuencia separada, es ideal para resaltar \u00e1reas tales como puertas o \u00e1reas de acceso donde se requiere una vista de escena general.<\/p>\n<p>&nbsp;<\/p>\n<\/div>\n<\/div>\n<hr class=\"padding-bottom-2x\" \/>\n<div class=\"row align-items-center padding-bottom-2x\">\n<div class=\"col-md-5\"><img decoding=\"async\" class=\"d-block m-auto img-thumbnail\" src=\"https:\/\/tvc.mx\/media\/429383\/3DNR-dahua.png\" alt=\" \" \/><\/div>\n<div class=\"col-md-7 text-md-left text-center\">\n<h2>Reducci\u00f3n de Ruido 3DNR<\/h2>\n<p class=\"text-muted\">\n<p><strong>3DNR<\/strong>\u00a0es una tecnolog\u00eda de reducci\u00f3n de ruido que detecta y elimina ruidos aleatorios al comparar dos cuadros secuenciales, permitiendo una notable reducci\u00f3n del ruido con un ligero impacto hasta la nitidez, especialmente en condiciones de iluminaci\u00f3n limitadas. Adem\u00e1s, el\u00a0<strong>3DNR<\/strong>\u00a0disminuye efectivamente el ancho de banda y ahorra espacio de almacenamiento.<\/p>\n<p>&nbsp;<\/p>\n<\/div>\n<\/div>\n<hr class=\"padding-bottom-2x\" \/>\n<div class=\"row align-items-center padding-bottom-2x\">\n<div class=\"col-md-5 order-md-2\"><img decoding=\"async\" class=\"d-block m-auto img-thumbnail\" src=\"https:\/\/tvc.mx\/media\/429387\/WDR-Dahua.png\" alt=\" \" \/><\/div>\n<div class=\"col-md-7 order-md-1 text-md-left text-center\">\n<h2>WDR Real<\/h2>\n<p class=\"text-muted\">\n<p class=\"ql-align-justify\">La c\u00e1mara\u00a0logra obtener im\u00e1genes n\u00edtdas en escenarios donde hay variaci\u00f3n\u00a0en las condiciones de iluminaci\u00f3n ya sea\u00a0baja y\/o brillante,la funci\u00f3n\u00a0<strong>WDR real120dB<\/strong>\u00a0se encarga de medir, compensar y ajustar la luz en la imagen\u00a0captada para despues combinar los espacios de luces brillantes con los espacios de sombras,creando\u00a0un equilibrio en la imagen final.<\/p>\n<p>&nbsp;<\/p>\n<\/div>\n<\/div>\n<hr class=\"padding-bottom-2x\" \/>\n<div class=\"row align-items-center padding-bottom-2x\">\n<div class=\"col-md-5\"><img decoding=\"async\" class=\"d-block m-auto img-thumbnail\" src=\"https:\/\/tvc.mx\/media\/429403\/camara-ip-de-4-megapixeles-lente-motorizado-sarlight--IPC-HFW2431TN-ZS-S2-Dahua-caracteristicas.png\" alt=\" \" \/><\/div>\n<div class=\"col-md-7 text-md-left text-center\">\n<h2>Principales Caracter\u00edsticas<\/h2>\n<p class=\"text-muted\">\n<ul>\n<li>Sensor de imagen CMOS de 4MP, 1\/3 \u201d, baja iluminaci\u00f3n, alta definici\u00f3n de imagen<\/li>\n<li>Salidas 4MP (2560 \u00d7 1440) @ 25\/30 fps, m\u00e1x. admite 4MP (2688 \u00d7 1520) a 20 fps<\/li>\n<li>C\u00f3dec H.265, alta tasa de compresi\u00f3n, tasa de bits ultrabaja<\/li>\n<li>LED de infrarrojos<\/li>\n<li>ROI, SMART H.264 \/ H.265, codificaci\u00f3n flexible, aplicable a varios entornos de almacenamiento y ancho de banda<\/li>\n<li>Modo de rotaci\u00f3n, WDR, 3D DNR, HLC, BLC, marca de agua digital, aplicable a varias escenas de monitoreo<\/li>\n<li>Detecci\u00f3n inteligente: intrusi\u00f3n, cable trampa<\/li>\n<li>Detecci\u00f3n de anomal\u00edas: detecci\u00f3n de movimiento, manipulaci\u00f3n de video, sin tarjeta SD, tarjeta SD llena, error de tarjeta SD, red desconectada, conflicto de IP, acceso ilegal, detecci\u00f3n de voltaje<\/li>\n<li>Tarjeta Micro SD<\/li>\n<li>Protecci\u00f3n IP67<\/li>\n<\/ul>\n<p>&nbsp;<\/p>\n<\/div>\n<\/div>\n<hr class=\"padding-bottom-2x\" \/>\n<div class=\"row align-items-center padding-bottom-2x\">\n<div class=\"col-md-5 order-md-2\"><img decoding=\"async\" class=\"d-block m-auto img-thumbnail\" src=\"https:\/\/tvc.mx\/media\/429407\/camara-ip-de-4-megapixeles-lente-motorizado-sarlight--IPC-HFW2431TN-ZS-S2-Dahua-especificaciones.png\" alt=\" \" \/><\/div>\n<div class=\"col-md-7 order-md-1 text-md-left text-center\">\n<h2>Especificaciones<\/h2>\n<p class=\"text-muted\">\n<ul>\n<li>CMOS progresivo de 1\/3 \u201dy 4 megap\u00edxeles 2688<\/li>\n<li>Distancia IR 60m<\/li>\n<li>Lente motorizado 2.7 mm \u2013 13.5 mm<\/li>\n<li>An\u00e1lisis general de IVS Tripwire; intrusi\u00f3n<\/li>\n<li>Compresi\u00f3n de video H.265; H.264; H.264B; MJPEG<\/li>\n<li>BLC HLC WDR real 120dB<\/li>\n<li>Reducci\u00f3n de ruido DNR 3D<\/li>\n<li>Fuente de alimentaci\u00f3n 12 V CC \/ PoE (802.3af)<\/li>\n<li>Protecci\u00f3n: IP67<\/li>\n<li>Carcasa: Metal<\/li>\n<\/ul>\n<\/div>\n<\/div>\n","protected":false},"excerpt":{"rendered":"<p>Informaci\u00f3n General La c\u00e1mara\u00a0HFW2431TN-ZS-S2\u00a0pertenece\u00a0la l\u00ednea Lite de Dahua, cuenta con una resoluci\u00f3n de video de\u00a04 megap\u00edxeles\u00a0proporcionando video en alta definici\u00f3n\u00a0en tiempo real, tiene\u00a0un lente varifocal que le permite tener una apertura de visi\u00f3n perfecta para cubrir zonas donde se requiera visi\u00f3n amplia. Experiencia Superior 4MP&hellip;<\/p>\n","protected":false},"featured_media":1915,"comment_status":"open","ping_status":"closed","template":"","meta":{"om_disable_all_campaigns":false,"_monsterinsights_skip_tracking":false,"_monsterinsights_sitenote_active":false,"_monsterinsights_sitenote_note":"","_monsterinsights_sitenote_category":0},"product_brand":[],"product_cat":[110],"product_tag":[112,111,42,38,66],"class_list":{"0":"post-1916","1":"product","2":"type-product","3":"status-publish","4":"has-post-thumbnail","6":"product_cat-bullet","7":"product_tag-bala","8":"product_tag-bullet","9":"product_tag-camaras","10":"product_tag-camaras-de-seguridad","11":"product_tag-dahua","13":"first","14":"instock","15":"sale","16":"taxable","17":"shipping-taxable","18":"purchasable","19":"product-type-simple"},"aioseo_notices":[],"_links":{"self":[{"href":"https:\/\/tecsecmty.com\/index.php\/wp-json\/wp\/v2\/product\/1916","targetHints":{"allow":["GET"]}}],"collection":[{"href":"https:\/\/tecsecmty.com\/index.php\/wp-json\/wp\/v2\/product"}],"about":[{"href":"https:\/\/tecsecmty.com\/index.php\/wp-json\/wp\/v2\/types\/product"}],"replies":[{"embeddable":true,"href":"https:\/\/tecsecmty.com\/index.php\/wp-json\/wp\/v2\/comments?post=1916"}],"version-history":[{"count":0,"href":"https:\/\/tecsecmty.com\/index.php\/wp-json\/wp\/v2\/product\/1916\/revisions"}],"wp:featuredmedia":[{"embeddable":true,"href":"https:\/\/tecsecmty.com\/index.php\/wp-json\/wp\/v2\/media\/1915"}],"wp:attachment":[{"href":"https:\/\/tecsecmty.com\/index.php\/wp-json\/wp\/v2\/media?parent=1916"}],"wp:term":[{"taxonomy":"product_brand","embeddable":true,"href":"https:\/\/tecsecmty.com\/index.php\/wp-json\/wp\/v2\/product_brand?post=1916"},{"taxonomy":"product_cat","embeddable":true,"href":"https:\/\/tecsecmty.com\/index.php\/wp-json\/wp\/v2\/product_cat?post=1916"},{"taxonomy":"product_tag","embeddable":true,"href":"https:\/\/tecsecmty.com\/index.php\/wp-json\/wp\/v2\/product_tag?post=1916"}],"curies":[{"name":"wp","href":"https:\/\/api.w.org\/{rel}","templated":true}]}}