{"id":1918,"date":"2023-02-22T17:54:43","date_gmt":"2023-02-22T23:54:43","guid":{"rendered":"https:\/\/tecsecmty.com\/index.php\/producto\/dahua-ipc-hfw2439s-sa-led-28-camara-bullet-ip-de-4-megapixeles-full-color-lente-de-2-8-mm-microfono-integrado-96-grados-de-apertura-h-265-luz-para-30-mts-metalica-wdr-real-de-120-db-ranura\/"},"modified":"2023-03-22T23:22:52","modified_gmt":"2023-03-23T05:22:52","slug":"dahua-ipc-hfw2439s-sa-led-28-camara-bullet-ip-de-4-megapixeles-full-color-lente-de-2-8-mm-microfono-integrado-96-grados-de-apertura-h-265-luz-para-30-mts-metalica-wdr-real-de-120-db-ranura","status":"publish","type":"product","link":"https:\/\/tecsecmty.com\/index.php\/producto\/dahua-ipc-hfw2439s-sa-led-28-camara-bullet-ip-de-4-megapixeles-full-color-lente-de-2-8-mm-microfono-integrado-96-grados-de-apertura-h-265-luz-para-30-mts-metalica-wdr-real-de-120-db-ranura\/","title":{"rendered":"DAHUA IPC-HFW2439S-SA-LED-28 &#8211; Camara Bullet IP de 4 Megapixeles\/ Full Color\/ Lente de 2.8 mm\/ Microfono Integrado\/ 96 Grados de Apertura\/ H.265\/ Luz para 30 Mts\/ Metalica\/ WDR Real de 120 dB\/ Ranura para MicroSD\/ IP67\/ PoE\/"},"content":{"rendered":"<div class=\"row aling-items-center padding-bottom-2x\">\n<div class=\"col-lg-12\">\n<h5 class=\"card-title text-center\">Informaci\u00f3n General<\/h5>\n<p>La c\u00e1mara\u00a0<strong>IPC-HFW2439S-SA-LED\u00a0<\/strong>con tecnolog\u00eda de codificaci\u00f3n H.265 mejorada, la c\u00e1mara de red de la serie Dahua Lite tiene una capacidad de codificaci\u00f3n de video eficiente, lo que ahorra ancho de banda y espacio de almacenamiento. Esta c\u00e1mara adopta la \u00faltima tecnolog\u00eda de luz estelar y muestra una mejor imagen en color en condiciones de poca iluminaci\u00f3n. Admite almacenamiento en tarjeta SD, funci\u00f3n a prueba de polvo, funci\u00f3n a prueba de agua y funci\u00f3n a prueba de vandalismo, cumpliendo con los est\u00e1ndares de IP67.<\/p>\n<p><img decoding=\"async\" class=\"overview-center-img-web\" src=\"https:\/\/tvc.mx\/media\/402535\/camara-bullet-ip-full-color-microfono-integrado-IPC-HFW2439S-SA-LED-dahua.png\" alt=\"\" \/><\/div>\n<\/div>\n<div class=\"row align-items-center padding-bottom-2x\">\n<div class=\"col-md-5 order-md-2\"><img decoding=\"async\" class=\"d-block m-auto img-thumbnail\" src=\"https:\/\/tvc.mx\/media\/402547\/full-color-dahua.png\" alt=\" \" \/><\/div>\n<div class=\"col-md-7 order-md-1 text-md-left text-center\">\n<h2>Full Color.<\/h2>\n<p class=\"text-muted\">\n<p>La c\u00e1mara\u00a0<strong>IPC-HFW2439S-SA-LED\u00a0<\/strong>full color adopta una lente de gran apertura y un sensor de alto rendimiento. Con una mayor cantidad de luz absorbida y un algoritmo avanzado de procesamiento de im\u00e1genes, la c\u00e1mara proporciona monitoreo de color 24\/7 que recopila informaci\u00f3n clara y v\u00edvida, lo que aumenta significativamente la probabilidad de recopilar evidencia v\u00e1lida de humanos, veh\u00edculos y eventos que se puede usar para un an\u00e1lisis inteligente adicional.<\/p>\n<p>&nbsp;<\/p>\n<\/div>\n<\/div>\n<hr class=\"padding-bottom-2x\" \/>\n<div class=\"row align-items-center padding-bottom-2x\">\n<div class=\"col-md-5\"><img decoding=\"async\" class=\"d-block m-auto img-thumbnail\" src=\"https:\/\/tvc.mx\/media\/402551\/WDR-Dahua.png\" alt=\" \" \/><\/div>\n<div class=\"col-md-7 text-md-left text-center\">\n<h2>WDR<\/h2>\n<p class=\"text-muted\">\n<p>La c\u00e1mara logra obtener im\u00e1genes n\u00edtidas en escenarios donde hay variaci\u00f3n en las condiciones de iluminaci\u00f3n ya sea baja y\/o brillante, la funci\u00f3n WDR real120dB se encarga de medir, compensar y ajustar la luz en la imagen captada para despu\u00e9s combinar los espacios de luces brillantes con los espacios de sombras, creando un equilibrio en la imagen final.<\/p>\n<p>&nbsp;<\/p>\n<\/div>\n<\/div>\n<hr class=\"padding-bottom-2x\" \/>\n<div class=\"row align-items-center padding-bottom-2x\">\n<div class=\"col-md-5 order-md-2\"><img decoding=\"async\" class=\"d-block m-auto img-thumbnail\" src=\"https:\/\/tvc.mx\/media\/402555\/IP67-dahua.png\" alt=\" \" \/><\/div>\n<div class=\"col-md-7 order-md-1 text-md-left text-center\">\n<h2>Protecci\u00f3n (IP67, voltaje amplio)<\/h2>\n<p class=\"text-muted\">\n<p>La c\u00e1mara pasa una serie de estrictas pruebas de polvo y remojo. Tiene funci\u00f3n a prueba de polvo, y el recinto puede funcionar normalmente despu\u00e9s de entrar en agua a 1 m de profundidad durante 30 minutos.<\/p>\n<p>Voltaje amplio: la c\u00e1mara permite \u00b1 30% (para algunas fuentes de alimentaci\u00f3n) tolerancia de voltaje de entrada (amplio rango de voltaje), y se en ambiente de aire libre con voltaje inestable.<\/p>\n<p>&nbsp;<\/p>\n<\/div>\n<\/div>\n<hr class=\"padding-bottom-2x\" \/>\n<div class=\"row align-items-center padding-bottom-2x\">\n<div class=\"col-md-5\"><img decoding=\"async\" class=\"d-block m-auto img-thumbnail\" src=\"https:\/\/tvc.mx\/media\/402559\/camara-bullet-ip-full-color-microfono-integrado-IPC-HFW2439S-SA-LED-dahua-caracteristicas.png\" alt=\" \" \/><\/div>\n<div class=\"col-md-7 text-md-left text-center\">\n<h2>Principales caracter\u00edsticas<\/h2>\n<p class=\"text-muted\">\n<ul>\n<li>WDR &#8211; 120 dB &#8211; Amplio rango din\u00e1mico de la iluminaci\u00f3n<\/li>\n<li>3D-DNR &#8211; Reducci\u00f3n digital de ruido en la imagen<\/li>\n<li>ROI &#8211; mejora de la calidad de las partes seleccionadas de la imagen<\/li>\n<li>BLC\/HLC &#8211; compensaci\u00f3n de luz de fondo \/ luz alta<\/li>\n<li>Posibilidad de cambiar la resoluci\u00f3n, calidad y tasa de bits<\/li>\n<li>Detecci\u00f3n de movimiento<\/li>\n<li>Zonas de privacidad configurables<\/li>\n<li>Mirror &#8211; Imagen de espejo<\/li>\n<li>An\u00e1lisis IVS\u00a0:\u00a0intrusi\u00f3n,\u00a0cruzamiento de la l\u00ednea (cable trampa)<\/li>\n<\/ul>\n<p>&nbsp;<\/p>\n<\/div>\n<\/div>\n<hr class=\"padding-bottom-2x\" \/>\n<div class=\"row align-items-center padding-bottom-2x\">\n<div class=\"col-md-5 order-md-2\"><img decoding=\"async\" class=\"d-block m-auto img-thumbnail\" src=\"https:\/\/tvc.mx\/media\/402563\/camara-bullet-ip-full-color-microfono-integrado-IPC-HFW2439S-SA-LED-dahua-especificaciones.png\" alt=\" \" \/><\/div>\n<div class=\"col-md-7 order-md-1 text-md-left text-center\">\n<h2>Especificaciones<\/h2>\n<p class=\"text-muted\">\n<ul>\n<li>1\/3\u00a0\u00bb CMOS<\/li>\n<li>4\u00a0Mpx<\/li>\n<li>Lente fijo 2.8mm<\/li>\n<li>\u00c1ngulo de visi\u00f3n:96\u00a0\u00b0<\/li>\n<li>Alcance del iluminador de luz blanca (LED):30\u00a0m<\/li>\n<li>Es compatible con tarjetas Micro SD hasta 256GB<\/li>\n<li>M\u00e9todo de compresi\u00f3n de im\u00e1genes:H.265+ \/\u00a0H.265\u00a0\/ H.264+ \/\u00a0H.264\u00a0\/\u00a0MJPEG<\/li>\n<li>Micr\u00f3fono integrado<\/li>\n<li>Transmisi\u00f3n de audio por la red<\/li>\n<li>Detecci\u00f3n de audio<\/li>\n<li>Carcasa: Metal<\/li>\n<li>IP67<\/li>\n<li>Alimentaci\u00f3n: PoE (802.3af), 12\u00a0V\u00a0DC\u00a0\/ 520\u00a0mA<\/li>\n<\/ul>\n<\/div>\n<\/div>\n","protected":false},"excerpt":{"rendered":"<p>Informaci\u00f3n General La c\u00e1mara\u00a0IPC-HFW2439S-SA-LED\u00a0con tecnolog\u00eda de codificaci\u00f3n H.265 mejorada, la c\u00e1mara de red de la serie Dahua Lite tiene una capacidad de codificaci\u00f3n de video eficiente, lo que ahorra ancho de banda y espacio de almacenamiento. Esta c\u00e1mara adopta la \u00faltima tecnolog\u00eda de luz estelar&hellip;<\/p>\n","protected":false},"featured_media":1917,"comment_status":"open","ping_status":"closed","template":"","meta":{"om_disable_all_campaigns":false,"_monsterinsights_skip_tracking":false,"_monsterinsights_sitenote_active":false,"_monsterinsights_sitenote_note":"","_monsterinsights_sitenote_category":0},"product_brand":[],"product_cat":[110],"product_tag":[112,111,42,38,66],"class_list":{"0":"post-1918","1":"product","2":"type-product","3":"status-publish","4":"has-post-thumbnail","6":"product_cat-bullet","7":"product_tag-bala","8":"product_tag-bullet","9":"product_tag-camaras","10":"product_tag-camaras-de-seguridad","11":"product_tag-dahua","13":"first","14":"instock","15":"sale","16":"taxable","17":"shipping-taxable","18":"purchasable","19":"product-type-simple"},"aioseo_notices":[],"_links":{"self":[{"href":"https:\/\/tecsecmty.com\/index.php\/wp-json\/wp\/v2\/product\/1918","targetHints":{"allow":["GET"]}}],"collection":[{"href":"https:\/\/tecsecmty.com\/index.php\/wp-json\/wp\/v2\/product"}],"about":[{"href":"https:\/\/tecsecmty.com\/index.php\/wp-json\/wp\/v2\/types\/product"}],"replies":[{"embeddable":true,"href":"https:\/\/tecsecmty.com\/index.php\/wp-json\/wp\/v2\/comments?post=1918"}],"version-history":[{"count":0,"href":"https:\/\/tecsecmty.com\/index.php\/wp-json\/wp\/v2\/product\/1918\/revisions"}],"wp:featuredmedia":[{"embeddable":true,"href":"https:\/\/tecsecmty.com\/index.php\/wp-json\/wp\/v2\/media\/1917"}],"wp:attachment":[{"href":"https:\/\/tecsecmty.com\/index.php\/wp-json\/wp\/v2\/media?parent=1918"}],"wp:term":[{"taxonomy":"product_brand","embeddable":true,"href":"https:\/\/tecsecmty.com\/index.php\/wp-json\/wp\/v2\/product_brand?post=1918"},{"taxonomy":"product_cat","embeddable":true,"href":"https:\/\/tecsecmty.com\/index.php\/wp-json\/wp\/v2\/product_cat?post=1918"},{"taxonomy":"product_tag","embeddable":true,"href":"https:\/\/tecsecmty.com\/index.php\/wp-json\/wp\/v2\/product_tag?post=1918"}],"curies":[{"name":"wp","href":"https:\/\/api.w.org\/{rel}","templated":true}]}}