{"id":1920,"date":"2023-02-22T17:54:45","date_gmt":"2023-02-22T23:54:45","guid":{"rendered":"https:\/\/tecsecmty.com\/index.php\/producto\/dahua-ipc-hfw2449s-s-il-camara-bullet-ip-4-megapixeles-iluminador-dual-inteligentefull-color-wizsense-lente-de-2-8mm-95-grados-microfono-integrado-30-mts-de-ir-y-luz-visible-metal-ranura-mi\/"},"modified":"2023-03-22T23:22:52","modified_gmt":"2023-03-23T05:22:52","slug":"dahua-ipc-hfw2449s-s-il-camara-bullet-ip-4-megapixeles-iluminador-dual-inteligentefull-color-wizsense-lente-de-2-8mm-95-grados-microfono-integrado-30-mts-de-ir-y-luz-visible-metal-ranura-mi","status":"publish","type":"product","link":"https:\/\/tecsecmty.com\/index.php\/producto\/dahua-ipc-hfw2449s-s-il-camara-bullet-ip-4-megapixeles-iluminador-dual-inteligentefull-color-wizsense-lente-de-2-8mm-95-grados-microfono-integrado-30-mts-de-ir-y-luz-visible-metal-ranura-mi\/","title":{"rendered":"DAHUA IPC-HFW2449S-S-IL &#8211; Camara Bullet IP 4 Megapixeles\/ Iluminador Dual Inteligente+Full Color\/ WizSense\/ Lente de 2.8mm\/ 95 Grados\/ Microfono Integrado\/ 30 Mts de IR y Luz Visible\/ Metal\/ Ranura MicroSD\/ WDR 120dB\/ SMD Plus\/ PoE\/#LoNuevo #ParejaIdeal"},"content":{"rendered":"<div class=\"row aling-items-center padding-bottom-2x\">\n<div class=\"col-lg-12\">\n<h5 class=\"card-title text-center\">Informaci\u00f3n general<\/h5>\n<p class=\"ql-align-justify\">Con un algoritmo avanzado de aprendizaje profundo, la c\u00e1mara de red de la serie Dahua WizSense 2 admite funciones inteligentes, como protecci\u00f3n perimetral y detecci\u00f3n de movimiento inteligente. Con la tecnolog\u00eda Starlight, esta c\u00e1mara de la serie proporciona un mejor efecto de imagen en condiciones de baja iluminaci\u00f3n.<\/p>\n<p><img decoding=\"async\" class=\"overview-center-img-web\" src=\"https:\/\/tvc.mx\/media\/604011\/DHT0030101-DAHUA-IPC-HFW2449S-S-IL-Camara-Bullet-IP-Smart-Dual-Illumination-de-4-Megapixeles-WizSense-Full-Color-Lente-2.8mm-95-Grados.png\" alt=\"Camara bullet\" \/><\/p>\n<\/div>\n<\/div>\n<div class=\"row align-items-center padding-bottom-2x\">\n<div class=\"col-md-5\"><img decoding=\"async\" class=\"d-block m-auto img-thumbnail\" src=\"https:\/\/tvc.mx\/media\/604015\/h.265plus-y-h.264plus-dahua.png\" alt=\" SMD\" \/><\/div>\n<div class=\"col-md-7 text-md-left text-center\">\n<h2>SMD m\u00e1s<\/h2>\n<p class=\"ql-align-justify\">Con un algoritmo inteligente, la tecnolog\u00eda de detecci\u00f3n de movimiento inteligente de Dahua puede categorizar los objetivos que activan la detecci\u00f3n de movimiento y filtrar la alarma de detecci\u00f3n de movimiento activada por objetivos no afectados para generar una alarma efectiva y precisa.<\/p>\n<p>&nbsp;<\/p>\n<\/div>\n<\/div>\n<hr class=\"padding-bottom-2x\" \/>\n<div class=\"row align-items-center padding-bottom-2x\">\n<div class=\"col-md-5 order-md-2\"><img decoding=\"async\" class=\"d-block m-auto img-thumbnail\" src=\"https:\/\/tvc.mx\/media\/604023\/proteccion-perimetral-dahua.png\" alt=\" protecci\u00f3n \" \/><\/div>\n<div class=\"col-md-7 order-md-1 text-md-left text-center\">\n<h2>Protecci\u00f3n Perimetral<\/h2>\n<p class=\"ql-align-justify\">Con un algoritmo de aprendizaje profundo, la tecnolog\u00eda de protecci\u00f3n perimetral de Dahua puede reconocer a humanos y veh\u00edculos con precisi\u00f3n. En \u00e1reas restringidas (como \u00e1reas para peatones y veh\u00edculos), las falsas alarmas de detecci\u00f3n inteligente basadas en el tipo de objetivo (como cable trampa, intrusi\u00f3n) se reducen en gran medida.<\/p>\n<p>&nbsp;<\/p>\n<\/div>\n<\/div>\n<hr class=\"padding-bottom-2x\" \/>\n<div class=\"row align-items-center padding-bottom-2x\">\n<div class=\"col-md-5\"><img decoding=\"async\" class=\"d-block m-auto img-thumbnail\" src=\"https:\/\/tvc.mx\/media\/604031\/Iluminadores-inteligentes-dahua.png\" alt=\" Iluminadores\" \/><\/div>\n<div class=\"col-md-7 text-md-left text-center\">\n<h2>Iluminadores duales inteligentes<\/h2>\n<p class=\"ql-align-justify\">La tecnolog\u00eda Dahua Smart Dual Illuminators adopta un algoritmo inteligente para<\/p>\n<p class=\"ql-align-justify\">detectar objetivos. Por lo general, el iluminador IR est\u00e1 encendido durante la noche;<\/p>\n<p class=\"ql-align-justify\">cuando el objetivo aparece en el \u00e1rea de monitoreo, la luz blanca est\u00e1 encendida y la c\u00e1mara graba el video a todo color y la informaci\u00f3n de los eventos clave. Es decir, la c\u00e1mara vincula la instant\u00e1nea y el video con una imagen a todo color. Cuando el objetivo est\u00e1 fuera del \u00e1rea de monitoreo, la luz blanca est\u00e1 apagada y el iluminador IR est\u00e1 encendido, lo que reduce la contaminaci\u00f3n lum\u00ednica de manera eficiente.<\/p>\n<p>&nbsp;<\/p>\n<\/div>\n<\/div>\n<hr class=\"padding-bottom-2x\" \/>\n<div class=\"row align-items-center padding-bottom-2x\">\n<div class=\"col-md-5\"><img decoding=\"async\" class=\"d-block m-auto img-thumbnail\" src=\"https:\/\/tvc.mx\/media\/604059\/DHT0030101-DAHUA-IPC-HFW2449S-S-IL-Camara-Bullet-IP-Smart-Dual-Illumination-de-4-Megapixeles-WizSense-Full-Color-Lente-caracteristicas-principales.png\" alt=\" Caracter\u00edsticas \" \/><\/div>\n<div class=\"col-md-7 text-md-left text-center\">\n<h2>Caracter\u00edsticas Principales<\/h2>\n<p class=\"ql-align-justify\"><strong>\u00b7\u00a0<\/strong>Sensor de imagen CMOS de 4 MP 1\/2,9&#8243;, baja luminancia e imagen de alta definici\u00f3n.<\/p>\n<p class=\"ql-align-justify\"><strong>\u00b7\u00a0<\/strong>Salidas m\u00e1x. 4 MP (2688 \u00d7 1520) a 20 fps y admite 2560 \u00d7 1440 a 25\/30 fps<\/p>\n<p class=\"ql-align-justify\"><strong>\u00b7\u00a0<\/strong>C\u00f3dec H.265, alta tasa de compresi\u00f3n, tasa de bits ultrabaja.<\/p>\n<p class=\"ql-align-justify\"><strong>\u00b7\u00a0<\/strong>Luz c\u00e1lida integrada\/LED IR, el m\u00e1x. la distancia de iluminaci\u00f3n es de 30 m y el m\u00e1ximo. la distancia de la luz c\u00e1lida es de 30 m.<\/p>\n<p class=\"ql-align-justify\"><strong>\u00b7\u00a0<\/strong>ROI, SMART H.264+\/H.265+, codificaci\u00f3n flexible, aplicable a varios entornos de almacenamiento y ancho de banda.<\/p>\n<p class=\"ql-align-justify\"><strong>\u00b7\u00a0<\/strong>Modo de rotaci\u00f3n, WDR, 3D NR, HLC, BLC, marca de agua digital, aplicable a varias escenas de monitoreo.<\/p>\n<p class=\"ql-align-justify\"><strong>\u00b7\u00a0<\/strong>Monitoreo inteligente: intrusi\u00f3n, cable trampa (las dos funciones admiten la clasificaci\u00f3n y detecci\u00f3n precisa de veh\u00edculos y humanos)<\/p>\n<p class=\"ql-align-justify\"><strong>\u00b7\u00a0<\/strong>Soporta m\u00e1x. Tarjeta Micro SD de 256G; Micr\u00f3fono integrado.<\/p>\n<p class=\"ql-align-justify\"><strong>\u00b7\u00a0<\/strong>Fuente de alimentaci\u00f3n de 12 VDC\/PoE, f\u00e1cil de instalar.<\/p>\n<p class=\"ql-align-justify\"><strong>\u00b7\u00a0<\/strong>Protecci\u00f3n IP67.<\/p>\n<p class=\"ql-align-justify\"><strong>\u00b7\u00a0<\/strong>SMD Plus.<\/p>\n<p>&nbsp;<\/p>\n<\/div>\n<\/div>\n<hr class=\"padding-bottom-2x\" \/>\n<div class=\"row align-items-center padding-bottom-2x\">\n<div class=\"col-md-5\"><img decoding=\"async\" class=\"d-block m-auto img-thumbnail\" src=\"https:\/\/tvc.mx\/media\/604071\/DHT0030101-DAHUA-IPC-HFW2449S-S-IL-Camara-Bullet-IP-Smart-Dual-Illumination-de-4-Megapixeles-WizSense-Full-Color-Lente-especificaciones-tecnicas.png\" alt=\" \" \/><\/div>\n<div class=\"col-md-7 text-md-left text-center\">\n<h2>Especificaciones T\u00e9cnicas<\/h2>\n<p class=\"ql-align-justify\">CMOS de 1\/2,9&#8243;<\/p>\n<p class=\"ql-align-justify\">M\u00e1x. Resoluci\u00f3n 2688 (H) x 1520 (v)<\/p>\n<p class=\"ql-align-justify\">ROM 128 MB<\/p>\n<p class=\"ql-align-justify\">RAM 128 MB<\/p>\n<p class=\"ql-align-justify\">Sistema de escaneo progresivo<\/p>\n<p class=\"ql-align-justify\">Velocidad de obturaci\u00f3n electr\u00f3nica: Autom\u00e1tico\/Manual 1\/3s-1\/100000s<\/p>\n<p class=\"ql-align-justify\">Relaci\u00f3n se\u00f1al\/ruido &gt;56 dB<\/p>\n<\/div>\n<\/div>\n","protected":false},"excerpt":{"rendered":"<p>Informaci\u00f3n general Con un algoritmo avanzado de aprendizaje profundo, la c\u00e1mara de red de la serie Dahua WizSense 2 admite funciones inteligentes, como protecci\u00f3n perimetral y detecci\u00f3n de movimiento inteligente. Con la tecnolog\u00eda Starlight, esta c\u00e1mara de la serie proporciona un mejor efecto de imagen&hellip;<\/p>\n","protected":false},"featured_media":1919,"comment_status":"open","ping_status":"closed","template":"","meta":{"om_disable_all_campaigns":false,"_monsterinsights_skip_tracking":false,"_monsterinsights_sitenote_active":false,"_monsterinsights_sitenote_note":"","_monsterinsights_sitenote_category":0},"product_brand":[],"product_cat":[110],"product_tag":[112,111,42,38,66],"class_list":{"0":"post-1920","1":"product","2":"type-product","3":"status-publish","4":"has-post-thumbnail","6":"product_cat-bullet","7":"product_tag-bala","8":"product_tag-bullet","9":"product_tag-camaras","10":"product_tag-camaras-de-seguridad","11":"product_tag-dahua","13":"first","14":"instock","15":"sale","16":"taxable","17":"shipping-taxable","18":"purchasable","19":"product-type-simple"},"aioseo_notices":[],"_links":{"self":[{"href":"https:\/\/tecsecmty.com\/index.php\/wp-json\/wp\/v2\/product\/1920","targetHints":{"allow":["GET"]}}],"collection":[{"href":"https:\/\/tecsecmty.com\/index.php\/wp-json\/wp\/v2\/product"}],"about":[{"href":"https:\/\/tecsecmty.com\/index.php\/wp-json\/wp\/v2\/types\/product"}],"replies":[{"embeddable":true,"href":"https:\/\/tecsecmty.com\/index.php\/wp-json\/wp\/v2\/comments?post=1920"}],"version-history":[{"count":0,"href":"https:\/\/tecsecmty.com\/index.php\/wp-json\/wp\/v2\/product\/1920\/revisions"}],"wp:featuredmedia":[{"embeddable":true,"href":"https:\/\/tecsecmty.com\/index.php\/wp-json\/wp\/v2\/media\/1919"}],"wp:attachment":[{"href":"https:\/\/tecsecmty.com\/index.php\/wp-json\/wp\/v2\/media?parent=1920"}],"wp:term":[{"taxonomy":"product_brand","embeddable":true,"href":"https:\/\/tecsecmty.com\/index.php\/wp-json\/wp\/v2\/product_brand?post=1920"},{"taxonomy":"product_cat","embeddable":true,"href":"https:\/\/tecsecmty.com\/index.php\/wp-json\/wp\/v2\/product_cat?post=1920"},{"taxonomy":"product_tag","embeddable":true,"href":"https:\/\/tecsecmty.com\/index.php\/wp-json\/wp\/v2\/product_tag?post=1920"}],"curies":[{"name":"wp","href":"https:\/\/api.w.org\/{rel}","templated":true}]}}