{"id":1922,"date":"2023-02-22T17:54:47","date_gmt":"2023-02-22T23:54:47","guid":{"rendered":"https:\/\/tecsecmty.com\/index.php\/producto\/dahua-ipc-hfw2531s-s-s2-camara-ip-bullet-de-5-megapixeles-h265-lente-2-8-mm-103-grados-de-apertura-ir-de-30-mts-metalica-wdr-real-120-db-poe-ip67-starlight-videoanaliticos-con-ivs-ranura\/"},"modified":"2023-03-22T23:22:52","modified_gmt":"2023-03-23T05:22:52","slug":"dahua-ipc-hfw2531s-s-s2-camara-ip-bullet-de-5-megapixeles-h265-lente-2-8-mm-103-grados-de-apertura-ir-de-30-mts-metalica-wdr-real-120-db-poe-ip67-starlight-videoanaliticos-con-ivs-ranura","status":"publish","type":"product","link":"https:\/\/tecsecmty.com\/index.php\/producto\/dahua-ipc-hfw2531s-s-s2-camara-ip-bullet-de-5-megapixeles-h265-lente-2-8-mm-103-grados-de-apertura-ir-de-30-mts-metalica-wdr-real-120-db-poe-ip67-starlight-videoanaliticos-con-ivs-ranura\/","title":{"rendered":"DAHUA IPC-HFW2531S-S-S2 &#8211; C\u00e1mara IP Bullet de 5 Megapixeles\/ H265+\/ Lente 2.8 mm\/ 103 Grados de Apertura\/ IR de 30 Mts\/ Metalica\/ WDR Real 120 dB\/ PoE\/ IP67\/ Starlight\/ Videoanaliticos con IVS\/ Ranura para MicroSD\/"},"content":{"rendered":"<div class=\"row aling-items-center padding-bottom-2x\">\n<div class=\"col-lg-12\">\n<h5 class=\"card-title text-center\">Informaci\u00f3n General<\/h5>\n<p>La c\u00e1mara\u00a0<strong>HFW2531S-S-S2<\/strong>\u00a0es parte de la innovadora serie Lite de Dahua,cuenta con un algoritmo de compresi\u00f3n de imagen H.265 con capacidad de codificaci\u00f3n de video eficiente, lo que ahorra ancho de banda y espacio de almacenamiento, est\u00e1 equipada con un sensor de imagen CMOS de escaneo progresivo de 5MP.La sensibilidad en la tecnolog\u00eda Starlight y las funciones de correcci\u00f3n disponibles, incluyendo WDR, 3DNR, garantizan una imagen excelente para una transmisi\u00f3n de video clara y fluida.<\/p>\n<p><img decoding=\"async\" class=\"overview-center-img-web\" src=\"https:\/\/tvc.mx\/media\/397431\/Dahua-HFW2531S-S-S2-C%C3%A1mara-IP-Bullet-5MP-PoE-Starlight-Imgppal.png\" alt=\"\" \/><\/div>\n<\/div>\n<div class=\"row align-items-center padding-bottom-2x\">\n<div class=\"col-md-5 order-md-2\"><img decoding=\"async\" class=\"d-block m-auto img-thumbnail\" src=\"https:\/\/tvc.mx\/media\/397439\/Starlight-Dahua.png\" alt=\" \" \/><\/div>\n<div class=\"col-md-7 order-md-1 text-md-left text-center\">\n<h2>Tecnolog\u00eda Starlight<\/h2>\n<p class=\"text-muted\">\n<p>La c\u00e1mara\u00a0<strong>HFW2531S-S-S2\u00a0\u00a0<\/strong>cuenta con la tecnolog\u00eda Starlight,esta nos permite obtener un\u00a0rendimiento excepcional ideal para la visualizaci\u00f3n y reproducci\u00f3n\u00a0de im\u00e1genes bajo condiciones de poca iluminaci\u00f3n, tanto en condiciones de contraluz extremo como en la obscuridad. Incorpora un sensor CMOS de alto rendimiento el cual captura las im\u00e1genes a todo color y\u00a0obtiene un balance entre las zonas m\u00e1s iluminadas y menos iluminadas.<\/p>\n<p>&nbsp;<\/p>\n<\/div>\n<\/div>\n<hr class=\"padding-bottom-2x\" \/>\n<div class=\"row align-items-center padding-bottom-2x\">\n<div class=\"col-md-5\"><img decoding=\"async\" class=\"d-block m-auto img-thumbnail\" src=\"https:\/\/tvc.mx\/media\/397443\/smart-H.265%2B-y-h.264%2B.png\" alt=\" \" \/><\/div>\n<div class=\"col-md-7 text-md-left text-center\">\n<h2>Codec Inteligente<\/h2>\n<p class=\"text-muted\">\n<p>La c\u00e1mara posee un algoritmo inteligente de video para la codificaci\u00f3n inteligente, este algoritmo logra la mayor eficiencia de codificaci\u00f3n que H.265 y H.264,\u00a0proporcionando video de alta calidad y reduciendo el costo de almacenamiento y transmisi\u00f3n.\u00a0Smart Codec\u00a0es la implementaci\u00f3n optimizada de compresi\u00f3n de video, utiliza m\u00e9todos de compresi\u00f3n de datos sin p\u00e9rdida y reducci\u00f3n inteligente de ruido para ofrecer videos de alta calidad sin forzar la red. La tecnolog\u00eda Smart Codec reduce la velocidad de bits y los requisitos de almacenamiento en hasta un 80% en comparaci\u00f3n con la compresi\u00f3n de video est\u00e1ndar.<\/p>\n<p>&nbsp;<\/p>\n<\/div>\n<\/div>\n<hr class=\"padding-bottom-2x\" \/>\n<div class=\"row align-items-center padding-bottom-2x\">\n<div class=\"col-md-5 order-md-2\"><img decoding=\"async\" class=\"d-block m-auto img-thumbnail\" src=\"https:\/\/tvc.mx\/media\/397447\/WDR-Dahua.png\" alt=\" \" \/><\/div>\n<div class=\"col-md-7 order-md-1 text-md-left text-center\">\n<h2>WDR 120 dB<\/h2>\n<p class=\"text-muted\">\n<p>Nuestra c\u00e1mara\u00a0cuenta con<strong>\u00a0WDR real 120dB<\/strong>, esta funci\u00f3n\u00a0se encarga de medir, compensar y ajustar la luz en la imagen\u00a0captada para despu\u00e9s combinar los espacios de luces brillantes con los espacios de sombras que hay en una misma toma, creando\u00a0un equilibrio en la imagen fina.<\/p>\n<p>&nbsp;<\/p>\n<\/div>\n<\/div>\n<hr class=\"padding-bottom-2x\" \/>\n<div class=\"row align-items-center padding-bottom-2x\">\n<div class=\"col-md-5\"><img decoding=\"async\" class=\"d-block m-auto img-thumbnail\" src=\"https:\/\/tvc.mx\/media\/397451\/IVS-Dahua.png\" alt=\" \" \/><\/div>\n<div class=\"col-md-7 text-md-left text-center\">\n<h2>Funciones Inteligentes IVS<\/h2>\n<p class=\"text-muted\">\n<p>Otra caracter\u00edstica con las que cuenta nuestra c\u00e1mara, son las funciones\u00a0IVS por lo que tiene la capacidad de detectar y\u00a0analizar objetos en movimiento para mejorar la vigilancia por video.<\/p>\n<ul>\n<li class=\"ql-align-justify\">Tripwire.<\/li>\n<li class=\"ql-align-justify\">Intrusi\u00f3n<\/li>\n<\/ul>\n<p>&nbsp;<\/p>\n<\/div>\n<\/div>\n<hr class=\"padding-bottom-2x\" \/>\n<div class=\"row align-items-center padding-bottom-2x\">\n<div class=\"col-md-5 order-md-2\"><img decoding=\"async\" class=\"d-block m-auto img-thumbnail\" src=\"https:\/\/tvc.mx\/media\/397455\/3DNR-dahua.png\" alt=\" \" \/><\/div>\n<div class=\"col-md-7 order-md-1 text-md-left text-center\">\n<h2>Reducci\u00f3n de Ruido 3DNR<\/h2>\n<p class=\"text-muted\">\n<p>Es posible que exista mucho ruido cuando se vigila en ambientes de baja iluminaci\u00f3n. Con 3DNR usted puede realizar ajustes para reducir el ruido y obtener un video claro.<\/p>\n<p>&nbsp;<\/p>\n<\/div>\n<\/div>\n<hr class=\"padding-bottom-2x\" \/>\n<div class=\"row align-items-center padding-bottom-2x\">\n<div class=\"col-md-5\"><img decoding=\"async\" class=\"d-block m-auto img-thumbnail\" src=\"https:\/\/tvc.mx\/media\/397459\/Region-de-interes-dahua.png\" alt=\" \" \/><\/div>\n<div class=\"col-md-7 text-md-left text-center\">\n<h2>Regi\u00f3n de Interes &#8211; ROI<\/h2>\n<p class=\"text-muted\">\n<p>Es una funci\u00f3n que nos ayuda a optimizar el ancho de banda de la c\u00e1mara, proporcionando la m\u00e1xima calidad de imagen en el \u00e1rea seleccionada, escena u objeto, al tiempo que reduce el nivel de calidad en las otras zonas, para obtener mejores resultados de calidad y ancho de banda en esta regi\u00f3n de inter\u00e9s.<\/p>\n<p>&nbsp;<\/p>\n<\/div>\n<\/div>\n<hr class=\"padding-bottom-2x\" \/>\n<div class=\"row align-items-center padding-bottom-2x\">\n<div class=\"col-md-5 order-md-2\"><img decoding=\"async\" class=\"d-block m-auto img-thumbnail\" src=\"https:\/\/tvc.mx\/media\/397463\/almacenamiento-microSD-Dahua.png\" alt=\" \" \/><\/div>\n<div class=\"col-md-7 order-md-1 text-md-left text-center\">\n<h2>Almacenamiento en Micro SD<\/h2>\n<p class=\"text-muted\">\n<p>DNuestra c\u00e1mara posee una ranura para colocar una memoria\u00a0<strong>Micro SD<\/strong>\u00a0con almacenamiento m\u00e1ximo de hasta\u00a0<strong>256Gb<\/strong>.<\/p>\n<p>&nbsp;<\/p>\n<\/div>\n<\/div>\n<hr class=\"padding-bottom-2x\" \/>\n<div class=\"row align-items-center padding-bottom-2x\">\n<div class=\"col-md-5\"><img decoding=\"async\" class=\"d-block m-auto img-thumbnail\" src=\"https:\/\/tvc.mx\/media\/397467\/Dahua-HFW2531S-S-S2-C%C3%A1mara-IP-Bullet-5MP-PoE-Starlight-pp-caracteristicas.png\" alt=\" \" \/><\/div>\n<div class=\"col-md-7 text-md-left text-center\">\n<h2>Principales Caracter\u00edsticas<\/h2>\n<p class=\"text-muted\">\n<ul>\n<li class=\"ql-align-justify\">Salidas m\u00e1x. 5MP (2592 \u00d7 1944) a 20 fps y admite 2688 \u00d7 1520 (2688 \u00d7 1520) a 25\/30 fps<\/li>\n<li class=\"ql-align-justify\">C\u00f3dec H.265, alta tasa de compresi\u00f3n, tasa de bits ultrabaja<\/li>\n<li class=\"ql-align-justify\">LED IR incorporado<\/li>\n<li class=\"ql-align-justify\">ROI, SMART H.264 + \/ H.265 +<\/li>\n<li class=\"ql-align-justify\">Modo de rotaci\u00f3n, WDR, 3D NR, HLC, BLC<\/li>\n<li class=\"ql-align-justify\">Detecci\u00f3n inteligente: intrusi\u00f3n, cable trampa<\/li>\n<li class=\"ql-align-justify\">Detecci\u00f3n de anomal\u00edas: detecci\u00f3n de movimiento, manipulaci\u00f3n de video, sin tarjeta SD, tarjeta SD llena, error de tarjeta SD, red desconectada, conflicto de IP, acceso ilegal, detecci\u00f3n de voltaje<\/li>\n<li class=\"ql-align-justify\">Protecci\u00f3n IP67<\/li>\n<\/ul>\n<p>&nbsp;<\/p>\n<\/div>\n<\/div>\n<hr class=\"padding-bottom-2x\" \/>\n<div class=\"row align-items-center padding-bottom-2x\">\n<div class=\"col-md-5 order-md-2\"><img decoding=\"async\" class=\"d-block m-auto img-thumbnail\" src=\"https:\/\/tvc.mx\/media\/397487\/Dahua-HFW2531S-S-S2-C%C3%A1mara-IP-Bullet-5MP-PoE-Starlight-especificaciones.png\" alt=\" \" \/><\/div>\n<div class=\"col-md-7 order-md-1 text-md-left text-center\">\n<h2>Especificaciones<\/h2>\n<p class=\"text-muted\">\n<ul>\n<li>CMOS progresivo de 1 \/ 2,7 \u00aby 5 megap\u00edxeles<\/li>\n<li>Distancia de iluminaci\u00f3n: 30m<\/li>\n<li>N\u00famero de iluminador: 1<\/li>\n<li>Lente fijo de 2.8mm<\/li>\n<li>IVS Tripwire; intrusi\u00f3n<\/li>\n<li>Compresi\u00f3n de video H.265; H.264; H.264B; MJPEG<\/li>\n<li>BLC\/HLC<\/li>\n<li>WDR real 120dB<\/li>\n<li>Reducci\u00f3n de ruido: 3D DNR<\/li>\n<li>Almacenamiento: FTP; Tarjeta Micro SD (soporta m\u00e1x. 256 G); NAS; SFTP<\/li>\n<li>Fuente de alimentaci\u00f3n: 12 V CC \/ PoE (802.3af)<\/li>\n<li>IP67<\/li>\n<li>Carcasa: Metal<\/li>\n<\/ul>\n<\/div>\n<\/div>\n","protected":false},"excerpt":{"rendered":"<p>Informaci\u00f3n General La c\u00e1mara\u00a0HFW2531S-S-S2\u00a0es parte de la innovadora serie Lite de Dahua,cuenta con un algoritmo de compresi\u00f3n de imagen H.265 con capacidad de codificaci\u00f3n de video eficiente, lo que ahorra ancho de banda y espacio de almacenamiento, est\u00e1 equipada con un sensor de imagen CMOS&hellip;<\/p>\n","protected":false},"featured_media":1921,"comment_status":"open","ping_status":"closed","template":"","meta":{"om_disable_all_campaigns":false,"_monsterinsights_skip_tracking":false,"_monsterinsights_sitenote_active":false,"_monsterinsights_sitenote_note":"","_monsterinsights_sitenote_category":0},"product_brand":[],"product_cat":[110],"product_tag":[112,111,42,38,66],"class_list":{"0":"post-1922","1":"product","2":"type-product","3":"status-publish","4":"has-post-thumbnail","6":"product_cat-bullet","7":"product_tag-bala","8":"product_tag-bullet","9":"product_tag-camaras","10":"product_tag-camaras-de-seguridad","11":"product_tag-dahua","13":"first","14":"instock","15":"sale","16":"taxable","17":"shipping-taxable","18":"purchasable","19":"product-type-simple"},"aioseo_notices":[],"_links":{"self":[{"href":"https:\/\/tecsecmty.com\/index.php\/wp-json\/wp\/v2\/product\/1922","targetHints":{"allow":["GET"]}}],"collection":[{"href":"https:\/\/tecsecmty.com\/index.php\/wp-json\/wp\/v2\/product"}],"about":[{"href":"https:\/\/tecsecmty.com\/index.php\/wp-json\/wp\/v2\/types\/product"}],"replies":[{"embeddable":true,"href":"https:\/\/tecsecmty.com\/index.php\/wp-json\/wp\/v2\/comments?post=1922"}],"version-history":[{"count":0,"href":"https:\/\/tecsecmty.com\/index.php\/wp-json\/wp\/v2\/product\/1922\/revisions"}],"wp:featuredmedia":[{"embeddable":true,"href":"https:\/\/tecsecmty.com\/index.php\/wp-json\/wp\/v2\/media\/1921"}],"wp:attachment":[{"href":"https:\/\/tecsecmty.com\/index.php\/wp-json\/wp\/v2\/media?parent=1922"}],"wp:term":[{"taxonomy":"product_brand","embeddable":true,"href":"https:\/\/tecsecmty.com\/index.php\/wp-json\/wp\/v2\/product_brand?post=1922"},{"taxonomy":"product_cat","embeddable":true,"href":"https:\/\/tecsecmty.com\/index.php\/wp-json\/wp\/v2\/product_cat?post=1922"},{"taxonomy":"product_tag","embeddable":true,"href":"https:\/\/tecsecmty.com\/index.php\/wp-json\/wp\/v2\/product_tag?post=1922"}],"curies":[{"name":"wp","href":"https:\/\/api.w.org\/{rel}","templated":true}]}}