{"id":1928,"date":"2023-02-22T17:54:54","date_gmt":"2023-02-22T23:54:54","guid":{"rendered":"https:\/\/tecsecmty.com\/index.php\/producto\/dahua-ipc-hfw2831s-s2-camara-ip-bullet-4k-8-megapixeles-lente-de-2-8-mm-105-grados-de-apertura-h-265-ir-de-30-mts-metalica-wdr-real-de-120-db-ip67-videoanaliticos-con-ivs-ranura-para-micr\/"},"modified":"2023-03-22T23:22:53","modified_gmt":"2023-03-23T05:22:53","slug":"dahua-ipc-hfw2831s-s2-camara-ip-bullet-4k-8-megapixeles-lente-de-2-8-mm-105-grados-de-apertura-h-265-ir-de-30-mts-metalica-wdr-real-de-120-db-ip67-videoanaliticos-con-ivs-ranura-para-micr","status":"publish","type":"product","link":"https:\/\/tecsecmty.com\/index.php\/producto\/dahua-ipc-hfw2831s-s2-camara-ip-bullet-4k-8-megapixeles-lente-de-2-8-mm-105-grados-de-apertura-h-265-ir-de-30-mts-metalica-wdr-real-de-120-db-ip67-videoanaliticos-con-ivs-ranura-para-micr\/","title":{"rendered":"DAHUA IPC-HFW2831S-S2 &#8211; C\u00e1mara IP Bullet 4k\/ 8 Megapixeles\/ Lente de 2.8 mm\/ 105 Grados de Apertura\/ H.265+\/ IR de 30 Mts\/ Metalica\/ WDR Real de 120 dB\/ IP67\/ Videoanaliticos con IVS\/ Ranura para MicroSD\/ PoE\/"},"content":{"rendered":"<div class=\"row aling-items-center padding-bottom-2x\">\n<div class=\"col-lg-12\">\n<h5 class=\"card-title text-center\">Informaci\u00f3n General<\/h5>\n<p>El modelo\u00a0<strong>HFW2831S-S2<\/strong>\u00a0es una c\u00e1mara de\u00a0<strong>8 MP<\/strong>\u00a0de resoluci\u00f3n que pertenece a la\u00a0<strong>Serie Lite<\/strong>, ideal si necesita una mayor resoluci\u00f3n, permite obtener im\u00e1genes sorprendentes en\u00a0<strong>Ultra HD\u00a0<\/strong>que es cuatro veces superior a full HD.<\/p>\n<p>Cuenta con luz\u00a0<strong>IR<\/strong>\u00a0con un alcance de hasta\u00a0<strong>30 metros<\/strong>,\u00a0<strong>WDR 120dB<\/strong>\u00a0para simular la amplitud del rango din\u00e1mico y un lente de<strong>\u00a02.8mm<\/strong>,adem\u00e1s puede ser utilizada en ambientes exteriores debido a su \u00edndice de protecci\u00f3n\u00a0<strong>IP67<\/strong><\/p>\n<p><img decoding=\"async\" class=\"overview-center-img-web\" src=\"https:\/\/tvc.mx\/media\/397263\/camara-ip-bullet-4k-8-megapixeles-wdr-real-120dB-IPC-HFW2831S-S2-dahua.png\" alt=\"\" \/><\/div>\n<\/div>\n<div class=\"row align-items-center padding-bottom-2x\">\n<div class=\"col-md-5\"><img decoding=\"async\" class=\"d-block m-auto img-thumbnail\" src=\"https:\/\/tvc.mx\/media\/397267\/Tecnologia-4K-Dahua.png\" alt=\" \" \/><\/div>\n<div class=\"col-md-7 text-md-left text-center\">\n<h2>Tecnolog\u00eda 4K<\/h2>\n<p class=\"text-muted\">\n<p>La tecnolog\u00eda 4K es un avance revolucionario en la imagen, que mejora la imagen expresiva de la esencia, permitiendo a los usuarios experimentar la mejor calidad de imagen producida por la fiesta visual. A los efectos de la vigilancia 4K con cuatro veces la resoluci\u00f3n de 1080 P, presentado al usuario con m\u00e1s detalles. En el mismo escenario al subir los p\u00edxeles, reduzca el costo de la c\u00e1mara.<\/p>\n<p>&nbsp;<\/p>\n<\/div>\n<\/div>\n<hr class=\"padding-bottom-2x\" \/>\n<div class=\"row align-items-center padding-bottom-2x\">\n<div class=\"col-md-5 order-md-2\"><img decoding=\"async\" class=\"d-block m-auto img-thumbnail\" src=\"https:\/\/tvc.mx\/media\/397271\/smart-H.265%2B-y-h.264%2B.png\" alt=\" \" \/><\/div>\n<div class=\"col-md-7 order-md-1 text-md-left text-center\">\n<h2>Smart Codec<\/h2>\n<p class=\"text-muted\">\n<p>Smart Codec es la implementaci\u00f3n de la compresi\u00f3n del v\u00eddeo standard (H.265 &amp; H.264) que usa una estrategia codificada de adaptaci\u00f3n de escenas, dynamic GOP, dynamic ROI, estructura de referencia flexible de m\u00faltiples marcos y reducci\u00f3n inteligente de ruido para ofrecer v\u00eddeos de alta calidad sin forzar la red. La tecnolog\u00eda Smart Codec reduce la tasa de bits y los requisitos de almacenamiento en hasta un 70% en comparaci\u00f3n con la compresi\u00f3n de v\u00eddeo est\u00e1ndar.<\/p>\n<p>&nbsp;<\/p>\n<\/div>\n<\/div>\n<hr class=\"padding-bottom-2x\" \/>\n<div class=\"row align-items-center padding-bottom-2x\">\n<div class=\"col-md-5\"><img decoding=\"async\" class=\"d-block m-auto img-thumbnail\" src=\"https:\/\/tvc.mx\/media\/397275\/Starlight-Dahua.png\" alt=\" \" \/><\/div>\n<div class=\"col-md-7 text-md-left text-center\">\n<h2>Tecnolog\u00eda Starlight<\/h2>\n<p class=\"text-muted\">\n<p>La c\u00e1mara\u00a0<strong>HFW2831S-S2<\/strong>\u00a0cuenta con tecnolog\u00eda\u00a0<strong>Starlight\u00a0<\/strong>la cual nos permite obtener un\u00a0rendimiento excepcional ideal para la visualizaci\u00f3n y reproducci\u00f3n\u00a0de im\u00e1genes bajo condiciones de poca iluminaci\u00f3n, tanto en condiciones de contraluz extremo como en la obscuridad. Incorpora un sensor 1\/2.7&#8243;CMOS de alto rendimiento el cual captura las im\u00e1genes a todo color bajo los ambientes antes mencionados.<\/p>\n<p>&nbsp;<\/p>\n<\/div>\n<\/div>\n<hr class=\"padding-bottom-2x\" \/>\n<div class=\"row align-items-center padding-bottom-2x\">\n<div class=\"col-md-5 order-md-2\"><img decoding=\"async\" class=\"d-block m-auto img-thumbnail\" src=\"https:\/\/tvc.mx\/media\/397279\/WDR-Dahua.png\" alt=\" \" \/><\/div>\n<div class=\"col-md-7 order-md-1 text-md-left text-center\">\n<h2>WDR 120 dB<\/h2>\n<p class=\"text-muted\">\n<p>Esta c\u00e1mara incorpora la funci\u00f3n\u00a0WDR Real 120dB, que permite procesar diferentes condiciones de iluminaci\u00f3n en una escena, es decir, controla las zonas con m\u00ednima y con m\u00e1xima iluminaci\u00f3n para obtener un equilibrio en nuestra imagen final.<\/p>\n<p>&nbsp;<\/p>\n<\/div>\n<\/div>\n<hr class=\"padding-bottom-2x\" \/>\n<div class=\"row align-items-center padding-bottom-2x\">\n<div class=\"col-md-5\"><img decoding=\"async\" class=\"d-block m-auto img-thumbnail\" src=\"https:\/\/tvc.mx\/media\/397283\/3DNR-dahua.png\" alt=\" \" \/><\/div>\n<div class=\"col-md-7 text-md-left text-center\">\n<h2>Reducci\u00f3n de Ruido &#8211; 3DNR<\/h2>\n<p class=\"text-muted\">\n<p><strong>3DNR<\/strong>\u00a0es una tecnolog\u00eda de reducci\u00f3n de ruido que detecta y elimina ruidos aleatorios al comparar dos cuadros secuenciales, permitiendo una notable reducci\u00f3n del ruido con un ligero impacto hasta la nitidez, especialmente en condiciones de iluminaci\u00f3n limitadas. Adem\u00e1s, el\u00a03DNR\u00a0disminuye efectivamente el ancho de banda y ahorra espacio de almacenamiento.<\/p>\n<p>&nbsp;<\/p>\n<\/div>\n<\/div>\n<hr class=\"padding-bottom-2x\" \/>\n<div class=\"row align-items-center padding-bottom-2x\">\n<div class=\"col-md-5 order-md-2\"><img decoding=\"async\" class=\"d-block m-auto img-thumbnail\" src=\"https:\/\/tvc.mx\/media\/397287\/IVS-Dahua.png\" alt=\" \" \/><\/div>\n<div class=\"col-md-7 order-md-1 text-md-left text-center\">\n<h2>Funciones Inteligentes IVS<\/h2>\n<p class=\"text-muted\">\n<p>Con an\u00e1lisis de video inteligente incorporado, la c\u00e1mara tiene la capacidad de detectar y analizar objetos en movimiento para mejorar la videovigilancia. La c\u00e1mara proporciona inteligencia est\u00e1ndar opcional en el borde que permite la detecci\u00f3n de m\u00faltiples comportamientos de objetos, como la detecci\u00f3n de movimiento. IVS tambi\u00e9n admite el an\u00e1lisis de tripwire, lo que permite que la c\u00e1mara detecte cu\u00e1ndo se ha cruzado una l\u00ednea predeterminada.<\/p>\n<p>&nbsp;<\/p>\n<\/div>\n<\/div>\n<hr class=\"padding-bottom-2x\" \/>\n<div class=\"row align-items-center padding-bottom-2x\">\n<div class=\"col-md-5\"><img decoding=\"async\" class=\"d-block m-auto img-thumbnail\" src=\"https:\/\/tvc.mx\/media\/397291\/Smart-IR-Dahua.png\" alt=\" \" \/><\/div>\n<div class=\"col-md-7 text-md-left text-center\">\n<h2>Smart IR<\/h2>\n<p class=\"text-muted\">\n<p>Con la iluminaci\u00f3n IR, las im\u00e1genes detalladas se pueden capturar con poca luz o oscuridad total. La tecnolog\u00eda\u00a0Smart IR\u00a0ajusta la intensidad de los LED infrarrojos para compensar la distancia de un objeto evitando\u00a0que los LEDs IR borren las im\u00e1genes a medida que se acercan a la c\u00e1mara. La iluminaci\u00f3n infrarroja integrada de la c\u00e1mara proporciona un alto rendimiento en entornos con poca luz extrema de hasta\u00a0<strong>30 mts<\/strong>.<\/p>\n<p>&nbsp;<\/p>\n<\/div>\n<\/div>\n<hr class=\"padding-bottom-2x\" \/>\n<div class=\"row align-items-center padding-bottom-2x\">\n<div class=\"col-md-5 order-md-2\"><img decoding=\"async\" class=\"d-block m-auto img-thumbnail\" src=\"https:\/\/tvc.mx\/media\/397303\/camara-ip-bullet-4k-8-megapixeles-wdr-real-120dB-IPC-HFW2831S-S2-dahua-pp-caracteristicas.png\" alt=\" \" \/><\/div>\n<div class=\"col-md-7 order-md-1 text-md-left text-center\">\n<h2>Principales Caracter\u00edsticas<\/h2>\n<p class=\"text-muted\">\n<ul>\n<li>C\u00f3dec H.265, tasa de compresi\u00f3n alta, tasa de bits ultrabaja<\/li>\n<li>LED IR incorporado<\/li>\n<li>ROI, SMART H.264 \/ H.265<\/li>\n<li>WDR, 3D DNR, HLC, BLC,<\/li>\n<li>Detecci\u00f3n inteligente: intrusi\u00f3n, cable trampa<\/li>\n<li>Detecci\u00f3n de anomal\u00edas: detecci\u00f3n de movimiento, manipulaci\u00f3n de video, sin tarjeta SD, tarjeta SD llena, error de tarjeta SD, desconexi\u00f3n de red, conflicto de IP, acceso ilegal, detecci\u00f3n de voltaje<\/li>\n<\/ul>\n<p>&nbsp;<\/p>\n<\/div>\n<\/div>\n<hr class=\"padding-bottom-2x\" \/>\n<div class=\"row align-items-center padding-bottom-2x\">\n<div class=\"col-md-5\"><img decoding=\"async\" class=\"d-block m-auto img-thumbnail\" src=\"https:\/\/tvc.mx\/media\/397307\/camara-ip-bullet-4k-8-megapixeles-wdr-real-120dB-IPC-HFW2831S-S2-dahua-especificaciones.png\" alt=\" \" \/><\/div>\n<div class=\"col-md-7 text-md-left text-center\">\n<h2>Especificaciones<\/h2>\n<p class=\"text-muted\">\n<ul>\n<li>1 \/ 2.7 \u00abCMOS progresivo de 8 megap\u00edxeles<\/li>\n<li>Distancia IR 30 m<\/li>\n<li>N\u00famero de LED IR 1<\/li>\n<li>Lente fijo 2.8mm<\/li>\n<li>Compresi\u00f3n de video H.265; H.264; H.264B; MJPEG<\/li>\n<li>WDR real 120dB<\/li>\n<li>Reducci\u00f3n de ruido DNR 3D<\/li>\n<li>Regi\u00f3n de inter\u00e9s (RoI)<\/li>\n<li>Fuente de alimentaci\u00f3n 12V DC \/ PoE (802.3af)<\/li>\n<li>Carcasa: metal<\/li>\n<\/ul>\n<\/div>\n<\/div>\n","protected":false},"excerpt":{"rendered":"<p>Informaci\u00f3n General El modelo\u00a0HFW2831S-S2\u00a0es una c\u00e1mara de\u00a08 MP\u00a0de resoluci\u00f3n que pertenece a la\u00a0Serie Lite, ideal si necesita una mayor resoluci\u00f3n, permite obtener im\u00e1genes sorprendentes en\u00a0Ultra HD\u00a0que es cuatro veces superior a full HD. Cuenta con luz\u00a0IR\u00a0con un alcance de hasta\u00a030 metros,\u00a0WDR 120dB\u00a0para simular la amplitud&hellip;<\/p>\n","protected":false},"featured_media":1927,"comment_status":"open","ping_status":"closed","template":"","meta":{"om_disable_all_campaigns":false,"_monsterinsights_skip_tracking":false,"_monsterinsights_sitenote_active":false,"_monsterinsights_sitenote_note":"","_monsterinsights_sitenote_category":0},"product_brand":[],"product_cat":[110],"product_tag":[112,111,42,38,66],"class_list":{"0":"post-1928","1":"product","2":"type-product","3":"status-publish","4":"has-post-thumbnail","6":"product_cat-bullet","7":"product_tag-bala","8":"product_tag-bullet","9":"product_tag-camaras","10":"product_tag-camaras-de-seguridad","11":"product_tag-dahua","13":"first","14":"instock","15":"sale","16":"taxable","17":"shipping-taxable","18":"purchasable","19":"product-type-simple"},"aioseo_notices":[],"_links":{"self":[{"href":"https:\/\/tecsecmty.com\/index.php\/wp-json\/wp\/v2\/product\/1928","targetHints":{"allow":["GET"]}}],"collection":[{"href":"https:\/\/tecsecmty.com\/index.php\/wp-json\/wp\/v2\/product"}],"about":[{"href":"https:\/\/tecsecmty.com\/index.php\/wp-json\/wp\/v2\/types\/product"}],"replies":[{"embeddable":true,"href":"https:\/\/tecsecmty.com\/index.php\/wp-json\/wp\/v2\/comments?post=1928"}],"version-history":[{"count":0,"href":"https:\/\/tecsecmty.com\/index.php\/wp-json\/wp\/v2\/product\/1928\/revisions"}],"wp:featuredmedia":[{"embeddable":true,"href":"https:\/\/tecsecmty.com\/index.php\/wp-json\/wp\/v2\/media\/1927"}],"wp:attachment":[{"href":"https:\/\/tecsecmty.com\/index.php\/wp-json\/wp\/v2\/media?parent=1928"}],"wp:term":[{"taxonomy":"product_brand","embeddable":true,"href":"https:\/\/tecsecmty.com\/index.php\/wp-json\/wp\/v2\/product_brand?post=1928"},{"taxonomy":"product_cat","embeddable":true,"href":"https:\/\/tecsecmty.com\/index.php\/wp-json\/wp\/v2\/product_cat?post=1928"},{"taxonomy":"product_tag","embeddable":true,"href":"https:\/\/tecsecmty.com\/index.php\/wp-json\/wp\/v2\/product_tag?post=1928"}],"curies":[{"name":"wp","href":"https:\/\/api.w.org\/{rel}","templated":true}]}}