{"id":1930,"date":"2023-02-22T17:54:56","date_gmt":"2023-02-22T23:54:56","guid":{"rendered":"https:\/\/tecsecmty.com\/index.php\/producto\/dahua-ipc-hfw2831t-as-camara-ip-bullet-4k-8-megapixeles-h-265-wdr-real-lente-de-3-6-mm-ir-80-mts-videoanaliticos-con-ivs-ip67-es-de-alarma-y-audio-ranura-para-microsd-poe\/"},"modified":"2023-03-22T23:22:53","modified_gmt":"2023-03-23T05:22:53","slug":"dahua-ipc-hfw2831t-as-camara-ip-bullet-4k-8-megapixeles-h-265-wdr-real-lente-de-3-6-mm-ir-80-mts-videoanaliticos-con-ivs-ip67-es-de-alarma-y-audio-ranura-para-microsd-poe","status":"publish","type":"product","link":"https:\/\/tecsecmty.com\/index.php\/producto\/dahua-ipc-hfw2831t-as-camara-ip-bullet-4k-8-megapixeles-h-265-wdr-real-lente-de-3-6-mm-ir-80-mts-videoanaliticos-con-ivs-ip67-es-de-alarma-y-audio-ranura-para-microsd-poe\/","title":{"rendered":"DAHUA IPC-HFW2831T-AS &#8211; Camara IP Bullet 4k\/ 8 Megapixeles\/ H.265+\/ WDR Real\/ Lente de 3.6 mm\/ IR 80 Mts\/ Videoanaliticos con IVS\/ IP67\/ E&amp;S de Alarma y Audio\/ Ranura para MicroSD\/ PoE\/"},"content":{"rendered":"<div class=\"row aling-items-center padding-bottom-2x\">\n<div class=\"col-lg-12\">\n<h5 class=\"card-title text-center\">Informaci\u00f3n General<\/h5>\n<p>El modelo\u00a0<strong>HFW2831T-AS<\/strong>\u00a0es una c\u00e1mara de\u00a0<strong>8MP<\/strong>\u00a0de resoluci\u00f3n, permite obtener im\u00e1genes sorprendentes en\u00a0<strong>Ultra HD<\/strong>\u00a0que destaca los detalles en las luces y las sombras mucho m\u00e1s que cualquier otra c\u00e1mara de video. Cuenta con un\u00a0<strong>lente<\/strong>\u00a0de\u00a0<strong>3.6mm<\/strong>, luz\u00a0<strong>IR<\/strong>\u00a0con un alcance de hasta\u00a0<strong>50 metros<\/strong>,\u00a0<strong>WDR 120dB<\/strong>,\u00a0alimentaci\u00f3n\u00a0<strong>PoE<\/strong>\u00a0y puede ser utilizada en ambientes exteriores debido a su \u00edndice de protecci\u00f3n\u00a0<strong>IP67<\/strong>.<\/p>\n<p><img decoding=\"async\" class=\"overview-center-img-web\" src=\"https:\/\/tvc.mx\/media\/419763\/camara-ip-bullet-4k-8-megapixeles-videoanaliticos-microSD-IPC-HFW2831T-AS-dahua.png\" alt=\"\" \/><\/div>\n<\/div>\n<div class=\"row align-items-center padding-bottom-2x\">\n<div class=\"col-md-5\"><img decoding=\"async\" class=\"d-block m-auto img-thumbnail\" src=\"https:\/\/tvc.mx\/media\/419767\/Tecnologia-4K-Dahua.png\" alt=\" \" \/><\/div>\n<div class=\"col-md-7 text-md-left text-center\">\n<h2>Tecnolog\u00eda 4K<\/h2>\n<p class=\"text-muted\">\n<p>Nuestra c\u00e1mara cuenta con la tecnolog\u00eda\u00a04K\u00a0, esta tecnolog\u00eda es un avance revolucionario en la imagen, permitiendo a los usuarios experimentar una mejor y excelente calidad de imagen. Para la videovigilancia es una gran mejor\u00eda ya que es capaz de cuadruplicar la resoluci\u00f3n\u00a0que\u00a0nos ofrece la Alta Definici\u00f3n ( 1080P )\u00a0presentado al usuario con m\u00e1s detalles.<\/p>\n<p>&nbsp;<\/p>\n<\/div>\n<\/div>\n<hr class=\"padding-bottom-2x\" \/>\n<div class=\"row align-items-center padding-bottom-2x\">\n<div class=\"col-md-5 order-md-2\"><img decoding=\"async\" class=\"d-block m-auto img-thumbnail\" src=\"https:\/\/tvc.mx\/media\/419771\/codificacion-h.265-dahua.png\" alt=\" \" \/><\/div>\n<div class=\"col-md-7 order-md-1 text-md-left text-center\">\n<h2>Smart Codec H.265+<\/h2>\n<p class=\"text-muted\">\n<p>Smart Codec es la implementacion de la compresion del video standard (H.265 &amp; H.264) que usa una estrategia codificada de adaptacion de escenas, dynamic GOP, dynamic ROI, estructura de referencia flexible de m\u00faltiples marcos y reducci\u00f3n inteligente de ruido para ofrecer videos de alta calidad sin forzar la red. La tecnolog\u00eda Smart Codec reduce la tasa de bits y los requisitos de almacenamiento en hasta un 70% en comparaci\u00f3n con la compresi\u00f3n de video est\u00e1ndar.<\/p>\n<p>&nbsp;<\/p>\n<\/div>\n<\/div>\n<hr class=\"padding-bottom-2x\" \/>\n<div class=\"row align-items-center padding-bottom-2x\">\n<div class=\"col-md-5\"><img decoding=\"async\" class=\"d-block m-auto img-thumbnail\" src=\"https:\/\/tvc.mx\/media\/419775\/Starlight-Dahua.png\" alt=\" \" \/><\/div>\n<div class=\"col-md-7 text-md-left text-center\">\n<h2>Tecnolog\u00eda Starlight<\/h2>\n<p class=\"text-muted\">\n<p>La c\u00e1mara\u00a0<strong>HFW2831T-AS<\/strong>\u00a0cuenta con tecnolog\u00eda\u00a0<strong>Starlight\u00a0<\/strong>la cual nos permite obtener un\u00a0rendimiento excepcional ideal para la visualizaci\u00f3n y reproducci\u00f3n\u00a0de im\u00e1genes bajo condiciones de poca iluminaci\u00f3n, tanto en condiciones de contraluz extremo como en la obscuridad. Incorpora un sensor 1\/2.7&#8243;CMOS de alto rendimiento el cual captura las im\u00e1genes a todo color bajo los ambientes antes mencionados.<\/p>\n<p>&nbsp;<\/p>\n<\/div>\n<\/div>\n<hr class=\"padding-bottom-2x\" \/>\n<div class=\"row align-items-center padding-bottom-2x\">\n<div class=\"col-md-5 order-md-2\"><img decoding=\"async\" class=\"d-block m-auto img-thumbnail\" src=\"https:\/\/tvc.mx\/media\/419779\/IVS-Dahua.png\" alt=\" \" \/><\/div>\n<div class=\"col-md-7 order-md-1 text-md-left text-center\">\n<h2>Funciones Inteligentes IVS<\/h2>\n<p class=\"text-muted\">\n<p>La c\u00e1mara\u00a0<strong>HFW2831T-AS<\/strong>\u00a0est\u00e1 equipada con un algoritmo anal\u00edtico inteligente incorporado basado en video, que puede realizar funciones inteligentes como\u00a0<strong>Tripwire<\/strong>\u00a0e<strong>\u00a0Intrusi\u00f3n<\/strong>, para responder de manera r\u00e1pida y precisa a eventos de monitoreo en un \u00e1rea espec\u00edfica. Puede mejorar la eficiencia de la monitorizaci\u00f3n. Adem\u00e1s, la c\u00e1mara es compatible con la detecci\u00f3n inteligente de sabotaje, que es generar un mensaje de advertencia a trav\u00e9s de la detecci\u00f3n de cambios dram\u00e1ticos en la escena y garantizar una videovigilancia efectiva.<\/p>\n<p>&nbsp;<\/p>\n<\/div>\n<\/div>\n<hr class=\"padding-bottom-2x\" \/>\n<div class=\"row align-items-center padding-bottom-2x\">\n<div class=\"col-md-5\"><img decoding=\"async\" class=\"d-block m-auto img-thumbnail\" src=\"https:\/\/tvc.mx\/media\/419783\/WDR-Dahua.png\" alt=\" \" \/><\/div>\n<div class=\"col-md-7 text-md-left text-center\">\n<h2>WDR Real<\/h2>\n<p class=\"text-muted\">\n<p><strong>WDR Real (120dB)<\/strong>\u00a0optimiza las \u00e1reas brillantes y oscuras de una escena al mismo tiempo, logrando obtener im\u00e1genes v\u00edvidas incluso en las condiciones m\u00e1s intensas de iluminaci\u00f3n de contraste. Para aplicaciones con condiciones de iluminaci\u00f3n baja y brillante que cambian r\u00e1pidamente<\/p>\n<p>&nbsp;<\/p>\n<\/div>\n<\/div>\n<hr class=\"padding-bottom-2x\" \/>\n<div class=\"row align-items-center padding-bottom-2x\">\n<div class=\"col-md-5 order-md-2\"><img decoding=\"async\" class=\"d-block m-auto img-thumbnail\" src=\"https:\/\/tvc.mx\/media\/419787\/almacenamiento-microSD-Dahua.png\" alt=\" \" \/><\/div>\n<div class=\"col-md-7 order-md-1 text-md-left text-center\">\n<h2>Almacenamiento en Micro SD<\/h2>\n<p class=\"text-muted\">\n<p>Nuestra c\u00e1mara\u00a0<strong>HFW2831T-AS<\/strong>\u00a0cuenta con una ranura para\u00a0<strong>Micro SD<\/strong>\u00a0permitiendo almacenar hasta\u00a0<strong>256 Gb<\/strong>.<\/p>\n<p>&nbsp;<\/p>\n<\/div>\n<\/div>\n<hr class=\"padding-bottom-2x\" \/>\n<div class=\"row align-items-center padding-bottom-2x\">\n<div class=\"col-md-5\"><img decoding=\"async\" class=\"d-block m-auto img-thumbnail\" src=\"https:\/\/tvc.mx\/media\/419791\/Monitoreo-Remoto-App-y-Software--dahua.png\" alt=\" \" \/><\/div>\n<div class=\"col-md-7 text-md-left text-center\">\n<h2>Visualizaci\u00f3n Remota<\/h2>\n<p class=\"text-muted\">\n<p>La c\u00e1mara\u00a0HFW2831TZS\u00a0puede ser visualizada remotamente mediante el programa\u00a0Smart PSS el DSS Cliente y las aplicaciones DMS de Dahua .<\/p>\n<p>&nbsp;<\/p>\n<\/div>\n<\/div>\n<hr class=\"padding-bottom-2x\" \/>\n<div class=\"row align-items-center padding-bottom-2x\">\n<div class=\"col-md-5 order-md-2\"><img decoding=\"async\" class=\"d-block m-auto img-thumbnail\" src=\"https:\/\/tvc.mx\/media\/419795\/camara-ip-bullet-4k-8-megapixeles-videoanaliticos-microSD-IPC-HFW2831T-AS-dahua-caracteristicas.png\" alt=\" \" \/><\/div>\n<div class=\"col-md-7 order-md-1 text-md-left text-center\">\n<h2>Principales Caracter\u00edsticas<\/h2>\n<p class=\"text-muted\">\n<ul>\n<li>WDR &#8211; 120 dB &#8211; Amplio rango din\u00e1mico de la iluminaci\u00f3n<\/li>\n<li>3D-DNR &#8211; Reducci\u00f3n digital de ruido en la imagen<\/li>\n<li>ROI &#8211; mejora de la calidad de las partes seleccionadas de la imagen<\/li>\n<li>BLC\/HLC &#8211; compensaci\u00f3n de luz de fondo \/ luz alta<\/li>\n<li>Modo d\u00eda\/noche<\/li>\n<li>ICR &#8211; Filtro mec\u00e1nico de infrarrojos<\/li>\n<li>WB &#8211; Balance de blancos<\/li>\n<li>AGC &#8211; Ajuste autom\u00e1tico de la ganancia de la imagen<\/li>\n<li>Posibilidad de cambiar la resoluci\u00f3n, calidad y tasa de bits<\/li>\n<li>Detecci\u00f3n de movimiento<\/li>\n<li>Zonas de privacidad<\/li>\n<li>Zonas de privacidad configurables<\/li>\n<li>Mirror &#8211; Imagen de espejo<\/li>\n<li>An\u00e1lisis IVS\u00a0:\u00a0intrusi\u00f3n,\u00a0cruzamiento de la l\u00ednea (cable trampa)\n<div class=\"col-md-5\"><img decoding=\"async\" class=\"d-block m-auto img-thumbnail\" src=\"https:\/\/tvc.mx\/media\/419799\/camara-ip-bullet-4k-8-megapixeles-videoanaliticos-microSD-IPC-HFW2831T-AS-dahua-especificaiones.png\" alt=\" \" \/><\/div>\n<div class=\"col-md-7 text-md-left text-center\">\n<h2>Especificaciones<\/h2>\n<p class=\"text-muted\">\n<ul>\n<li>1\/2.7\u00a0\u00bb Progressive Scan CMOS<\/li>\n<li>8 megap\u00edxeles<\/li>\n<li>Lente fijo 3.6mm<\/li>\n<li>\u00c1ngulo de visi\u00f3n:87\u00a0\u00b0<\/li>\n<li>Rango del iluminador IR:80\u00a0m<\/li>\n<li>Ranura para tarjeta de memoria:Es compatible con tarjetas Micro SD hasta 256GB (posibilidad de grabaci\u00f3n local)<\/li>\n<li>M\u00e9todo de compresi\u00f3n de im\u00e1genes:H.265+ \/\u00a0H.265\u00a0\/\u00a0H.264\u00a0\/ H.264+ \/\u00a0MJPEG<\/li>\n<li>Entrada para micr\u00f3fono externo<\/li>\n<li>Salida de audio<\/li>\n<li>Soporta audio bidireccional<\/li>\n<li>Alimentaci\u00f3n: PoE (802.3af),12\u00a0V\u00a0DC\u00a0\/ 700\u00a0mA<\/li>\n<li>Carcasa: Metal<\/li>\n<li>IP67<\/li>\n<\/ul>\n<\/div>\n<\/li>\n<\/ul>\n<\/div>\n<\/div>\n","protected":false},"excerpt":{"rendered":"<p>Informaci\u00f3n General El modelo\u00a0HFW2831T-AS\u00a0es una c\u00e1mara de\u00a08MP\u00a0de resoluci\u00f3n, permite obtener im\u00e1genes sorprendentes en\u00a0Ultra HD\u00a0que destaca los detalles en las luces y las sombras mucho m\u00e1s que cualquier otra c\u00e1mara de video. Cuenta con un\u00a0lente\u00a0de\u00a03.6mm, luz\u00a0IR\u00a0con un alcance de hasta\u00a050 metros,\u00a0WDR 120dB,\u00a0alimentaci\u00f3n\u00a0PoE\u00a0y puede ser utilizada en&hellip;<\/p>\n","protected":false},"featured_media":1929,"comment_status":"open","ping_status":"closed","template":"","meta":{"om_disable_all_campaigns":false,"_monsterinsights_skip_tracking":false,"_monsterinsights_sitenote_active":false,"_monsterinsights_sitenote_note":"","_monsterinsights_sitenote_category":0},"product_brand":[],"product_cat":[110],"product_tag":[112,111,42,38,66],"class_list":{"0":"post-1930","1":"product","2":"type-product","3":"status-publish","4":"has-post-thumbnail","6":"product_cat-bullet","7":"product_tag-bala","8":"product_tag-bullet","9":"product_tag-camaras","10":"product_tag-camaras-de-seguridad","11":"product_tag-dahua","13":"first","14":"instock","15":"sale","16":"taxable","17":"shipping-taxable","18":"purchasable","19":"product-type-simple"},"aioseo_notices":[],"_links":{"self":[{"href":"https:\/\/tecsecmty.com\/index.php\/wp-json\/wp\/v2\/product\/1930","targetHints":{"allow":["GET"]}}],"collection":[{"href":"https:\/\/tecsecmty.com\/index.php\/wp-json\/wp\/v2\/product"}],"about":[{"href":"https:\/\/tecsecmty.com\/index.php\/wp-json\/wp\/v2\/types\/product"}],"replies":[{"embeddable":true,"href":"https:\/\/tecsecmty.com\/index.php\/wp-json\/wp\/v2\/comments?post=1930"}],"version-history":[{"count":0,"href":"https:\/\/tecsecmty.com\/index.php\/wp-json\/wp\/v2\/product\/1930\/revisions"}],"wp:featuredmedia":[{"embeddable":true,"href":"https:\/\/tecsecmty.com\/index.php\/wp-json\/wp\/v2\/media\/1929"}],"wp:attachment":[{"href":"https:\/\/tecsecmty.com\/index.php\/wp-json\/wp\/v2\/media?parent=1930"}],"wp:term":[{"taxonomy":"product_brand","embeddable":true,"href":"https:\/\/tecsecmty.com\/index.php\/wp-json\/wp\/v2\/product_brand?post=1930"},{"taxonomy":"product_cat","embeddable":true,"href":"https:\/\/tecsecmty.com\/index.php\/wp-json\/wp\/v2\/product_cat?post=1930"},{"taxonomy":"product_tag","embeddable":true,"href":"https:\/\/tecsecmty.com\/index.php\/wp-json\/wp\/v2\/product_tag?post=1930"}],"curies":[{"name":"wp","href":"https:\/\/api.w.org\/{rel}","templated":true}]}}