{"id":1934,"date":"2023-02-22T17:55:00","date_gmt":"2023-02-22T23:55:00","guid":{"rendered":"https:\/\/tecsecmty.com\/index.php\/producto\/dahua-ipc-hfw3241e-sa-camara-ip-bullet-con-inteligencia-artificial-2-megapixeles-lente-de-2-8mm-106-grados-de-apertura-microfono-integrado-wizsense-wdr-de-120-db-ir-de-50-mts-smd-plus-ip67\/"},"modified":"2023-03-22T23:22:53","modified_gmt":"2023-03-23T05:22:53","slug":"dahua-ipc-hfw3241e-sa-camara-ip-bullet-con-inteligencia-artificial-2-megapixeles-lente-de-2-8mm-106-grados-de-apertura-microfono-integrado-wizsense-wdr-de-120-db-ir-de-50-mts-smd-plus-ip67","status":"publish","type":"product","link":"https:\/\/tecsecmty.com\/index.php\/producto\/dahua-ipc-hfw3241e-sa-camara-ip-bullet-con-inteligencia-artificial-2-megapixeles-lente-de-2-8mm-106-grados-de-apertura-microfono-integrado-wizsense-wdr-de-120-db-ir-de-50-mts-smd-plus-ip67\/","title":{"rendered":"DAHUA IPC-HFW3241E-SA &#8211; Camara IP Bullet con Inteligencia Artificial\/ 2 Megapixeles\/ Lente de 2.8mm\/ 106 Grados de Apertura\/ Microfono Integrado\/ Wizsense\/ WDR de 120 dB\/ IR de 50 Mts\/ SMD Plus\/ IP67\/ Ranura para MicroSD\/ Protecci\u00f3n Perimetral\/"},"content":{"rendered":"<div class=\"row aling-items-center padding-bottom-2x\">\n<div class=\"col-lg-12\">\n<h5 class=\"card-title text-center\">Informaci\u00f3n general.<\/h5>\n<p>La c\u00e1mara\u00a0<strong>HFW3241EN-SA-0280B<\/strong>\u00a0es perteneciente a la tecnolog\u00eda\u00a0<strong>WizSense<\/strong>\u00a0lanzada por Dahua que implementa productos que adoptan un chip con\u00a0<strong>IA<\/strong>\u00a0y algoritmos de aprendizaje profundo (<strong>Deep Learning<\/strong>). Estas tecnolog\u00edas se enfocan en la detecci\u00f3n de humanos y veh\u00edculos generando una\u00a0<strong>alta precisi\u00f3n en sus anal\u00edticos<\/strong>.<\/p>\n<p><img decoding=\"async\" class=\"overview-center-img-web\" src=\"https:\/\/tvc.mx\/media\/414375\/camara-ip-bullet-con-inteligencia-artificial-microfono-integrado-wizsense-IPC-HFW3241E-SA-Dahua.png\" alt=\"\" \/><\/div>\n<\/div>\n<div class=\"row align-items-center padding-bottom-2x\">\n<div class=\"col-md-5 order-md-2\"><img decoding=\"async\" class=\"d-block m-auto img-thumbnail\" src=\"https:\/\/tvc.mx\/media\/414379\/codificacion-h.265-dahua.png\" alt=\" \" \/><\/div>\n<div class=\"col-md-7 order-md-1 text-md-left text-center\">\n<h2>Smart Codec (H.265+ &amp; H.264+).<\/h2>\n<p class=\"text-muted\">\n<p>Ofrece la implementaci\u00f3n optimizada de la compresi\u00f3n de video est\u00e1ndar ( H.265 y H.264), utiliza m\u00e9todos de compresi\u00f3n de datos sin p\u00e9rdida y\u00a0<strong>reducci\u00f3n inteligente de ruido<\/strong>\u00a0para ofrecer videos de alta calidad sin forzar la red.\u00a0<strong>Smart Codec<\/strong>\u00a0reduce la tasa de bits y los requisitos de almacenamiento en\u00a0<strong>hasta un 70%<\/strong>\u00a0comparado con la compresi\u00f3n de video est\u00e1ndar.<\/p>\n<p>&nbsp;<\/p>\n<\/div>\n<\/div>\n<hr class=\"padding-bottom-2x\" \/>\n<div class=\"row align-items-center padding-bottom-2x\">\n<div class=\"col-md-5\"><img decoding=\"async\" class=\"d-block m-auto img-thumbnail\" src=\"https:\/\/tvc.mx\/media\/414383\/IVS-Dahua.png\" alt=\" \" \/><\/div>\n<div class=\"col-md-7 text-md-left text-center\">\n<h2>Intelligent Video Analysis (IVS).<\/h2>\n<p class=\"text-muted\">\n<p>La c\u00e1mara HDW1230S-S4 est\u00e1 equipada con un sistema<strong>\u00a0IVS (Intelligent Video Analysis)<\/strong>\u00a0lo que le permite realizar funciones inteligentes como\u00a0<strong>Tripwire e Intrusi\u00f3n<\/strong>\u00a0para responder de manera r\u00e1pida y precisa a los eventos de monitoreo en un \u00e1rea espec\u00edfica, esto nos permite aumentar el nivel de seguridad en nuestros sistemas inteligentes.<\/p>\n<p>&nbsp;<\/p>\n<\/div>\n<\/div>\n<hr class=\"padding-bottom-2x\" \/>\n<div class=\"row align-items-center padding-bottom-2x\">\n<div class=\"col-md-5 order-md-2\"><img decoding=\"async\" class=\"d-block m-auto img-thumbnail\" src=\"https:\/\/tvc.mx\/media\/414387\/Starlight-Dahua.png\" alt=\" \" \/><\/div>\n<div class=\"col-md-7 order-md-1 text-md-left text-center\">\n<h2>Tecnolog\u00eda Starlight.<\/h2>\n<p class=\"text-muted\">\n<p>La tecnolog\u00eda Starlight implementa avances en tecnolog\u00eda tanto de hardware como de software, gracias a la implementaci\u00f3n de un\u00a0<strong>sensor m\u00e1s grande<\/strong>\u00a0y un software que le permite ampliar el tiempo de exposici\u00f3n, se puede tener im\u00e1genes de gran calidad en escenarios que solo cuenten con la\u00a0<strong>luz de las estrellas<\/strong>\u00a0en un cielo despejado.<\/p>\n<p>Nota: Para tener el potencial de la tecnolog\u00eda Starlight se requiere deshabilitar la funci\u00f3n de modo nocturno; esta funci\u00f3n requiere de una fuente m\u00ednima de iluminaci\u00f3n.<\/p>\n<p>&nbsp;<\/p>\n<\/div>\n<\/div>\n<hr class=\"padding-bottom-2x\" \/>\n<div class=\"row align-items-center padding-bottom-2x\">\n<div class=\"col-md-5\"><img decoding=\"async\" class=\"d-block m-auto img-thumbnail\" src=\"https:\/\/tvc.mx\/media\/414391\/camara-ip-bullet-con-inteligencia-artificial-microfono-integrado-wizsense-IPC-HFW3241E-SA-Dahua-caracteristicas.png\" alt=\" \" \/><\/div>\n<div class=\"col-md-7 text-md-left text-center\">\n<h2>Principales caracter\u00edsticas.<\/h2>\n<p class=\"text-muted\">\n<ul>\n<li>Sensor de imagen CMOS de 2MP, 1 \/ 2.8 \u201d<\/li>\n<li>Salidas m\u00e1x. 2MP (1920 \u00d7 1080) a 30 fps<\/li>\n<li>C\u00f3dec H.265<\/li>\n<li>LED IR incorporado<\/li>\n<li>ROI, SMART H.264 + \/ H.265 +<\/li>\n<li>Modo de rotaci\u00f3n, WDR, 3D DNR, HLC, BLC, marca de agua digital, aplicable a varias escenas de monitoreo<\/li>\n<li>Detecci\u00f3n inteligente: intrusi\u00f3n, cable trampa (admite la clasificaci\u00f3n y detecci\u00f3n precisa de veh\u00edculos y humanos)<\/li>\n<li>Detecci\u00f3n de anomal\u00edas: detecci\u00f3n de movimiento, manipulaci\u00f3n de video, cambio de escena, detecci\u00f3n de audio, sin tarjeta SD, tarjeta SD llena, error de tarjeta SD, desconexi\u00f3n de red, conflicto de IP, acceso ilegal, detecci\u00f3n de voltaje<\/li>\n<li>Protecci\u00f3n IP67<\/li>\n<li>SMD Plus<\/li>\n<\/ul>\n<p>&nbsp;<\/p>\n<\/div>\n<\/div>\n<hr class=\"padding-bottom-2x\" \/>\n<div class=\"row align-items-center padding-bottom-2x\">\n<div class=\"col-md-5 order-md-2\"><img decoding=\"async\" class=\"d-block m-auto img-thumbnail\" src=\"https:\/\/tvc.mx\/media\/414395\/camara-ip-bullet-con-inteligencia-artificial-microfono-integrado-wizsense-IPC-HFW3241E-SA-Dahua-especificaciones.png\" alt=\" \" \/><\/div>\n<div class=\"col-md-7 order-md-1 text-md-left text-center\">\n<h2>Especificaciones<\/h2>\n<p class=\"text-muted\">\n<ul>\n<li>CMOS progresivo de 1 \/ 2,8 \u00aby 2 megap\u00edxeles<\/li>\n<li>Distancia de iluminaci\u00f3n: 50 m<\/li>\n<li>Lente fijo 2.8mm<\/li>\n<li>Campo de visi\u00f3n: Horizontal: 106 \u00b0; vertical: 57 \u00b0; diagonal: 126 \u00b0<\/li>\n<li>Protecci\u00f3n perimetral: Tripwire; intrusi\u00f3n (reconocimiento de humano y veh\u00edculo)<\/li>\n<li>Trabaje junto con Smart NVR para realizar b\u00fasquedas inteligentes refinadas, extracci\u00f3n de eventos y fusi\u00f3n con videos de eventos<\/li>\n<li>Compresi\u00f3n de video: H.265; H.264; H.264H; H.264B; MJPEG (solo compatible con subflujo)<\/li>\n<li>WDR real 120dB<\/li>\n<li>MIC incorporado<\/li>\n<li>Fuente de alimentaci\u00f3n: 12 V CC \/ PoE (802.3af)<\/li>\n<li>IP67<\/li>\n<li>Carcasa: Metal<\/li>\n<\/ul>\n<\/div>\n<\/div>\n","protected":false},"excerpt":{"rendered":"<p>Informaci\u00f3n general. La c\u00e1mara\u00a0HFW3241EN-SA-0280B\u00a0es perteneciente a la tecnolog\u00eda\u00a0WizSense\u00a0lanzada por Dahua que implementa productos que adoptan un chip con\u00a0IA\u00a0y algoritmos de aprendizaje profundo (Deep Learning). Estas tecnolog\u00edas se enfocan en la detecci\u00f3n de humanos y veh\u00edculos generando una\u00a0alta precisi\u00f3n en sus anal\u00edticos. Smart Codec (H.265+ &amp;&hellip;<\/p>\n","protected":false},"featured_media":1933,"comment_status":"open","ping_status":"closed","template":"","meta":{"om_disable_all_campaigns":false,"_monsterinsights_skip_tracking":false,"_monsterinsights_sitenote_active":false,"_monsterinsights_sitenote_note":"","_monsterinsights_sitenote_category":0},"product_brand":[],"product_cat":[110],"product_tag":[112,111,42,38,66],"class_list":{"0":"post-1934","1":"product","2":"type-product","3":"status-publish","4":"has-post-thumbnail","6":"product_cat-bullet","7":"product_tag-bala","8":"product_tag-bullet","9":"product_tag-camaras","10":"product_tag-camaras-de-seguridad","11":"product_tag-dahua","13":"first","14":"instock","15":"sale","16":"taxable","17":"shipping-taxable","18":"purchasable","19":"product-type-simple"},"aioseo_notices":[],"_links":{"self":[{"href":"https:\/\/tecsecmty.com\/index.php\/wp-json\/wp\/v2\/product\/1934","targetHints":{"allow":["GET"]}}],"collection":[{"href":"https:\/\/tecsecmty.com\/index.php\/wp-json\/wp\/v2\/product"}],"about":[{"href":"https:\/\/tecsecmty.com\/index.php\/wp-json\/wp\/v2\/types\/product"}],"replies":[{"embeddable":true,"href":"https:\/\/tecsecmty.com\/index.php\/wp-json\/wp\/v2\/comments?post=1934"}],"version-history":[{"count":0,"href":"https:\/\/tecsecmty.com\/index.php\/wp-json\/wp\/v2\/product\/1934\/revisions"}],"wp:featuredmedia":[{"embeddable":true,"href":"https:\/\/tecsecmty.com\/index.php\/wp-json\/wp\/v2\/media\/1933"}],"wp:attachment":[{"href":"https:\/\/tecsecmty.com\/index.php\/wp-json\/wp\/v2\/media?parent=1934"}],"wp:term":[{"taxonomy":"product_brand","embeddable":true,"href":"https:\/\/tecsecmty.com\/index.php\/wp-json\/wp\/v2\/product_brand?post=1934"},{"taxonomy":"product_cat","embeddable":true,"href":"https:\/\/tecsecmty.com\/index.php\/wp-json\/wp\/v2\/product_cat?post=1934"},{"taxonomy":"product_tag","embeddable":true,"href":"https:\/\/tecsecmty.com\/index.php\/wp-json\/wp\/v2\/product_tag?post=1934"}],"curies":[{"name":"wp","href":"https:\/\/api.w.org\/{rel}","templated":true}]}}