{"id":1936,"date":"2023-02-22T17:55:02","date_gmt":"2023-02-22T23:55:02","guid":{"rendered":"https:\/\/tecsecmty.com\/index.php\/producto\/dahua-ipc-hfw3241tn-zas-27135-camara-ip-bullet-resolucion-de-2-mp-lente-mot-2-7-a-13-5mm-%e2%88%a2-108-28-ir-60-mts-ia-wizsense-smd-proteccion-perimetral-starlight-poe-wdr-h-2\/"},"modified":"2023-03-22T23:22:53","modified_gmt":"2023-03-23T05:22:53","slug":"dahua-ipc-hfw3241tn-zas-27135-camara-ip-bullet-resolucion-de-2-mp-lente-mot-2-7-a-13-5mm-108-28-ir-60-mts-ia-wizsense-smd-proteccion-perimetral-starlight-poe-wdr-h-2","status":"publish","type":"product","link":"https:\/\/tecsecmty.com\/index.php\/producto\/dahua-ipc-hfw3241tn-zas-27135-camara-ip-bullet-resolucion-de-2-mp-lente-mot-2-7-a-13-5mm-108-28-ir-60-mts-ia-wizsense-smd-proteccion-perimetral-starlight-poe-wdr-h-2\/","title":{"rendered":"DAHUA IPC-HFW3241TN-ZAS-27135 &#8211; C\u00e1mara IP Bullet Resoluci\u00f3n de 2 MP\/ Lente Mot. 2.7 a 13.5mm\/ \u2222 108\u00b0-28\u00b0\/ IR 60 mts\/ IA WizSense\/ SMD\/ Protecci\u00f3n Perimetral\/ Starlight\/ PoE\/ WDR\/ H.265+\/ IP67\/ IK10\/ E&amp;S Alarma\/ E&amp;S Audio\/#relampago"},"content":{"rendered":"<div class=\"row aling-items-center padding-bottom-2x\">\n<div class=\"col-lg-12\">\n<h5 class=\"card-title text-center\">Informaci\u00f3n General<\/h5>\n<p>Con un algoritmo avanzado de aprendizaje profundo, la c\u00e1mara de red Dahua WizSense, admite funciones inteligentes, como la protecci\u00f3n perimetral y la detecci\u00f3n de movimiento inteligente. Con la tecnolog\u00eda Starlight, esta c\u00e1mara proporciona un mejor efecto de imagen en condiciones de baja iluminaci\u00f3n.<\/p>\n<p><img decoding=\"async\" class=\"overview-center-img-web\" src=\"https:\/\/tvc.mx\/media\/429263\/Dahua-IPC-HFW3241TN-ZS-camara-ip-bullet-4-megapixeles-lente-motorizao-smd-plus-ip67.png\" alt=\"\" \/><\/p>\n<\/div>\n<\/div>\n<div class=\"row align-items-center padding-bottom-2x\">\n<div class=\"col-md-5 order-md-2\"><img decoding=\"async\" class=\"d-block m-auto img-thumbnail\" src=\"https:\/\/tvc.mx\/media\/283639\/Codec-IA.png\" alt=\" \" \/><\/div>\n<div class=\"col-md-7 order-md-1 text-md-left text-center\">\n<h2>Smart H.265 + y Smart H.264 +<\/h2>\n<p>Con un algoritmo avanzado de control de velocidad adaptable a la escena, la tecnolog\u00eda de codificaci\u00f3n inteligente de Dahua logra una mayor eficiencia de codificaci\u00f3n que H.265 y H.264, proporciona video de alta calidad y reduce el costo de almacenamiento y transmisi\u00f3n.<\/p>\n<p>&nbsp;<\/p>\n<\/div>\n<\/div>\n<hr class=\"padding-bottom-2x\" \/>\n<div class=\"row align-items-center padding-bottom-2x\">\n<div class=\"col-md-5\"><img decoding=\"async\" class=\"d-block m-auto img-thumbnail\" src=\"https:\/\/tvc.mx\/media\/429267\/proteccion-perimetral-dahua.png\" alt=\" \" \/><\/div>\n<div class=\"col-md-7 text-md-left text-center\">\n<h2>Protecci\u00f3n perimetral<\/h2>\n<p>Con el algoritmo de aprendizaje profundo, la tecnolog\u00eda de protecci\u00f3n perimetral de Dahua puede reconocer a personas y veh\u00edculos con precisi\u00f3n. En \u00e1reas restringidas (como \u00e1reas para peatones y \u00e1reas para veh\u00edculos), las falsas alarmas de detecci\u00f3n inteligente basadas en el tipo de objetivo (como Tripwire, intrusi\u00f3n) se reducen en gran medida.<\/p>\n<p>&nbsp;<\/p>\n<\/div>\n<\/div>\n<hr class=\"padding-bottom-2x\" \/>\n<div class=\"row align-items-center padding-bottom-2x\">\n<div class=\"col-md-5 order-md-2\"><img decoding=\"async\" class=\"d-block m-auto img-thumbnail\" src=\"https:\/\/tvc.mx\/media\/429271\/Starlight-Dahua.png\" alt=\" \" \/><\/div>\n<div class=\"col-md-7 order-md-1 text-md-left text-center\">\n<h2>Starlight<\/h2>\n<p>La tecnolog\u00eda Dahua Starlight se aplica principalmente al entorno de poca iluminaci\u00f3n y puede proporcionar videos claros y coloridos. Incluso en el entorno de m\u00ednima Iluminaci\u00f3n, la tecnolog\u00eda puede garantizar un buen efecto de imagen.<\/p>\n<p>&nbsp;<\/p>\n<\/div>\n<\/div>\n<hr class=\"padding-bottom-2x\" \/>\n<div class=\"row align-items-center padding-bottom-2x\">\n<div class=\"col-md-5\"><img decoding=\"async\" class=\"d-block m-auto img-thumbnail\" src=\"https:\/\/tvc.mx\/media\/429275\/Dahua-IPC-HFW3241TN-ZS-camara-ip-bullet-4-megapixeles-lente-motorizao-smd-plus-ip67-caracteristicas.png\" alt=\" \" \/><\/div>\n<div class=\"col-md-7 text-md-left text-center\">\n<h2>Principales caracter\u00edsticas<\/h2>\n<ul>\n<li>Sensor de imagen CMOS de 2MP, 1 \/ 2.8 \u201d, baja iluminaci\u00f3n, alta definici\u00f3n de imagen<\/li>\n<li>Salidas m\u00e1x. 2MP (1920 \u00d7 1080) a 30 fps<\/li>\n<li>C\u00f3dec H.265, alta tasa de compresi\u00f3n, baja tasa de bits<\/li>\n<li>LED de infrarrojos<\/li>\n<li>ROI, SMART H.264 + \/ H.265 +, codificaci\u00f3n flexible, aplicable a varios entornos de almacenamiento y ancho de banda<\/li>\n<li>Modo de rotaci\u00f3n, WDR, 3D DNR, HLC, BLC, marca de agua digital, aplicable a varias escenas de monitoreo<\/li>\n<li>Detecci\u00f3n inteligente: intrusi\u00f3n, Tripwire (admite la clasificaci\u00f3n y detecci\u00f3n precisa de veh\u00edculos y humanos)<\/li>\n<li>Detecci\u00f3n de anomal\u00edas: detecci\u00f3n de movimiento, manipulaci\u00f3n de video, cambio de escena, detecci\u00f3n de anomal\u00edas de audio, sin tarjeta SD, tarjeta SD llena, error de tarjeta SD, desconexi\u00f3n de red, conflicto de IP, acceso ilegal, detecci\u00f3n de voltaje<\/li>\n<li>Tarjeta Micro SD<\/li>\n<li>Protecci\u00f3n IP67<\/li>\n<li>SMD Plus<\/li>\n<\/ul>\n<p>&nbsp;<\/p>\n<\/div>\n<\/div>\n<hr class=\"padding-bottom-2x\" \/>\n<div class=\"row align-items-center padding-bottom-2x\">\n<div class=\"col-md-5 order-md-2\"><img decoding=\"async\" class=\"d-block m-auto img-thumbnail\" src=\"https:\/\/tvc.mx\/media\/429279\/Dahua-IPC-HFW3241TN-ZS-camara-ip-bullet-4-megapixeles-lente-motorizao-smd-plus-ip67-especificaciones.png\" alt=\" \" \/><\/div>\n<div class=\"col-md-7 order-md-1 text-md-left text-center\">\n<h2>Especificaciones<\/h2>\n<ul>\n<li>CMOS progresivo de 1 \/ 2.8 \u201dy 2 megap\u00edxeles<\/li>\n<li>Distancia de iluminaci\u00f3n\u00a060m<\/li>\n<li>Lente motorizado 2.7 mm \u2013 13.5 mm<\/li>\n<li>Protecci\u00f3n perimetral Tripwire; intrusi\u00f3n (reconocimiento de humano y veh\u00edculo)<\/li>\n<li>B\u00fasqueda inteligente: Trabaje junto con Smart NVR para realizar b\u00fasquedas inteligentes refinadas, extracci\u00f3n de eventos y combinaci\u00f3n con videos de eventos.<\/li>\n<li>Compresi\u00f3n de video H.265; H.264; H.264H; H.264B; MJPEG<\/li>\n<li>BLC HLC WDR real 120dB<\/li>\n<li>Reducci\u00f3n de ruido DNR 3D<\/li>\n<li>Almacenamiento FTP; SFTP; Tarjeta Micro SD (soporta m\u00e1x. 256 G); NAS<\/li>\n<li>Fuente de alimentaci\u00f3n:12 V CC \/ PoE (802.3af)<\/li>\n<li>Grado de protecci\u00f3n IP67<\/li>\n<li>Carcasa: Metal<\/li>\n<\/ul>\n<\/div>\n<\/div>\n","protected":false},"excerpt":{"rendered":"<p>Informaci\u00f3n General Con un algoritmo avanzado de aprendizaje profundo, la c\u00e1mara de red Dahua WizSense, admite funciones inteligentes, como la protecci\u00f3n perimetral y la detecci\u00f3n de movimiento inteligente. Con la tecnolog\u00eda Starlight, esta c\u00e1mara proporciona un mejor efecto de imagen en condiciones de baja iluminaci\u00f3n.&hellip;<\/p>\n","protected":false},"featured_media":1935,"comment_status":"open","ping_status":"closed","template":"","meta":{"om_disable_all_campaigns":false,"_monsterinsights_skip_tracking":false,"_monsterinsights_sitenote_active":false,"_monsterinsights_sitenote_note":"","_monsterinsights_sitenote_category":0},"product_brand":[],"product_cat":[110],"product_tag":[112,111,42,38,66],"class_list":{"0":"post-1936","1":"product","2":"type-product","3":"status-publish","4":"has-post-thumbnail","6":"product_cat-bullet","7":"product_tag-bala","8":"product_tag-bullet","9":"product_tag-camaras","10":"product_tag-camaras-de-seguridad","11":"product_tag-dahua","13":"first","14":"instock","15":"sale","16":"taxable","17":"shipping-taxable","18":"purchasable","19":"product-type-simple"},"aioseo_notices":[],"_links":{"self":[{"href":"https:\/\/tecsecmty.com\/index.php\/wp-json\/wp\/v2\/product\/1936","targetHints":{"allow":["GET"]}}],"collection":[{"href":"https:\/\/tecsecmty.com\/index.php\/wp-json\/wp\/v2\/product"}],"about":[{"href":"https:\/\/tecsecmty.com\/index.php\/wp-json\/wp\/v2\/types\/product"}],"replies":[{"embeddable":true,"href":"https:\/\/tecsecmty.com\/index.php\/wp-json\/wp\/v2\/comments?post=1936"}],"version-history":[{"count":0,"href":"https:\/\/tecsecmty.com\/index.php\/wp-json\/wp\/v2\/product\/1936\/revisions"}],"wp:featuredmedia":[{"embeddable":true,"href":"https:\/\/tecsecmty.com\/index.php\/wp-json\/wp\/v2\/media\/1935"}],"wp:attachment":[{"href":"https:\/\/tecsecmty.com\/index.php\/wp-json\/wp\/v2\/media?parent=1936"}],"wp:term":[{"taxonomy":"product_brand","embeddable":true,"href":"https:\/\/tecsecmty.com\/index.php\/wp-json\/wp\/v2\/product_brand?post=1936"},{"taxonomy":"product_cat","embeddable":true,"href":"https:\/\/tecsecmty.com\/index.php\/wp-json\/wp\/v2\/product_cat?post=1936"},{"taxonomy":"product_tag","embeddable":true,"href":"https:\/\/tecsecmty.com\/index.php\/wp-json\/wp\/v2\/product_tag?post=1936"}],"curies":[{"name":"wp","href":"https:\/\/api.w.org\/{rel}","templated":true}]}}