{"id":1938,"date":"2023-02-22T17:55:05","date_gmt":"2023-02-22T23:55:05","guid":{"rendered":"https:\/\/tecsecmty.com\/index.php\/producto\/dahua-ipc-hfw3249t1n-as-pv-0360b-camara-ip-bullet-resolucion-de-2-mp-lente-3-6-mm-%e2%88%a2-107-led-40mts-ia-wizsense-det-de-mov-inteligente-prot-perimetral-fullcolor-tioc-poe-wdr-h-265\/"},"modified":"2023-03-22T23:22:53","modified_gmt":"2023-03-23T05:22:53","slug":"dahua-ipc-hfw3249t1n-pv-0360b-camara-ip-bullet-resolucion-de-2-mp-lente-3-6-mm-107-led-40mts-ia-wizsense-det-de-mov-inteligente-prot-perimetral-fullcolor-tioc-poe-wdr-h-265","status":"publish","type":"product","link":"https:\/\/tecsecmty.com\/index.php\/producto\/dahua-ipc-hfw3249t1n-pv-0360b-camara-ip-bullet-resolucion-de-2-mp-lente-3-6-mm-107-led-40mts-ia-wizsense-det-de-mov-inteligente-prot-perimetral-fullcolor-tioc-poe-wdr-h-265\/","title":{"rendered":"DAHUA IPC-HFW3249T1N-AS-PV-0360B &#8211; C\u00e1mara IP Bullet Resoluci\u00f3n de 2 MP\/ Lente 3.6 mm\/ \u2222 107\u00b0\/ LED 40mts\/ IA WizSense\/Det. de Mov. Inteligente\/Prot. Perimetral\/FullColor\/TiOC\/PoE\/WDR\/H.265+\/IP67\/Micr\u00f3fono\/Sirena\/Estrobos\/E&amp;S Alarma\/E&amp;S Audio"},"content":{"rendered":"<div class=\"row aling-items-center padding-bottom-2x\">\n<div class=\"col-lg-12\">\n<h5 class=\"card-title text-center\">Informaci\u00f3n General<\/h5>\n<p>La c\u00e1mara\u00a0<strong>HFW3249T1-AS-PV<\/strong>\u00a0con resoluci\u00f3n de\u00a02MP\u00a0pertenece\u00a0a la\u00a0<strong>Serie WizSense<\/strong>\u00a0de Dahua, cuenta con algoritmos de aprendizaje profundo orientado a proyectos centr\u00e1ndose en los requisitos del cliente, cuenta con anal\u00edticos IVS como tripwire e intrusi\u00f3n ( soporta la clasificaci\u00f3n y detecci\u00f3n precisa de veh\u00edculos y humanos),\u00a0Smd plus y disuasi\u00f3n activa. Este modelo incorpora un\u00a0lente\u00a0de\u00a0<strong>3.6mm<\/strong>, luz\u00a0<strong>IR<\/strong>\u00a0con un alcance de hasta\u00a0<strong>40 metros<\/strong>,\u00a0<strong>WDR 120dB<\/strong>,\u00a0alimentaci\u00f3n\u00a0<strong>PoE<\/strong>\u00a0y puede ser utilizada en ambientes exteriores debido a su \u00edndice de protecci\u00f3n\u00a0<strong>IP67<\/strong>.<\/p>\n<p><img decoding=\"async\" class=\"overview-center-img-web\" src=\"https:\/\/tvc.mx\/media\/397075\/Dahua-HFW3249T1-AS-PV-C%C3%A1mara-IP-Bullet-2MP-Disuasi%C3%B3n-Activa-Full-Color-SMD-Plus-ImgPal.png\" alt=\"\" \/><\/p>\n<\/div>\n<\/div>\n<div class=\"row align-items-center padding-bottom-2x\">\n<div class=\"col-md-5 order-md-2\"><img decoding=\"async\" class=\"d-block m-auto img-thumbnail\" src=\"https:\/\/tvc.mx\/media\/397111\/proteccion-perimetral-dahua.png\" alt=\" \" \/><\/div>\n<div class=\"col-md-7 order-md-1 text-md-left text-center\">\n<h2>Protecci\u00f3n de Per\u00edmetro<\/h2>\n<p>Con algoritmo de aprendizaje profundo, tecnolog\u00eda de protecci\u00f3n perimetral Dahua puede reconocer humanos y veh\u00edculos con precisi\u00f3n. En \u00e1reas restringidas (como \u00e1rea peatonal y \u00e1rea del veh\u00edculo), las falsas alarmas de detecci\u00f3n inteligente basadas en el tipo de objetivo (como Tripwire, Intrusi\u00f3n, Movimiento R\u00e1pido, Detecci\u00f3n de estacionamiento, Detecci\u00f3n de merodeo y Detecci\u00f3n de merodeo) son en gran medida reducidas las falsas alarmas.<\/p>\n<p>&nbsp;<\/p>\n<\/div>\n<\/div>\n<hr class=\"padding-bottom-2x\" \/>\n<div class=\"row align-items-center padding-bottom-2x\">\n<div class=\"col-md-5\"><img decoding=\"async\" class=\"d-block m-auto img-thumbnail\" src=\"https:\/\/tvc.mx\/media\/397115\/SMD-plus-Dahua.png\" alt=\" \" \/><\/div>\n<div class=\"col-md-7 text-md-left text-center\">\n<h2>SMD Plus<\/h2>\n<p>Basado en un algoritmo de aprendizaje profundo, SMD Plus puede clasificar de manera efectiva a humanos o veh\u00edculos en la escena. Filtra las falsas alarmas causadas por hojas, luces, mascotas y otros objetos que no son el objetivo, lo que mejora significativamente la precisi\u00f3n de la alarma. Adem\u00e1s, tambi\u00e9n admite la b\u00fasqueda r\u00e1pida de objetivos a partir de videos grabados, lo que permite a los usuarios rastrear y analizar el historial de datos de objetivos humanos y de veh\u00edculos, mejorar la eficiencia de b\u00fasqueda y ahorrar costos laborales.<\/p>\n<p>&nbsp;<\/p>\n<\/div>\n<\/div>\n<hr class=\"padding-bottom-2x\" \/>\n<div class=\"row align-items-center padding-bottom-2x\">\n<div class=\"col-md-5 order-md-2\"><img decoding=\"async\" class=\"d-block m-auto img-thumbnail\" src=\"https:\/\/tvc.mx\/media\/397119\/disuacion-activa.png\" alt=\" \" \/><\/div>\n<div class=\"col-md-7 order-md-1 text-md-left text-center\">\n<h2>Disuasi\u00f3n Activa<\/h2>\n<p>La c\u00e1mara\u00a0<strong>HFW3249T1-AS-PV<\/strong>\u00a0cuenta con la funci\u00f3n de\u00a0<strong>disuasi\u00f3n activa<\/strong>\u00a0de luz y sirena, vincula el video con el audio cuando ocurre un evento perimetral, La c\u00e1mara puede advertir activamente a los intrusos con luz y sirena, alertar a los usuarios en tiempo real con alarma proporcionando verificaci\u00f3n visual con video.<\/p>\n<p>&nbsp;<\/p>\n<\/div>\n<\/div>\n<hr class=\"padding-bottom-2x\" \/>\n<div class=\"row align-items-center padding-bottom-2x\">\n<div class=\"col-md-5\"><img decoding=\"async\" class=\"d-block m-auto img-thumbnail\" src=\"https:\/\/tvc.mx\/media\/397123\/full-color-dahua.png\" alt=\" \" \/><\/div>\n<div class=\"col-md-7 text-md-left text-center\">\n<h2>Full Color<\/h2>\n<p>Esta tecnolog\u00eda nos permite obtener un\u00a0rendimiento excepcional ideal para la visualizaci\u00f3n y reproducci\u00f3n\u00a0de im\u00e1genes bajo condiciones de poca iluminaci\u00f3n, tanto en condiciones de contraluz extremo como en la obscuridad. Las c\u00e1maras Full Color nos permite tener un monitoreo 24\/7, para recopilaci\u00f3n de datos crom\u00e1ticos.<\/p>\n<p>&nbsp;<\/p>\n<\/div>\n<\/div>\n<hr class=\"padding-bottom-2x\" \/>\n<div class=\"row align-items-center padding-bottom-2x\">\n<div class=\"col-md-5 order-md-2\"><img decoding=\"async\" class=\"d-block m-auto img-thumbnail\" src=\"https:\/\/tvc.mx\/media\/397127\/smart-H.265%2B-y-h.264%2B.png\" alt=\" \" \/><\/div>\n<div class=\"col-md-7 order-md-1 text-md-left text-center\">\n<h2>Codec Inteligente<\/h2>\n<p>Smart Codec es la implementacion de la compresion del video standard (H.265 &amp; H.264) que usa una estrategia codificada de adaptacion de escenas, dynamic GOP, dynamic ROI, estructura de referencia flexible de m\u00faltiples marcos y reducci\u00f3n inteligente de ruido para ofrecer videos de alta calidad sin forzar la red. La tecnolog\u00eda Smart Codec reduce la tasa de bits y los requisitos de almacenamiento en hasta un 70% en comparaci\u00f3n con la compresi\u00f3n de video est\u00e1ndar.<\/p>\n<p>&nbsp;<\/p>\n<\/div>\n<\/div>\n<hr class=\"padding-bottom-2x\" \/>\n<div class=\"row align-items-center padding-bottom-2x\">\n<div class=\"col-md-5\"><img decoding=\"async\" class=\"d-block m-auto img-thumbnail\" src=\"https:\/\/tvc.mx\/media\/397131\/WDR-Dahua.png\" alt=\" \" \/><\/div>\n<div class=\"col-md-7 text-md-left text-center\">\n<h2>WDR 120 dB<\/h2>\n<p>La c\u00e1mara\u00a0logra obtener im\u00e1genes n\u00edtidas\u00a0en escenarios donde hay variaci\u00f3n\u00a0en las condiciones de iluminaci\u00f3n ya sea\u00a0baja y\/o brillante,la funci\u00f3n\u00a0WDR120dB\u00a0se encarga de medir, compensar y ajustar la luz en la imagen\u00a0captada para despu\u00e9s\u00a0combinar los espacios de luces brillantes con los espacios de sombras, creando\u00a0un equilibrio en la imagen final.<\/p>\n<p>&nbsp;<\/p>\n<\/div>\n<\/div>\n<hr class=\"padding-bottom-2x\" \/>\n<div class=\"row align-items-center padding-bottom-2x\">\n<div class=\"col-md-5 order-md-2\"><img decoding=\"async\" class=\"d-block m-auto img-thumbnail\" src=\"https:\/\/tvc.mx\/media\/397135\/Dahua-HFW3249T1-AS-PV-C%C3%A1mara-IP-Bullet-2MP-Disuasi%C3%B3n-Activa-Full-Color-SMD-Plus-pp-caracteristicas.png\" alt=\" \" \/><\/div>\n<div class=\"col-md-7 order-md-1 text-md-left text-center\">\n<h2>Principales Caracter\u00edsticas<\/h2>\n<ul>\n<li>WDR &#8211; 120 dB &#8211; Amplio rango din\u00e1mico de la iluminaci\u00f3n<\/li>\n<li>3D-DNR &#8211; Reducci\u00f3n digital de ruido en la imagen<\/li>\n<li>ROI &#8211; mejora de la calidad de las partes seleccionadas de la imagen<\/li>\n<li>BLC\/HLC &#8211; compensaci\u00f3n de luz de fondo \/ luz alta<\/li>\n<li>Modo d\u00eda\/noche (color\/b&amp;w\/auto)<\/li>\n<li>Full Color &#8211; modo nocturno en color<\/li>\n<li>WB &#8211; Balance de blancos (ATW\/AWB\/manual\/interno\/externo)<\/li>\n<li>AGC &#8211; Ajuste autom\u00e1tico de la ganancia de la imagen<\/li>\n<li>Detecci\u00f3n de movimiento<\/li>\n<li>Zonas de privacidad configurables<\/li>\n<li>Mirror &#8211; Imagen de espejo<\/li>\n<li>Alarma luminosa y ac\u00fastica<\/li>\n<li>Funci\u00f3n de disuasi\u00f3n activa<\/li>\n<li>Iluminador de luz blanca (LED) incorporado : 2\u00a0LEDs<\/li>\n<li>SMD PLUS &#8211; b\u00fasqueda de un objeto clasificado como: persona, veh\u00edculo de motor, veh\u00edculo sin motor<\/li>\n<li>An\u00e1lisis IVS\u00a0:\u00a0cruzamiento de la l\u00ednea (cable trampa),\u00a0intrusi\u00f3n\u00a0&#8211; clasificaci\u00f3n de personas y veh\u00edculos,\u00a0cambio de escenario, Detecci\u00f3n de audio<\/li>\n<\/ul>\n<p>&nbsp;<\/p>\n<\/div>\n<\/div>\n<hr class=\"padding-bottom-2x\" \/>\n<div class=\"row align-items-center padding-bottom-2x\">\n<div class=\"col-md-5\"><img decoding=\"async\" class=\"d-block m-auto img-thumbnail\" src=\"https:\/\/tvc.mx\/media\/397139\/Dahua-HFW3249T1-AS-PV-C%C3%A1mara-IP-Bullet-2MP-Disuasi%C3%B3n-Activa-Full-Color-SMD-Plus-especificaciones.png\" alt=\" \" \/><\/div>\n<div class=\"col-md-7 text-md-left text-center\">\n<h2>Especificaciones<\/h2>\n<ul>\n<li>1\/2.8\u00a0\u00bb Progressive Scan CMOS<\/li>\n<li>2 megap\u00edxeles<\/li>\n<li>Lente fijo 3.6mm<\/li>\n<li>Alcance del iluminador de luz blanca (LED):\u2264 40\u00a0m<\/li>\n<li>Ranura para tarjeta de memoria: Es compatible con tarjetas Micro SD hasta 256GB (posibilidad de grabaci\u00f3n local)<\/li>\n<li>M\u00e9todo de compresi\u00f3n de im\u00e1genes:H.265+ \/\u00a0H.265\u00a0\/ H.264+ \/\u00a0H.264\u00a0\/\u00a0MJPEG<\/li>\n<li>Micr\u00f3fono integrado,<\/li>\n<li>Entrada para micr\u00f3fono externo,<\/li>\n<li>Salida de audio<\/li>\n<li>Soporta audio bidireccional<\/li>\n<li>Detecci\u00f3n de audio<\/li>\n<li>Alimentaci\u00f3n: PoE (802.3af),12\u00a0V\u00a0DC\u00a0\/ 600\u00a0mA<\/li>\n<li>Carcasa: Metal<\/li>\n<li>Grado de protecci\u00f3n:IP67<\/li>\n<\/ul>\n<\/div>\n<\/div>\n","protected":false},"excerpt":{"rendered":"<p>Informaci\u00f3n General La c\u00e1mara\u00a0HFW3249T1-AS-PV\u00a0con resoluci\u00f3n de\u00a02MP\u00a0pertenece\u00a0a la\u00a0Serie WizSense\u00a0de Dahua, cuenta con algoritmos de aprendizaje profundo orientado a proyectos centr\u00e1ndose en los requisitos del cliente, cuenta con anal\u00edticos IVS como tripwire e intrusi\u00f3n ( soporta la clasificaci\u00f3n y detecci\u00f3n precisa de veh\u00edculos y humanos),\u00a0Smd plus y&hellip;<\/p>\n","protected":false},"featured_media":1937,"comment_status":"open","ping_status":"closed","template":"","meta":{"om_disable_all_campaigns":false,"_monsterinsights_skip_tracking":false,"_monsterinsights_sitenote_active":false,"_monsterinsights_sitenote_note":"","_monsterinsights_sitenote_category":0},"product_brand":[],"product_cat":[110],"product_tag":[112,111,42,38,66],"class_list":{"0":"post-1938","1":"product","2":"type-product","3":"status-publish","4":"has-post-thumbnail","6":"product_cat-bullet","7":"product_tag-bala","8":"product_tag-bullet","9":"product_tag-camaras","10":"product_tag-camaras-de-seguridad","11":"product_tag-dahua","13":"first","14":"instock","15":"sale","16":"taxable","17":"shipping-taxable","18":"purchasable","19":"product-type-simple"},"aioseo_notices":[],"_links":{"self":[{"href":"https:\/\/tecsecmty.com\/index.php\/wp-json\/wp\/v2\/product\/1938","targetHints":{"allow":["GET"]}}],"collection":[{"href":"https:\/\/tecsecmty.com\/index.php\/wp-json\/wp\/v2\/product"}],"about":[{"href":"https:\/\/tecsecmty.com\/index.php\/wp-json\/wp\/v2\/types\/product"}],"replies":[{"embeddable":true,"href":"https:\/\/tecsecmty.com\/index.php\/wp-json\/wp\/v2\/comments?post=1938"}],"version-history":[{"count":0,"href":"https:\/\/tecsecmty.com\/index.php\/wp-json\/wp\/v2\/product\/1938\/revisions"}],"wp:featuredmedia":[{"embeddable":true,"href":"https:\/\/tecsecmty.com\/index.php\/wp-json\/wp\/v2\/media\/1937"}],"wp:attachment":[{"href":"https:\/\/tecsecmty.com\/index.php\/wp-json\/wp\/v2\/media?parent=1938"}],"wp:term":[{"taxonomy":"product_brand","embeddable":true,"href":"https:\/\/tecsecmty.com\/index.php\/wp-json\/wp\/v2\/product_brand?post=1938"},{"taxonomy":"product_cat","embeddable":true,"href":"https:\/\/tecsecmty.com\/index.php\/wp-json\/wp\/v2\/product_cat?post=1938"},{"taxonomy":"product_tag","embeddable":true,"href":"https:\/\/tecsecmty.com\/index.php\/wp-json\/wp\/v2\/product_tag?post=1938"}],"curies":[{"name":"wp","href":"https:\/\/api.w.org\/{rel}","templated":true}]}}