{"id":1942,"date":"2023-02-22T17:55:10","date_gmt":"2023-02-22T23:55:10","guid":{"rendered":"https:\/\/tecsecmty.com\/index.php\/producto\/dahua-ipc-hfw3441e-as-s2-camara-ip-bullet-de-4-megapixeles-con-ia-wizsense-lente-de-2-8mm-107-grados-de-apertura-microfono-integrado-ir-de-50-metros-1-es-de-alarmas-y-audio-smd-4-0-ai-ssa\/"},"modified":"2023-03-22T23:22:53","modified_gmt":"2023-03-23T05:22:53","slug":"dahua-ipc-hfw3441e-as-s2-camara-ip-bullet-de-4-megapixeles-con-ia-wizsense-lente-de-2-8mm-107-grados-de-apertura-microfono-integrado-ir-de-50-metros-1-es-de-alarmas-y-audio-smd-4-0-ai-ssa","status":"publish","type":"product","link":"https:\/\/tecsecmty.com\/index.php\/producto\/dahua-ipc-hfw3441e-as-s2-camara-ip-bullet-de-4-megapixeles-con-ia-wizsense-lente-de-2-8mm-107-grados-de-apertura-microfono-integrado-ir-de-50-metros-1-es-de-alarmas-y-audio-smd-4-0-ai-ssa\/","title":{"rendered":"DAHUA IPC-HFW3441E-AS-S2 &#8211; Camara IP Bullet de 4 Megap\u00edxeles con IA\/ WizSense\/ Lente de 2.8mm\/ 107 Grados de Apertura\/ Microfono Integrado\/ IR de 50 Metros\/ 1 E&amp;S de Alarmas y Audio\/ SMD 4.0\/ AI SSA\/ Ranura MicroSD\/ IP67\/ PoE\/ WDR Real\/ #LoNuevo"},"content":{"rendered":"<div class=\"row aling-items-center padding-bottom-2x\">\n<div class=\"col-lg-12\">\n<h5 class=\"card-title text-center\">Informaci\u00f3n General<\/h5>\n<p>La c\u00e1mara\u00a0<strong>IPC-HFW3441E-AS-S2<\/strong>\u00a0es perteneciente a la tecnolog\u00eda\u00a0<strong>WizSense<\/strong>\u00a0lanzada por Dahua que implementa productos que adoptan un chip con\u00a0<strong>IA<\/strong>\u00a0y algoritmos de aprendizaje profundo (<strong>Deep Learning<\/strong>). Estas tecnolog\u00edas se enfocan en la detecci\u00f3n de humanos y veh\u00edculos generando una\u00a0<strong>alta precisi\u00f3n en sus anal\u00edticos<\/strong><\/p>\n<p><img decoding=\"async\" class=\"overview-center-img-web\" src=\"https:\/\/tvc.mx\/media\/525759\/Camaras_IP_Bullet_4MP_WizSense_Microfono_Dahua_IPC-HFW3441E-AS-S2_Over_Ppal.png\" alt=\"\" \/><\/div>\n<\/div>\n<div class=\"row align-items-center padding-bottom-2x\">\n<div class=\"col-md-5\"><img decoding=\"async\" class=\"d-block m-auto img-thumbnail\" src=\"https:\/\/tvc.mx\/media\/525767\/codificacion-h.265-dahua.png\" alt=\" \" \/><\/div>\n<div class=\"col-md-7 text-md-left text-center\">\n<h2>Smart Codec (H.265+ &amp; H.264+).<\/h2>\n<p class=\"text-muted\">\n<p>Ofrece la implementaci\u00f3n optimizada de la compresi\u00f3n de video est\u00e1ndar ( H.265 y H.264), utiliza m\u00e9todos de compresi\u00f3n de datos sin p\u00e9rdida y\u00a0<strong>reducci\u00f3n inteligente de ruido<\/strong>\u00a0para ofrecer videos de alta calidad sin forzar la red.\u00a0<strong>Smart Codec<\/strong>\u00a0reduce la tasa de bits y los requisitos de almacenamiento en\u00a0<strong>hasta un 70%<\/strong>\u00a0comparado con la compresi\u00f3n de video est\u00e1ndar.<\/p>\n<p>&nbsp;<\/p>\n<\/div>\n<\/div>\n<hr class=\"padding-bottom-2x\" \/>\n<div class=\"row align-items-center padding-bottom-2x\">\n<div class=\"col-md-5 order-md-2\"><img decoding=\"async\" class=\"d-block m-auto img-thumbnail\" src=\"https:\/\/tvc.mx\/media\/525771\/IA-SSA-dahua.png\" alt=\" \" \/><\/div>\n<div class=\"col-md-7 order-md-1 text-md-left text-center\">\n<h2>AI SSA<\/h2>\n<p class=\"text-muted\">\n<p>Con el desarrollo continuo de la videovigilancia y la IA, la la demanda de im\u00e1genes con mayor calidad tambi\u00e9n est\u00e1 aumentando. La tecnolog\u00eda Dahua AI SSA (Scene Self-adaption) se basa en un algoritmo de aprendizaje profundo que puede identificar de forma inteligente varias escenas y ajustarlas a su nivel \u00f3ptimo im\u00e1genes.<\/p>\n<p>&nbsp;<\/p>\n<\/div>\n<\/div>\n<hr class=\"padding-bottom-2x\" \/>\n<div class=\"row align-items-center padding-bottom-2x\">\n<div class=\"col-md-5\"><img decoding=\"async\" class=\"d-block m-auto img-thumbnail\" src=\"https:\/\/tvc.mx\/media\/525775\/Starlight-Dahua.png\" alt=\" \" \/><\/div>\n<div class=\"col-md-7 text-md-left text-center\">\n<h2>Tecnolog\u00eda Starlight<\/h2>\n<p class=\"text-muted\">\n<p class=\"ql-align-justify\">La tecnolog\u00eda Starlight implementa avances en tecnolog\u00eda tanto de hardware como de software, gracias a la implementaci\u00f3n de un\u00a0<strong>sensor m\u00e1s grande<\/strong>\u00a0y un software que le permite ampliar el tiempo de exposici\u00f3n, se puede tener im\u00e1genes de gran calidad en escenarios que solo cuenten con la\u00a0<strong>luz de las estrellas<\/strong>\u00a0en un cielo despejado.<\/p>\n<p>Nota: Para tener el potencial de la tecnolog\u00eda Starlight se requiere deshabilitar la funci\u00f3n de modo nocturno; esta funci\u00f3n requiere de una fuente m\u00ednima de iluminaci\u00f3n.<\/p>\n<p>&nbsp;<\/p>\n<\/div>\n<\/div>\n<hr class=\"padding-bottom-2x\" \/>\n<div class=\"row align-items-center padding-bottom-2x\">\n<div class=\"col-md-5\"><img decoding=\"async\" class=\"d-block m-auto img-thumbnail\" src=\"https:\/\/tvc.mx\/media\/525783\/Camaras_IP_Bullet_4MP_WizSense_Microfono_Dahua_IPC-HFW3441E-AS-S2_Over_M_1.png\" alt=\" \" \/><\/div>\n<div class=\"col-md-7 text-md-left text-center\">\n<h2>Principales caracter\u00edsticas.<\/h2>\n<p class=\"text-muted\">\n<ul>\n<li>Sensor de imagen CMOS de 1\/3&#8243; de 4 MP<\/li>\n<li>Starlight<\/li>\n<li>M\u00e1xima Resoluci\u00f3n 4 MP (2688 \u00d7 1520) a 25\/30 fps.<\/li>\n<li>C\u00f3dec H.265+ de alta tasa de compresi\u00f3n, tasa de bits ultrabaja.<\/li>\n<li>LED IR integrado, m\u00e1x. Distancia IR: 50 m.<\/li>\n<li>ROI, SMART H.264 +\/H.265+, IA H.264\/H.265. Codificaci\u00f3n flexible, aplicable a varios entornos de almacenamiento y ancho de banda.<\/li>\n<li>Modo Rotaci\u00f3n: 0\u00b0\/90\u00b0\/180\u00b0\/270\u00b0 (admite 90\u00b0\/270\u00b0 con resoluci\u00f3n de 2688\u00d71520 e inferior)<\/li>\n<li>WDR, 3D NR, HLC, BLC, marca de agua digital, aplicable a varias escenas de monitoreo.<\/li>\n<li>Detecci\u00f3n inteligente: Intrusi\u00f3n, cable trampa.<\/li>\n<li>Alertas por anomal\u00edas: Detecci\u00f3n de movimiento, enmascaramiento de privacidad, cambio de escena, detecci\u00f3n de audio, sin tarjeta SD, tarjeta SD llena, tarjeta SD error, desconexi\u00f3n de red, conflicto de IP, acceso ilegal y detecci\u00f3n en voltaje.<\/li>\n<\/ul>\n<p>&nbsp;<\/p>\n<\/div>\n<\/div>\n<hr class=\"padding-bottom-2x\" \/>\n<div class=\"row align-items-center padding-bottom-2x\">\n<div class=\"col-md-5 order-md-2\"><img decoding=\"async\" class=\"d-block m-auto img-thumbnail\" src=\"https:\/\/tvc.mx\/media\/525795\/Camaras_IP_Bullet_4MP_WizSense_Microfono_Dahua_IPC-HFW3441E-AS-S2_Over_M_2.png\" alt=\" \" \/><\/div>\n<div class=\"col-md-7 order-md-1 text-md-left text-center\">\n<h2>Especificaciones<\/h2>\n<p class=\"text-muted\">\n<ul>\n<li>Sensor de imagen: CMOS de 1\/3&#8243;<\/li>\n<li>Distancia de iluminaci\u00f3n: 50 m<\/li>\n<li>Lente fijo 2.8mm<\/li>\n<li>Campo de visi\u00f3n: Horizontal: 107\u00b0; verticales: 56\u00b0; diagonal: 127\u00b0<\/li>\n<li>Protecci\u00f3n perimetral: Tripwire, intrusi\u00f3n (admite la clasificaci\u00f3n y detecci\u00f3n precisa de veh\u00edculos y humanos)<\/li>\n<li>Contiene IA SSA<\/li>\n<li>Al trabajar en conjunto a un NVR de Inteligencia es posible realizar b\u00fasquedas inteligentes refinadas, extracci\u00f3n de eventos y fusi\u00f3n con videos de eventos<\/li>\n<li>Codificaci\u00f3n de IA: Inteligente H.265+ Inteligente H.264+<\/li>\n<li>WDR real 120dB<\/li>\n<li>MIC incorporado<\/li>\n<li>Fuente de alimentaci\u00f3n: 12 V CC \/ PoE (802.3af)<\/li>\n<li>El consumo de energ\u00eda: B\u00e1sico: 3,8 W (12 V CC); 4,6 W (PoE)<\/li>\n<li>IP67<\/li>\n<li>Temperatura de funcionamiento: \u201340 \u00b0C a +60 \u00b0C (\u201340 \u00b0F a 140 \u00b0F)<\/li>\n<li>Peso neto: 590 gramos (1.30 libras)<\/li>\n<li>Carcasa: Metal<\/li>\n<\/ul>\n<\/div>\n<\/div>\n","protected":false},"excerpt":{"rendered":"<p>Informaci\u00f3n General La c\u00e1mara\u00a0IPC-HFW3441E-AS-S2\u00a0es perteneciente a la tecnolog\u00eda\u00a0WizSense\u00a0lanzada por Dahua que implementa productos que adoptan un chip con\u00a0IA\u00a0y algoritmos de aprendizaje profundo (Deep Learning). Estas tecnolog\u00edas se enfocan en la detecci\u00f3n de humanos y veh\u00edculos generando una\u00a0alta precisi\u00f3n en sus anal\u00edticos Smart Codec (H.265+ &amp;&hellip;<\/p>\n","protected":false},"featured_media":1941,"comment_status":"open","ping_status":"closed","template":"","meta":{"om_disable_all_campaigns":false,"_monsterinsights_skip_tracking":false,"_monsterinsights_sitenote_active":false,"_monsterinsights_sitenote_note":"","_monsterinsights_sitenote_category":0},"product_brand":[],"product_cat":[110],"product_tag":[112,111,42,38,66],"class_list":{"0":"post-1942","1":"product","2":"type-product","3":"status-publish","4":"has-post-thumbnail","6":"product_cat-bullet","7":"product_tag-bala","8":"product_tag-bullet","9":"product_tag-camaras","10":"product_tag-camaras-de-seguridad","11":"product_tag-dahua","13":"first","14":"instock","15":"sale","16":"taxable","17":"shipping-taxable","18":"purchasable","19":"product-type-simple"},"aioseo_notices":[],"_links":{"self":[{"href":"https:\/\/tecsecmty.com\/index.php\/wp-json\/wp\/v2\/product\/1942","targetHints":{"allow":["GET"]}}],"collection":[{"href":"https:\/\/tecsecmty.com\/index.php\/wp-json\/wp\/v2\/product"}],"about":[{"href":"https:\/\/tecsecmty.com\/index.php\/wp-json\/wp\/v2\/types\/product"}],"replies":[{"embeddable":true,"href":"https:\/\/tecsecmty.com\/index.php\/wp-json\/wp\/v2\/comments?post=1942"}],"version-history":[{"count":0,"href":"https:\/\/tecsecmty.com\/index.php\/wp-json\/wp\/v2\/product\/1942\/revisions"}],"wp:featuredmedia":[{"embeddable":true,"href":"https:\/\/tecsecmty.com\/index.php\/wp-json\/wp\/v2\/media\/1941"}],"wp:attachment":[{"href":"https:\/\/tecsecmty.com\/index.php\/wp-json\/wp\/v2\/media?parent=1942"}],"wp:term":[{"taxonomy":"product_brand","embeddable":true,"href":"https:\/\/tecsecmty.com\/index.php\/wp-json\/wp\/v2\/product_brand?post=1942"},{"taxonomy":"product_cat","embeddable":true,"href":"https:\/\/tecsecmty.com\/index.php\/wp-json\/wp\/v2\/product_cat?post=1942"},{"taxonomy":"product_tag","embeddable":true,"href":"https:\/\/tecsecmty.com\/index.php\/wp-json\/wp\/v2\/product_tag?post=1942"}],"curies":[{"name":"wp","href":"https:\/\/api.w.org\/{rel}","templated":true}]}}