{"id":1944,"date":"2023-02-22T17:55:11","date_gmt":"2023-02-22T23:55:11","guid":{"rendered":"https:\/\/tecsecmty.com\/index.php\/producto\/dahua-ipc-hfw3441e-sa-camara-ip-bullet-con-inteligencia-artificial-4-megapixeles-lente-de-2-8mm-microfono-integrado-wdr-ir-50-mts-smd-ip67-proteccionperimetral\/"},"modified":"2023-03-22T23:22:53","modified_gmt":"2023-03-23T05:22:53","slug":"dahua-ipc-hfw3441e-sa-camara-ip-bullet-con-inteligencia-artificial-4-megapixeles-lente-de-2-8mm-microfono-integrado-wdr-ir-50-mts-smd-ip67-proteccionperimetral","status":"publish","type":"product","link":"https:\/\/tecsecmty.com\/index.php\/producto\/dahua-ipc-hfw3441e-sa-camara-ip-bullet-con-inteligencia-artificial-4-megapixeles-lente-de-2-8mm-microfono-integrado-wdr-ir-50-mts-smd-ip67-proteccionperimetral\/","title":{"rendered":"DAHUA IPC-HFW3441E-SA &#8211; Camara IP Bullet con Inteligencia Artificial\/ 4 Megapixeles\/ Lente de 2.8mm\/ Microfono Integrado\/ WDR\/ IR 50 Mts\/ SMD\/ IP67 #Protecci\u00f3nPerimetral"},"content":{"rendered":"<div class=\"row aling-items-center padding-bottom-2x\">\n<div class=\"col-lg-12\">\n<h5 class=\"card-title text-center\">Informaci\u00f3n General<\/h5>\n<p>La c\u00e1mara modelo\u00a0<strong>HFW3441E-SA<\/strong>\u00a0es una c\u00e1mara Ip bullet de la l\u00ednea Lite de Inteligencia Artifical, cuenta con una resoluci\u00f3n de\u00a0<strong>4 Megap\u00edxeles<\/strong>\u00a0recomendada para peque\u00f1os y medianos escenarios como residencias, tiendas minoristas y negocios peque\u00f1os. Incorpora un lente de\u00a0<strong>2.8mm\u00a0<\/strong>que nos permite tener un \u00e1ngulo de visi\u00f3n hasta 103\u00b0,la compresi\u00f3n de video es\u00a0<strong>H265+<\/strong>\u00a0para la reducci\u00f3n del ancho de banda y el almacenamiento.<\/p>\n<p>En la noche permite capturar video n\u00edtido gracias a sus IR LEDS con distancia de hasta 50 metros,la alimentaci\u00f3n es a traves de el mismo cable utp pues cuenta con la tecnolog\u00eda\u00a0<strong>PoE<\/strong>, otro aspecto importante es que la c\u00e1mara est\u00e1 protegida contra el agua y el polvo con la clasificaci\u00f3n IP67.<\/p>\n<p><img decoding=\"async\" class=\"overview-center-img-web\" src=\"https:\/\/tvc.mx\/media\/417495\/camara-ip-vullet-con-inteligencia-artificial-de-4-megapixeles-con-microfono-integrado-IPC-HFW3441E-SA-dahua.png\" alt=\"\" \/><\/div>\n<\/div>\n<div class=\"row align-items-center padding-bottom-2x\">\n<div class=\"col-md-5\"><img decoding=\"async\" class=\"d-block m-auto img-thumbnail\" src=\"https:\/\/tvc.mx\/media\/417499\/Resolucion-de-4mp-litr-Dahua.png\" alt=\" \" \/><\/div>\n<div class=\"col-md-7 text-md-left text-center\">\n<h2>Experiencia Superior 4MP<\/h2>\n<p class=\"text-muted\">\n<p>La c\u00e1mara\u00a0<strong>HFW3441E-SA<\/strong>\u00a0ofrece un amplio rango de visi\u00f3n con su alta resoluci\u00f3n que permite obtener detalles y calidad sin igual.\u00a0La resoluci\u00f3n de\u00a0<strong>4Mp\u00a0<\/strong>es dos veces m\u00e1s clara que la claridad de 1080p,consiguiendo una imagen mucho m\u00e1s clara.<\/p>\n<p>&nbsp;<\/p>\n<\/div>\n<\/div>\n<hr class=\"padding-bottom-2x\" \/>\n<div class=\"row align-items-center padding-bottom-2x\">\n<div class=\"col-md-5 order-md-2\"><img decoding=\"async\" class=\"d-block m-auto img-thumbnail\" src=\"https:\/\/tvc.mx\/media\/417503\/codificacion-h.265-dahua.png\" alt=\" \" \/><\/div>\n<div class=\"col-md-7 order-md-1 text-md-left text-center\">\n<h2>Smart Codec H.265+<\/h2>\n<p class=\"text-muted\">\n<p>Ofrece\u00a0la implementaci\u00f3n optimizada de la compresi\u00f3n de video est\u00e1ndar ( H.265 y H.264), utiliza m\u00e9todos de compresi\u00f3n de datos sin p\u00e9rdida y reducci\u00f3n inteligente de ruido para ofrecer videos de alta calidad sin forzar la red. Smart Codec reduce la tasa de bits y los requisitos de almacenamiento en hasta un 70% comparado con la compresi\u00f3n de video est\u00e1ndar.<\/p>\n<p>&nbsp;<\/p>\n<\/div>\n<\/div>\n<hr class=\"padding-bottom-2x\" \/>\n<div class=\"row align-items-center padding-bottom-2x\">\n<div class=\"col-md-5\"><img decoding=\"async\" class=\"d-block m-auto img-thumbnail\" src=\"https:\/\/tvc.mx\/media\/417507\/SMD-plus-Dahua.png\" alt=\" \" \/><\/div>\n<div class=\"col-md-7 text-md-left text-center\">\n<h2>Detecci\u00f3n inteligente de movimiento (SMD)<\/h2>\n<p class=\"text-muted\">\n<p>Una de las caracter\u00edsticas principales de esta c\u00e1mara es su filtro de falsa alarma para protecci\u00f3n perimetral. Soporta la funci\u00f3n\u00a0<strong>SMD<\/strong>\u00a0de Dahua que se caracteriza por utilizar un algoritmo de aprendizaje profundo\u00a0de detecci\u00f3n de movimiento inteligente, este\u00a0diferenc\u00eda la clasificaci\u00f3n humana y de veh\u00edculos, al tiempo que reduce las falsas alarmas causadas por animales, sacudidas de c\u00e1maras, plantas y \u00e1rboles que se mueven con el viento y otros objetos irrelevantes.\u00a0<strong>SMD<\/strong>\u00a0tambi\u00e9n incluye la b\u00fasqueda r\u00e1pida de objetivos, permitiendo a los usuarios encontrar y analizar informaci\u00f3n hist\u00f3rica de manera r\u00e1pida y f\u00e1cil.<\/p>\n<p>&nbsp;<\/p>\n<\/div>\n<\/div>\n<hr class=\"padding-bottom-2x\" \/>\n<div class=\"row align-items-center padding-bottom-2x\">\n<div class=\"col-md-5 order-md-2\"><img decoding=\"async\" class=\"d-block m-auto img-thumbnail\" src=\"https:\/\/tvc.mx\/media\/417511\/proteccion-perimetral-dahua.png\" alt=\" \" \/><\/div>\n<div class=\"col-md-7 order-md-1 text-md-left text-center\">\n<h2>Protecci\u00f3n Perimetral<\/h2>\n<p class=\"text-muted\">\n<p>La funci\u00f3n de protecci\u00f3n perimetral evita inteligentemente falsas alarmas a los objetos menos importantes, tales como ca\u00edda de las hojas y la lluvia son filtrados y as\u00ed evitar falsas alarmas.<\/p>\n<p>&nbsp;<\/p>\n<\/div>\n<\/div>\n<hr class=\"padding-bottom-2x\" \/>\n<div class=\"row align-items-center padding-bottom-2x\">\n<div class=\"col-md-5\"><img decoding=\"async\" class=\"d-block m-auto img-thumbnail\" src=\"https:\/\/tvc.mx\/media\/417515\/IVS-Dahua.png\" alt=\" \" \/><\/div>\n<div class=\"col-md-7 text-md-left text-center\">\n<h2>Video Inteligente (IVS)<\/h2>\n<p class=\"text-muted\">\n<p class=\"ql-align-justify\">Cuenta con\u00a0funciones\u00a0IVS por lo que tiene la capacidad de detectar y\u00a0analizar objetos en movimiento para mejorar la vigilancia por video.<\/p>\n<ul>\n<li class=\"ql-align-justify\">Tripwire.<\/li>\n<li class=\"ql-align-justify\">Intrusi\u00f3n<\/li>\n<\/ul>\n<p class=\"ql-align-justify\">En ambas funciones hace el reconocimiento inteligente de humanos y veh\u00edculos.<\/p>\n<p>&nbsp;<\/p>\n<\/div>\n<\/div>\n<hr class=\"padding-bottom-2x\" \/>\n<div class=\"row align-items-center padding-bottom-2x\">\n<div class=\"col-md-5 order-md-2\"><img decoding=\"async\" class=\"d-block m-auto img-thumbnail\" src=\"https:\/\/tvc.mx\/media\/417519\/Smart-IR-Dahua.png\" alt=\" \" \/><\/div>\n<div class=\"col-md-7 order-md-1 text-md-left text-center\">\n<h2>Smart IR<\/h2>\n<p class=\"text-muted\">\n<p>Con la iluminaci\u00f3n IR, las im\u00e1genes detalladas se pueden capturar con poca luz o oscuridad total. La tecnolog\u00eda Smart IR ajusta la intensidad de los LED infrarrojos para compensar la distancia de un objeto evitando\u00a0que los LEDs IR borren las im\u00e1genes a medida que se acercan a la c\u00e1mara. La iluminaci\u00f3n infrarroja integrada de la c\u00e1mara proporciona un alto rendimiento en entornos con poca luz extrema de hasta\u00a0<strong>50 mts<\/strong><\/p>\n<p>&nbsp;<\/p>\n<\/div>\n<\/div>\n<hr class=\"padding-bottom-2x\" \/>\n<div class=\"row align-items-center padding-bottom-2x\">\n<div class=\"col-md-5\"><img decoding=\"async\" class=\"d-block m-auto img-thumbnail\" src=\"https:\/\/tvc.mx\/media\/417523\/Region-de-interes-dahua.png\" alt=\" \" \/><\/div>\n<div class=\"col-md-7 text-md-left text-center\">\n<h2>Region de Inter\u00e9s &#8211; ROI<\/h2>\n<p class=\"text-muted\">\n<p>Es una funci\u00f3n con la que cuenta nuestra c\u00e1mara para\u00a0que el operador pueda monitorear \u00e1reas espec\u00edficas de una escena que se resalta y se transmite a una secuencia separada, es ideal para resaltar \u00e1reas tales como puertas o \u00e1reas de acceso donde se requiere una vista de escena general.<\/p>\n<p>&nbsp;<\/p>\n<\/div>\n<\/div>\n<hr class=\"padding-bottom-2x\" \/>\n<div class=\"row align-items-center padding-bottom-2x\">\n<div class=\"col-md-5 order-md-2\"><img decoding=\"async\" class=\"d-block m-auto img-thumbnail\" src=\"https:\/\/tvc.mx\/media\/417527\/camara-ip-vullet-con-inteligencia-artificial-de-4-megapixeles-con-microfono-integrado-IPC-HFW3441E-SA-dahua-caracteristicas.png\" alt=\" \" \/><\/div>\n<div class=\"col-md-7 order-md-1 text-md-left text-center\">\n<h2>Principales Caracter\u00edsticas<\/h2>\n<p class=\"text-muted\">\n<ul>\n<li class=\"ql-align-justify\">Sensor de imagen CMOS de 4MP, 1\/3 \u201d<\/li>\n<li class=\"ql-align-justify\">Salidas m\u00e1x. 4MP (2688 \u00d7 1520) a 30 fps<\/li>\n<li class=\"ql-align-justify\">C\u00f3dec H.265, alta tasa de compresi\u00f3n<\/li>\n<li class=\"ql-align-justify\">LED IR incorporado<\/li>\n<li class=\"ql-align-justify\">ROI, SMART H.264 + \/ H.265 +<\/li>\n<li class=\"ql-align-justify\">Modo de rotaci\u00f3n, WDR, 3D DNR, HLC, BLC, marca de agua digital, aplicable a varias escenas de monitoreo<\/li>\n<li class=\"ql-align-justify\">Detecci\u00f3n inteligente: intrusi\u00f3n, cable trampa<\/li>\n<li class=\"ql-align-justify\">Detecci\u00f3n de anomal\u00edas: detecci\u00f3n de movimiento, manipulaci\u00f3n de video, cambio de escena, detecci\u00f3n de audio, sin tarjeta SD, tarjeta SD llena, error de tarjeta SD, desconexi\u00f3n de la red, Conflicto de IP, acceso ilegal, detecci\u00f3n de voltaje<\/li>\n<li class=\"ql-align-justify\">Protecci\u00f3n IP67<\/li>\n<li class=\"ql-align-justify\">SMD<\/li>\n<\/ul>\n<p>&nbsp;<\/p>\n<\/div>\n<\/div>\n<hr class=\"padding-bottom-2x\" \/>\n<div class=\"row align-items-center padding-bottom-2x\">\n<div class=\"col-md-5\"><img decoding=\"async\" class=\"d-block m-auto img-thumbnail\" src=\"https:\/\/tvc.mx\/media\/417531\/camara-ip-vullet-con-inteligencia-artificial-de-4-megapixeles-con-microfono-integrado-IPC-HFW3441E-SA-dahua-especificaciones.png\" alt=\" \" \/><\/div>\n<div class=\"col-md-7 text-md-left text-center\">\n<h2>Especificaciones<\/h2>\n<p class=\"text-muted\">\n<ul>\n<li>CMOS progresivo de 1\/3 \u201dy 4 megap\u00edxeles<\/li>\n<li>Distancia IR: 50m<\/li>\n<li>N\u00famero de LEDs IR:1<\/li>\n<li>Lente fijo 2.8mm<\/li>\n<li>Campo de visi\u00f3n:Horizontal: 103 \u00b0; vertical: 55 \u00b0; diagonal: 122 \u00b0<\/li>\n<li>Protecci\u00f3n perimetral: Tripwire; intrusi\u00f3n (reconocimiento de humano y veh\u00edculo)<\/li>\n<li>Compresi\u00f3n de video: H.265; H.264; H.264H; H.264B; MJPEG<\/li>\n<li>WDR real 120dB<\/li>\n<li>Reducci\u00f3n de ruido: DNR 3D<\/li>\n<li>MIC incorporado<\/li>\n<li>Fuente de alimentaci\u00f3n: 12 V CC \/ PoE (802.3af)<\/li>\n<li>IP67<\/li>\n<li>Carcasa: Metal<\/li>\n<\/ul>\n<\/div>\n<\/div>\n","protected":false},"excerpt":{"rendered":"<p>Informaci\u00f3n General La c\u00e1mara modelo\u00a0HFW3441E-SA\u00a0es una c\u00e1mara Ip bullet de la l\u00ednea Lite de Inteligencia Artifical, cuenta con una resoluci\u00f3n de\u00a04 Megap\u00edxeles\u00a0recomendada para peque\u00f1os y medianos escenarios como residencias, tiendas minoristas y negocios peque\u00f1os. Incorpora un lente de\u00a02.8mm\u00a0que nos permite tener un \u00e1ngulo de visi\u00f3n&hellip;<\/p>\n","protected":false},"featured_media":1943,"comment_status":"open","ping_status":"closed","template":"","meta":{"om_disable_all_campaigns":false,"_monsterinsights_skip_tracking":false,"_monsterinsights_sitenote_active":false,"_monsterinsights_sitenote_note":"","_monsterinsights_sitenote_category":0},"product_brand":[],"product_cat":[110],"product_tag":[112,111,42,38,66],"class_list":{"0":"post-1944","1":"product","2":"type-product","3":"status-publish","4":"has-post-thumbnail","6":"product_cat-bullet","7":"product_tag-bala","8":"product_tag-bullet","9":"product_tag-camaras","10":"product_tag-camaras-de-seguridad","11":"product_tag-dahua","13":"first","14":"instock","15":"sale","16":"taxable","17":"shipping-taxable","18":"purchasable","19":"product-type-simple"},"aioseo_notices":[],"_links":{"self":[{"href":"https:\/\/tecsecmty.com\/index.php\/wp-json\/wp\/v2\/product\/1944","targetHints":{"allow":["GET"]}}],"collection":[{"href":"https:\/\/tecsecmty.com\/index.php\/wp-json\/wp\/v2\/product"}],"about":[{"href":"https:\/\/tecsecmty.com\/index.php\/wp-json\/wp\/v2\/types\/product"}],"replies":[{"embeddable":true,"href":"https:\/\/tecsecmty.com\/index.php\/wp-json\/wp\/v2\/comments?post=1944"}],"version-history":[{"count":0,"href":"https:\/\/tecsecmty.com\/index.php\/wp-json\/wp\/v2\/product\/1944\/revisions"}],"wp:featuredmedia":[{"embeddable":true,"href":"https:\/\/tecsecmty.com\/index.php\/wp-json\/wp\/v2\/media\/1943"}],"wp:attachment":[{"href":"https:\/\/tecsecmty.com\/index.php\/wp-json\/wp\/v2\/media?parent=1944"}],"wp:term":[{"taxonomy":"product_brand","embeddable":true,"href":"https:\/\/tecsecmty.com\/index.php\/wp-json\/wp\/v2\/product_brand?post=1944"},{"taxonomy":"product_cat","embeddable":true,"href":"https:\/\/tecsecmty.com\/index.php\/wp-json\/wp\/v2\/product_cat?post=1944"},{"taxonomy":"product_tag","embeddable":true,"href":"https:\/\/tecsecmty.com\/index.php\/wp-json\/wp\/v2\/product_tag?post=1944"}],"curies":[{"name":"wp","href":"https:\/\/api.w.org\/{rel}","templated":true}]}}