{"id":1950,"date":"2023-02-22T17:55:18","date_gmt":"2023-02-22T23:55:18","guid":{"rendered":"https:\/\/tecsecmty.com\/index.php\/producto\/dahua-ipc-hfw3841e-as-camara-ip-bullet-de-8-megapixeles-wizsense-con-inteligencia-artificial-lente-de-2-8-mm-h-265-ir-de-30-mts-microfono-integrado-wdr-es-de-audio-y-alarma-smd-plus-ip67\/"},"modified":"2023-03-22T23:22:53","modified_gmt":"2023-03-23T05:22:53","slug":"dahua-ipc-hfw3841e-as-camara-ip-bullet-de-8-megapixeles-wizsense-con-inteligencia-artificial-lente-de-2-8-mm-h-265-ir-de-30-mts-microfono-integrado-wdr-es-de-audio-y-alarma-smd-plus-ip67","status":"publish","type":"product","link":"https:\/\/tecsecmty.com\/index.php\/producto\/dahua-ipc-hfw3841e-as-camara-ip-bullet-de-8-megapixeles-wizsense-con-inteligencia-artificial-lente-de-2-8-mm-h-265-ir-de-30-mts-microfono-integrado-wdr-es-de-audio-y-alarma-smd-plus-ip67\/","title":{"rendered":"DAHUA IPC-HFW3841E-AS &#8211; Camara IP Bullet de 8 Megapixeles\/ WizSense con Inteligencia Artificial\/ Lente de 2.8 mm\/ H.265\/ IR de 30 Mts\/ Microfono Integrado\/ WDR\/ E&amp;S de Audio y Alarma\/ SMD Plus\/ IP67\/ MicroSD\/"},"content":{"rendered":"<div class=\"row aling-items-center padding-bottom-2x\">\n<div class=\"col-lg-12\">\n<h5 class=\"card-title text-center\">Informaci\u00f3n General.<\/h5>\n<p>La c\u00e1mara\u00a0<strong>HFW3841EN-AS<\/strong>\u00a0perteneciente a la familia de productos con tecnolog\u00eda WizSense lanzada por Dahua que cuentan con un chip de\u00a0<strong>Inteligencia Artificial<\/strong>\u00a0(IA) y se encuentran potenciados por algoritmos de\u00a0<strong>aprendizaje profundo<\/strong>\u00a0(Deep Learning). Estas tecnolog\u00edas se enfocan en la detecci\u00f3n de humanos y veh\u00edculos generando una alta precisi\u00f3n en sus anal\u00edticos.<\/p>\n<p><img decoding=\"async\" class=\"overview-center-img-web\" src=\"https:\/\/tvc.mx\/media\/386759\/DAHUA-CAMARA-VIDEO-VIGILANCIA-IP-8MP-INTELIGENCIA-ARTIFICIAL.png\" alt=\"\" \/><\/div>\n<\/div>\n<div class=\"row align-items-center padding-bottom-2x\">\n<div class=\"col-md-5\"><img decoding=\"async\" class=\"d-block m-auto img-thumbnail\" src=\"https:\/\/tvc.mx\/media\/386819\/codificacion-h.265-dahua.png\" alt=\" \" \/><\/div>\n<div class=\"col-md-7 text-md-left text-center\">\n<h2>Smart Codec (H.265+ &amp; H.264+).<\/h2>\n<p class=\"text-muted\">\n<p>Ofrece la implementaci\u00f3n optimizada de la compresi\u00f3n de video est\u00e1ndar (H.265 y H.264), utiliza m\u00e9todos de\u00a0<strong>compresi\u00f3n de datos sin p\u00e9rdida y reducci\u00f3n inteligente de ruido<\/strong>\u00a0para ofrecer videos de alta calidad sin forzar la red.\u00a0<strong>Smart Codec<\/strong>\u00a0<strong>reduce la tasa de bits y los requisitos de almacenamiento en hasta un 70%<\/strong>\u00a0comparado con la compresi\u00f3n de video est\u00e1ndar.<\/p>\n<p>&nbsp;<\/p>\n<\/div>\n<\/div>\n<hr class=\"padding-bottom-2x\" \/>\n<div class=\"row align-items-center padding-bottom-2x\">\n<div class=\"col-md-5 order-md-2\"><img decoding=\"async\" class=\"d-block m-auto img-thumbnail\" src=\"https:\/\/tvc.mx\/media\/386823\/IVS-Dahua.png\" alt=\" \" \/><\/div>\n<div class=\"col-md-7 order-md-1 text-md-left text-center\">\n<h2>Intelligent Video Analysis (IVS).<\/h2>\n<p class=\"text-muted\">\n<p>La c\u00e1mara\u00a0<strong>HFW3841EN-AS<\/strong>\u00a0est\u00e1 equipada con un sistema\u00a0<strong>IVS (Intelligent Video Analysis)<\/strong>\u00a0lo que le permite realizar\u00a0<strong>funciones inteligentes como Tripwire e Intrusi\u00f3n<\/strong>\u00a0para responder de manera r\u00e1pida y precisa a los eventos de monitoreo en un \u00e1rea espec\u00edfica, esto nos permite aumentar el nivel de seguridad en nuestros sistemas inteligentes.<\/p>\n<p>&nbsp;<\/p>\n<\/div>\n<\/div>\n<hr class=\"padding-bottom-2x\" \/>\n<div class=\"row align-items-center padding-bottom-2x\">\n<div class=\"col-md-5\"><img decoding=\"async\" class=\"d-block m-auto img-thumbnail\" src=\"https:\/\/tvc.mx\/media\/386827\/Starlight-Dahua.png\" alt=\" \" \/><\/div>\n<div class=\"col-md-7 text-md-left text-center\">\n<h2>Tecnolog\u00eda Starlight.<\/h2>\n<p class=\"text-muted\">\n<p>La tecnolog\u00eda Starlight implementa avances en tecnolog\u00eda tanto de hardware como de software, gracias a la implementaci\u00f3n de un sensor m\u00e1s grande y un software que le permite ampliar el tiempo de exposici\u00f3n, se puede tener im\u00e1genes de gran calidad en escenarios que solo cuenten con la luz de las estrellasen un cielo despejado.<\/p>\n<p>Nota: Para tener el potencial de la tecnolog\u00eda Starlight se requiere deshabilitar la funci\u00f3n de modo nocturno; esta funci\u00f3n requiere de una fuente m\u00ednima de iluminaci\u00f3n.<\/p>\n<p>&nbsp;<\/p>\n<\/div>\n<\/div>\n<hr class=\"padding-bottom-2x\" \/>\n<div class=\"row align-items-center padding-bottom-2x\">\n<div class=\"col-md-5 order-md-2\"><img decoding=\"async\" class=\"d-block m-auto img-thumbnail\" src=\"https:\/\/tvc.mx\/media\/386831\/DAHUA-CAMARA-VIDEO-VIGILANCIA-IP-8MP-INTELIGENCIA-ARTIFICIAL-pp-caracteristicas.png\" alt=\" \" \/><\/div>\n<div class=\"col-md-7 order-md-1 text-md-left text-center\">\n<h2>Principales Caracter\u00edsticas.<\/h2>\n<p class=\"text-muted\">\n<ul>\n<li>WDR &#8211; 120 dB &#8211; Amplio rango din\u00e1mico de la iluminaci\u00f3n<\/li>\n<li>3D-DNR &#8211; Reducci\u00f3n digital de ruido en la imagen<\/li>\n<li>ROI &#8211; mejora de la calidad de las partes seleccionadas de la imagen<\/li>\n<li>BLC\/HLC &#8211; compensaci\u00f3n de luz de fondo \/ luz alta<\/li>\n<li>Modo d\u00eda\/noche<\/li>\n<li>ICR &#8211; Filtro mec\u00e1nico de infrarrojos<\/li>\n<li>WB &#8211; Balance de blancos (ATW\/AWB\/manual\/interno\/externo)<\/li>\n<li>AGC &#8211; Ajuste autom\u00e1tico de la ganancia de la imagen<\/li>\n<li>Posibilidad de cambiar la resoluci\u00f3n, calidad y tasa de bits<\/li>\n<li>Mirror &#8211; Imagen de espejo<\/li>\n<li>Detecci\u00f3n de movimiento<\/li>\n<li>Zonas de privacidad configurables<\/li>\n<li>SMD PLUS &#8211; b\u00fasqueda de un objeto clasificado como: persona, veh\u00edculo de motor, veh\u00edculo sin motor<\/li>\n<li>An\u00e1lisis IVS\u00a0:\u00a0cruzamiento de la l\u00ednea (cable trampa),\u00a0intrusi\u00f3n\u00a0&#8211; clasificaci\u00f3n de personas y veh\u00edculos,\u00a0cambio de escenario, Detecci\u00f3n de audio<\/li>\n<\/ul>\n<p>&nbsp;<\/p>\n<\/div>\n<\/div>\n<hr class=\"padding-bottom-2x\" \/>\n<div class=\"row align-items-center padding-bottom-2x\">\n<div class=\"col-md-5\"><img decoding=\"async\" class=\"d-block m-auto img-thumbnail\" src=\"https:\/\/tvc.mx\/media\/386835\/DAHUA-CAMARA-VIDEO-VIGILANCIA-IP-8MP-INTELIGENCIA-ARTIFICIAL-especificaciones.png\" alt=\" \" \/><\/div>\n<div class=\"col-md-7 text-md-left text-center\">\n<h2>Especificaciones<\/h2>\n<p class=\"text-muted\">\n<ul>\n<li>1\/2.8\u00a0\u00bb Progressive Scan CMOS<\/li>\n<li>8 megap\u00edxeles<\/li>\n<li>\u00c1ngulo de visi\u00f3n:108\u00a0\u00b0<\/li>\n<li>Rango del iluminador IR:30\u00a0m<\/li>\n<li>Ranura para tarjeta de memoria:Es compatible con tarjetas Micro SD hasta 256GB<\/li>\n<li>M\u00e9todo de compresi\u00f3n de im\u00e1genes:H.265\u00a0\/\u00a0H.264H\u00a0\/\u00a0H.264B\u00a0\/\u00a0H.264\u00a0\/\u00a0MJPEG<\/li>\n<li>Micr\u00f3fono integrado<\/li>\n<li>Entrada para micr\u00f3fono externo<\/li>\n<li>Salida de audio<\/li>\n<li>Soporta audio bidireccional<\/li>\n<li>Detecci\u00f3n de audio<\/li>\n<li>Alimentaci\u00f3n: PoE (802.3af),12\u00a0V\u00a0DC\u00a0\/ 460\u00a0mA<\/li>\n<li>Grado de protecci\u00f3n:IP67<\/li>\n<\/ul>\n<\/div>\n<\/div>\n","protected":false},"excerpt":{"rendered":"<p>Informaci\u00f3n General. La c\u00e1mara\u00a0HFW3841EN-AS\u00a0perteneciente a la familia de productos con tecnolog\u00eda WizSense lanzada por Dahua que cuentan con un chip de\u00a0Inteligencia Artificial\u00a0(IA) y se encuentran potenciados por algoritmos de\u00a0aprendizaje profundo\u00a0(Deep Learning). Estas tecnolog\u00edas se enfocan en la detecci\u00f3n de humanos y veh\u00edculos generando una alta&hellip;<\/p>\n","protected":false},"featured_media":1949,"comment_status":"open","ping_status":"closed","template":"","meta":{"om_disable_all_campaigns":false,"_monsterinsights_skip_tracking":false,"_monsterinsights_sitenote_active":false,"_monsterinsights_sitenote_note":"","_monsterinsights_sitenote_category":0},"product_brand":[],"product_cat":[110],"product_tag":[112,111,42,38,66],"class_list":{"0":"post-1950","1":"product","2":"type-product","3":"status-publish","4":"has-post-thumbnail","6":"product_cat-bullet","7":"product_tag-bala","8":"product_tag-bullet","9":"product_tag-camaras","10":"product_tag-camaras-de-seguridad","11":"product_tag-dahua","13":"first","14":"instock","15":"sale","16":"taxable","17":"shipping-taxable","18":"purchasable","19":"product-type-simple"},"aioseo_notices":[],"_links":{"self":[{"href":"https:\/\/tecsecmty.com\/index.php\/wp-json\/wp\/v2\/product\/1950","targetHints":{"allow":["GET"]}}],"collection":[{"href":"https:\/\/tecsecmty.com\/index.php\/wp-json\/wp\/v2\/product"}],"about":[{"href":"https:\/\/tecsecmty.com\/index.php\/wp-json\/wp\/v2\/types\/product"}],"replies":[{"embeddable":true,"href":"https:\/\/tecsecmty.com\/index.php\/wp-json\/wp\/v2\/comments?post=1950"}],"version-history":[{"count":0,"href":"https:\/\/tecsecmty.com\/index.php\/wp-json\/wp\/v2\/product\/1950\/revisions"}],"wp:featuredmedia":[{"embeddable":true,"href":"https:\/\/tecsecmty.com\/index.php\/wp-json\/wp\/v2\/media\/1949"}],"wp:attachment":[{"href":"https:\/\/tecsecmty.com\/index.php\/wp-json\/wp\/v2\/media?parent=1950"}],"wp:term":[{"taxonomy":"product_brand","embeddable":true,"href":"https:\/\/tecsecmty.com\/index.php\/wp-json\/wp\/v2\/product_brand?post=1950"},{"taxonomy":"product_cat","embeddable":true,"href":"https:\/\/tecsecmty.com\/index.php\/wp-json\/wp\/v2\/product_cat?post=1950"},{"taxonomy":"product_tag","embeddable":true,"href":"https:\/\/tecsecmty.com\/index.php\/wp-json\/wp\/v2\/product_tag?post=1950"}],"curies":[{"name":"wp","href":"https:\/\/api.w.org\/{rel}","templated":true}]}}