{"id":1952,"date":"2023-02-22T17:55:21","date_gmt":"2023-02-22T23:55:21","guid":{"rendered":"https:\/\/tecsecmty.com\/index.php\/producto\/dahua-ipc-hfw3849t1n-as-pv-0280b-camara-ip-bullet-4k-resolucion-de-8-mp-lente-2-8-mm-%e2%88%a2-107-led-30mts-ia-wizsense-det-de-mov-inteligente-proteccion-perimetral-fullcolor-tioc-po\/"},"modified":"2023-03-13T11:10:10","modified_gmt":"2023-03-13T17:10:10","slug":"dahua-ipc-hfw3849t1n-as-pv-0280b-camara-ip-bullet-4k-resolucion-de-8-mp-lente-2-8-mm-107-led-30mts-ia-wizsense-det-de-mov-inteligente-proteccion-perimetral-fullcolor-tioc-po","status":"publish","type":"product","link":"https:\/\/tecsecmty.com\/index.php\/producto\/dahua-ipc-hfw3849t1n-as-pv-0280b-camara-ip-bullet-4k-resolucion-de-8-mp-lente-2-8-mm-107-led-30mts-ia-wizsense-det-de-mov-inteligente-proteccion-perimetral-fullcolor-tioc-po\/","title":{"rendered":"DAHUA IPC-HFW3849T1N-AS-PV-0280B &#8211; C\u00e1mara IP Bullet 4K Resoluci\u00f3n de 8 MP\/ Lente 2.8 mm\/ \u2222 107\u00b0\/ LED 30mts\/ IA WizSense\/ Det de Mov Inteligente\/ Protecci\u00f3n Perimetral\/ FullColor\/ TiOC\/ PoE\/ WDR\/ H.265+\/ IP67\/ Micr\u00f3fono\/ Sirena\/ Estrobos\/ E&amp;S Alarma\/"},"content":{"rendered":"<div class=\"row aling-items-center padding-bottom-2x\">\n<div class=\"col-lg-12\">\n<h5 class=\"card-title text-center\">Informaci\u00f3n general<\/h5>\n<p>La c\u00e1mara\u00a0<strong>IPC-HFW3849T1-AS-PV<\/strong>\u00a0de red Dahua WizSense 3 Series admite funciones inteligentes, como la protecci\u00f3n perimetral y la detecci\u00f3n de movimiento inteligente. Adem\u00e1s, con la tecnolog\u00eda Full color, proporciona un mejor efecto de imagen en condiciones de baja iluminaci\u00f3n.<\/p>\n<p><img decoding=\"async\" class=\"overview-center-img-web\" src=\"https:\/\/tvc.mx\/media\/428871\/Camara-IP-Bullet-8-Megapixeles-disuacion-activa-lente-2.8-audio-alarma-Dahua-B.png\" alt=\"\" \/><\/p>\n<\/div>\n<\/div>\n<div class=\"row align-items-center padding-bottom-2x\">\n<div class=\"col-md-5\"><img decoding=\"async\" class=\"d-block m-auto img-thumbnail\" src=\"https:\/\/tvc.mx\/media\/428883\/full-color-dahua.png\" alt=\" \" \/><\/div>\n<div class=\"col-md-7 text-md-left text-center\">\n<h2>Full Color<\/h2>\n<p>Con un sensor de alto rendimiento y una lente de gran apertura, la tecnolog\u00eda full-color de Dahua puede mostrar una imagen clara y colorida en un entorno de iluminaci\u00f3n ultra baja. Con esta tecnolog\u00eda de fotosensibilidad, la c\u00e1mara puede capturar m\u00e1s luz disponible y mostrar detalles de imagen m\u00e1s coloridos.<\/p>\n<p>&nbsp;<\/p>\n<\/div>\n<\/div>\n<hr class=\"padding-bottom-2x\" \/>\n<div class=\"row align-items-center padding-bottom-2x\">\n<div class=\"col-md-5 order-md-2\"><img decoding=\"async\" class=\"d-block m-auto img-thumbnail\" src=\"https:\/\/tvc.mx\/media\/428887\/disuacion-activa.png\" alt=\" \" \/><\/div>\n<div class=\"col-md-7 order-md-1 text-md-left text-center\">\n<h2>Disuasi\u00f3n activa de sirena y luz<\/h2>\n<p>La c\u00e1mara de red DAHUA de disuasi\u00f3n activa admiten alarma de luz y alarma de voz cuando se produce un evento en el per\u00edmetro, para realizar la disuasi\u00f3n y la intervenci\u00f3n efectiva. La c\u00e1mara est\u00e1 integrada en varias voces para la selecci\u00f3n y admite la importaci\u00f3n de voz personalizada.<\/p>\n<p>&nbsp;<\/p>\n<\/div>\n<\/div>\n<hr class=\"padding-bottom-2x\" \/>\n<div class=\"row align-items-center padding-bottom-2x\">\n<div class=\"col-md-5\"><img decoding=\"async\" class=\"d-block m-auto img-thumbnail\" src=\"https:\/\/tvc.mx\/media\/428891\/SMD-plus-Dahua.png\" alt=\" \" \/><\/div>\n<div class=\"col-md-7 text-md-left text-center\">\n<h2>SMD Plus<\/h2>\n<p>Con un algoritmo inteligente, la tecnolog\u00eda de detecci\u00f3n de movimiento inteligente de Dahua puede categorizar los objetivos que activan la detecci\u00f3n de movimiento y filtrar la alarma de detecci\u00f3n de movimiento activada por objetivos no deseados para realizar una alarma efectiva y precisa.<\/p>\n<p>&nbsp;<\/p>\n<\/div>\n<\/div>\n<hr class=\"padding-bottom-2x\" \/>\n<div class=\"row align-items-center padding-bottom-2x\">\n<div class=\"col-md-5 order-md-2\"><img decoding=\"async\" class=\"d-block m-auto img-thumbnail\" src=\"https:\/\/tvc.mx\/media\/428895\/IP67-dahua.png\" alt=\" \" \/><\/div>\n<div class=\"col-md-7 order-md-1 text-md-left text-center\">\n<h2>Protecci\u00f3n<\/h2>\n<p>IP67: la c\u00e1mara pasa una serie de estrictas pruebas de polvo y agua. Tiene funci\u00f3n a prueba de polvo, y el gabinete puede funcionar normalmente despu\u00e9s de sumergirse en agua de 1 m de profundidad durante 30 minutos.<\/p>\n<p>Voltaje amplio: la c\u00e1mara permite una tolerancia de voltaje de entrada de \u00b1 30% (rango de voltaje amplio) y se aplica ampliamente a entornos exteriores con voltaje inestable.<\/p>\n<p>&nbsp;<\/p>\n<\/div>\n<\/div>\n<hr class=\"padding-bottom-2x\" \/>\n<div class=\"row align-items-center padding-bottom-2x\">\n<div class=\"col-md-5\"><img decoding=\"async\" class=\"d-block m-auto img-thumbnail\" src=\"https:\/\/tvc.mx\/media\/428899\/Camara-IP-Bullet-8-Megapixeles-disuacion-activa-lente-2.8-audio-alarma-Dahua-caracteristicas.png\" alt=\" \" \/><\/div>\n<div class=\"col-md-7 text-md-left text-center\">\n<h2>Caracter\u00edsticas<\/h2>\n<ul>\n<li>WDR &#8211; 120 dB &#8211; Amplio rango din\u00e1mico de la iluminaci\u00f3n<\/li>\n<li>3D-DNR &#8211; Reducci\u00f3n digital de ruido en la imagen<\/li>\n<li>ROI &#8211; mejora de la calidad de las partes seleccionadas de la imagen<\/li>\n<li>BLC\/HLC &#8211; compensaci\u00f3n de luz de fondo \/ luz alta<\/li>\n<li>Full Color &#8211; modo nocturno en color<\/li>\n<li>WB &#8211; Balance de blancos (ATW\/AWB\/manual\/interno\/externo)<\/li>\n<li>AGC &#8211; Ajuste autom\u00e1tico de la ganancia de la imagen<\/li>\n<li>Detecci\u00f3n de movimiento<\/li>\n<li>Zonas de privacidad configurables<\/li>\n<li>Mirror &#8211; Imagen de espejo<\/li>\n<li>Alarma luminosa y ac\u00fastica<\/li>\n<li>Funci\u00f3n de disuasi\u00f3n activa<\/li>\n<li>Iluminador de luz blanca (LED) incorporado : 2\u00a0LEDs<\/li>\n<li>SMD PLUS &#8211; b\u00fasqueda de un objeto clasificado como: persona, veh\u00edculo de motor, veh\u00edculo sin motor<\/li>\n<li>An\u00e1lisis IVS\u00a0:\u00a0cruzamiento de la l\u00ednea (cable trampa),\u00a0intrusi\u00f3n\u00a0&#8211; clasificaci\u00f3n de personas y veh\u00edculos,\u00a0cambio de escenario, Detecci\u00f3n de audio<\/li>\n<\/ul>\n<p>&nbsp;<\/p>\n<\/div>\n<\/div>\n<hr class=\"padding-bottom-2x\" \/>\n<div class=\"row align-items-center padding-bottom-2x\">\n<div class=\"col-md-5 order-md-2\"><img decoding=\"async\" class=\"d-block m-auto img-thumbnail\" src=\"https:\/\/tvc.mx\/media\/428903\/Camara-IP-Bullet-8-Megapixeles-disuacion-activa-lente-2.8-audio-alarma-Dahua-especificaciones.png\" alt=\" \" \/><\/div>\n<div class=\"col-md-7 order-md-1 text-md-left text-center\">\n<h2>Especificaciones<\/h2>\n<ul>\n<li>CMOS progresivo de 1 \/ 2.8 \u00aby 8 megap\u00edxeles<\/li>\n<li>Lente Fijo 2.8mm<\/li>\n<li>\u00c1ngulo de visi\u00f3n:107\u00a0\u00b0<\/li>\n<li>Alcance del iluminador de luz blanca (LED): 30\u00a0m<\/li>\n<li>Ranura para tarjeta de memoria :Es compatible con tarjetas Micro SD hasta 256GB (posibilidad de grabaci\u00f3n local)<\/li>\n<li>M\u00e9todo de compresi\u00f3n de im\u00e1genes:H.265+ \/\u00a0H.265\u00a0\/ H.264+ \/\u00a0H.264\u00a0\/\u00a0MJPEG<\/li>\n<li>Audio: Micr\u00f3fono integrado, Entrada para micr\u00f3fono externo, Salida de audio Soporta audio bidireccional Detecci\u00f3n de audio<\/li>\n<li>Alimentaci\u00f3n:\u00a0PoE (802.3af), 12\u00a0V\u00a0DC\u00a0\/ 630\u00a0mA<\/li>\n<li>Grado de protecci\u00f3n:IP67<\/li>\n<li>Carcasa: Metal<\/li>\n<\/ul>\n<\/div>\n<\/div>\n","protected":false},"excerpt":{"rendered":"<p>Informaci\u00f3n general La c\u00e1mara\u00a0IPC-HFW3849T1-AS-PV\u00a0de red Dahua WizSense 3 Series admite funciones inteligentes, como la protecci\u00f3n perimetral y la detecci\u00f3n de movimiento inteligente. Adem\u00e1s, con la tecnolog\u00eda Full color, proporciona un mejor efecto de imagen en condiciones de baja iluminaci\u00f3n. Full Color Con un sensor de&hellip;<\/p>\n","protected":false},"featured_media":1951,"comment_status":"open","ping_status":"closed","template":"","meta":{"om_disable_all_campaigns":false,"_monsterinsights_skip_tracking":false,"_monsterinsights_sitenote_active":false,"_monsterinsights_sitenote_note":"","_monsterinsights_sitenote_category":0},"product_brand":[],"product_cat":[110],"product_tag":[112,111,42,38,66],"class_list":{"0":"post-1952","1":"product","2":"type-product","3":"status-publish","4":"has-post-thumbnail","6":"product_cat-bullet","7":"product_tag-bala","8":"product_tag-bullet","9":"product_tag-camaras","10":"product_tag-camaras-de-seguridad","11":"product_tag-dahua","13":"first","14":"instock","15":"sale","16":"taxable","17":"shipping-taxable","18":"purchasable","19":"product-type-simple"},"aioseo_notices":[],"_links":{"self":[{"href":"https:\/\/tecsecmty.com\/index.php\/wp-json\/wp\/v2\/product\/1952","targetHints":{"allow":["GET"]}}],"collection":[{"href":"https:\/\/tecsecmty.com\/index.php\/wp-json\/wp\/v2\/product"}],"about":[{"href":"https:\/\/tecsecmty.com\/index.php\/wp-json\/wp\/v2\/types\/product"}],"replies":[{"embeddable":true,"href":"https:\/\/tecsecmty.com\/index.php\/wp-json\/wp\/v2\/comments?post=1952"}],"version-history":[{"count":0,"href":"https:\/\/tecsecmty.com\/index.php\/wp-json\/wp\/v2\/product\/1952\/revisions"}],"wp:featuredmedia":[{"embeddable":true,"href":"https:\/\/tecsecmty.com\/index.php\/wp-json\/wp\/v2\/media\/1951"}],"wp:attachment":[{"href":"https:\/\/tecsecmty.com\/index.php\/wp-json\/wp\/v2\/media?parent=1952"}],"wp:term":[{"taxonomy":"product_brand","embeddable":true,"href":"https:\/\/tecsecmty.com\/index.php\/wp-json\/wp\/v2\/product_brand?post=1952"},{"taxonomy":"product_cat","embeddable":true,"href":"https:\/\/tecsecmty.com\/index.php\/wp-json\/wp\/v2\/product_cat?post=1952"},{"taxonomy":"product_tag","embeddable":true,"href":"https:\/\/tecsecmty.com\/index.php\/wp-json\/wp\/v2\/product_tag?post=1952"}],"curies":[{"name":"wp","href":"https:\/\/api.w.org\/{rel}","templated":true}]}}