{"id":1956,"date":"2023-02-22T17:55:24","date_gmt":"2023-02-22T23:55:24","guid":{"rendered":"https:\/\/tecsecmty.com\/index.php\/producto\/dahua-ipc-hfw5241t-se-black-camara-ip-bullet-resolucion-de-2-mp-lente-3-6-mm-%e2%88%a2-106-ir-80-mts-ia-wizmind-deteccion-facial-proteccion-perimetral-conteo-de-personas-starlight-p\/"},"modified":"2023-03-22T23:22:53","modified_gmt":"2023-03-23T05:22:53","slug":"dahua-ipc-hfw5241t-se-black-camara-ip-bullet-resolucion-de-2-mp-lente-3-6-mm-106-ir-80-mts-ia-wizmind-deteccion-facial-proteccion-perimetral-conteo-de-personas-starlight-p","status":"publish","type":"product","link":"https:\/\/tecsecmty.com\/index.php\/producto\/dahua-ipc-hfw5241t-se-black-camara-ip-bullet-resolucion-de-2-mp-lente-3-6-mm-106-ir-80-mts-ia-wizmind-deteccion-facial-proteccion-perimetral-conteo-de-personas-starlight-p\/","title":{"rendered":"DAHUA IPC-HFW5241T-SE (BLACK) &#8211; C\u00e1mara IP Bullet Resoluci\u00f3n de 2 MP\/ Lente 3.6 mm\/ \u2222 106\u00b0\/ IR 80 mts\/ IA WizMind\/ Detecci\u00f3n Facial\/ Protecci\u00f3n Perimetral\/ Conteo de Personas\/ Starlight\/ PoE\/ WDR\/ H.265+\/ IP67\/ IK10\/#Black"},"content":{"rendered":"<div class=\"row aling-items-center padding-bottom-2x\">\n<div class=\"col-lg-12\">\n<h5 class=\"card-title text-center\">Informaci\u00f3n general<\/h5>\n<p class=\"ql-align-justify\">Con la soluci\u00f3n Starlight y el algoritmo de aprendizaje profundo, la c\u00e1mara de red de la serie Dahua WizMind 5 tiene varias funciones inteligentes, que incluyen captura de rostros, protecci\u00f3n perimetral y conteo de personas, que mejoran en gran medida la precisi\u00f3n del an\u00e1lisis de video.<\/p>\n<p><img decoding=\"async\" class=\"overview-center-img-web\" src=\"https:\/\/tvc.mx\/media\/592559\/DAHUA-IPC-HFW5241T-SE-%28BLACK%29--Camara-IP-Bullet-2-Megapixeles-IA-3-banner-principal.png\" alt=\"camara IP\" \/><\/p>\n<\/div>\n<\/div>\n<div class=\"row align-items-center padding-bottom-2x\">\n<div class=\"col-md-5\"><img decoding=\"async\" class=\"d-block m-auto img-thumbnail\" src=\"https:\/\/tvc.mx\/media\/571947\/proteccion-perimetral-dahua.png\" alt=\" Protecci\u00f3n\" \/><\/div>\n<div class=\"col-md-7 text-md-left text-center\">\n<h2>Protecci\u00f3n Perimetral<\/h2>\n<p class=\"ql-align-justify\">Con un algoritmo de aprendizaje profundo, la tecnolog\u00eda de protecci\u00f3n perimetral de Dahua puede reconocer a humanos y veh\u00edculos con precisi\u00f3n. En \u00e1reas restringidas (como \u00e1reas para peatones y veh\u00edculos), las falsas alarmas de detecci\u00f3n inteligente basadas en el tipo de objetivo (como cable trampa, intrusi\u00f3n, movimiento r\u00e1pido, detecci\u00f3n de estacionamiento, detecci\u00f3n de merodeo y detecci\u00f3n de reuni\u00f3n) se reducen en gran medida.<\/p>\n<p>&nbsp;<\/p>\n<\/div>\n<\/div>\n<hr class=\"padding-bottom-2x\" \/>\n<div class=\"row align-items-center padding-bottom-2x\">\n<div class=\"col-md-5 order-md-2\"><img decoding=\"async\" class=\"d-block m-auto img-thumbnail\" src=\"https:\/\/tvc.mx\/media\/571955\/Conteo-de-personas-Dahua.png\" alt=\" conteo de personas\" \/><\/div>\n<div class=\"col-md-7 order-md-1 text-md-left text-center\">\n<h2>Conteo de personas<\/h2>\n<p class=\"ql-align-justify\">Con un algoritmo de aprendizaje profundo, la tecnolog\u00eda de conteo de personas de Dahua puede rastrear y procesar objetivos del cuerpo humano en movimiento para realizar estad\u00edsticas precisas de n\u00famero de entrada, n\u00famero de salida y n\u00famero de \u00e1rea. Trabajando con la plataforma de gesti\u00f3n, genera informes anuales\/mensuales\/diarios para cumplir con sus requisitos.<\/p>\n<p>&nbsp;<\/p>\n<\/div>\n<\/div>\n<hr class=\"padding-bottom-2x\" \/>\n<div class=\"row align-items-center padding-bottom-2x\">\n<div class=\"col-md-5\"><img decoding=\"async\" class=\"d-block m-auto img-thumbnail\" src=\"https:\/\/tvc.mx\/media\/592567\/DAHUA-IPC-HFW5241T-SE-%28BLACK%29--Camara-IP-Bullet-2-Megapixeles-IA-3-caracteristicas-principal.png\" alt=\" camara IP\" \/><\/div>\n<div class=\"col-md-7 text-md-left text-center\">\n<h2>Caracter\u00edsticas Principales<\/h2>\n<p><strong>\u00b7\u00a0<\/strong>Sensor de imagen CMOS de 2 MP 1\/2,8&#8243;, baja luminancia e imagen de alta definici\u00f3n.<\/p>\n<p><strong>\u00b7\u00a0<\/strong>Salidas m\u00e1x. 2 MP (1920 \u00d7 1080) a 30 fps.<\/p>\n<p><strong>\u00b7\u00a0<\/strong>C\u00f3dec H.265, alta tasa de compresi\u00f3n, tasa de bits ultrabaja.<\/p>\n<p><strong>\u00b7\u00a0<\/strong>LED IR incorporado y el m\u00e1x. la distancia de iluminaci\u00f3n es de 50 m.<\/p>\n<p><strong>\u00b7\u00a0<\/strong>ROI, SVC, SMART H.264 +\/H.265+, AI H.264\/H.265, codificaci\u00f3n flexible, aplicable a varios entornos de almacenamiento y ancho de banda.<\/p>\n<p><strong>\u00b7\u00a0<\/strong>Modo de rotaci\u00f3n, WDR, 3D NR, HLC, BLC, marca de agua digital, aplicable a varias escenas de monitoreo.<\/p>\n<p><strong>\u00b7\u00a0<\/strong>Monitoreo inteligente: intrusi\u00f3n, cable trampa, movimiento r\u00e1pido (las tres funciones admiten la clasificaci\u00f3n y detecci\u00f3n precisa de veh\u00edculos y humanos); objeto abandonado, objeto perdido, detecci\u00f3n de merodeo, reuni\u00f3n de personas, detecci\u00f3n de estacionamiento, mapa de calor y detecci\u00f3n de rostros.<\/p>\n<p><strong>\u00b7\u00a0<\/strong>Detecci\u00f3n de anomal\u00edas: detecci\u00f3n de movimiento, manipulaci\u00f3n de video, cambio de escena, detecci\u00f3n de audio, sin tarjeta SD, tarjeta SD llena, error de tarjeta SD, desconexi\u00f3n de red, conflicto de IP, acceso ilegal y detecci\u00f3n de voltaje.<\/p>\n<p><strong>\u00b7\u00a0<\/strong>Soporta m\u00e1x. Tarjeta Micro SD de 256G.<\/p>\n<p><strong>\u00b7\u00a0<\/strong>Fuente de alimentaci\u00f3n de 12 VDC\/PoE, f\u00e1cil de instalar.<\/p>\n<p><strong>\u00b7\u00a0<\/strong>ePoE; Protecci\u00f3n IP67 e IK10.<\/p>\n<p>&nbsp;<\/p>\n<\/div>\n<\/div>\n<hr class=\"padding-bottom-2x\" \/>\n<div class=\"row align-items-center padding-bottom-2x\">\n<div class=\"col-md-5 order-md-2\"><img decoding=\"async\" class=\"d-block m-auto img-thumbnail\" src=\"https:\/\/tvc.mx\/media\/571987\/DAHUA-IPC-HFW5241T-SE-%28BLACK%29--Camara-IP-Bullet-2-Megapixeles-IA-3-Especificaciones-teccnicas.png\" alt=\" Dimensiones\" \/><\/div>\n<div class=\"col-md-7 order-md-1 text-md-left text-center\">\n<h2>Especificaciones T\u00e9cnicas<\/h2>\n<ul>\n<li>CMOS 1\/2,8&#8243;<\/li>\n<li>1920 (H) x 1080 (V)<\/li>\n<li>Rom 128 Mb<\/li>\n<li>Ram 512 Mb<\/li>\n<li>Sistema de escaneo progresivo<\/li>\n<li>Relaci\u00f3n se\u00f1al\/ruido &gt; 56 dB<\/li>\n<li>N\u00famero de iluminador encendido 4 (LED IR)<\/li>\n<\/ul>\n<\/div>\n<\/div>\n","protected":false},"excerpt":{"rendered":"<p>Informaci\u00f3n general Con la soluci\u00f3n Starlight y el algoritmo de aprendizaje profundo, la c\u00e1mara de red de la serie Dahua WizMind 5 tiene varias funciones inteligentes, que incluyen captura de rostros, protecci\u00f3n perimetral y conteo de personas, que mejoran en gran medida la precisi\u00f3n del&hellip;<\/p>\n","protected":false},"featured_media":1955,"comment_status":"open","ping_status":"closed","template":"","meta":{"om_disable_all_campaigns":false,"_monsterinsights_skip_tracking":false,"_monsterinsights_sitenote_active":false,"_monsterinsights_sitenote_note":"","_monsterinsights_sitenote_category":0},"product_brand":[],"product_cat":[110],"product_tag":[112,111,42,38,66],"class_list":{"0":"post-1956","1":"product","2":"type-product","3":"status-publish","4":"has-post-thumbnail","6":"product_cat-bullet","7":"product_tag-bala","8":"product_tag-bullet","9":"product_tag-camaras","10":"product_tag-camaras-de-seguridad","11":"product_tag-dahua","13":"first","14":"instock","15":"sale","16":"taxable","17":"shipping-taxable","18":"purchasable","19":"product-type-simple"},"aioseo_notices":[],"_links":{"self":[{"href":"https:\/\/tecsecmty.com\/index.php\/wp-json\/wp\/v2\/product\/1956","targetHints":{"allow":["GET"]}}],"collection":[{"href":"https:\/\/tecsecmty.com\/index.php\/wp-json\/wp\/v2\/product"}],"about":[{"href":"https:\/\/tecsecmty.com\/index.php\/wp-json\/wp\/v2\/types\/product"}],"replies":[{"embeddable":true,"href":"https:\/\/tecsecmty.com\/index.php\/wp-json\/wp\/v2\/comments?post=1956"}],"version-history":[{"count":0,"href":"https:\/\/tecsecmty.com\/index.php\/wp-json\/wp\/v2\/product\/1956\/revisions"}],"wp:featuredmedia":[{"embeddable":true,"href":"https:\/\/tecsecmty.com\/index.php\/wp-json\/wp\/v2\/media\/1955"}],"wp:attachment":[{"href":"https:\/\/tecsecmty.com\/index.php\/wp-json\/wp\/v2\/media?parent=1956"}],"wp:term":[{"taxonomy":"product_brand","embeddable":true,"href":"https:\/\/tecsecmty.com\/index.php\/wp-json\/wp\/v2\/product_brand?post=1956"},{"taxonomy":"product_cat","embeddable":true,"href":"https:\/\/tecsecmty.com\/index.php\/wp-json\/wp\/v2\/product_cat?post=1956"},{"taxonomy":"product_tag","embeddable":true,"href":"https:\/\/tecsecmty.com\/index.php\/wp-json\/wp\/v2\/product_tag?post=1956"}],"curies":[{"name":"wp","href":"https:\/\/api.w.org\/{rel}","templated":true}]}}