{"id":1958,"date":"2023-02-22T17:55:27","date_gmt":"2023-02-22T23:55:27","guid":{"rendered":"https:\/\/tecsecmty.com\/index.php\/producto\/dahua-ipc-hfw5241tn-as-led-0280b-camara-ip-bullet-resolucion-de-2-mp-lente-2-8-mm-%e2%88%a2-106-ir-50-mts-ia-wizmind-deteccion-facial-proteccion-perimetral-conteo-de-personas-starlight\/"},"modified":"2023-03-22T23:22:53","modified_gmt":"2023-03-23T05:22:53","slug":"dahua-ipc-hfw5241tn-as-led-0280b-camara-ip-bullet-resolucion-de-2-mp-lente-2-8-mm-106-ir-50-mts-ia-wizmind-deteccion-facial-proteccion-perimetral-conteo-de-personas-starlight","status":"publish","type":"product","link":"https:\/\/tecsecmty.com\/index.php\/producto\/dahua-ipc-hfw5241tn-as-led-0280b-camara-ip-bullet-resolucion-de-2-mp-lente-2-8-mm-106-ir-50-mts-ia-wizmind-deteccion-facial-proteccion-perimetral-conteo-de-personas-starlight\/","title":{"rendered":"DAHUA IPC-HFW5241TN-AS-LED-0280B &#8211; C\u00e1mara IP Bullet Resoluci\u00f3n de 2 MP\/ Lente 2.8 mm\/ \u2222 106\u00b0\/ IR 50 mts\/ IA WizMind\/ Detecci\u00f3n Facial\/ Protecci\u00f3n Perimetral\/ Conteo de Personas\/ Starlight\/ PoE\/ WDR\/ H.265\/ IP67\/ E&amp;S Alarma\/ E&amp;S Audio\/ #ParejaIdeal"},"content":{"rendered":"<div class=\"row aling-items-center padding-bottom-2x\">\n<div class=\"col-lg-12\">\n<h5 class=\"card-title text-center\">Informaci\u00f3n General<\/h5>\n<p>La c\u00e1mara modelo<strong>\u00a0HDW5241T-AS-LED<\/strong>\u00a0es una c\u00e1mara bullet de\u00a02 MP\u00a0de resoluci\u00f3n, con la cual podemos apreciar una imagen con mayor nitidez, brillo y claridad . Este modelo\u00a0incorpora un lente\u00a0de\u00a02.8mm dando un \u00e1ngulo de visi\u00f3n de\u00a0106\u00b0, tecnolog\u00eda\u00a0Full Color, esta tecnolog\u00eda nos permite obtener un\u00a0rendimiento excepcional ideal para la visualizaci\u00f3n y reproducci\u00f3n\u00a0de im\u00e1genes bajo condiciones de poca iluminaci\u00f3n. Cuenta con funciones especiales como Detecci\u00f3n de Rostros, Conteo de Personas, Protecci\u00f3n Perimetral entre otras.<\/p>\n<p><img decoding=\"async\" class=\"overview-center-img-web\" src=\"https:\/\/tvc.mx\/media\/396831\/HFW5241T-AS-LED-camara-ip-2-mp--full-color.png\" alt=\"\" \/><\/p>\n<\/div>\n<\/div>\n<div class=\"row align-items-center padding-bottom-2x\">\n<div class=\"col-md-5 order-md-2\"><img decoding=\"async\" class=\"d-block m-auto img-thumbnail\" src=\"https:\/\/tvc.mx\/media\/396847\/full-color-dahua.png\" alt=\" \" \/><\/div>\n<div class=\"col-md-7 order-md-1 text-md-left text-center\">\n<h2>Full Color<\/h2>\n<p>Esta tecnolog\u00eda nos permite obtener un\u00a0rendimiento excepcional ideal para la visualizaci\u00f3n y reproducci\u00f3n\u00a0de im\u00e1genes bajo condiciones de poca iluminaci\u00f3n, tanto en condiciones de contraluz extremo como en la obscuridad. Las c\u00e1maras Full Color nos permite tener un monitoreo 24\/7, para recopilaci\u00f3n de datos crom\u00e1ticos.<\/p>\n<p>&nbsp;<\/p>\n<\/div>\n<\/div>\n<hr class=\"padding-bottom-2x\" \/>\n<div class=\"row align-items-center padding-bottom-2x\">\n<div class=\"col-md-5\"><img decoding=\"async\" class=\"d-block m-auto img-thumbnail\" src=\"https:\/\/tvc.mx\/media\/396851\/proteccion-perimetral-dahua.png\" alt=\" \" \/><\/div>\n<div class=\"col-md-7 text-md-left text-center\">\n<h2>Protecci\u00f3n de Per\u00edmetro<\/h2>\n<p>Con algoritmo de aprendizaje profundo, tecnolog\u00eda de protecci\u00f3n perimetral Dahua puede reconocer humanos y veh\u00edculos con precisi\u00f3n. En \u00e1reas restringidas (como \u00e1rea peatonal y \u00e1rea del veh\u00edculo), las falsas alarmas de detecci\u00f3n inteligente basadas en el tipo de objetivo (como Tripwire, Intrusi\u00f3n, Movimiento R\u00e1pido, Detecci\u00f3n de estacionamiento, Detecci\u00f3n de merodeo y Detecci\u00f3n de merodeo) son en gran medida reducidas las falsas alarmas.<\/p>\n<p>&nbsp;<\/p>\n<\/div>\n<\/div>\n<hr class=\"padding-bottom-2x\" \/>\n<div class=\"row align-items-center padding-bottom-2x\">\n<div class=\"col-md-5 order-md-2\"><img decoding=\"async\" class=\"d-block m-auto img-thumbnail\" src=\"https:\/\/tvc.mx\/media\/396855\/Conteo-de-personas-Dahua.png\" alt=\" \" \/><\/div>\n<div class=\"col-md-7 order-md-1 text-md-left text-center\">\n<h2>Conteo de Personas<\/h2>\n<p>Con algoritmo de aprendizaje profundo, tecnolog\u00eda de conteo de personas Dahua puede rastrear y procesar objetivos m\u00f3viles del cuerpo humano para darse cuenta de la estad\u00edsticas precisas de ingresar No., dejar No. y en el \u00e1rea No. Trabajar con plataforma de gesti\u00f3n, genera informes anuales \/ mensuales \/ semanales \/ diarios para cumplir con sus requisitos.<\/p>\n<p>&nbsp;<\/p>\n<\/div>\n<\/div>\n<hr class=\"padding-bottom-2x\" \/>\n<div class=\"row align-items-center padding-bottom-2x\">\n<div class=\"col-md-5 order-md-2\"><img decoding=\"async\" class=\"d-block m-auto img-thumbnail\" src=\"https:\/\/tvc.mx\/media\/396859\/WDR-Dahua.png\" alt=\" \" \/><\/div>\n<div class=\"col-md-7 order-md-1 text-md-left text-center\">\n<h2>WDR real 120 dB<\/h2>\n<p>La c\u00e1mara\u00a0logra obtener im\u00e1genes n\u00edtidas\u00a0en escenarios donde hay variaci\u00f3n\u00a0en las condiciones de iluminaci\u00f3n ya sea\u00a0baja y\/o brillante, la funci\u00f3n\u00a0<strong>WDR real120dB<\/strong>\u00a0se encarga de medir, compensar y ajustar la luz en la imagen\u00a0captada para despu\u00e9s\u00a0combinar los espacios de luces brillantes con los espacios de sombras, creando\u00a0un equilibrio en la imagen final.<\/p>\n<p>&nbsp;<\/p>\n<\/div>\n<\/div>\n<hr class=\"padding-bottom-2x\" \/>\n<div class=\"row align-items-center padding-bottom-2x\">\n<div class=\"col-md-5\"><img decoding=\"async\" class=\"d-block m-auto img-thumbnail\" src=\"https:\/\/tvc.mx\/media\/396863\/luces-suplementaria-Dahua.png\" alt=\" \" \/><\/div>\n<div class=\"col-md-7 text-md-left text-center\">\n<h2>Luces LED<\/h2>\n<p>Con dos c\u00e1lidas luces LED suplementarias, la c\u00e1mara puede proporcionar una imagen colorida y v\u00edvida incluso en la oscuridad total. Tambi\u00e9n proporciona visibilidad Por defecto. La c\u00e1mara est\u00e1 configurada en modo de luz inteligente, en el que la c\u00e1mara puede ajustar autom\u00e1ticamente el tiempo de exposici\u00f3n y la sensibilidad a la luz simult\u00e1neamente para evitar la sobre-exposici\u00f3n de los objetos en el centro de la imagen. Adem\u00e1s, la sensibilidad y la intensidad de las luces LED se pueden controlar de forma remota mediante el men\u00fa OSD.<\/p>\n<p>&nbsp;<\/p>\n<\/div>\n<\/div>\n<hr class=\"padding-bottom-2x\" \/>\n<div class=\"row align-items-center padding-bottom-2x\">\n<div class=\"col-md-5 order-md-2\"><img decoding=\"async\" class=\"d-block m-auto img-thumbnail\" src=\"https:\/\/tvc.mx\/media\/396867\/HFW5241T-AS-LED-camara-ip-2-mp--full-color-pp-caracteristicas.png\" alt=\" \" \/><\/div>\n<div class=\"col-md-7 order-md-1 text-md-left text-center\">\n<h2>Principales Caracter\u00edsticas<\/h2>\n<ul>\n<li>\u00a0Escaneo progresivo de 1 \/ 2.8 \u00aby 2 megap\u00edxeles STARVIS \u2122 CMOS<\/li>\n<li>Codificaci\u00f3n de triple flujo H.265 y H.264 \u00b7 25\/30 fps @ 1080P (1920 \u00d7 1080)<\/li>\n<li>WDR real 120dB<\/li>\n<li>3D DNR, AWB, AGC, BLC<\/li>\n<li>Monitoreo de red m\u00faltiple: visor web, CMS (DSS \/ PSS) y DMSS<\/li>\n<li>IR Inteligente<\/li>\n<li>IP67<\/li>\n<\/ul>\n<p>&nbsp;<\/p>\n<\/div>\n<\/div>\n<hr class=\"padding-bottom-2x\" \/>\n<div class=\"row align-items-center padding-bottom-2x\">\n<div class=\"col-md-5\"><img decoding=\"async\" class=\"d-block m-auto img-thumbnail\" src=\"https:\/\/tvc.mx\/media\/396879\/HFW5241T-AS-LED-camara-ip-2-mp--full-color-especificaciones.png\" alt=\" \" \/><\/div>\n<div class=\"col-md-7 text-md-left text-center\">\n<h2>Especificaciones<\/h2>\n<ul>\n<li>Escaneo progresivo de 1 \/ 2.8 \u00aby 2 megap\u00edxeles STARVIS \u2122 CMOS<\/li>\n<li>Distancia del LED: Distancia hasta 50 m<\/li>\n<li>LED: 2<\/li>\n<li>Soporta captura de imagen facial<\/li>\n<li>Protecci\u00f3n perimetral: Tripwire, intrusi\u00f3n (reconocimiento de veh\u00edculos y personas), movimiento r\u00e1pido, detecci\u00f3n de merodeo, detecci\u00f3n de estacionamiento y reuni\u00f3n de personas<\/li>\n<li>Cuenta de personas: L\u00ednea de apoyo cruzando \/ Regi\u00f3n \/ En cola contando personas; Admite 4 accesos de detecci\u00f3n independiente, 4 \u00e1reas de detecci\u00f3n independiente<\/li>\n<li>Disparador de eventos: Detecci\u00f3n de movimiento, manipulaci\u00f3n de video, cambio de escena, desconexi\u00f3n de red, conflicto de direcci\u00f3n IP, acceso ilegal, anomal\u00eda de almacenamiento<\/li>\n<li>Compresi\u00f3n: H.265, H.264, H.264B, H.264H, MJPEG<\/li>\n<li>BLC \/ HLC \/ WDR (120 dB)<\/li>\n<li>Reducci\u00f3n de ruido: DNR 3D<\/li>\n<li>Almacenamiento: NAS; FTP; SFTP; tarjeta Micro SD de 256 GB<\/li>\n<li>Fuente de alimentaci\u00f3n: DC 12V (\u00b1 30%), PoE (802.3af)<\/li>\n<li>IP67<\/li>\n<li>Carcasa: Metal<\/li>\n<\/ul>\n<\/div>\n<\/div>\n","protected":false},"excerpt":{"rendered":"<p>Informaci\u00f3n General La c\u00e1mara modelo\u00a0HDW5241T-AS-LED\u00a0es una c\u00e1mara bullet de\u00a02 MP\u00a0de resoluci\u00f3n, con la cual podemos apreciar una imagen con mayor nitidez, brillo y claridad . Este modelo\u00a0incorpora un lente\u00a0de\u00a02.8mm dando un \u00e1ngulo de visi\u00f3n de\u00a0106\u00b0, tecnolog\u00eda\u00a0Full Color, esta tecnolog\u00eda nos permite obtener un\u00a0rendimiento excepcional ideal&hellip;<\/p>\n","protected":false},"featured_media":1957,"comment_status":"open","ping_status":"closed","template":"","meta":{"om_disable_all_campaigns":false,"_monsterinsights_skip_tracking":false,"_monsterinsights_sitenote_active":false,"_monsterinsights_sitenote_note":"","_monsterinsights_sitenote_category":0},"product_brand":[],"product_cat":[110],"product_tag":[112,111,42,38,66],"class_list":{"0":"post-1958","1":"product","2":"type-product","3":"status-publish","4":"has-post-thumbnail","6":"product_cat-bullet","7":"product_tag-bala","8":"product_tag-bullet","9":"product_tag-camaras","10":"product_tag-camaras-de-seguridad","11":"product_tag-dahua","13":"first","14":"instock","15":"sale","16":"taxable","17":"shipping-taxable","18":"purchasable","19":"product-type-simple"},"aioseo_notices":[],"_links":{"self":[{"href":"https:\/\/tecsecmty.com\/index.php\/wp-json\/wp\/v2\/product\/1958","targetHints":{"allow":["GET"]}}],"collection":[{"href":"https:\/\/tecsecmty.com\/index.php\/wp-json\/wp\/v2\/product"}],"about":[{"href":"https:\/\/tecsecmty.com\/index.php\/wp-json\/wp\/v2\/types\/product"}],"replies":[{"embeddable":true,"href":"https:\/\/tecsecmty.com\/index.php\/wp-json\/wp\/v2\/comments?post=1958"}],"version-history":[{"count":0,"href":"https:\/\/tecsecmty.com\/index.php\/wp-json\/wp\/v2\/product\/1958\/revisions"}],"wp:featuredmedia":[{"embeddable":true,"href":"https:\/\/tecsecmty.com\/index.php\/wp-json\/wp\/v2\/media\/1957"}],"wp:attachment":[{"href":"https:\/\/tecsecmty.com\/index.php\/wp-json\/wp\/v2\/media?parent=1958"}],"wp:term":[{"taxonomy":"product_brand","embeddable":true,"href":"https:\/\/tecsecmty.com\/index.php\/wp-json\/wp\/v2\/product_brand?post=1958"},{"taxonomy":"product_cat","embeddable":true,"href":"https:\/\/tecsecmty.com\/index.php\/wp-json\/wp\/v2\/product_cat?post=1958"},{"taxonomy":"product_tag","embeddable":true,"href":"https:\/\/tecsecmty.com\/index.php\/wp-json\/wp\/v2\/product_tag?post=1958"}],"curies":[{"name":"wp","href":"https:\/\/api.w.org\/{rel}","templated":true}]}}