{"id":1960,"date":"2023-02-22T17:55:29","date_gmt":"2023-02-22T23:55:29","guid":{"rendered":"https:\/\/tecsecmty.com\/index.php\/producto\/dahua-ipc-hfw5241tn-se-0360b-camara-ip-bullet-resolucion-de-2-mp-lente-3-6-mm-%e2%88%a2-106-ir-80-mts-ia-wizmind-deteccion-facial-proteccion-perimetral-conteo-de-personas-starlight-po\/"},"modified":"2023-03-22T23:22:53","modified_gmt":"2023-03-23T05:22:53","slug":"dahua-ipc-hfw5241tn-se-0360b-camara-ip-bullet-resolucion-de-2-mp-lente-3-6-mm-106-ir-80-mts-ia-wizmind-deteccion-facial-proteccion-perimetral-conteo-de-personas-starlight-po","status":"publish","type":"product","link":"https:\/\/tecsecmty.com\/index.php\/producto\/dahua-ipc-hfw5241tn-se-0360b-camara-ip-bullet-resolucion-de-2-mp-lente-3-6-mm-106-ir-80-mts-ia-wizmind-deteccion-facial-proteccion-perimetral-conteo-de-personas-starlight-po\/","title":{"rendered":"DAHUA IPC-HFW5241TN-SE-0360B &#8211; C\u00e1mara IP Bullet Resoluci\u00f3n de 2 MP\/ Lente 3.6 mm\/ \u2222 106\u00b0\/ IR 80 mts\/ IA WizMind\/ Detecci\u00f3n Facial\/ Protecci\u00f3n Perimetral\/ Conteo de Personas\/ Starlight\/ PoE\/ WDR\/ H.265+\/ IP67\/ IK10"},"content":{"rendered":"<div class=\"row aling-items-center padding-bottom-2x\">\n<div class=\"col-lg-12\">\n<h5 class=\"card-title text-center\">Informaci\u00f3n general<\/h5>\n<p>Con la soluci\u00f3n Starlight y el algoritmo de aprendizaje profundo, Dahua WizMind serie 5 tiene varias funciones inteligentes, que incluyen captura de rostros, protecci\u00f3n perimetral y recuento de personas, lo que mejorar la precisi\u00f3n del an\u00e1lisis de video. La c\u00e1mara de la serie admite funci\u00f3n a prueba de polvo, funci\u00f3n impermeable y funci\u00f3n a prueba de vandalismo, cumpliendo con los est\u00e1ndares de IP67 e IK10 (soportado por algunos seleccionar modelos).<\/p>\n<p><img decoding=\"async\" class=\"overview-center-img-web\" src=\"https:\/\/tvc.mx\/media\/428671\/camara-ip-bullet-de-2-megapixeles-IA-deteccion-de-rostros-ip67-ik10-IPC-HFW5241TN-SE-Dahua.png\" alt=\"\" \/><\/p>\n<\/div>\n<\/div>\n<div class=\"row align-items-center padding-bottom-2x\">\n<div class=\"col-md-5 order-md-2\"><img decoding=\"async\" class=\"d-block m-auto img-thumbnail\" src=\"https:\/\/tvc.mx\/media\/428675\/reconocimiento-facial-dahua.png\" alt=\" \" \/><\/div>\n<div class=\"col-md-7 order-md-1 text-md-left text-center\">\n<h2>Detecci\u00f3n de rostro<\/h2>\n<p>La tecnolog\u00eda Dahua Face Detection puede detectar la cara en la imagen.Con el algoritmo de aprendizaje profundo, la tecnolog\u00eda admite la detecci\u00f3n, el seguimiento, la captura y la selecci\u00f3n de la mejor imagen facial, y luego genera una foto instant\u00e1nea.<\/p>\n<p>&nbsp;<\/p>\n<\/div>\n<\/div>\n<hr class=\"padding-bottom-2x\" \/>\n<div class=\"row align-items-center padding-bottom-2x\">\n<div class=\"col-md-5\"><img decoding=\"async\" class=\"d-block m-auto img-thumbnail\" src=\"https:\/\/tvc.mx\/media\/428679\/proteccion-perimetral-dahua.png\" alt=\" \" \/><\/div>\n<div class=\"col-md-7 text-md-left text-center\">\n<h2>Protecci\u00f3n perimetral<\/h2>\n<p>Con algoritmo de aprendizaje profundo, tecnolog\u00eda de protecci\u00f3n perimetral Dahua puede reconocer humanos y veh\u00edculos con precisi\u00f3n. En \u00e1rea restringida (como como zona peatonal y zona de veh\u00edculos), las falsas alarmas de detecci\u00f3n basada en el tipo de objetivo (como cable trampa, intrusi\u00f3n, movimiento r\u00e1pido, detecci\u00f3n de estacionamiento, detecci\u00f3n de merodeo y detecci\u00f3n de recolecci\u00f3n) son reducido en gran medida.<\/p>\n<p>&nbsp;<\/p>\n<\/div>\n<\/div>\n<hr class=\"padding-bottom-2x\" \/>\n<div class=\"row align-items-center padding-bottom-2x\">\n<div class=\"col-md-5 order-md-2\"><img decoding=\"async\" class=\"d-block m-auto img-thumbnail\" src=\"https:\/\/tvc.mx\/media\/149658\/conteo-400x300.jpg\" alt=\" \" \/><\/div>\n<div class=\"col-md-7 order-md-1 text-md-left text-center\">\n<h2>Conteo de personas<\/h2>\n<p>Con algoritmo de aprendizaje profundo, tecnolog\u00eda de conteo de personas. Dahua Puede rastrear y procesar objetivos del cuerpo humano en movimiento para darse cuenta de la estad\u00edsticas precisas del n\u00famero de entradas, n\u00famero de licencia y n\u00famero de \u00e1rea en trabajo con plataforma de gesti\u00f3n, genera informes para satisfacer sus necesidades.<\/p>\n<p>&nbsp;<\/p>\n<\/div>\n<\/div>\n<hr class=\"padding-bottom-2x\" \/>\n<div class=\"row align-items-center padding-bottom-2x\">\n<div class=\"col-md-5\"><img decoding=\"async\" class=\"d-block m-auto img-thumbnail\" src=\"https:\/\/tvc.mx\/media\/428683\/IP67-IK10-Dahua.png\" alt=\" \" \/><\/div>\n<div class=\"col-md-7 text-md-left text-center\">\n<h2>Protecci\u00f3n (IP67, IK10, voltaje amplio)<\/h2>\n<p>IP67: La c\u00e1mara pasa una serie de estrictas pruebas de polvo y remojo. Tiene funci\u00f3n a prueba de polvo, y el recinto puede funcionar normalmente despu\u00e9s de remojar en agua de 1 m de profundidad durante 30 minutos.<\/p>\n<p>IK10:La c\u00e1mara puede soportar el golpe m\u00e1s de 5 veces de 5 kg con martillo que cae desde una altura de 40 cm (la energ\u00eda de impacto es 20J).<\/p>\n<p>Voltaje amplio: la c\u00e1mara permite una entrada de \u00b1 30% (para algunas fuentes de alimentaci\u00f3n) tolerancia de voltaje (amplio rango de voltaje), y se aplica ampliamente a entornos exteriores con voltaje inestable.<\/p>\n<p>&nbsp;<\/p>\n<\/div>\n<\/div>\n<hr class=\"padding-bottom-2x\" \/>\n<div class=\"row align-items-center padding-bottom-2x\">\n<div class=\"col-md-5 order-md-2\"><img decoding=\"async\" class=\"d-block m-auto img-thumbnail\" src=\"https:\/\/tvc.mx\/media\/428695\/camara-ip-bullet-de-2-megapixeles-IA-deteccion-de-rostros-ip67-ik10-IPC-HFW5241TN-SE-Dahua-caracteristicas.png\" alt=\" \" \/><\/div>\n<div class=\"col-md-7 order-md-1 text-md-left text-center\">\n<h2>Principales caracter\u00edsticas<\/h2>\n<ul>\n<li>ROI, SMART H.264 + \/ H.265 +, codificaci\u00f3n flexible, aplicable a varios entornos de almacenamiento y ancho de banda<\/li>\n<li>25\/30 fps @ 1080P (1920 \u00d7 1080)<\/li>\n<li>WDR (120 dB), d\u00eda \/ noche (ICR), 3D DNR, AWB, AGC, BLC<\/li>\n<li>Monitoreo de m\u00faltiples redes: visor web, CMS (DSS \/ PSS) y DMSS<\/li>\n<li>LED IR<\/li>\n<li>Memoria Micro SD<\/li>\n<li>IP67<\/li>\n<li>IK10<\/li>\n<\/ul>\n<p>&nbsp;<\/p>\n<\/div>\n<\/div>\n<hr class=\"padding-bottom-2x\" \/>\n<div class=\"row align-items-center padding-bottom-2x\">\n<div class=\"col-md-5\"><img decoding=\"async\" class=\"d-block m-auto img-thumbnail\" src=\"https:\/\/tvc.mx\/media\/428711\/camara-ip-bullet-de-2-megapixeles-IA-deteccion-de-rostros-ip67-ik10-IPC-HFW5241TN-SE-Dahua-especificaciones.png\" alt=\" \" \/><\/div>\n<div class=\"col-md-7 text-md-left text-center\">\n<h2>Especificaciones<\/h2>\n<ul>\n<li>1 \/ 2.8 \u201d2 megap\u00edxeles de barrido progresivo STARVIS \u2122 CMOS<\/li>\n<li>Distancia iluminaci\u00f3n hasta 80 m<\/li>\n<li>N\u00famero de iluminador:4 led infrarrojos<\/li>\n<li>Lente fijo 3.6 mm<\/li>\n<li>Detecci\u00f3n de rostro; pista; mejoramiento; instant\u00e1nea; realce facial; exposici\u00f3n facial; ajuste de la estera facial: cara, foto de una pulgada; tres m\u00e9todos de instant\u00e1nea: instant\u00e1nea en tiempo real, instant\u00e1nea de optimizaci\u00f3n, prioridad de calidad; filtro de \u00e1ngulo de cara; ajuste del tiempo de optimizaci\u00f3n<\/li>\n<li>Tripwire; intrusi\u00f3n; movimiento r\u00e1pido (las tres funciones apoyan la clasificaci\u00f3n y detecci\u00f3n precisa de veh\u00edculos y humanos); detecci\u00f3n de merodeo; reuni\u00f3n de personas; detecci\u00f3n de estacionamiento<\/li>\n<li>Admite el conteo del n\u00famero de entrada, el n\u00famero de licencia y el n\u00famero de pase, y muestra y genera informes anuales \/ mensuales \/ diarios. Admite el conteo de n\u00fameros en el \u00e1rea y la configuraci\u00f3n de 4 reglas. Cuente el n\u00famero de personas o permanezca el tiempo y enlace la alarma.<\/li>\n<li>Compresi\u00f3n H.265, H.264, H.264B, H.264H.<\/li>\n<li>C\u00f3dec inteligente: Inteligente H.265 + \/ Inteligente H.264 +<\/li>\n<li>BLC \/ HLC \/ WDR (120 dB)<\/li>\n<li>Reducci\u00f3n de ruido: DNR 3D<\/li>\n<li>Almacenamiento. NAS; FTP; SFTP; Dahua Cloud Tarjeta micro SD de 256 GB<\/li>\n<li>Fuente de alimentaci\u00f3n: DC 12V (\u00b1 30%), PoE (802.3af)<\/li>\n<li>Grado de protecci\u00f3n: IP67, IK10<\/li>\n<li>Carcasa: Metal<\/li>\n<\/ul>\n<\/div>\n<\/div>\n","protected":false},"excerpt":{"rendered":"<p>Informaci\u00f3n general Con la soluci\u00f3n Starlight y el algoritmo de aprendizaje profundo, Dahua WizMind serie 5 tiene varias funciones inteligentes, que incluyen captura de rostros, protecci\u00f3n perimetral y recuento de personas, lo que mejorar la precisi\u00f3n del an\u00e1lisis de video. La c\u00e1mara de la serie&hellip;<\/p>\n","protected":false},"featured_media":1959,"comment_status":"open","ping_status":"closed","template":"","meta":{"om_disable_all_campaigns":false,"_monsterinsights_skip_tracking":false,"_monsterinsights_sitenote_active":false,"_monsterinsights_sitenote_note":"","_monsterinsights_sitenote_category":0},"product_brand":[],"product_cat":[110],"product_tag":[112,111,42,38,66],"class_list":{"0":"post-1960","1":"product","2":"type-product","3":"status-publish","4":"has-post-thumbnail","6":"product_cat-bullet","7":"product_tag-bala","8":"product_tag-bullet","9":"product_tag-camaras","10":"product_tag-camaras-de-seguridad","11":"product_tag-dahua","13":"first","14":"instock","15":"sale","16":"taxable","17":"shipping-taxable","18":"purchasable","19":"product-type-simple"},"aioseo_notices":[],"_links":{"self":[{"href":"https:\/\/tecsecmty.com\/index.php\/wp-json\/wp\/v2\/product\/1960","targetHints":{"allow":["GET"]}}],"collection":[{"href":"https:\/\/tecsecmty.com\/index.php\/wp-json\/wp\/v2\/product"}],"about":[{"href":"https:\/\/tecsecmty.com\/index.php\/wp-json\/wp\/v2\/types\/product"}],"replies":[{"embeddable":true,"href":"https:\/\/tecsecmty.com\/index.php\/wp-json\/wp\/v2\/comments?post=1960"}],"version-history":[{"count":0,"href":"https:\/\/tecsecmty.com\/index.php\/wp-json\/wp\/v2\/product\/1960\/revisions"}],"wp:featuredmedia":[{"embeddable":true,"href":"https:\/\/tecsecmty.com\/index.php\/wp-json\/wp\/v2\/media\/1959"}],"wp:attachment":[{"href":"https:\/\/tecsecmty.com\/index.php\/wp-json\/wp\/v2\/media?parent=1960"}],"wp:term":[{"taxonomy":"product_brand","embeddable":true,"href":"https:\/\/tecsecmty.com\/index.php\/wp-json\/wp\/v2\/product_brand?post=1960"},{"taxonomy":"product_cat","embeddable":true,"href":"https:\/\/tecsecmty.com\/index.php\/wp-json\/wp\/v2\/product_cat?post=1960"},{"taxonomy":"product_tag","embeddable":true,"href":"https:\/\/tecsecmty.com\/index.php\/wp-json\/wp\/v2\/product_tag?post=1960"}],"curies":[{"name":"wp","href":"https:\/\/api.w.org\/{rel}","templated":true}]}}