{"id":1962,"date":"2023-02-22T17:55:31","date_gmt":"2023-02-22T23:55:31","guid":{"rendered":"https:\/\/tecsecmty.com\/index.php\/producto\/dahua-ipc-hfw5242en-ze-mf-2712-camara-ip-bullet-resolucion-de-2-mp-lente-mot-2-7-a-12mm-%e2%88%a2-114-47-ir-50-mts-ia-wizmind-det-facial-prot-perimetral-conteo-de-personas-sta\/"},"modified":"2023-03-22T23:22:54","modified_gmt":"2023-03-23T05:22:54","slug":"dahua-ipc-hfw5242en-ze-mf-2712-camara-ip-bullet-resolucion-de-2-mp-lente-mot-2-7-a-12mm-114-47-ir-50-mts-ia-wizmind-det-facial-prot-perimetral-conteo-de-personas-sta","status":"publish","type":"product","link":"https:\/\/tecsecmty.com\/index.php\/producto\/dahua-ipc-hfw5242en-ze-mf-2712-camara-ip-bullet-resolucion-de-2-mp-lente-mot-2-7-a-12mm-114-47-ir-50-mts-ia-wizmind-det-facial-prot-perimetral-conteo-de-personas-sta\/","title":{"rendered":"DAHUA IPC-HFW5242EN-ZE-MF-2712 &#8211; C\u00e1mara IP Bullet Resoluci\u00f3n de 2 MP\/ Lente Mot. 2.7 a 12mm\/ \u2222 114\u00b0-47\u00b0\/ IR 50 mts\/ IA WizMind\/ Det. Facial\/ Prot. Perimetral\/ Conteo de Personas\/ Starlight\/ ePoE\/ WDR 140dB\/ H.265+\/ IP67\/ IK10\/ E&amp;S Alarma\/ E&amp;S Audio\/"},"content":{"rendered":"<div class=\"row aling-items-center padding-bottom-2x\">\n<div class=\"col-lg-12\">\n<h5 class=\"card-title text-center\">Informaci\u00f3n General<\/h5>\n<p>La c\u00e1mara\u00a0<strong>HFW5242E-ZE-MF\u00a0<\/strong>pertenece\u00a0a la Serie WizMind de Dahua, cuenta con algoritmos de aprendizaje profundo orientado a proyectos centr\u00e1ndose en los requisitos del cliente, cuenta con anal\u00edticos IVS, conteo de personas, detecci\u00f3n de rostros, protecci\u00f3n de per\u00edmetro as\u00ed como la extracci\u00f3n de metadata de video. Es compatible con la funci\u00f3n a prueba de polvo, la funci\u00f3n a prueba de agua y la funci\u00f3n a prueba de vandalismo, cumpliendo con los est\u00e1ndares de IP67 e IK10.<\/p>\n<p><img decoding=\"async\" class=\"overview-center-img-web\" src=\"https:\/\/tvc.mx\/media\/428487\/HFW5242E-ZE-MF-camara-bullet-IP-2MP-Inteligencia-Artificial.png\" alt=\"\" \/><\/p>\n<\/div>\n<\/div>\n<div class=\"row align-items-center padding-bottom-2x\">\n<div class=\"col-md-5 order-md-2\"><img decoding=\"async\" class=\"d-block m-auto img-thumbnail\" src=\"https:\/\/tvc.mx\/media\/428491\/Conteo-de-personas-Dahua.png\" alt=\" \" \/><\/div>\n<div class=\"col-md-7 order-md-1 text-md-left text-center\">\n<h2>Conteo de Personas<\/h2>\n<p>Con algoritmo de aprendizaje profundo, tecnolog\u00eda de conteo de personas Dahua puede rastrear y procesar objetivos m\u00f3viles del cuerpo humano para darse cuenta de la estad\u00edsticas precisas de ingresar, dejar, y en el \u00e1rea. Trabajar con plataforma de gesti\u00f3n, genera informes anuales \/ mensuales \/ semanales \/ diarios para cumplir con sus requisitos.<\/p>\n<p>&nbsp;<\/p>\n<\/div>\n<\/div>\n<hr class=\"padding-bottom-2x\" \/>\n<div class=\"row align-items-center padding-bottom-2x\">\n<div class=\"col-md-5\"><img decoding=\"async\" class=\"d-block m-auto img-thumbnail\" src=\"https:\/\/tvc.mx\/media\/428495\/Metadatos-dahua.png\" alt=\" \" \/><\/div>\n<div class=\"col-md-7 text-md-left text-center\">\n<h2>Atributos del Rostro y Metadatos<\/h2>\n<p>A trav\u00e9s del uso de algoritmos de aprendizaje profundo para analizar im\u00e1genes faciales, la c\u00e1mara admite la extracci\u00f3n de seis atributos faciales diferentes del video y abstrae diferentes atributos, incluidos el g\u00e9nero, la edad, la expresi\u00f3n (feliz, tranquila, sorprendida, triste y enojada), gafas, m\u00e1scaras y barba y bigote, lo que hace que la b\u00fasqueda seguimiento de temas de inter\u00e9s m\u00e1s eficientes.<\/p>\n<p>Los Metadatos se consideran atributos extra\u00eddos de la fuente, en este caso el video capturado por las c\u00e1maras, para obtener informaci\u00f3n contextual de los rostros captados y determinar el g\u00e9nero, la edad, si usan lentes o m\u00e1scaras, barba y expresiones de la persona. Adem\u00e1s, resultan de gran utilidad para las plataformas de terceros que permiten posibles aplicaciones empresariales o casos de uso espec\u00edficos.<\/p>\n<p>&nbsp;<\/p>\n<\/div>\n<\/div>\n<hr class=\"padding-bottom-2x\" \/>\n<div class=\"row align-items-center padding-bottom-2x\">\n<div class=\"col-md-5 order-md-2\"><img decoding=\"async\" class=\"d-block m-auto img-thumbnail\" src=\"https:\/\/tvc.mx\/media\/428623\/proteccion-perimetral-dahua.png\" alt=\" \" \/><\/div>\n<div class=\"col-md-7 order-md-1 text-md-left text-center\">\n<h2>Protecci\u00f3n de Per\u00edmetro<\/h2>\n<p>Con algoritmo de aprendizaje profundo, tecnolog\u00eda de protecci\u00f3n perimetral Dahua puede reconocer humanos y veh\u00edculos con precisi\u00f3n. En \u00e1reas restringidas (como \u00e1rea peatonal y \u00e1rea del veh\u00edculo), las falsas alarmas de detecci\u00f3n inteligente basadas en el tipo de objetivo (como Tripwire, Intrusi\u00f3n, Movimiento R\u00e1pido, Detecci\u00f3n de estacionamiento, Detecci\u00f3n de merodeo y Detecci\u00f3n de merodeo) son en gran medida reducidas las falsas alarmas.<\/p>\n<p>&nbsp;<\/p>\n<\/div>\n<\/div>\n<hr class=\"padding-bottom-2x\" \/>\n<div class=\"row align-items-center padding-bottom-2x\">\n<div class=\"col-md-5\"><img decoding=\"async\" class=\"d-block m-auto img-thumbnail\" src=\"https:\/\/tvc.mx\/media\/428627\/WDR-Dahua.png\" alt=\" \" \/><\/div>\n<div class=\"col-md-7 text-md-left text-center\">\n<h2>WDR 140dB<\/h2>\n<p>La c\u00e1mara\u00a0cuenta con\u00a0<strong>WDR de 140 db<\/strong>, esta funci\u00f3n\u00a0se encarga de medir, compensar y ajustar la luz en la imagen\u00a0captada para despu\u00e9s combinar los espacios de luces brillantes con los espacios de sombras que hay en una misma toma, creando\u00a0un equilibrio en la imagen final, al ser de 140 dB significa que capturar una mayor escala de brillo.<\/p>\n<p>&nbsp;<\/p>\n<\/div>\n<\/div>\n<hr class=\"padding-bottom-2x\" \/>\n<div class=\"row align-items-center padding-bottom-2x\">\n<div class=\"col-md-5 order-md-2\"><img decoding=\"async\" class=\"d-block m-auto img-thumbnail\" src=\"https:\/\/tvc.mx\/media\/428631\/HFW5242E-ZE-MF-camara-bullet-IP-2MP-Inteligencia-Artificial-carcateristicas.png\" alt=\" \" \/><\/div>\n<div class=\"col-md-7 order-md-1 text-md-left text-center\">\n<h2>Principales Caracter\u00edsticas<\/h2>\n<ul>\n<li>ROI, SMART H.264 + \/ H.265 +, codificaci\u00f3n flexible, aplicable a varios entornos de almacenamiento y ancho de banda<\/li>\n<li>50\/60 fps @ 1080P (1920 \u00d7 1080)<\/li>\n<li>WDR (140 dB), d\u00eda \/ noche (ICR), 3D DNR, AWB, AGC, BLC<\/li>\n<li>Monitoreo de m\u00faltiples redes: visor web, CMS (DSS \/ PSS) y DMSS<\/li>\n<li>Entrada \/ salida de alarma 2\/1, entrada \/ salida de audio 1\/1<\/li>\n<li>LED<\/li>\n<li>Memoria Micro SD<\/li>\n<li>IP67<\/li>\n<li>IK10<\/li>\n<\/ul>\n<p>&nbsp;<\/p>\n<\/div>\n<\/div>\n<hr class=\"padding-bottom-2x\" \/>\n<div class=\"row align-items-center padding-bottom-2x\">\n<div class=\"col-md-5\"><img decoding=\"async\" class=\"d-block m-auto img-thumbnail\" src=\"https:\/\/tvc.mx\/media\/428635\/HFW5242E-ZE-MF-camara-bullet-IP-2MP-Inteligencia-Artificial-especificaciones.png\" alt=\" \" \/><\/div>\n<div class=\"col-md-7 text-md-left text-center\">\n<h2>Especificaciones<\/h2>\n<ul>\n<li>CMOS de barrido progresivo de 1 \/ 1,8 \u201d2 megap\u00edxeles 1920<\/li>\n<li>Distancia de iluminaci\u00f3n hasta 50 m<\/li>\n<li>N\u00famero de iluminador: 4 led infrarrojos<\/li>\n<li>Lente motorizado 2.7 mm \u2013 12 mm<\/li>\n<li>Detecci\u00f3n de rostro: Detecci\u00f3n de rostro; pista; mejoramiento; instant\u00e1nea; reportar im\u00e1genes de alta calidad; realce facial; exposici\u00f3n facial; extracto de atributo de rostro, 6 atributos y 8 expresiones: G\u00e9nero, edad, gafas, expresiones, m\u00e1scara, barba; ajuste de la estera facial: cara, foto de una pulgada.<\/li>\n<li>Protecci\u00f3n perimetral: Tripwire; intrusi\u00f3n; movimiento r\u00e1pido (las tres funciones apoyan la clasificaci\u00f3n y detecci\u00f3n precisa de veh\u00edculos y humanos); detecci\u00f3n de merodeo; reuni\u00f3n de personas; detecci\u00f3n de estacionamiento<\/li>\n<li>Compresi\u00f3n H.265, H.264, H.264B, H.264H,<\/li>\n<li>BLC \/ HLC \/ WDR (140 dB)<\/li>\n<li>Reducci\u00f3n de ruido 3D DNR<\/li>\n<li>Almacenamiento: Tarjeta Micro SD (soporta m\u00e1x. 256 G)<\/li>\n<li>Interfaz de audio: 1\/1 canal de entrada \/ salida<\/li>\n<li>Alarma: Entrada de 2 canales: 5 mA 5 V CC Salida de 1 canal: 300mA 12V DC<\/li>\n<li>Fuente de alimentaci\u00f3n: DC 12V (\u00b1 30%), PoE (802.3af)<\/li>\n<li>Grado de protecci\u00f3n: IP67, IK10<\/li>\n<li>Carcasa: Metal, pl\u00e1stico<\/li>\n<\/ul>\n<\/div>\n<\/div>\n","protected":false},"excerpt":{"rendered":"<p>Informaci\u00f3n General La c\u00e1mara\u00a0HFW5242E-ZE-MF\u00a0pertenece\u00a0a la Serie WizMind de Dahua, cuenta con algoritmos de aprendizaje profundo orientado a proyectos centr\u00e1ndose en los requisitos del cliente, cuenta con anal\u00edticos IVS, conteo de personas, detecci\u00f3n de rostros, protecci\u00f3n de per\u00edmetro as\u00ed como la extracci\u00f3n de metadata de video.&hellip;<\/p>\n","protected":false},"featured_media":1961,"comment_status":"open","ping_status":"closed","template":"","meta":{"om_disable_all_campaigns":false,"_monsterinsights_skip_tracking":false,"_monsterinsights_sitenote_active":false,"_monsterinsights_sitenote_note":"","_monsterinsights_sitenote_category":0},"product_brand":[],"product_cat":[110],"product_tag":[112,111,42,38,66],"class_list":{"0":"post-1962","1":"product","2":"type-product","3":"status-publish","4":"has-post-thumbnail","6":"product_cat-bullet","7":"product_tag-bala","8":"product_tag-bullet","9":"product_tag-camaras","10":"product_tag-camaras-de-seguridad","11":"product_tag-dahua","13":"first","14":"instock","15":"sale","16":"taxable","17":"shipping-taxable","18":"purchasable","19":"product-type-simple"},"aioseo_notices":[],"_links":{"self":[{"href":"https:\/\/tecsecmty.com\/index.php\/wp-json\/wp\/v2\/product\/1962","targetHints":{"allow":["GET"]}}],"collection":[{"href":"https:\/\/tecsecmty.com\/index.php\/wp-json\/wp\/v2\/product"}],"about":[{"href":"https:\/\/tecsecmty.com\/index.php\/wp-json\/wp\/v2\/types\/product"}],"replies":[{"embeddable":true,"href":"https:\/\/tecsecmty.com\/index.php\/wp-json\/wp\/v2\/comments?post=1962"}],"version-history":[{"count":0,"href":"https:\/\/tecsecmty.com\/index.php\/wp-json\/wp\/v2\/product\/1962\/revisions"}],"wp:featuredmedia":[{"embeddable":true,"href":"https:\/\/tecsecmty.com\/index.php\/wp-json\/wp\/v2\/media\/1961"}],"wp:attachment":[{"href":"https:\/\/tecsecmty.com\/index.php\/wp-json\/wp\/v2\/media?parent=1962"}],"wp:term":[{"taxonomy":"product_brand","embeddable":true,"href":"https:\/\/tecsecmty.com\/index.php\/wp-json\/wp\/v2\/product_brand?post=1962"},{"taxonomy":"product_cat","embeddable":true,"href":"https:\/\/tecsecmty.com\/index.php\/wp-json\/wp\/v2\/product_cat?post=1962"},{"taxonomy":"product_tag","embeddable":true,"href":"https:\/\/tecsecmty.com\/index.php\/wp-json\/wp\/v2\/product_tag?post=1962"}],"curies":[{"name":"wp","href":"https:\/\/api.w.org\/{rel}","templated":true}]}}