{"id":1970,"date":"2023-02-22T17:55:40","date_gmt":"2023-02-22T23:55:40","guid":{"rendered":"https:\/\/tecsecmty.com\/index.php\/producto\/dahua-ipc-hfw5442en-ze-camara-ip-bullet-resolucion-de-4-mp-lente-mot-2-7-a-12mm-%e2%88%a2-114-47-ir-50-mts-ia-wizmind-deteccion-facial-proteccion-perimetral-conteo-de-personas-s\/"},"modified":"2023-03-22T23:22:54","modified_gmt":"2023-03-23T05:22:54","slug":"dahua-ipc-hfw5442en-ze-camara-ip-bullet-resolucion-de-4-mp-lente-mot-2-7-a-12mm-114-47-ir-50-mts-ia-wizmind-deteccion-facial-proteccion-perimetral-conteo-de-personas-s","status":"publish","type":"product","link":"https:\/\/tecsecmty.com\/index.php\/producto\/dahua-ipc-hfw5442en-ze-camara-ip-bullet-resolucion-de-4-mp-lente-mot-2-7-a-12mm-114-47-ir-50-mts-ia-wizmind-deteccion-facial-proteccion-perimetral-conteo-de-personas-s\/","title":{"rendered":"DAHUA IPC-HFW5442EN-ZE &#8211; C\u00e1mara IP Bullet Resoluci\u00f3n de 4 MP\/ Lente Mot. 2.7 a 12mm\/ \u2222 114\u00b0-47\u00b0\/ IR 50 mts\/ IA WizMind\/ Detecci\u00f3n Facial\/ Protecci\u00f3n Perimetral\/ Conteo de Personas\/ Starlight\/ ePoE\/ WDR 140dB\/ H.265\/ IP67\/ IK10\/ E&amp;S Alarma\/ E&amp;S Audio\/"},"content":{"rendered":"<div class=\"row aling-items-center padding-bottom-2x\">\n<div class=\"col-lg-12\">\n<h5 class=\"card-title text-center\">Informaci\u00f3n General<\/h5>\n<p>La c\u00e1mara<strong>\u00a0IPC-HFW5442E-ZE<\/strong>\u00a0contiene funciones de detecci\u00f3n de rostros, protecci\u00f3n perimetral y conteo de personas. Impulsada por algoritmos de inteligencia artificial de aprendizaje profundo, precisi\u00f3n significativamente mejorada. Mientras tanto, la serie cuenta con Starlight y tecnolog\u00eda IR inteligente. Esta serie est\u00e1 totalmente protegida contra el polvo y el agua, certificada IP67 y resistente al vandalismo seg\u00fan el est\u00e1ndar IK10.<\/p>\n<p><img decoding=\"async\" class=\"overview-center-img-web\" src=\"https:\/\/tvc.mx\/media\/433623\/camara-ip-bullet-4mp-inteligencia-artificial-wdr140-lente-motorizado-deteccion-rostros-perimetral-conteo-personas-epoe-DahuaHFW5442E-ZE-b.png\" alt=\"\" \/><\/p>\n<\/div>\n<\/div>\n<div class=\"row align-items-center padding-bottom-2x\">\n<div class=\"col-md-5\"><img decoding=\"async\" class=\"d-block m-auto img-thumbnail\" src=\"https:\/\/tvc.mx\/media\/433627\/reconocimiento-facial-dahua.png\" alt=\" \" \/><\/div>\n<div class=\"col-md-7 text-md-left text-center\">\n<h2>Detecci\u00f3n de rostro<\/h2>\n<p>La detecci\u00f3n de rostros es una aplicaci\u00f3n de software que captura rostros autom\u00e1ticamente desde una imagen digital o un cuadro de video de una fuente de video. Las c\u00e1maras Dahua utilizan algoritmos avanzados de aprendizaje profundo y est\u00e1n entrenadas por una gran cantidad de fuentes de datos faciales, lo que permite que la c\u00e1mara ubique rostros de manera r\u00e1pida y precisa desde la fuente de video y capture im\u00e1genes faciales.<\/p>\n<p>&nbsp;<\/p>\n<\/div>\n<\/div>\n<hr class=\"padding-bottom-2x\" \/>\n<div class=\"row align-items-center padding-bottom-2x\">\n<div class=\"col-md-5 order-md-2\"><img decoding=\"async\" class=\"d-block m-auto img-thumbnail\" src=\"https:\/\/tvc.mx\/media\/433631\/proteccion-perimetral-dahua.png\" alt=\" \" \/><\/div>\n<div class=\"col-md-7 order-md-1 text-md-left text-center\">\n<h2>Protecci\u00f3n perimetral<\/h2>\n<p>Las funciones de protecci\u00f3n perimetral de Dahua mejoraron significativamente la precisi\u00f3n. La protecci\u00f3n perimetral reduce las falsas alarmas y disminuye los requisitos de conteo de p\u00edxeles para la detecci\u00f3n de objetos. Perimeter Protection presenta cables trampa personalizados seg\u00fan el tipo de objeto para la automatizaci\u00f3n en \u00e1reas de acceso limitado, como zonas peatonales o solo para veh\u00edculos. Esta combinaci\u00f3n de an\u00e1lisis avanzados de IA y alertas en tiempo real para una computadora de escritorio o para un cliente m\u00f3vil reduce los requisitos y recursos del sistema, lo que resulta en una mayor eficiencia del sistema de vigilancia.<\/p>\n<p>&nbsp;<\/p>\n<\/div>\n<\/div>\n<hr class=\"padding-bottom-2x\" \/>\n<div class=\"row align-items-center padding-bottom-2x\">\n<div class=\"col-md-5\"><img decoding=\"async\" class=\"d-block m-auto img-thumbnail\" src=\"https:\/\/tvc.mx\/media\/433635\/WDR-Dahua.png\" alt=\" \" \/><\/div>\n<div class=\"col-md-7 text-md-left text-center\">\n<h2>Amplio Rango Din\u00e1mico<\/h2>\n<p>La c\u00e1mara logra obtener im\u00e1genes n\u00edtidas en escenarios donde hay variaci\u00f3n en las condiciones de iluminaci\u00f3n ya sea baja y\/o brillante, la funci\u00f3n WDR real140dB se encarga de medir, compensar y ajustar la luz en la imagen captada para despu\u00e9s combinar los espacios de luces brillantes con los espacios de sombras, creando un equilibrio en la imagen final.<\/p>\n<p>&nbsp;<\/p>\n<\/div>\n<\/div>\n<hr class=\"padding-bottom-2x\" \/>\n<div class=\"row align-items-center padding-bottom-2x\">\n<div class=\"col-md-5 order-md-2\"><img decoding=\"async\" class=\"d-block m-auto img-thumbnail\" src=\"https:\/\/tvc.mx\/media\/433639\/IP67-dahua.png\" alt=\" \" \/><\/div>\n<div class=\"col-md-7 order-md-1 text-md-left text-center\">\n<h2>Protecci\u00f3n IP67<\/h2>\n<p>La c\u00e1mara permite una tolerancia de voltaje de entrada de \u00b130%, adecuada para las condiciones m\u00e1s inestables para aplicaciones al aire libre. Su clasificaci\u00f3n contra rayos de 6KV proporciona una protecci\u00f3n eficaz tanto para la c\u00e1mara como para su estructura contra los rayos. Sometida y certificada a rigurosas pruebas de polvo e inmersi\u00f3n (IP67) y pruebas de impacto (IK10), la c\u00e1mara es la elecci\u00f3n para la instalaci\u00f3n incluso en los entornos m\u00e1s implacables.<\/p>\n<p>&nbsp;<\/p>\n<\/div>\n<\/div>\n<hr class=\"padding-bottom-2x\" \/>\n<div class=\"row align-items-center padding-bottom-2x\">\n<div class=\"col-md-5\"><img decoding=\"async\" class=\"d-block m-auto img-thumbnail\" src=\"https:\/\/tvc.mx\/media\/433643\/camara-ip-bullet-4mp-inteligencia-artificial-wdr140-lente-motorizado-deteccion-rostros-perimetral-conteo-personas-epoe-DahuaHFW5442E-ZE-caracteristicas.png\" alt=\" \" \/><\/div>\n<div class=\"col-md-7 text-md-left text-center\">\n<h2>Principales Caracter\u00edsticas<\/h2>\n<ul>\n<li>WDR &#8211; 140 dB &#8211; Amplio rango din\u00e1mico de la iluminaci\u00f3n<\/li>\n<li>EIS &#8211; Estabilizaci\u00f3n electr\u00f3nica de la imagen<\/li>\n<li>3D-DNR &#8211; Reducci\u00f3n digital de ruido en la imagen<\/li>\n<li>ROI &#8211; mejora de la calidad de las partes seleccionadas de la imagen<\/li>\n<li>F-DNR (Defog) &#8211; Reducci\u00f3n de ruido debido a las precipitaciones<\/li>\n<li>BLC\/HLC &#8211; compensaci\u00f3n de luz de fondo \/ luz alta<\/li>\n<li>Posibilidad de cambiar la resoluci\u00f3n, calidad y tasa de bits<\/li>\n<li>Detecci\u00f3n de movimiento<\/li>\n<li>Zonas de privacidad configurables<\/li>\n<li>ICR &#8211; Filtro mec\u00e1nico de infrarrojos<\/li>\n<li>Mirror &#8211; Imagen de espejo<\/li>\n<li>Mapa de calor &#8211; selecci\u00f3n en la imagen de las \u00e1reas con diferente tr\u00e1fico con colores correspondientes<\/li>\n<li class=\"ql-align-justify\">An\u00e1lisis IVS\u00a0:\u00a0cruzamiento de la l\u00ednea (cable trampa),\u00a0cambio de escenario,\u00a0intrusi\u00f3n\u00a0&#8211; clasificaci\u00f3n de personas y veh\u00edculos,\u00a0objeto abandonado\/falta de objeto,\u00a0conteo de personas\u00a0&#8211; detecci\u00f3n y soporte de 4 \u00e1reas independientes, detecci\u00f3n de reuni\u00f3n de personas,\u00a0detecci\u00f3n de rostros\u00a0&#8211; soporta 6 tipos de extracci\u00f3n de atributos faciales<\/li>\n<\/ul>\n<p>&nbsp;<\/p>\n<\/div>\n<\/div>\n<hr class=\"padding-bottom-2x\" \/>\n<div class=\"row align-items-center padding-bottom-2x\">\n<div class=\"col-md-5 order-md-2\"><img decoding=\"async\" class=\"d-block m-auto img-thumbnail\" src=\"https:\/\/tvc.mx\/media\/433647\/camara-ip-bullet-4mp-inteligencia-artificial-wdr140-lente-motorizado-deteccion-rostros-perimetral-conteo-personas-epoe-DahuaHFW5442E-ZE-especificaciones.png\" alt=\" \" \/><\/div>\n<div class=\"col-md-7 order-md-1 text-md-left text-center\">\n<h2>Especificaciones<\/h2>\n<ul>\n<li>1\/1.8\u00a0\u00bb Progressive Scan CMOS<\/li>\n<li>Lente motorizado 2.7mm -12\u00a0mm<\/li>\n<li>\u00c1ngulo de visi\u00f3n:114\u00a0\u00b0 -47\u00a0\u00b0<\/li>\n<li>Compresi\u00f3n:H.265+ \/\u00a0H.265\u00a0\/ H.264+ \/\u00a0H.264\u00a0\/\u00a0MJPEG<\/li>\n<li>Rango del iluminador IR:50\u00a0m<\/li>\n<li>Entrada para micr\u00f3fono externo<\/li>\n<li>Salida de audio<\/li>\n<li>Soporta audio bidireccional<\/li>\n<li>Detecci\u00f3n de audio<\/li>\n<li>Alimentaci\u00f3n: ePoE, PoE (802.3af), 12\u00a0V\u00a0DC\u00a0\/ 910\u00a0mA<\/li>\n<li>Carcasa: Metal + Pl\u00e1stico<\/li>\n<li>Grado de protecci\u00f3n:IP67<\/li>\n<li>A prueba de vandalismo:IK10<\/li>\n<\/ul>\n<\/div>\n<\/div>\n","protected":false},"excerpt":{"rendered":"<p>Informaci\u00f3n General La c\u00e1mara\u00a0IPC-HFW5442E-ZE\u00a0contiene funciones de detecci\u00f3n de rostros, protecci\u00f3n perimetral y conteo de personas. Impulsada por algoritmos de inteligencia artificial de aprendizaje profundo, precisi\u00f3n significativamente mejorada. Mientras tanto, la serie cuenta con Starlight y tecnolog\u00eda IR inteligente. Esta serie est\u00e1 totalmente protegida contra el&hellip;<\/p>\n","protected":false},"featured_media":1969,"comment_status":"open","ping_status":"closed","template":"","meta":{"om_disable_all_campaigns":false,"_monsterinsights_skip_tracking":false,"_monsterinsights_sitenote_active":false,"_monsterinsights_sitenote_note":"","_monsterinsights_sitenote_category":0},"product_brand":[],"product_cat":[110],"product_tag":[112,111,42,38,66],"class_list":{"0":"post-1970","1":"product","2":"type-product","3":"status-publish","4":"has-post-thumbnail","6":"product_cat-bullet","7":"product_tag-bala","8":"product_tag-bullet","9":"product_tag-camaras","10":"product_tag-camaras-de-seguridad","11":"product_tag-dahua","13":"first","14":"instock","15":"sale","16":"taxable","17":"shipping-taxable","18":"purchasable","19":"product-type-simple"},"aioseo_notices":[],"_links":{"self":[{"href":"https:\/\/tecsecmty.com\/index.php\/wp-json\/wp\/v2\/product\/1970","targetHints":{"allow":["GET"]}}],"collection":[{"href":"https:\/\/tecsecmty.com\/index.php\/wp-json\/wp\/v2\/product"}],"about":[{"href":"https:\/\/tecsecmty.com\/index.php\/wp-json\/wp\/v2\/types\/product"}],"replies":[{"embeddable":true,"href":"https:\/\/tecsecmty.com\/index.php\/wp-json\/wp\/v2\/comments?post=1970"}],"version-history":[{"count":0,"href":"https:\/\/tecsecmty.com\/index.php\/wp-json\/wp\/v2\/product\/1970\/revisions"}],"wp:featuredmedia":[{"embeddable":true,"href":"https:\/\/tecsecmty.com\/index.php\/wp-json\/wp\/v2\/media\/1969"}],"wp:attachment":[{"href":"https:\/\/tecsecmty.com\/index.php\/wp-json\/wp\/v2\/media?parent=1970"}],"wp:term":[{"taxonomy":"product_brand","embeddable":true,"href":"https:\/\/tecsecmty.com\/index.php\/wp-json\/wp\/v2\/product_brand?post=1970"},{"taxonomy":"product_cat","embeddable":true,"href":"https:\/\/tecsecmty.com\/index.php\/wp-json\/wp\/v2\/product_cat?post=1970"},{"taxonomy":"product_tag","embeddable":true,"href":"https:\/\/tecsecmty.com\/index.php\/wp-json\/wp\/v2\/product_tag?post=1970"}],"curies":[{"name":"wp","href":"https:\/\/api.w.org\/{rel}","templated":true}]}}