{"id":1974,"date":"2023-02-22T17:55:43","date_gmt":"2023-02-22T23:55:43","guid":{"rendered":"https:\/\/tecsecmty.com\/index.php\/producto\/dahua-ipc-hfw5449t1-ze-led-camara-ip-bullet-de-4-megapixeles-full-color-con-lente-motorizado-de-2-7-a-12mm-ip67-es-de-alarma-ranura-para-micro-sd-microfono-y-altavoz-integrados-epoe\/"},"modified":"2023-03-22T23:22:54","modified_gmt":"2023-03-23T05:22:54","slug":"dahua-ipc-hfw5449t1-ze-led-camara-ip-bullet-de-4-megapixeles-full-color-con-lente-motorizado-de-2-7-a-12mm-ip67-es-de-alarma-ranura-para-micro-sd-microfono-y-altavoz-integrados-epoe","status":"publish","type":"product","link":"https:\/\/tecsecmty.com\/index.php\/producto\/dahua-ipc-hfw5449t1-ze-led-camara-ip-bullet-de-4-megapixeles-full-color-con-lente-motorizado-de-2-7-a-12mm-ip67-es-de-alarma-ranura-para-micro-sd-microfono-y-altavoz-integrados-epoe\/","title":{"rendered":"DAHUA IPC-HFW5449T1-ZE-LED &#8211; Camara IP Bullet de 4 Megapixeles\/ Full Color con Lente Motorizado de 2.7 a 12mm\/ IP67\/ E&amp;S de Alarma\/ Ranura para Micro SD\/ Micr\u00f3fono y altavoz integrados\/ ePoE"},"content":{"rendered":"<div class=\"row aling-items-center padding-bottom-2x\">\n<div class=\"col-lg-12\">\n<h5 class=\"card-title text-center\">Informaci\u00f3n general<\/h5>\n<p class=\"ql-align-justify\">Con la soluci\u00f3n Starlight y el algoritmo de aprendizaje profundo, la c\u00e1mara de red de la serie Dahua WizMind 5 tiene varias funciones inteligentes, que incluyen captura de rostros, protecci\u00f3n perimetral y conteo de personas, que mejoran en gran medida la precisi\u00f3n del an\u00e1lisis de video. La c\u00e1mara de la serie admite la funci\u00f3n a prueba de polvo, la funci\u00f3n a prueba de agua y la funci\u00f3n a prueba de vandalismo, cumpliendo con los est\u00e1ndares de IP67 e IK10 (compatible con algunos modelos selectos).<\/p>\n<p><img decoding=\"async\" class=\"overview-center-img-web\" src=\"https:\/\/tvc.mx\/media\/573439\/DAHUA-IPC-HFW5449T1-ZE-LED---Camara-IP-Bullet-4-Megapixeles-Full-Color--Lente-Motorizado-banner-principal.png\" alt=\"Camara IP Bullet\" \/><\/div>\n<\/div>\n<div class=\"row align-items-center padding-bottom-2x\">\n<div class=\"col-md-5\"><img decoding=\"async\" class=\"d-block m-auto img-thumbnail\" src=\"https:\/\/tvc.mx\/media\/573447\/proteccion-perimetral-dahua.png\" alt=\" Protecci\u00f3n perimetral\" \/><\/div>\n<div class=\"col-md-7 text-md-left text-center\">\n<h2>Protecci\u00f3n Perimetral<\/h2>\n<p class=\"text-muted\">\n<p class=\"ql-align-justify\">Con un algoritmo de aprendizaje profundo, la tecnolog\u00eda de protecci\u00f3n perimetral de Dahua puede reconocer a humanos y veh\u00edculos con precisi\u00f3n. En \u00e1reas restringidas (como \u00e1reas para peatones y veh\u00edculos), las falsas alarmas de detecci\u00f3n inteligente basadas en el tipo de objetivo (como cable trampa, intrusi\u00f3n, movimiento r\u00e1pido, detecci\u00f3n de estacionamiento, detecci\u00f3n de merodeo y detecci\u00f3n de reuni\u00f3n) se reducen en gran medida.<\/p>\n<p>&nbsp;<\/p>\n<\/div>\n<\/div>\n<hr class=\"padding-bottom-2x\" \/>\n<div class=\"row align-items-center padding-bottom-2x\">\n<div class=\"col-md-5 order-md-2\"><img decoding=\"async\" class=\"d-block m-auto img-thumbnail\" src=\"https:\/\/tvc.mx\/media\/573451\/Conteo-de-personas-Dahua.png\" alt=\" conteo de personas\" \/><\/div>\n<div class=\"col-md-7 order-md-1 text-md-left text-center\">\n<h2>Conteo de personas<\/h2>\n<p class=\"text-muted\">\n<p class=\"ql-align-justify\">Con un algoritmo de aprendizaje profundo, la tecnolog\u00eda de conteo de personas de Dahua puede rastrear y procesar objetivos del cuerpo humano en movimiento para realizar estad\u00edsticas precisas de n\u00famero de entrada, n\u00famero de salida y n\u00famero de \u00e1rea. Trabajando con la plataforma de gesti\u00f3n, genera informes anuales\/mensuales\/diarios para cumplir con sus requisitos.<\/p>\n<p>&nbsp;<\/p>\n<\/div>\n<\/div>\n<hr class=\"padding-bottom-2x\" \/>\n<div class=\"row align-items-center padding-bottom-2x\">\n<div class=\"col-md-5\"><img decoding=\"async\" class=\"d-block m-auto img-thumbnail\" src=\"https:\/\/tvc.mx\/media\/573455\/reconocimiento-facial-dahua.png\" alt=\" Detecci\u00f3n de rostro\" \/><\/div>\n<div class=\"col-md-7 text-md-left text-center\">\n<h2>Detecci\u00f3n de rostro<\/h2>\n<p class=\"text-muted\">\n<p class=\"ql-align-justify\">La tecnolog\u00eda de detecci\u00f3n de rostros de Dahua puede detectar el rostro en la imagen. Con un algoritmo de aprendizaje profundo, la tecnolog\u00eda admite la detecci\u00f3n, el seguimiento, la captura y la selecci\u00f3n de la mejor imagen del rostro, y luego genera una instant\u00e1nea del rostro.<\/p>\n<p>&nbsp;<\/p>\n<\/div>\n<\/div>\n<hr class=\"padding-bottom-2x\" \/>\n<div class=\"row align-items-center padding-bottom-2x\">\n<div class=\"col-md-5 order-md-2\"><img decoding=\"async\" class=\"d-block m-auto img-thumbnail\" src=\"https:\/\/tvc.mx\/media\/573479\/DAHUA-IPC-HFW5449T1-ZE-LED---Camara-IP-Bullet-4-Megapixeles-Full-Color--Lente-Motorizado-caracteristicas-principal.png\" alt=\" Camara IP\" \/><\/div>\n<div class=\"col-md-7 order-md-1 text-md-left text-center\">\n<h2>Caracter\u00edsticas Principales<\/h2>\n<p class=\"text-muted\">\n<p class=\"ql-align-justify\">\u00b7 Sensor de imagen CMOS de 4MP 1\/1.8&#8243;, baja iluminancia, alta definici\u00f3n de imagen.<\/p>\n<p class=\"ql-align-justify\">\u00b7 Salidas m\u00e1x. 4 MP (2688 \u00d7 1520) a 30 fps.<\/p>\n<p class=\"ql-align-justify\">\u00b7 Iluminador c\u00e1lido incorporado, y el m\u00e1x. la distancia de iluminaci\u00f3n es de 70 m.<\/p>\n<p class=\"ql-align-justify\">\u00b7 ROI, SMART H.264+\/H.265+, codificaci\u00f3n flexible, aplicable a diversos entornos de almacenamiento y ancho de banda.<\/p>\n<p class=\"ql-align-justify\">\u00b7 Modo de rotaci\u00f3n, WDR, 3D NR, HLC, BLC, marca de agua digital, aplicable a varias escenas de monitoreo.<\/p>\n<p class=\"ql-align-justify\">\u00b7 Alarma: 1 entrada, 1 salida; audio: 1 entrada, 1 salida; admite m\u00e1x. Tarjeta Micro SD de 256 G, micr\u00f3fono y altavoz integrados.<\/p>\n<p class=\"ql-align-justify\">\u00b7 Fuente de alimentaci\u00f3n de 12V CC\/PoE<\/p>\n<p>&nbsp;<\/p>\n<\/div>\n<\/div>\n<hr class=\"padding-bottom-2x\" \/>\n<div class=\"row align-items-center padding-bottom-2x\">\n<div class=\"col-md-5\"><img decoding=\"async\" class=\"d-block m-auto img-thumbnail\" src=\"https:\/\/tvc.mx\/media\/573491\/DAHUA-IPC-HFW5449T1-ZE-LED---Camara-IP-Bullet-4-Megapixeles-Full-Color--Lente-Motorizado-Especificaciones-tecnicas.png\" alt=\" Dimensiones\" \/><\/div>\n<div class=\"col-md-7 text-md-left text-center\">\n<h2>Especificaciones T\u00e9cnicas<\/h2>\n<p class=\"text-muted\">\n<ul>\n<li>CMOS de 1\/1,8&#8243;<\/li>\n<li>M\u00e1x. Resoluci\u00f3n 2688 (H) x 1520 (v)<\/li>\n<li>ROM 128 MB<\/li>\n<li>RAM 512 MB<\/li>\n<li>Sistema de escaneo progresivo<\/li>\n<li>Velocidad de obturaci\u00f3n electr\u00f3nica; Automatico, manual 1\/3s &#8211; 1\/100000s<\/li>\n<li>M\u00edn. Iluminaci\u00f3n; 0,0005 lux @F1.0<\/li>\n<li>Relaci\u00f3n se\u00f1al\/ruido &gt;56 dB<\/li>\n<li>Distancia de iluminaci\u00f3n 70 m (229,66)<\/li>\n<\/ul>\n<\/div>\n<\/div>\n","protected":false},"excerpt":{"rendered":"<p>Informaci\u00f3n general Con la soluci\u00f3n Starlight y el algoritmo de aprendizaje profundo, la c\u00e1mara de red de la serie Dahua WizMind 5 tiene varias funciones inteligentes, que incluyen captura de rostros, protecci\u00f3n perimetral y conteo de personas, que mejoran en gran medida la precisi\u00f3n del&hellip;<\/p>\n","protected":false},"featured_media":1973,"comment_status":"open","ping_status":"closed","template":"","meta":{"om_disable_all_campaigns":false,"_monsterinsights_skip_tracking":false,"_monsterinsights_sitenote_active":false,"_monsterinsights_sitenote_note":"","_monsterinsights_sitenote_category":0},"product_brand":[],"product_cat":[110],"product_tag":[112,111,42,38,66],"class_list":{"0":"post-1974","1":"product","2":"type-product","3":"status-publish","4":"has-post-thumbnail","6":"product_cat-bullet","7":"product_tag-bala","8":"product_tag-bullet","9":"product_tag-camaras","10":"product_tag-camaras-de-seguridad","11":"product_tag-dahua","13":"first","14":"instock","15":"sale","16":"taxable","17":"shipping-taxable","18":"purchasable","19":"product-type-simple"},"aioseo_notices":[],"_links":{"self":[{"href":"https:\/\/tecsecmty.com\/index.php\/wp-json\/wp\/v2\/product\/1974","targetHints":{"allow":["GET"]}}],"collection":[{"href":"https:\/\/tecsecmty.com\/index.php\/wp-json\/wp\/v2\/product"}],"about":[{"href":"https:\/\/tecsecmty.com\/index.php\/wp-json\/wp\/v2\/types\/product"}],"replies":[{"embeddable":true,"href":"https:\/\/tecsecmty.com\/index.php\/wp-json\/wp\/v2\/comments?post=1974"}],"version-history":[{"count":0,"href":"https:\/\/tecsecmty.com\/index.php\/wp-json\/wp\/v2\/product\/1974\/revisions"}],"wp:featuredmedia":[{"embeddable":true,"href":"https:\/\/tecsecmty.com\/index.php\/wp-json\/wp\/v2\/media\/1973"}],"wp:attachment":[{"href":"https:\/\/tecsecmty.com\/index.php\/wp-json\/wp\/v2\/media?parent=1974"}],"wp:term":[{"taxonomy":"product_brand","embeddable":true,"href":"https:\/\/tecsecmty.com\/index.php\/wp-json\/wp\/v2\/product_brand?post=1974"},{"taxonomy":"product_cat","embeddable":true,"href":"https:\/\/tecsecmty.com\/index.php\/wp-json\/wp\/v2\/product_cat?post=1974"},{"taxonomy":"product_tag","embeddable":true,"href":"https:\/\/tecsecmty.com\/index.php\/wp-json\/wp\/v2\/product_tag?post=1974"}],"curies":[{"name":"wp","href":"https:\/\/api.w.org\/{rel}","templated":true}]}}