{"id":1978,"date":"2023-02-22T17:55:47","date_gmt":"2023-02-22T23:55:47","guid":{"rendered":"https:\/\/tecsecmty.com\/index.php\/producto\/dahua-ipc-hfw5541en-ze-camara-ip-bullet-resolucion-de-5-mp-lente-mot-2-7-a-13-5mm-%e2%88%a2-100-28-ir-50-mts-ia-wizmind-deteccion-facial-proteccion-perimetral-conteo-de-personas\/"},"modified":"2023-03-22T23:22:55","modified_gmt":"2023-03-23T05:22:55","slug":"dahua-ipc-hfw5541en-ze-camara-ip-bullet-resolucion-de-5-mp-lente-mot-2-7-a-13-5mm-100-28-ir-50-mts-ia-wizmind-deteccion-facial-proteccion-perimetral-conteo-de-personas","status":"publish","type":"product","link":"https:\/\/tecsecmty.com\/index.php\/producto\/dahua-ipc-hfw5541en-ze-camara-ip-bullet-resolucion-de-5-mp-lente-mot-2-7-a-13-5mm-100-28-ir-50-mts-ia-wizmind-deteccion-facial-proteccion-perimetral-conteo-de-personas\/","title":{"rendered":"DAHUA IPC-HFW5541EN-ZE &#8211; C\u00e1mara IP Bullet Resoluci\u00f3n de 5 MP\/ Lente Mot. 2.7 a 13.5mm\/ \u2222 100\u00b0-28\u00b0\/ IR 50 mts\/ IA WizMind\/ Detecci\u00f3n Facial\/ Protecci\u00f3n Perimetral\/ Conteo de Personas\/ Starlight\/ ePoE\/ WDR\/ H.265+\/ IP67\/ IK10\/ E&amp;S Alarma\/ E&amp;S Audio\/"},"content":{"rendered":"<div class=\"row aling-items-center padding-bottom-2x\">\n<div class=\"col-lg-12\">\n<h5 class=\"card-title text-center\">Informaci\u00f3n General<\/h5>\n<p>La c\u00e1mara\u00a0<strong>HFW5541EN-ZE<\/strong>\u00a0con resoluci\u00f3n de\u00a0<strong>5MP<\/strong>\u00a0pertenece a la\u00a0<strong>Serie<\/strong>\u00a0<strong>WizMind<\/strong>\u00a0de Dahua, cuenta con\u00a0<strong>algoritmos de aprendizaje profundo<\/strong>\u00a0orientado a proyectos centr\u00e1ndose en los requisitos del cliente, cuenta con anal\u00edticos<strong>\u00a0IVS<\/strong>, conteo de personas, detecci\u00f3n de rostros, protecci\u00f3n de per\u00edmetro as\u00ed como la extracci\u00f3n de meta data de video. Es compatible con la funci\u00f3n a prueba de polvo, la funci\u00f3n a prueba de agua y la funci\u00f3n a prueba de vandalismo, cumpliendo con los est\u00e1ndares de<strong>\u00a0IP67<\/strong>\u00a0e\u00a0<strong>IK10<\/strong>.<\/p>\n<p><img decoding=\"async\" class=\"overview-center-img-web\" src=\"https:\/\/tvc.mx\/media\/426707\/Dahua-HFW5541EN-ZE-C%C3%A1mara-Ip-Bullet-5M-WizMind-Lente-Motorizado-Smart-Codec-Ranura-Exterior-FD-Perimetral.png\" alt=\"\" \/><\/p>\n<\/div>\n<\/div>\n<div class=\"row align-items-center padding-bottom-2x\">\n<div class=\"col-md-5 order-md-2\"><img decoding=\"async\" class=\"d-block m-auto img-thumbnail\" src=\"https:\/\/tvc.mx\/media\/426711\/resolucion-5-mp-Dahua.png\" alt=\" \" \/><\/div>\n<div class=\"col-md-7 order-md-1 text-md-left text-center\">\n<h2>Resoluci\u00f3n 5MP<\/h2>\n<p>La c\u00e1mara\u00a0<strong>HFW5541EN-ZE<\/strong>\u00a0nos permite lograr captar infinidad de detalles debido a su excelente resoluci\u00f3n de\u00a0<strong>5MP<\/strong>, son una excelente opci\u00f3n para aplicaciones de negocios donde existe la necesidad de capturar el mayor detalle posible.<\/p>\n<p>&nbsp;<\/p>\n<\/div>\n<\/div>\n<hr class=\"padding-bottom-2x\" \/>\n<div class=\"row align-items-center padding-bottom-2x\">\n<div class=\"col-md-5\"><img decoding=\"async\" class=\"d-block m-auto img-thumbnail\" src=\"https:\/\/tvc.mx\/media\/426715\/codificacion-h.265-dahua.png\" alt=\" \" \/><\/div>\n<div class=\"col-md-7 text-md-left text-center\">\n<h2>C\u00f3dec Inteligente<\/h2>\n<p><strong>Smart C\u00f3dec<\/strong>\u00a0es la implementaci\u00f3n de la compresi\u00f3n del v\u00eddeo standard (H.265 &amp; H.264) que usa una estrategia codificada de adaptaci\u00f3n de escenas, dynamic GOP, dynamic ROI, estructura de referencia flexible de m\u00faltiples marcos y reducci\u00f3n inteligente de ruido para ofrecer v\u00eddeos de alta calidad sin forzar la red. La tecnolog\u00eda Smart C\u00f3dec reduce la tasa de bits y los requisitos de almacenamiento en hasta un 80% en comparaci\u00f3n con la compresi\u00f3n de v\u00eddeo est\u00e1ndar.<\/p>\n<p>&nbsp;<\/p>\n<\/div>\n<\/div>\n<hr class=\"padding-bottom-2x\" \/>\n<div class=\"row align-items-center padding-bottom-2x\">\n<div class=\"col-md-5 order-md-2\"><img decoding=\"async\" class=\"d-block m-auto img-thumbnail\" src=\"https:\/\/tvc.mx\/media\/426719\/reconocimiento-facial-dahua.png\" alt=\" \" \/><\/div>\n<div class=\"col-md-7 order-md-1 text-md-left text-center\">\n<h2>Detecci\u00f3n Facial<\/h2>\n<p>La c\u00e1mara incluye la tecnolog\u00eda Dahua\u00a0<strong>Face Detection<\/strong>\u00a0esta puede detectar rostros utilizando el algoritmo de aprendizaje profundo con el que cuenta, esta tecnolog\u00eda admite la detecci\u00f3n, el seguimiento, la captura y la selecci\u00f3n de la mejor imagen de la cara, y luego genera una imagen del rostro.<\/p>\n<p>&nbsp;<\/p>\n<\/div>\n<\/div>\n<hr class=\"padding-bottom-2x\" \/>\n<div class=\"row align-items-center padding-bottom-2x\">\n<div class=\"col-md-5\"><img decoding=\"async\" class=\"d-block m-auto img-thumbnail\" src=\"https:\/\/tvc.mx\/media\/426723\/proteccion-perimetral-dahua.png\" alt=\" \" \/><\/div>\n<div class=\"col-md-7 text-md-left text-center\">\n<h2>Protecci\u00f3n Perimetral<\/h2>\n<p>Con algoritmo de aprendizaje profundo, tecnolog\u00eda de protecci\u00f3n perimetral Dahua, nuestra c\u00e1mara puede reconocer humanos y veh\u00edculos con precisi\u00f3n. En \u00e1reas restringidas (como \u00e1rea peatonal y \u00e1rea del veh\u00edculo), las falsas alarmas de detecci\u00f3n inteligente basadas en el tipo de objetivo (como Tripwire, Intrusi\u00f3n, Movimiento R\u00e1pido, Detecci\u00f3n de estacionamiento, Detecci\u00f3n de merodeo y Detecci\u00f3n de merodeo) son en gran medida reducidas las falsas alarmas.<\/p>\n<p>&nbsp;<\/p>\n<\/div>\n<\/div>\n<hr class=\"padding-bottom-2x\" \/>\n<div class=\"row align-items-center padding-bottom-2x\">\n<div class=\"col-md-5 order-md-2\"><img decoding=\"async\" class=\"d-block m-auto img-thumbnail\" src=\"https:\/\/tvc.mx\/media\/426727\/Conteo-de-personas-Dahua.png\" alt=\" \" \/><\/div>\n<div class=\"col-md-7 order-md-1 text-md-left text-center\">\n<h2>Conteo de Personas<\/h2>\n<p>Con algoritmo de aprendizaje profundo, tecnolog\u00eda de conteo de personas Dahua puede rastrear y procesar objetivos m\u00f3viles del cuerpo humano para darse cuenta de la estad\u00edsticas precisas de ingresar No., dejar No. y en el \u00e1rea No. Trabajar con plataforma de gesti\u00f3n, genera informes anuales \/ mensuales \/ semanales \/ diarios para cumplir con sus requisitos.<\/p>\n<p>&nbsp;<\/p>\n<\/div>\n<\/div>\n<hr class=\"padding-bottom-2x\" \/>\n<div class=\"row align-items-center padding-bottom-2x\">\n<div class=\"col-md-5\"><img decoding=\"async\" class=\"d-block m-auto img-thumbnail\" src=\"https:\/\/tvc.mx\/media\/426731\/almacenamiento-microSD-Dahua.png\" alt=\" \" \/><\/div>\n<div class=\"col-md-7 text-md-left text-center\">\n<h2>Almacenamiento en Micro SD<\/h2>\n<p>Nuestra c\u00e1mara\u00a0<strong>HFW5541EN-ZE<\/strong>\u00a0cuenta con una ranura para\u00a0<strong>Micro SD<\/strong>\u00a0permitiendo almacenar\u00a0<strong>hasta 256 Gb<\/strong>.<\/p>\n<p>&nbsp;<\/p>\n<\/div>\n<\/div>\n<hr class=\"padding-bottom-2x\" \/>\n<div class=\"row align-items-center padding-bottom-2x\">\n<div class=\"col-md-5 order-md-2\"><img decoding=\"async\" class=\"d-block m-auto img-thumbnail\" src=\"https:\/\/tvc.mx\/media\/426735\/Dahua-HFW5541EN-ZE-C%C3%A1mara-Ip-Bullet-5M-WizMind-Lente-Motorizado-Smart-Codec-Ranura-Exterior-FD-Perimetral-carcateristicas.png\" alt=\" \" \/><\/div>\n<div class=\"col-md-7 order-md-1 text-md-left text-center\">\n<h2>Principales Caracter\u00edsticas<\/h2>\n<ul>\n<li>CMOS de barrido progresivo de 1 \/ 2,7 \u201dy 5 megap\u00edxeles<\/li>\n<li>ROI, SMART H.264 + \/ H.265 +, codificaci\u00f3n flexible, aplicable a varios entornos de almacenamiento y ancho de banda<\/li>\n<li>20 fps @ 2592 \u00d7 1944, 50\/60 fps @ 1080P (1920 \u00d7 1080)<\/li>\n<li>WDR (120 dB), d\u00eda \/ noche (ICR), 3D DNR, AWB, AGC, BLC<\/li>\n<li>Monitoreo de m\u00faltiples redes: visor web, CMS (DSS \/ PSS) y DMSS<\/li>\n<li>Entrada \/ salida de alarma 2\/1, entrada \/ salida de audio 1\/1<\/li>\n<li>LED de infrarrojos<\/li>\n<li>Memoria Micro SD<\/li>\n<li>IP67<\/li>\n<li>IK10<\/li>\n<\/ul>\n<p>&nbsp;<\/p>\n<\/div>\n<\/div>\n<hr class=\"padding-bottom-2x\" \/>\n<div class=\"row align-items-center padding-bottom-2x\">\n<div class=\"col-md-5\"><img decoding=\"async\" class=\"d-block m-auto img-thumbnail\" src=\"https:\/\/tvc.mx\/media\/426739\/Dahua-HFW5541EN-ZE-C%C3%A1mara-Ip-Bullet-5M-WizMind-Lente-Motorizado-Smart-Codec-Ranura-Exterior-FD-Perimetral-especificaciones.png\" alt=\" \" \/><\/div>\n<div class=\"col-md-7 text-md-left text-center\">\n<h2>Especificaciones<\/h2>\n<ul>\n<li>CMOS de barrido progresivo de 1 \/ 2,7 \u00aby 5 megap\u00edxeles<\/li>\n<li>Distancia iluminaci\u00f3n hasta 50 m<\/li>\n<li>Lente Varifocal motorizado 2,7 mm \u2013 13,5 mm<\/li>\n<li>Pan: 0 \u2013\u030a360; \u030a Inclinaci\u00f3n: 0 \u2013\u030a90; \u030a Rotaci\u00f3n: 0 \u2013\u030a360\u030a<\/li>\n<li>Detecci\u00f3n de rostro; pista; mejoramiento; instant\u00e1nea; reportar im\u00e1genes de alta calidad; mejora de la cara<\/li>\n<li>Tripwire; intrusi\u00f3n; movimiento r\u00e1pido detecci\u00f3n de merodeo; detecci\u00f3n de estacionamiento<\/li>\n<li>Admite el recuento de n\u00famero de entrada, n\u00famero de licencia y n\u00famero de pase, y muestra y genera informes anuales \/ mensuales \/ diarios.<\/li>\n<li>Compresi\u00f3n: H.265, H.264, H.264B, H.264H, MJPEG<\/li>\n<li>BLC \/ HLC \/ WDR (120 dB)<\/li>\n<li>Reducci\u00f3n de ruido DNR 3D<\/li>\n<li>Almacenamiento: NAS; FTP; SFTP; Tarjeta Dahua Cloud Micro SD de 256 GB<\/li>\n<li>Interfaz de audio: 1\/1 canal de entrada \/ salida<\/li>\n<li>Alarma: Entrada de 2 canales: 5mA 5V DC Salida de 1 canal: 300mA 12V DC<\/li>\n<li>Fuente de alimentaci\u00f3n DC 12V (\u00b1 30%), PoE (802.3af)<\/li>\n<li>Grado de protecci\u00f3n IP67, IK10<\/li>\n<\/ul>\n<\/div>\n<\/div>\n","protected":false},"excerpt":{"rendered":"<p>Informaci\u00f3n General La c\u00e1mara\u00a0HFW5541EN-ZE\u00a0con resoluci\u00f3n de\u00a05MP\u00a0pertenece a la\u00a0Serie\u00a0WizMind\u00a0de Dahua, cuenta con\u00a0algoritmos de aprendizaje profundo\u00a0orientado a proyectos centr\u00e1ndose en los requisitos del cliente, cuenta con anal\u00edticos\u00a0IVS, conteo de personas, detecci\u00f3n de rostros, protecci\u00f3n de per\u00edmetro as\u00ed como la extracci\u00f3n de meta data de video. Es compatible&hellip;<\/p>\n","protected":false},"featured_media":1977,"comment_status":"open","ping_status":"closed","template":"","meta":{"om_disable_all_campaigns":false,"_monsterinsights_skip_tracking":false,"_monsterinsights_sitenote_active":false,"_monsterinsights_sitenote_note":"","_monsterinsights_sitenote_category":0},"product_brand":[],"product_cat":[110],"product_tag":[112,111,42,38,66],"class_list":{"0":"post-1978","1":"product","2":"type-product","3":"status-publish","4":"has-post-thumbnail","6":"product_cat-bullet","7":"product_tag-bala","8":"product_tag-bullet","9":"product_tag-camaras","10":"product_tag-camaras-de-seguridad","11":"product_tag-dahua","13":"first","14":"instock","15":"sale","16":"taxable","17":"shipping-taxable","18":"purchasable","19":"product-type-simple"},"aioseo_notices":[],"_links":{"self":[{"href":"https:\/\/tecsecmty.com\/index.php\/wp-json\/wp\/v2\/product\/1978","targetHints":{"allow":["GET"]}}],"collection":[{"href":"https:\/\/tecsecmty.com\/index.php\/wp-json\/wp\/v2\/product"}],"about":[{"href":"https:\/\/tecsecmty.com\/index.php\/wp-json\/wp\/v2\/types\/product"}],"replies":[{"embeddable":true,"href":"https:\/\/tecsecmty.com\/index.php\/wp-json\/wp\/v2\/comments?post=1978"}],"version-history":[{"count":0,"href":"https:\/\/tecsecmty.com\/index.php\/wp-json\/wp\/v2\/product\/1978\/revisions"}],"wp:featuredmedia":[{"embeddable":true,"href":"https:\/\/tecsecmty.com\/index.php\/wp-json\/wp\/v2\/media\/1977"}],"wp:attachment":[{"href":"https:\/\/tecsecmty.com\/index.php\/wp-json\/wp\/v2\/media?parent=1978"}],"wp:term":[{"taxonomy":"product_brand","embeddable":true,"href":"https:\/\/tecsecmty.com\/index.php\/wp-json\/wp\/v2\/product_brand?post=1978"},{"taxonomy":"product_cat","embeddable":true,"href":"https:\/\/tecsecmty.com\/index.php\/wp-json\/wp\/v2\/product_cat?post=1978"},{"taxonomy":"product_tag","embeddable":true,"href":"https:\/\/tecsecmty.com\/index.php\/wp-json\/wp\/v2\/product_tag?post=1978"}],"curies":[{"name":"wp","href":"https:\/\/api.w.org\/{rel}","templated":true}]}}