{"id":1986,"date":"2023-02-22T18:07:08","date_gmt":"2023-02-23T00:07:08","guid":{"rendered":"https:\/\/tecsecmty.com\/index.php\/producto\/dahua-dh-ipc-hdbw3549r1p-zas-pv-camara-ip-domo-de-5-megapixeles-tioc-iluminadores-duales-inteligentes-lente-motorizado-poe-ip67-antivandalica-ik10-lonuevo\/"},"modified":"2023-03-22T23:22:23","modified_gmt":"2023-03-23T05:22:23","slug":"dahua-dh-ipc-hdbw3549r1p-zas-pv-camara-ip-domo-de-5-megapixeles-tioc-iluminadores-duales-inteligentes-lente-motorizado-poe-ip67-antivandalica-ik10-lonuevo","status":"publish","type":"product","link":"https:\/\/tecsecmty.com\/index.php\/producto\/dahua-dh-ipc-hdbw3549r1p-zas-pv-camara-ip-domo-de-5-megapixeles-tioc-iluminadores-duales-inteligentes-lente-motorizado-poe-ip67-antivandalica-ik10-lonuevo\/","title":{"rendered":"DAHUA DH-IPC-HDBW3549R1P-ZAS-PV &#8211; Camara IP Domo de 5 Megapixeles \/TiOC\/ Iluminadores Duales Inteligentes\/ Lente Motorizado\/ PoE\/ IP67\/ Antivand\u00e1lica IK10 \/ #LoNuevo"},"content":{"rendered":"<div class=\"row aling-items-center padding-bottom-2x\">\n<div class=\"col-lg-12\">\n<h5 class=\"card-title text-center\">Informaci\u00f3n general<\/h5>\n<p class=\"ql-align-justify\">Con un algoritmo de aprendizaje profundo avanzado, la c\u00e1mara de red de la serie Dahua WizSense 3 admite funciones inteligentes, como protecci\u00f3n perimetral y detecci\u00f3n de movimiento inteligente. Con la tecnolog\u00eda Starlight, esta c\u00e1mara de la serie proporciona un mejor efecto de imagen en condiciones de baja iluminaci\u00f3n.<\/p>\n<p><img decoding=\"async\" class=\"overview-center-img-web\" src=\"https:\/\/tvc.mx\/media\/573699\/DAHUA-DH-IPC-HDBW3549R1P-ZAS-PV-Camara-IP-Domo-5-Megapixeles-TiOC-Disuasi%C3%B3n-Activa-Lente-Motorizado-banner.png\" alt=\"Camara IP domo\" \/><\/div>\n<\/div>\n<div class=\"row align-items-center padding-bottom-2x\">\n<div class=\"col-md-5 order-md-2\"><img decoding=\"async\" class=\"d-block m-auto img-thumbnail\" src=\"https:\/\/tvc.mx\/media\/573703\/disuacion-activa.png\" alt=\" Disuasi\u00f3n activa\" \/><\/div>\n<div class=\"col-md-7 order-md-1 text-md-left text-center\">\n<h2>Disuasi\u00f3n activa<\/h2>\n<p class=\"text-muted\">\n<p class=\"ql-align-justify\">La sirena de Dahua y la c\u00e1mara de red de disuasi\u00f3n activa de luz admiten la alarma de luz y la alarma de voz cuando ocurre un evento perimetral, para realizar la disuasi\u00f3n y la intervenci\u00f3n efectiva. La c\u00e1mara est\u00e1 integrada en varias voces para la selecci\u00f3n y admite la importaci\u00f3n de voces personalizadas.<\/p>\n<p>&nbsp;<\/p>\n<\/div>\n<\/div>\n<hr class=\"padding-bottom-2x\" \/>\n<div class=\"row align-items-center padding-bottom-2x\">\n<div class=\"col-md-5\"><img decoding=\"async\" class=\"d-block m-auto img-thumbnail\" src=\"https:\/\/tvc.mx\/media\/573707\/Iluminadores-inteligentes-dahua.png\" alt=\" Iluminadores\" \/><\/div>\n<div class=\"col-md-7 text-md-left text-center\">\n<h2>Iluminadores duales inteligentes<\/h2>\n<p class=\"text-muted\">\n<p class=\"ql-align-justify\">La tecnolog\u00eda Dahua Smart Dual Illuminators adopta un algoritmo inteligente para detectar objetivos. Por lo general, el iluminador IR est\u00e1 encendido durante la noche; cuando el objetivo aparece en el \u00e1rea de monitoreo, la luz c\u00e1lida est\u00e1 encendida y la c\u00e1mara graba el video a todo color y la informaci\u00f3n de los eventos clave. Es decir, la c\u00e1mara vincula la instant\u00e1nea y el video con una imagen a todo color. Cuando el objetivo est\u00e1 fuera del \u00e1rea de monitoreo, la luz c\u00e1lida est\u00e1 apagada y el iluminador IR est\u00e1 encendido, lo que reduce la contaminaci\u00f3n lum\u00ednica de manera eficiente.<\/p>\n<p>&nbsp;<\/p>\n<\/div>\n<\/div>\n<hr class=\"padding-bottom-2x\" \/>\n<div class=\"row align-items-center padding-bottom-2x\">\n<div class=\"col-md-5 order-md-2\"><img decoding=\"async\" class=\"d-block m-auto img-thumbnail\" src=\"https:\/\/tvc.mx\/media\/573711\/IP67-IK10-Dahua.png\" alt=\" Protecci\u00f3n\" \/><\/div>\n<div class=\"col-md-7 order-md-1 text-md-left text-center\">\n<h2>Protecci\u00f3n (IP67, IK10, Amplio Voltaje)<\/h2>\n<p class=\"text-muted\">\n<p class=\"ql-align-justify\">IP67: la c\u00e1mara pasa una serie de pruebas estrictas sobre polvo y remojo. Tiene una funci\u00f3n a prueba de polvo y la carcasa puede funcionar normalmente despu\u00e9s de sumergirse en agua a 1 m de profundidad durante 30 minutos.<\/p>\n<p class=\"ql-align-justify\">IK10: El recinto puede soportar m\u00e1s de 5 golpes de un martillo de 5 kg que cae desde una altura de 40 cm (la energ\u00eda del impacto es de 20J). Amplio voltaje: la c\u00e1mara permite una tolerancia de voltaje de entrada de \u00b130 % (para algunas fuentes de alimentaci\u00f3n) (amplio rango de voltaje) y se aplica ampliamente en ambientes exteriores con voltaje inestable.<\/p>\n<p>&nbsp;<\/p>\n<\/div>\n<\/div>\n<hr class=\"padding-bottom-2x\" \/>\n<div class=\"row align-items-center padding-bottom-2x\">\n<div class=\"col-md-5\"><img decoding=\"async\" class=\"d-block m-auto img-thumbnail\" src=\"https:\/\/tvc.mx\/media\/573715\/SMD-plus-Dahua.png\" alt=\" SMD\" \/><\/div>\n<div class=\"col-md-7 text-md-left text-center\">\n<h2>SMD<\/h2>\n<p class=\"text-muted\">\n<p class=\"ql-align-justify\">Con un algoritmo inteligente, la tecnolog\u00eda de detecci\u00f3n de movimiento inteligente de Dahua puede categorizar los objetivos que activan la detecci\u00f3n de movimiento y filtrar la alarma de detecci\u00f3n de movimiento activada por objetivos no afectados para generar una alarma efectiva y precisa.<\/p>\n<p>&nbsp;<\/p>\n<\/div>\n<\/div>\n<hr class=\"padding-bottom-2x\" \/>\n<div class=\"row align-items-center padding-bottom-2x\">\n<div class=\"col-md-5 order-md-2\"><img decoding=\"async\" class=\"d-block m-auto img-thumbnail\" src=\"https:\/\/tvc.mx\/media\/573735\/DAHUA-DH-IPC-HDBW3549R1P-ZAS-PV-Camara-IP-Domo-5-Megapixeles-TiOC-Disuasi%C3%B3n-Activa-Lente-Motorizado-caracteristicas-principal.png\" alt=\" Caracteristicas\" \/><\/div>\n<div class=\"col-md-7 order-md-1 text-md-left text-center\">\n<h2>Caracter\u00edsticas Principales<\/h2>\n<p class=\"text-muted\">\n<ul>\n<li>Lente: 2.7 mm -13.5 mm<\/li>\n<li>Monitoreo inteligente: intrusi\u00f3n, cable trampa (las dos funciones admiten la clasificaci\u00f3n y detecci\u00f3n precisa de veh\u00edculos y humanos)<\/li>\n<li>Detecci\u00f3n de anomal\u00edas: detecci\u00f3n de movimiento, enmascaramiento de privacidad, cambio de escena, detecci\u00f3n de audio, sin tarjeta SD, tarjeta SD llena, error de tarjeta SD, desconexi\u00f3n de red, conflicto de IP, acceso ilegal y detecci\u00f3n de voltaje.<\/li>\n<li>Alarma: 1 entrada, 1 salida; audio: 1 entrada, 1 salida; admite m\u00e1x. Tarjeta Micro SD de 256G; micr\u00f3fonos duales integrados; altavoz de 1 canal; Admite conversaci\u00f3n bidireccional.<\/li>\n<li>Fuente de alimentaci\u00f3n de 12 VCC\/PoE.<\/li>\n<li>Protecci\u00f3n IP67, IK10.<\/li>\n<li>Alarma de sonido y luz (luces rojas y azules).<\/li>\n<li>SMD 3.0.<\/li>\n<li>Armado\/desarmado con un clic a trav\u00e9s de la entrada de alarma.<\/li>\n<\/ul>\n<p>&nbsp;<\/p>\n<\/div>\n<\/div>\n<hr class=\"padding-bottom-2x\" \/>\n<div class=\"row align-items-center padding-bottom-2x\">\n<div class=\"col-md-5 order-md-2\"><img decoding=\"async\" class=\"d-block m-auto img-thumbnail\" src=\"https:\/\/tvc.mx\/media\/573739\/DAHUA-DH-IPC-HDBW3549R1P-ZAS-PV-Camara-IP-Domo-5-Megapixeles-TiOC-Disuasi%C3%B3n-Activa-Lente-Motorizado-Especificaciones-tecnicas.png\" alt=\" Dimensiones\" \/><\/div>\n<div class=\"col-md-7 order-md-1 text-md-left text-center\">\n<h2>Especificaciones T\u00e9cnicas<\/h2>\n<p class=\"text-muted\">\n<ul>\n<li>CMOS de 5 MP 1\/2,7&#8243;, baja luminancia e imagen de alta definici\u00f3n.<\/li>\n<li>Salidas m\u00e1x. 5 MP (2960 \u00d7 1668) a 20 fps y admite 4 MP (2688 \u00d7 1520) a 25\/30 fps<\/li>\n<li>C\u00f3dec H.265, alta tasa de compresi\u00f3n, tasa de bits ultrabaja.<\/li>\n<li>Luz c\u00e1lida incorporada y LED IR; El m\u00e1ximo. La distancia de iluminaci\u00f3n IR es de 50 my la<\/li>\n<li>distancia de luz c\u00e1lida es de 40 m.<\/li>\n<li>ROI, SMART H.264+\/H.265+, AI H.264\/H.265, codificaci\u00f3n flexible, aplicable a varios entornos de almacenamiento y ancho de banda.<\/li>\n<li>Modo de rotaci\u00f3n, WDR, 3D NR, HLC, BLC, marca de agua digital, aplicable a varias escenas de monitoreo<\/li>\n<\/ul>\n<\/div>\n<\/div>\n","protected":false},"excerpt":{"rendered":"<p>Informaci\u00f3n general Con un algoritmo de aprendizaje profundo avanzado, la c\u00e1mara de red de la serie Dahua WizSense 3 admite funciones inteligentes, como protecci\u00f3n perimetral y detecci\u00f3n de movimiento inteligente. Con la tecnolog\u00eda Starlight, esta c\u00e1mara de la serie proporciona un mejor efecto de imagen&hellip;<\/p>\n","protected":false},"featured_media":2043,"comment_status":"open","ping_status":"closed","template":"","meta":{"om_disable_all_campaigns":false,"_monsterinsights_skip_tracking":false,"_monsterinsights_sitenote_active":false,"_monsterinsights_sitenote_note":"","_monsterinsights_sitenote_category":0},"product_brand":[],"product_cat":[113],"product_tag":[114,42,38,66,115],"class_list":{"0":"post-1986","1":"product","2":"type-product","3":"status-publish","4":"has-post-thumbnail","6":"product_cat-domo-camaras-ip","7":"product_tag-camara-domo","8":"product_tag-camaras","9":"product_tag-camaras-de-seguridad","10":"product_tag-dahua","11":"product_tag-domo","13":"first","14":"instock","15":"sale","16":"taxable","17":"shipping-taxable","18":"purchasable","19":"product-type-simple"},"aioseo_notices":[],"_links":{"self":[{"href":"https:\/\/tecsecmty.com\/index.php\/wp-json\/wp\/v2\/product\/1986","targetHints":{"allow":["GET"]}}],"collection":[{"href":"https:\/\/tecsecmty.com\/index.php\/wp-json\/wp\/v2\/product"}],"about":[{"href":"https:\/\/tecsecmty.com\/index.php\/wp-json\/wp\/v2\/types\/product"}],"replies":[{"embeddable":true,"href":"https:\/\/tecsecmty.com\/index.php\/wp-json\/wp\/v2\/comments?post=1986"}],"version-history":[{"count":0,"href":"https:\/\/tecsecmty.com\/index.php\/wp-json\/wp\/v2\/product\/1986\/revisions"}],"wp:featuredmedia":[{"embeddable":true,"href":"https:\/\/tecsecmty.com\/index.php\/wp-json\/wp\/v2\/media\/2043"}],"wp:attachment":[{"href":"https:\/\/tecsecmty.com\/index.php\/wp-json\/wp\/v2\/media?parent=1986"}],"wp:term":[{"taxonomy":"product_brand","embeddable":true,"href":"https:\/\/tecsecmty.com\/index.php\/wp-json\/wp\/v2\/product_brand?post=1986"},{"taxonomy":"product_cat","embeddable":true,"href":"https:\/\/tecsecmty.com\/index.php\/wp-json\/wp\/v2\/product_cat?post=1986"},{"taxonomy":"product_tag","embeddable":true,"href":"https:\/\/tecsecmty.com\/index.php\/wp-json\/wp\/v2\/product_tag?post=1986"}],"curies":[{"name":"wp","href":"https:\/\/api.w.org\/{rel}","templated":true}]}}