{"id":1987,"date":"2023-02-22T18:07:08","date_gmt":"2023-02-23T00:07:08","guid":{"rendered":"https:\/\/tecsecmty.com\/index.php\/producto\/dahua-dh-ipc-hdw3441em-s-s2-camara-ip-domo-de-4-megapixeles-con-ia-wizsense-lente-de-2-8mm-102-grados-de-apertura-microfono-integrado-ir-de-50-metros-smd-4-0-ai-ssa-h-265-ranura-para-micro\/"},"modified":"2023-03-22T23:22:24","modified_gmt":"2023-03-23T05:22:24","slug":"dahua-dh-ipc-hdw3441em-s-s2-camara-ip-domo-de-4-megapixeles-con-ia-wizsense-lente-de-2-8mm-102-grados-de-apertura-microfono-integrado-ir-de-50-metros-smd-4-0-ai-ssa-h-265-ranura-para-micro","status":"publish","type":"product","link":"https:\/\/tecsecmty.com\/index.php\/producto\/dahua-dh-ipc-hdw3441em-s-s2-camara-ip-domo-de-4-megapixeles-con-ia-wizsense-lente-de-2-8mm-102-grados-de-apertura-microfono-integrado-ir-de-50-metros-smd-4-0-ai-ssa-h-265-ranura-para-micro\/","title":{"rendered":"DAHUA DH-IPC-HDW3441EM-S-S2 &#8211; Camara IP Domo de 4 Megapixeles con IA\/ WizSense\/ Lente de 2.8mm\/ 102 Grados de Apertura\/ Microfono Integrado\/ IR de 50 Metros\/ SMD 4.0\/ AI SSA\/ H.265+\/ Ranura para MicroSD\/ WDR Real de 120 dB\/ #LoNuevo"},"content":{"rendered":"<div class=\"row aling-items-center padding-bottom-2x\">\n<div class=\"col-lg-12\">\n<h5 class=\"card-title text-center\">Informaci\u00f3n General<\/h5>\n<p class=\"ql-align-justify\">IPC-HDW3441EM-S-S2 C\u00e1mara de red WizSense eye ball de lentel fija 2.8mm resoluci\u00f3n de 4 MP. Excelente rendimiento en baja luminancia y alta definici\u00f3n de im\u00e1genes, alta tasa de compresi\u00f3n, tasa de bits ultrabaja, codificaci\u00f3n flexible, aplicable a varios entornos de almacenamiento y ancho de banda, Detecci\u00f3n inteligente: Intrusi\u00f3n, cable trampa (admite la clasificaci\u00f3n y detecci\u00f3n precisa de veh\u00edculos y personas). Detecci\u00f3n de anomal\u00edas: detecci\u00f3n de movimiento, enmascaramiento de privacidad, cambio de escena, detecci\u00f3n de audio, sin tarjeta SD, tarjeta SD llena, tarjeta SD error, desconexi\u00f3n de red, conflicto de IP, acceso ilegal y detecci\u00f3n de voltaje. Soporta tarjeta Micro SD de hasta 256G. Micr\u00f3fono incorporado.<\/p>\n<p><img decoding=\"async\" class=\"overview-center-img-web\" src=\"https:\/\/tvc.mx\/media\/499782\/Camaras_IP_Domo_4MP_2-8mm_Al_IR50m_Dahua_DH-IPC-HDW3441EM-S-S2_Over_Ppal.png\" alt=\"\" \/><\/div>\n<\/div>\n<div class=\"row align-items-center padding-bottom-2x\">\n<div class=\"col-md-5 order-md-2\"><img decoding=\"async\" class=\"d-block m-auto img-thumbnail\" src=\"https:\/\/tvc.mx\/media\/583367\/IP67-dahua.png\" alt=\" IP67\" \/><\/div>\n<div class=\"col-md-7 order-md-1 text-md-left text-center\">\n<h2>Protecci\u00f3n (IP67, amplio voltaje)<\/h2>\n<p class=\"text-muted\">\n<p class=\"ql-align-justify\">IP67: la c\u00e1mara pasa una serie de pruebas estrictas sobre polvo y remojo. Tiene una funci\u00f3n a prueba de polvo y la carcasa puede funcionar normalmente despu\u00e9s de sumergirse en agua a 1 m de profundidad durante 30 minutos. Amplio voltaje: la c\u00e1mara permite una tolerancia de voltaje de entrada de \u00b130 % (para algunas fuentes de alimentaci\u00f3n) (amplio rango de voltaje) y se aplica ampliamente en ambientes exteriores con voltaje inestable.<\/p>\n<p>&nbsp;<\/p>\n<\/div>\n<\/div>\n<hr class=\"padding-bottom-2x\" \/>\n<div class=\"row align-items-center padding-bottom-2x\">\n<div class=\"col-md-5\"><img decoding=\"async\" class=\"d-block m-auto img-thumbnail\" src=\"https:\/\/tvc.mx\/media\/583379\/SMD-plus-Dahua.png\" alt=\" SMD\" \/><\/div>\n<div class=\"col-md-7 text-md-left text-center\">\n<h2>SMD 4.0<\/h2>\n<p class=\"text-muted\">\n<p class=\"ql-align-justify\">La tecnolog\u00eda de detecci\u00f3n de movimiento inteligente de Dahua funciona con algoritmos inteligentes para clasificar los objetivos que activan las alarmas de detecci\u00f3n de movimiento. Filtra objetos que no son objetivos, como animales peque\u00f1os y grandes, para evitar activar falsas alarmas. Con un AI NVR, la tecnolog\u00eda Quick Pick est\u00e1 disponible, lo que le permite buscar y seleccionar f\u00e1cilmente objetivos humanos y de veh\u00edculos de videos de eventos SMD, priorizando las coincidencias m\u00e1s altas.<\/p>\n<p>&nbsp;<\/p>\n<\/div>\n<\/div>\n<hr class=\"padding-bottom-2x\" \/>\n<div class=\"row align-items-center padding-bottom-2x\">\n<div class=\"col-md-5 order-md-2\"><img decoding=\"async\" class=\"d-block m-auto img-thumbnail\" src=\"https:\/\/tvc.mx\/media\/583387\/proteccion-perimetral-dahua.png\" alt=\" Protecci\u00f3n perimetral\" \/><\/div>\n<div class=\"col-md-7 order-md-1 text-md-left text-center\">\n<h2>Protecci\u00f3n Perimetral<\/h2>\n<p class=\"text-muted\">\n<p class=\"ql-align-justify\">Con un algoritmo de aprendizaje profundo, la tecnolog\u00eda de protecci\u00f3n perimetral de Dahua puede reconocer a humanos y veh\u00edculos con precisi\u00f3n. En \u00e1reas restringidas (como \u00e1reas para peatones y veh\u00edculos), las falsas alarmas de detecci\u00f3n inteligente basadas en el tipo de objetivo (como cable trampa, intrusi\u00f3n) se reducen en gran medida.<\/p>\n<p>&nbsp;<\/p>\n<\/div>\n<\/div>\n<hr class=\"padding-bottom-2x\" \/>\n<div class=\"row align-items-center padding-bottom-2x\">\n<div class=\"col-md-5\"><img decoding=\"async\" class=\"d-block m-auto img-thumbnail\" src=\"https:\/\/tvc.mx\/media\/583411\/DAHUA-DH-IPC-HDW3441EM-S-S2---C%C3%A1mara-IP-Domo-4-Megapixeles-Lente-caracteristicas-principales.png\" alt=\" \" \/><\/div>\n<div class=\"col-md-7 text-md-left text-center\">\n<h2>Caracter\u00edsticas principales<\/h2>\n<p class=\"text-muted\">\n<p><strong>\u00b7<\/strong>Lente 2.8 mm<\/p>\n<p><strong>\u00b7\u00a0<\/strong>Modo de rotaci\u00f3n, WDR, 3D NR, HLC, BLC, marca de agua digital, aplicable a<\/p>\n<p>varias escenas de monitoreo.<\/p>\n<p><strong>\u00b7\u00a0<\/strong>Detecci\u00f3n inteligente: intrusi\u00f3n, cable trampa (admite la clasificaci\u00f3n y<\/p>\n<p>detecci\u00f3n precisa de veh\u00edculos y humanos).<\/p>\n<p><strong>\u00b7\u00a0<\/strong>Detecci\u00f3n de anomal\u00edas: detecci\u00f3n de movimiento, enmascaramiento de<\/p>\n<p>&nbsp;<\/p>\n<\/div>\n<\/div>\n<hr class=\"padding-bottom-2x\" \/>\n<div class=\"row align-items-center padding-bottom-2x\">\n<div class=\"col-md-5 order-md-2\"><img decoding=\"async\" class=\"d-block m-auto img-thumbnail\" src=\"https:\/\/tvc.mx\/media\/499986\/Camaras_IP_Domo_4MP_2-8mm_Al_IR50m_Dahua_DH-IPC-HDW3441EM-S-S2_Over_M.png\" alt=\" \" \/><\/div>\n<div class=\"col-md-7 order-md-1 text-md-left text-center\">\n<h2>Especificaciones<\/h2>\n<p class=\"text-muted\">\n<ul>\n<li>Image Sensor 1\/3&#8243; CMOS<\/li>\n<li>Max. Resolution 2688 (H) \u00d7 1520 (V)<\/li>\n<li>Distancia de iluminaci\u00f3n\u00a050 m (164,04 pies)<\/li>\n<li>M\u00edn. Iluminaci\u00f3n\u00a00,005 lux a F1,4 (color, 30 IRE) 0,0005 lux a F1,4 (B\/N, 30 IRE) 0 lux (iluminador encendido)<\/li>\n<li>Tipo de lente\u00a0Focal fijo<\/li>\n<li>Longitud focal\u00a02,8 mm<\/li>\n<li>Campo de visi\u00f3n\u00a0102\u00b0; verticales: 54\u00b0; diagonal: 121\u00b0<\/li>\n<li>IVS (Protecci\u00f3n Perimetral)\u00a0Tripwire, intrusi\u00f3n (admite la clasificaci\u00f3n y detecci\u00f3n precisa de veh\u00edculos y humanos)<\/li>\n<li>D\u00eda\/Noche\u00a0Autom\u00e1tico (ICR)\/Color\/B\/N<\/li>\n<li>WDR\u00a0120dB<\/li>\n<li>Reducci\u00f3n de Ruido\u00a03D NR<\/li>\n<li>Rotacion de imagen\u00a00\u00b0\/90\u00b0\/180\u00b0\/270\u00b0<\/li>\n<li>Funci\u00f3n espejo\u00a0S\u00ed<\/li>\n<li>Interoperabilidad\u00a0ONVIF (Perfil S\/Perfil G\/Perfil T); CGI; P2P; Hito; Genetec.<\/li>\n<li>Temperatura de funcionamiento\u00a0\u2013 40 \u00b0C a +60 \u00b0C (\u201340 \u00b0F a 140 \u00b0F) \/ Menos del 95 % de HR<\/li>\n<li>\u00cdndice de Protecci\u00f3n\u00a0IP67<\/li>\n<li>Estructura Met\u00e1lica<\/li>\n<li>Peso neto 500g(1.70 Libras)<\/li>\n<li>Fuente de alimentaci\u00f3n\u00a012 VCC\/PoE (802.3af)<\/li>\n<li>El consumo de energ\u00eda\u00a0B\u00e1sico: 3,3 W (12 V DC) 4.2W (PoE) ; 7.1W (12V DC) 7.9 W (PoE) (WDR + intensidad IR + inteligencia)<\/li>\n<\/ul>\n<\/div>\n<\/div>\n","protected":false},"excerpt":{"rendered":"<p>Informaci\u00f3n General IPC-HDW3441EM-S-S2 C\u00e1mara de red WizSense eye ball de lentel fija 2.8mm resoluci\u00f3n de 4 MP. Excelente rendimiento en baja luminancia y alta definici\u00f3n de im\u00e1genes, alta tasa de compresi\u00f3n, tasa de bits ultrabaja, codificaci\u00f3n flexible, aplicable a varios entornos de almacenamiento y ancho&hellip;<\/p>\n","protected":false},"featured_media":2044,"comment_status":"open","ping_status":"closed","template":"","meta":{"om_disable_all_campaigns":false,"_monsterinsights_skip_tracking":false,"_monsterinsights_sitenote_active":false,"_monsterinsights_sitenote_note":"","_monsterinsights_sitenote_category":0},"product_brand":[],"product_cat":[113],"product_tag":[114,42,38,66,115],"class_list":{"0":"post-1987","1":"product","2":"type-product","3":"status-publish","4":"has-post-thumbnail","6":"product_cat-domo-camaras-ip","7":"product_tag-camara-domo","8":"product_tag-camaras","9":"product_tag-camaras-de-seguridad","10":"product_tag-dahua","11":"product_tag-domo","13":"first","14":"instock","15":"sale","16":"taxable","17":"shipping-taxable","18":"purchasable","19":"product-type-simple"},"aioseo_notices":[],"_links":{"self":[{"href":"https:\/\/tecsecmty.com\/index.php\/wp-json\/wp\/v2\/product\/1987","targetHints":{"allow":["GET"]}}],"collection":[{"href":"https:\/\/tecsecmty.com\/index.php\/wp-json\/wp\/v2\/product"}],"about":[{"href":"https:\/\/tecsecmty.com\/index.php\/wp-json\/wp\/v2\/types\/product"}],"replies":[{"embeddable":true,"href":"https:\/\/tecsecmty.com\/index.php\/wp-json\/wp\/v2\/comments?post=1987"}],"version-history":[{"count":0,"href":"https:\/\/tecsecmty.com\/index.php\/wp-json\/wp\/v2\/product\/1987\/revisions"}],"wp:featuredmedia":[{"embeddable":true,"href":"https:\/\/tecsecmty.com\/index.php\/wp-json\/wp\/v2\/media\/2044"}],"wp:attachment":[{"href":"https:\/\/tecsecmty.com\/index.php\/wp-json\/wp\/v2\/media?parent=1987"}],"wp:term":[{"taxonomy":"product_brand","embeddable":true,"href":"https:\/\/tecsecmty.com\/index.php\/wp-json\/wp\/v2\/product_brand?post=1987"},{"taxonomy":"product_cat","embeddable":true,"href":"https:\/\/tecsecmty.com\/index.php\/wp-json\/wp\/v2\/product_cat?post=1987"},{"taxonomy":"product_tag","embeddable":true,"href":"https:\/\/tecsecmty.com\/index.php\/wp-json\/wp\/v2\/product_tag?post=1987"}],"curies":[{"name":"wp","href":"https:\/\/api.w.org\/{rel}","templated":true}]}}