{"id":1988,"date":"2023-02-22T18:07:08","date_gmt":"2023-02-23T00:07:08","guid":{"rendered":"https:\/\/tecsecmty.com\/index.php\/producto\/dahua-dh-ipc-hdw5541tn-ze-27135-camara-domo-de-5-megapixeles-wizmind-lente-motorizado-de-2-7-a-13-5-mm-ir-de-40-metros-h-265-inteligencia-aartificial-face-detection-smd-plus-ip67-ranura-pa\/"},"modified":"2023-03-22T23:22:24","modified_gmt":"2023-03-23T05:22:24","slug":"dahua-dh-ipc-hdw5541tn-ze-27135-camara-domo-de-5-megapixeles-wizmind-lente-motorizado-de-2-7-a-13-5-mm-ir-de-40-metros-h-265-inteligencia-aartificial-face-detection-smd-plus-ip67-ranura-pa","status":"publish","type":"product","link":"https:\/\/tecsecmty.com\/index.php\/producto\/dahua-dh-ipc-hdw5541tn-ze-27135-camara-domo-de-5-megapixeles-wizmind-lente-motorizado-de-2-7-a-13-5-mm-ir-de-40-metros-h-265-inteligencia-aartificial-face-detection-smd-plus-ip67-ranura-pa\/","title":{"rendered":"DAHUA DH-IPC-HDW5541TN-ZE-27135 &#8211; Camara Domo de 5 Megapixeles\/ WizMind\/ Lente Motorizado de 2.7 a 13.5 mm\/ Ir de 40 Metros\/ H.265+\/ Inteligencia Aartificial\/ Face Detection\/ SMD Plus\/ IP67\/ Ranura para MicroSD\/"},"content":{"rendered":"<div class=\"row aling-items-center padding-bottom-2x\">\n<div class=\"col-lg-12\">\n<h5 class=\"card-title text-center\">Informaci\u00f3n general<\/h5>\n<p class=\"ql-align-justify\">Con la soluci\u00f3n Starlight y el algoritmo de aprendizaje profundo, la c\u00e1mara de red Dahua WizMind Serie 5 tiene varias funciones inteligentes, que incluyen captura de rostros, protecci\u00f3n perimetral y conteo de personas, que mejoran en gran medida la precisi\u00f3n del an\u00e1lisis de video. La c\u00e1mara de la serie admite la funci\u00f3n a prueba de polvo, la funci\u00f3n a prueba de agua y la funci\u00f3n a prueba de vandalismo, cumpliendo con los est\u00e1ndares de IP67 e IK10 (compatible con algunos modelos selectos).<\/p>\n<p><img decoding=\"async\" class=\"overview-center-img-web\" src=\"https:\/\/tvc.mx\/media\/577819\/DAHUA-DH-IPC-HDW5541TN-ZE-27135-Camara-Domo-5-Megapixeles-WizMind-Lente-Motorizado--2.7-13.png\" alt=\"C\u00e1mara domo\" \/><\/div>\n<\/div>\n<div class=\"row align-items-center padding-bottom-2x\">\n<div class=\"col-md-5\"><img decoding=\"async\" class=\"d-block m-auto img-thumbnail\" src=\"https:\/\/tvc.mx\/media\/577827\/reconocimiento-facial-dahua.png\" alt=\" Detecci\u00f3n de rostro\" \/><\/div>\n<div class=\"col-md-7 text-md-left text-center\">\n<h2>Detecci\u00f3n de rostro<\/h2>\n<p class=\"text-muted\">\n<p class=\"ql-align-justify\">La tecnolog\u00eda de detecci\u00f3n de rostros de Dahua puede detectar el rostro en la imagen. Con un algoritmo de aprendizaje profundo, la tecnolog\u00eda admite la detecci\u00f3n, el seguimiento, la captura y la selecci\u00f3n de la mejor imagen del rostro, y luego genera una instant\u00e1nea del rostro.<\/p>\n<p>&nbsp;<\/p>\n<\/div>\n<\/div>\n<hr class=\"padding-bottom-2x\" \/>\n<div class=\"row align-items-center padding-bottom-2x\">\n<div class=\"col-md-5 order-md-2\"><img decoding=\"async\" class=\"d-block m-auto img-thumbnail\" src=\"https:\/\/tvc.mx\/media\/577839\/proteccion-perimetral-dahua.png\" alt=\" Protecci\u00f3n perimetral\" \/><\/div>\n<div class=\"col-md-7 order-md-1 text-md-left text-center\">\n<h2>Protecci\u00f3n Perimetral<\/h2>\n<p class=\"text-muted\">\n<p class=\"ql-align-justify\">Con un algoritmo de aprendizaje profundo, la tecnolog\u00eda de protecci\u00f3n perimetral de Dahua puede reconocer a humanos y veh\u00edculos con precisi\u00f3n. En \u00e1reas restringidas (como \u00e1reas para peatones y \u00e1reas para veh\u00edculos), las falsas alarmas de detecci\u00f3n inteligente basadas en el tipo de objetivo (como cable trampa, intrusi\u00f3n, movimiento r\u00e1pido, detecci\u00f3n de estacionamiento, detecci\u00f3n de merodeo y detecci\u00f3n de reuni\u00f3n) se reducen en gran medida.<\/p>\n<p>&nbsp;<\/p>\n<\/div>\n<\/div>\n<hr class=\"padding-bottom-2x\" \/>\n<div class=\"row align-items-center padding-bottom-2x\">\n<div class=\"col-md-5\"><img decoding=\"async\" class=\"d-block m-auto img-thumbnail\" src=\"https:\/\/tvc.mx\/media\/577847\/IP67-dahua.png\" alt=\" IP67\" \/><\/div>\n<div class=\"col-md-7 text-md-left text-center\">\n<h2>Protecci\u00f3n (IP67, amplio voltaje)<\/h2>\n<p class=\"text-muted\">\n<p>IP67: la c\u00e1mara pasa una serie de pruebas estrictas sobre polvo y remojo. Tiene una funci\u00f3n a prueba de polvo y la carcasa puede funcionar normalmente despu\u00e9s de sumergirse en agua a 1 m de profundidad durante 30 minutos.<\/p>\n<p>Amplio voltaje: la c\u00e1mara permite una tolerancia de voltaje de entrada de \u00b130 % (para algunas fuentes de alimentaci\u00f3n) (amplio rango de voltaje) y se aplica ampliamente en ambientes exteriores con voltaje inestable.<\/p>\n<p>&nbsp;<\/p>\n<\/div>\n<\/div>\n<hr class=\"padding-bottom-2x\" \/>\n<div class=\"row align-items-center padding-bottom-2x\">\n<div class=\"col-md-5 order-md-2\"><img decoding=\"async\" class=\"d-block m-auto img-thumbnail\" src=\"https:\/\/tvc.mx\/media\/577867\/DAHUA-DH-IPC-HDW5541TN-ZE-27135-Camara-Domo-5-Megapixeles-WizMind-Lente-Motorizado-caracteristicas-principales.png\" alt=\" C\u00e1mara Domo\" \/><\/div>\n<div class=\"col-md-7 order-md-1 text-md-left text-center\">\n<h2>Caracter\u00edsticas Principales<\/h2>\n<p class=\"text-muted\">\n<p><strong>\u00b7\u00a0<\/strong>Sensor de imagen CMOS de 5 MP, 1\/2,7&#8243;, baja iluminancia, alta definici\u00f3n de imagen<\/p>\n<p><strong>\u00b7\u00a0<\/strong>Salidas m\u00e1x. 5 MP (2592 \u00d7 1944) a 20 fps, 2 MP (1920 \u00d7 1080) a 60 fps<\/p>\n<p><strong>\u00b7\u00a0<\/strong>LED IR integrado, m\u00e1x. Distancia IR: 40 m<\/p>\n<p><strong>\u00b7\u00a0<\/strong>ROI, SMART H.264+\/H.265+, codificaci\u00f3n flexible, aplicable a varios entornos de almacenamiento y ancho de banda<\/p>\n<p><strong>\u00b7\u00a0<\/strong>Modo de rotaci\u00f3n, WDR, 3D NR, HLC, BLC, marca de agua digital, aplicable a varias escenas de monitoreo<\/p>\n<p><strong>\u00b7\u00a0<\/strong>Soporta m\u00e1x. Tarjeta Micro SD de 256 G, micr\u00f3fono incorporado<\/p>\n<p><strong>\u00b7\u00a0<\/strong>Fuente de alimentaci\u00f3n de 12 V CC\/PoE, transmisi\u00f3n de red ePoE a larga distancia, f\u00e1cil de instalar<\/p>\n<p><strong>\u00b7\u00a0<\/strong>protecci\u00f3n IP67<\/p>\n<p><strong>\u00b7\u00a0<\/strong>SMD m\u00e1s<\/p>\n<p>&nbsp;<\/p>\n<\/div>\n<\/div>\n<hr class=\"padding-bottom-2x\" \/>\n<div class=\"row align-items-center padding-bottom-2x\">\n<div class=\"col-md-5\"><img decoding=\"async\" class=\"d-block m-auto img-thumbnail\" src=\"https:\/\/tvc.mx\/media\/577899\/DAHUA-DH-IPC-HDW5541TN-ZE-27135-Camara-Domo-5-Megapixeles-WizMind-Lente-Motorizado--2-esspecifiaciones.png\" alt=\" Dimensiones\" \/><\/div>\n<div class=\"col-md-7 text-md-left text-center\">\n<h2>Especificaciones T\u00e9cnicas<\/h2>\n<p class=\"text-muted\">\n<ul>\n<li>CMOS de 1\/2,7&#8243;<\/li>\n<li>M\u00e1x. Resoluci\u00f3n 2592 (H) x 1944 (v)<\/li>\n<li>ROM 128 MB<\/li>\n<li>RAM 1 GB<\/li>\n<li>Sistema de escaneo: progresivo<\/li>\n<li>Velocidad de obturaci\u00f3n electr\u00f3nica: Autom\u00e1tico\/Manual 1\/3s &#8211; 1\/100 000s<\/li>\n<li>M\u00edn. Iluminaci\u00f3n:\u00a00.005 Lux@F1.5 (Color, 30IRE) 0.0005 Lux@F1.5 (B\/N, 30IRE) 0 lux (Iluminador encendido)<\/li>\n<li>Relaci\u00f3n se\u00f1al\/ruido &gt;56 dB<\/li>\n<\/ul>\n<\/div>\n<\/div>\n","protected":false},"excerpt":{"rendered":"<p>Informaci\u00f3n general Con la soluci\u00f3n Starlight y el algoritmo de aprendizaje profundo, la c\u00e1mara de red Dahua WizMind Serie 5 tiene varias funciones inteligentes, que incluyen captura de rostros, protecci\u00f3n perimetral y conteo de personas, que mejoran en gran medida la precisi\u00f3n del an\u00e1lisis de&hellip;<\/p>\n","protected":false},"featured_media":2045,"comment_status":"open","ping_status":"closed","template":"","meta":{"om_disable_all_campaigns":false,"_monsterinsights_skip_tracking":false,"_monsterinsights_sitenote_active":false,"_monsterinsights_sitenote_note":"","_monsterinsights_sitenote_category":0},"product_brand":[],"product_cat":[113],"product_tag":[114,42,38,66,115],"class_list":{"0":"post-1988","1":"product","2":"type-product","3":"status-publish","4":"has-post-thumbnail","6":"product_cat-domo-camaras-ip","7":"product_tag-camara-domo","8":"product_tag-camaras","9":"product_tag-camaras-de-seguridad","10":"product_tag-dahua","11":"product_tag-domo","13":"first","14":"instock","15":"sale","16":"taxable","17":"shipping-taxable","18":"purchasable","19":"product-type-simple"},"aioseo_notices":[],"_links":{"self":[{"href":"https:\/\/tecsecmty.com\/index.php\/wp-json\/wp\/v2\/product\/1988","targetHints":{"allow":["GET"]}}],"collection":[{"href":"https:\/\/tecsecmty.com\/index.php\/wp-json\/wp\/v2\/product"}],"about":[{"href":"https:\/\/tecsecmty.com\/index.php\/wp-json\/wp\/v2\/types\/product"}],"replies":[{"embeddable":true,"href":"https:\/\/tecsecmty.com\/index.php\/wp-json\/wp\/v2\/comments?post=1988"}],"version-history":[{"count":0,"href":"https:\/\/tecsecmty.com\/index.php\/wp-json\/wp\/v2\/product\/1988\/revisions"}],"wp:featuredmedia":[{"embeddable":true,"href":"https:\/\/tecsecmty.com\/index.php\/wp-json\/wp\/v2\/media\/2045"}],"wp:attachment":[{"href":"https:\/\/tecsecmty.com\/index.php\/wp-json\/wp\/v2\/media?parent=1988"}],"wp:term":[{"taxonomy":"product_brand","embeddable":true,"href":"https:\/\/tecsecmty.com\/index.php\/wp-json\/wp\/v2\/product_brand?post=1988"},{"taxonomy":"product_cat","embeddable":true,"href":"https:\/\/tecsecmty.com\/index.php\/wp-json\/wp\/v2\/product_cat?post=1988"},{"taxonomy":"product_tag","embeddable":true,"href":"https:\/\/tecsecmty.com\/index.php\/wp-json\/wp\/v2\/product_tag?post=1988"}],"curies":[{"name":"wp","href":"https:\/\/api.w.org\/{rel}","templated":true}]}}