{"id":1989,"date":"2023-02-22T18:07:08","date_gmt":"2023-02-23T00:07:08","guid":{"rendered":"https:\/\/tecsecmty.com\/index.php\/producto\/dahua-ipc-hdbw1230e-camara-ip-domo-antivandalica-de-2-megapixeles-lente-de-2-8-mm-104-grados-de-apertura-metalica-ir-de-30-mts-ip67-ik10-poe-dwdr\/"},"modified":"2023-03-22T23:22:47","modified_gmt":"2023-03-23T05:22:47","slug":"dahua-ipc-hdbw1230e-camara-ip-domo-antivandalica-de-2-megapixeles-lente-de-2-8-mm-104-grados-de-apertura-metalica-ir-de-30-mts-ip67-ik10-poe-dwdr","status":"publish","type":"product","link":"https:\/\/tecsecmty.com\/index.php\/producto\/dahua-ipc-hdbw1230e-camara-ip-domo-antivandalica-de-2-megapixeles-lente-de-2-8-mm-104-grados-de-apertura-metalica-ir-de-30-mts-ip67-ik10-poe-dwdr\/","title":{"rendered":"DAHUA IPC-HDBW1230E- Camara IP Domo Antivandalica de 2 Megapixeles\/ Lente de 2.8 mm\/ 104 Grados de Apertura\/ Metalica\/ IR de 30 Mts\/ IP67\/ IK10\/ PoE\/ DWDR\/"},"content":{"rendered":"<div class=\"row aling-items-center padding-bottom-2x\">\n<div class=\"col-lg-12\">\n<h5 class=\"card-title text-center\">Informaci\u00f3n General<\/h5>\n<p class=\"ql-align-justify\">La c\u00e1mara modelo\u00a0<strong>IPCHDB21230ES2\u00a0<\/strong>cuenta con la compresi\u00f3n de video H.265 &amp; H.264 brind\u00e1ndonos mayor capacidad de almacenamiento sin perder la calidad de la imagen.<\/p>\n<p class=\"ql-align-justify\">Esta c\u00e1mara incorpora IR con un alcance de hasta 30 metros y soporta voltaje 12V DC.\u00a0Puede ser utilizada en ambientes exteriores debido a su \u00edndice de protecci\u00f3n\u00a0<strong>IP67\u00a0<\/strong>e<strong>\u00a0IK10\u00a0<\/strong>para protecci\u00f3n antivand\u00e1lica.<\/p>\n<p><img decoding=\"async\" class=\"overview-center-img-web\" src=\"https:\/\/tvc.mx\/media\/412639\/camara-ip-domo-antivandalica-de-2-megapixeles-ir-inteligente.png\" alt=\"\" \/><\/div>\n<\/div>\n<div class=\"row align-items-center padding-bottom-2x\">\n<div class=\"col-md-5 order-md-2\"><img decoding=\"async\" class=\"d-block m-auto img-thumbnail\" src=\"https:\/\/tvc.mx\/media\/28340\/lente.png\" alt=\" \" \/><\/div>\n<div class=\"col-md-7 order-md-1 text-md-left text-center\">\n<h2>Lente<\/h2>\n<p class=\"text-muted\">\n<p>La c\u00e1mara incorpora lente de 2.8mm\u00a0lo que le permite tener una apertura de visi\u00f3n horizontal de 104\u00b0 y poder utilizar dicha apertura para visualizar una escenario completo de la imagen.<\/p>\n<p>&nbsp;<\/p>\n<\/div>\n<\/div>\n<hr class=\"padding-bottom-2x\" \/>\n<div class=\"row align-items-center padding-bottom-2x\">\n<div class=\"col-md-5\"><img decoding=\"async\" class=\"d-block m-auto img-thumbnail\" src=\"https:\/\/tvc.mx\/media\/412651\/codificacion-h.265-dahua.png\" alt=\" \" \/><\/div>\n<div class=\"col-md-7 text-md-left text-center\">\n<h2>Compresi\u00f3n de video H265<\/h2>\n<p class=\"text-muted\">\n<p>Compresi\u00f3n de v\u00eddeo H265 reduce a la mitad el ancho de banda necesario para la transmisi\u00f3n de v\u00eddeo y todo ello sin la temida perdida de calidad que s\u00ed que encontramos en otras alternativas del mercado.<\/p>\n<p>&nbsp;<\/p>\n<\/div>\n<\/div>\n<hr class=\"padding-bottom-2x\" \/>\n<div class=\"row align-items-center padding-bottom-2x\">\n<div class=\"col-md-5 order-md-2\"><img decoding=\"async\" class=\"d-block m-auto img-thumbnail\" src=\"https:\/\/tvc.mx\/media\/412655\/PoE-Inteligente-Dahua.png\" alt=\" \" \/><\/div>\n<div class=\"col-md-7 order-md-1 text-md-left text-center\">\n<h2>POE (Power Over Ethernet).<\/h2>\n<p class=\"text-muted\">\n<p>La c\u00e1mara\u00a0<strong>IPCHDB21230ES2<\/strong>\u00a0puede ser alimentada a trav\u00e9s de Ethernet (PoE) mediante la norma IEEE 802.3af, con esto se simplifica y abarata la creaci\u00f3n de un suministro el\u00e9ctrico altamente robusto para el CCTV IP.<\/p>\n<p>&nbsp;<\/p>\n<\/div>\n<\/div>\n<hr class=\"padding-bottom-2x\" \/>\n<div class=\"row align-items-center padding-bottom-2x\">\n<div class=\"col-md-5\"><img decoding=\"async\" class=\"d-block m-auto img-thumbnail\" src=\"https:\/\/tvc.mx\/media\/412659\/camara-ip-domo-antivandalica-de-2-megapixeles-ir-inteligente-caracteristicas.png\" alt=\" \" \/><\/div>\n<div class=\"col-md-7 text-md-left text-center\">\n<h2>Principales Caracteristicas<\/h2>\n<p class=\"text-muted\">\n<ul>\n<li>D-WDR &#8211; Amplio rango din\u00e1mico de la iluminaci\u00f3n<\/li>\n<li>3D-DNR &#8211; Reducci\u00f3n digital de ruido en la imagen<\/li>\n<li>ROI &#8211; mejora de la calidad de las partes seleccionadas de la imagen<\/li>\n<li>BLC &#8211; compensaci\u00f3n de contraluz<\/li>\n<li>HLC &#8211; Compensaci\u00f3n de alta luz (punto)<\/li>\n<li>ICR &#8211; Filtro mec\u00e1nico de infrarrojos<\/li>\n<li>AGC &#8211; Ajuste autom\u00e1tico de la ganancia de la imagen<\/li>\n<li>Balance de blancos autom\u00e1tico<\/li>\n<li>Detecci\u00f3n de movimiento &#8211; m\u00e1x. 4 zonas<\/li>\n<li>Zonas de privacidad &#8211; hasta 4<\/li>\n<li>Mirror &#8211; Imagen de espejo<\/li>\n<\/ul>\n<p>&nbsp;<\/p>\n<\/div>\n<\/div>\n<hr class=\"padding-bottom-2x\" \/>\n<div class=\"row align-items-center padding-bottom-2x\">\n<div class=\"col-md-5 order-md-2\"><img decoding=\"async\" class=\"d-block m-auto img-thumbnail\" src=\"https:\/\/tvc.mx\/media\/412663\/camara-domo-ip-de--2-mp-dwdr-ir-inteligente-IPC-HDW1230T1-S4-dahua-especificaciones.png\" alt=\" \" \/><\/div>\n<div class=\"col-md-7 order-md-1 text-md-left text-center\">\n<h2>Especificaciones<\/h2>\n<p class=\"text-muted\">\n<ul>\n<li>1\/2.7\u00a0\u00bb Progressive Scan CMOS<\/li>\n<li>\u00c1ngulo de visi\u00f3n:105\u00a0\u00b0<\/li>\n<li>Lente fijo 2.8mm<\/li>\n<li>Rango del iluminador IR:30\u00a0m<\/li>\n<li>M\u00e9todo de compresi\u00f3n de im\u00e1genes:H.265+ \/\u00a0H.265\u00a0\/ H.264+ \/\u00a0H.264\u00a0\/\u00a0MJPEG<\/li>\n<li>Alimentaci\u00f3n: PoE (802.3af),12\u00a0V\u00a0DC\u00a0\/ 420\u00a0mA<\/li>\n<li>Carcasa: Metal<\/li>\n<li>Grado de protecci\u00f3n:IP67<\/li>\n<li>A prueba de vandalismo:IK10<\/li>\n<\/ul>\n<\/div>\n<\/div>\n","protected":false},"excerpt":{"rendered":"<p>Informaci\u00f3n General La c\u00e1mara modelo\u00a0IPCHDB21230ES2\u00a0cuenta con la compresi\u00f3n de video H.265 &amp; H.264 brind\u00e1ndonos mayor capacidad de almacenamiento sin perder la calidad de la imagen. Esta c\u00e1mara incorpora IR con un alcance de hasta 30 metros y soporta voltaje 12V DC.\u00a0Puede ser utilizada en ambientes&hellip;<\/p>\n","protected":false},"featured_media":2046,"comment_status":"open","ping_status":"closed","template":"","meta":{"om_disable_all_campaigns":false,"_monsterinsights_skip_tracking":false,"_monsterinsights_sitenote_active":false,"_monsterinsights_sitenote_note":"","_monsterinsights_sitenote_category":0},"product_brand":[],"product_cat":[113],"product_tag":[114,42,38,66,115],"class_list":{"0":"post-1989","1":"product","2":"type-product","3":"status-publish","4":"has-post-thumbnail","6":"product_cat-domo-camaras-ip","7":"product_tag-camara-domo","8":"product_tag-camaras","9":"product_tag-camaras-de-seguridad","10":"product_tag-dahua","11":"product_tag-domo","13":"first","14":"instock","15":"sale","16":"taxable","17":"shipping-taxable","18":"purchasable","19":"product-type-simple"},"aioseo_notices":[],"_links":{"self":[{"href":"https:\/\/tecsecmty.com\/index.php\/wp-json\/wp\/v2\/product\/1989","targetHints":{"allow":["GET"]}}],"collection":[{"href":"https:\/\/tecsecmty.com\/index.php\/wp-json\/wp\/v2\/product"}],"about":[{"href":"https:\/\/tecsecmty.com\/index.php\/wp-json\/wp\/v2\/types\/product"}],"replies":[{"embeddable":true,"href":"https:\/\/tecsecmty.com\/index.php\/wp-json\/wp\/v2\/comments?post=1989"}],"version-history":[{"count":0,"href":"https:\/\/tecsecmty.com\/index.php\/wp-json\/wp\/v2\/product\/1989\/revisions"}],"wp:featuredmedia":[{"embeddable":true,"href":"https:\/\/tecsecmty.com\/index.php\/wp-json\/wp\/v2\/media\/2046"}],"wp:attachment":[{"href":"https:\/\/tecsecmty.com\/index.php\/wp-json\/wp\/v2\/media?parent=1989"}],"wp:term":[{"taxonomy":"product_brand","embeddable":true,"href":"https:\/\/tecsecmty.com\/index.php\/wp-json\/wp\/v2\/product_brand?post=1989"},{"taxonomy":"product_cat","embeddable":true,"href":"https:\/\/tecsecmty.com\/index.php\/wp-json\/wp\/v2\/product_cat?post=1989"},{"taxonomy":"product_tag","embeddable":true,"href":"https:\/\/tecsecmty.com\/index.php\/wp-json\/wp\/v2\/product_tag?post=1989"}],"curies":[{"name":"wp","href":"https:\/\/api.w.org\/{rel}","templated":true}]}}