{"id":1990,"date":"2023-02-22T18:07:09","date_gmt":"2023-02-23T00:07:09","guid":{"rendered":"https:\/\/tecsecmty.com\/index.php\/producto\/dahua-ipc-hdbw1235e-w-s2-camara-ip-domo-wifi-de-2-megapixeles-lente-de-2-8-mm-113-grados-de-apertura-ir-de-30-metros-h-265-ranura-para-microsd-ip67-antivandalica-ik10-dwdr\/"},"modified":"2023-03-22T23:22:47","modified_gmt":"2023-03-23T05:22:47","slug":"dahua-ipc-hdbw1235e-w-s2-camara-ip-domo-wifi-de-2-megapixeles-lente-de-2-8-mm-113-grados-de-apertura-ir-de-30-metros-h-265-ranura-para-microsd-ip67-antivandalica-ik10-dwdr","status":"publish","type":"product","link":"https:\/\/tecsecmty.com\/index.php\/producto\/dahua-ipc-hdbw1235e-w-s2-camara-ip-domo-wifi-de-2-megapixeles-lente-de-2-8-mm-113-grados-de-apertura-ir-de-30-metros-h-265-ranura-para-microsd-ip67-antivandalica-ik10-dwdr\/","title":{"rendered":"DAHUA IPC-HDBW1235E-W-S2 &#8211; Camara IP Domo Wifi de 2 Megapixeles\/ Lente de 2.8 mm\/ 113 Grados de Apertura\/ IR de 30 Metros\/ H.265\/ Ranura para MicroSD\/ IP67\/ Antivandalica IK10\/ DWDR\/"},"content":{"rendered":"<div class=\"row aling-items-center padding-bottom-2x\">\n<div class=\"col-lg-12\">\n<h5 class=\"card-title text-center\">Informaci\u00f3n general<\/h5>\n<p class=\"ql-align-justify\">Con caracter\u00edsticas de instalaci\u00f3n simple, f\u00e1cil operaci\u00f3n y alta relaci\u00f3n costo-rendimiento, la c\u00e1mara de red de la serie Dahua Entry es aplicable a escenas peque\u00f1as y medianas, como hogares, residencias, tiendas minoristas peque\u00f1as y otras peque\u00f1as y medianas empresas.<\/p>\n<p><img decoding=\"async\" class=\"overview-center-img-web\" src=\"https:\/\/tvc.mx\/media\/412871\/Camara-IP-Domo-Wifi-2-Megapixeles-lente-2.8mm-IPC-HDBW1235E-W-S2-Dahua-B.png\" alt=\"\" \/><\/div>\n<\/div>\n<div class=\"row align-items-center padding-bottom-2x\">\n<div class=\"col-md-5 order-md-2\"><img decoding=\"async\" class=\"d-block m-auto img-thumbnail\" src=\"https:\/\/tvc.mx\/media\/412875\/codificacion-h.265-dahua.png\" alt=\" \" \/><\/div>\n<div class=\"col-md-7 order-md-1 text-md-left text-center\">\n<h2>Smart H.265 + y Smart H.264 +<\/h2>\n<p class=\"text-muted\">\n<p class=\"ql-align-justify\">Con un algoritmo avanzado de control de velocidad adaptable a la escena, la tecnolog\u00eda de codificaci\u00f3n inteligente de Dahua logra una mayor eficiencia de codificaci\u00f3n que H.265 y H.264, proporciona video de alta calidad y reduce el costo de almacenamiento y transmisi\u00f3n.<\/p>\n<p>&nbsp;<\/p>\n<\/div>\n<\/div>\n<hr class=\"padding-bottom-2x\" \/>\n<div class=\"row align-items-center padding-bottom-2x\">\n<div class=\"col-md-5\"><img decoding=\"async\" class=\"d-block m-auto img-thumbnail\" src=\"https:\/\/tvc.mx\/media\/412879\/WDR-Dahua.png\" alt=\" \" \/><\/div>\n<div class=\"col-md-7 text-md-left text-center\">\n<h2>Amplio rango din\u00e1mico<\/h2>\n<p class=\"text-muted\">\n<p class=\"ql-align-justify\">Con tecnolog\u00eda avanzada de amplio rango din\u00e1mico (WDR), la c\u00e1mara de red Dahua proporciona detalles claros en un entorno de fuerte contraste de brillo. El \u00e1rea brillante y oscura puede obtener un video claro incluso en un entorno de alto brillo o con sombra de luz de fondo.<\/p>\n<p>&nbsp;<\/p>\n<\/div>\n<\/div>\n<hr class=\"padding-bottom-2x\" \/>\n<div class=\"row align-items-center padding-bottom-2x\">\n<div class=\"col-md-5 order-md-2\"><img decoding=\"async\" class=\"d-block m-auto img-thumbnail\" src=\"https:\/\/tvc.mx\/media\/412883\/Smart-IR-Dahua.png\" alt=\" \" \/><\/div>\n<div class=\"col-md-7 order-md-1 text-md-left text-center\">\n<h2>Iluminaci\u00f3n inteligente<\/h2>\n<p class=\"text-muted\">\n<p>La tecnolog\u00eda de iluminaci\u00f3n inteligente de Dahua puede mostrar im\u00e1genes en un entorno de baja iluminaci\u00f3n o en un entorno completamente oscuro. Seg\u00fan la distancia de los objetivos, la c\u00e1mara ajusta la intensidad de las iluminaciones autom\u00e1ticamente para mostrar los detalles del objetivo en movimiento.<\/p>\n<p>&nbsp;<\/p>\n<\/div>\n<\/div>\n<hr class=\"padding-bottom-2x\" \/>\n<div class=\"row align-items-center padding-bottom-2x\">\n<div class=\"col-md-5\"><img decoding=\"async\" class=\"d-block m-auto img-thumbnail\" src=\"https:\/\/tvc.mx\/media\/412887\/IP67-dahua.png\" alt=\" \" \/><\/div>\n<div class=\"col-md-7 text-md-left text-center\">\n<h2>Protecci\u00f3n<\/h2>\n<p class=\"text-muted\">\n<p class=\"ql-align-justify\">IP67: la c\u00e1mara pasa una serie de estrictas pruebas de polvo y remojo. Tiene funci\u00f3n a prueba de polvo, y el gabinete puede funcionar normalmente despu\u00e9s de remojarlo en agua de 1 m de profundidad durante 30 minutos.<\/p>\n<p class=\"ql-align-justify\">IK10: El recinto puede soportar el golpe m\u00e1s de 5 veces de un martillo de 5 kg que cae desde una altura de 40 cm (la energ\u00eda de impacto es 20J). Voltaje amplio: la c\u00e1mara permite una tolerancia de voltaje de entrada de \u00b1 30% (rango de voltaje amplio) y se aplica ampliamente a entornos exteriores con voltaje inestable<\/p>\n<p>&nbsp;<\/p>\n<\/div>\n<\/div>\n<hr class=\"padding-bottom-2x\" \/>\n<div class=\"row align-items-center padding-bottom-2x\">\n<div class=\"col-md-5 order-md-2\"><img decoding=\"async\" class=\"d-block m-auto img-thumbnail\" src=\"https:\/\/tvc.mx\/media\/412891\/Camara-IP-Domo-Wifi-2-Megapixeles-lente-2.8mm-IPC-HDBW1235E-W-S2-Dahua-caracteristicas.png\" alt=\" \" \/><\/div>\n<div class=\"col-md-7 order-md-1 text-md-left text-center\">\n<h2>Caracter\u00edsticas<\/h2>\n<p class=\"text-muted\">\n<ul>\n<li class=\"ql-align-justify\">Sensor de imagen CMOS de 2MP, 1 \/ 2.7 \u201d<\/li>\n<li class=\"ql-align-justify\">Salidas m\u00e1x. 2MP (1920 \u00d7 1080) @ 25\/30 fps.<\/li>\n<li class=\"ql-align-justify\">C\u00f3dec H.265<\/li>\n<li class=\"ql-align-justify\">IR inteligente<\/li>\n<li class=\"ql-align-justify\">ROI, SMART H.264 \/ H.265<\/li>\n<li class=\"ql-align-justify\">Modo de rotaci\u00f3n, WDR, 3D DNR, HLC, BLC, marca de agua digital, aplicable a varias escenas de monitoreo.<\/li>\n<li class=\"ql-align-justify\">Protecci\u00f3n IP67, IK10.<\/li>\n<li class=\"ql-align-justify\">Soporta Wi-Fi.<\/li>\n<\/ul>\n<p>&nbsp;<\/p>\n<\/div>\n<\/div>\n<hr class=\"padding-bottom-2x\" \/>\n<div class=\"row align-items-center padding-bottom-2x\">\n<div class=\"col-md-5\"><img decoding=\"async\" class=\"d-block m-auto img-thumbnail\" src=\"https:\/\/tvc.mx\/media\/412895\/Camara-IP-Domo-Wifi-2-Megapixeles-lente-2.8mm-IPC-HDBW1235E-W-S2-Dahua-especificaciones.png\" alt=\" \" \/><\/div>\n<div class=\"col-md-7 text-md-left text-center\">\n<h2>Especificaciones<\/h2>\n<p class=\"text-muted\">\n<ul>\n<li class=\"ql-align-justify\">CMOS progresivo de 1 \/ 2,7 \u00aby 2 megap\u00edxeles<\/li>\n<li class=\"ql-align-justify\">Distancia de iluminaci\u00f3n: 30 m<\/li>\n<li class=\"ql-align-justify\">Lente fijo de 2.8mm<\/li>\n<li class=\"ql-align-justify\">Campo de visi\u00f3n: Horizontal: 113 \u00b0 Vertical: 58 \u00b0 Diagonal: 135 \u00b0<\/li>\n<li class=\"ql-align-justify\">Compresi\u00f3n de video: H.265; H.264; H.264H; H.264B; MJPEG<\/li>\n<li class=\"ql-align-justify\">BLC \/ HLC<\/li>\n<li class=\"ql-align-justify\">DWDR<\/li>\n<li class=\"ql-align-justify\">Reducci\u00f3n de ruido: DNR 3D<\/li>\n<li class=\"ql-align-justify\">Wifi<\/li>\n<li class=\"ql-align-justify\">Almacenamiento: FTP; SFTP; Tarjeta Micro SD (256 G); NAS<\/li>\n<li class=\"ql-align-justify\">Fuente de alimentaci\u00f3n: 12V CC<\/li>\n<li class=\"ql-align-justify\">Grado de protecci\u00f3n: IP67; IK10<\/li>\n<li class=\"ql-align-justify\">Carcasa: Metal<\/li>\n<\/ul>\n<\/div>\n<\/div>\n","protected":false},"excerpt":{"rendered":"<p>Informaci\u00f3n general Con caracter\u00edsticas de instalaci\u00f3n simple, f\u00e1cil operaci\u00f3n y alta relaci\u00f3n costo-rendimiento, la c\u00e1mara de red de la serie Dahua Entry es aplicable a escenas peque\u00f1as y medianas, como hogares, residencias, tiendas minoristas peque\u00f1as y otras peque\u00f1as y medianas empresas. Smart H.265 + y&hellip;<\/p>\n","protected":false},"featured_media":2047,"comment_status":"open","ping_status":"closed","template":"","meta":{"om_disable_all_campaigns":false,"_monsterinsights_skip_tracking":false,"_monsterinsights_sitenote_active":false,"_monsterinsights_sitenote_note":"","_monsterinsights_sitenote_category":0},"product_brand":[],"product_cat":[113],"product_tag":[114,42,38,66,115],"class_list":{"0":"post-1990","1":"product","2":"type-product","3":"status-publish","4":"has-post-thumbnail","6":"product_cat-domo-camaras-ip","7":"product_tag-camara-domo","8":"product_tag-camaras","9":"product_tag-camaras-de-seguridad","10":"product_tag-dahua","11":"product_tag-domo","13":"first","14":"instock","15":"sale","16":"taxable","17":"shipping-taxable","18":"purchasable","19":"product-type-simple"},"aioseo_notices":[],"_links":{"self":[{"href":"https:\/\/tecsecmty.com\/index.php\/wp-json\/wp\/v2\/product\/1990","targetHints":{"allow":["GET"]}}],"collection":[{"href":"https:\/\/tecsecmty.com\/index.php\/wp-json\/wp\/v2\/product"}],"about":[{"href":"https:\/\/tecsecmty.com\/index.php\/wp-json\/wp\/v2\/types\/product"}],"replies":[{"embeddable":true,"href":"https:\/\/tecsecmty.com\/index.php\/wp-json\/wp\/v2\/comments?post=1990"}],"version-history":[{"count":0,"href":"https:\/\/tecsecmty.com\/index.php\/wp-json\/wp\/v2\/product\/1990\/revisions"}],"wp:featuredmedia":[{"embeddable":true,"href":"https:\/\/tecsecmty.com\/index.php\/wp-json\/wp\/v2\/media\/2047"}],"wp:attachment":[{"href":"https:\/\/tecsecmty.com\/index.php\/wp-json\/wp\/v2\/media?parent=1990"}],"wp:term":[{"taxonomy":"product_brand","embeddable":true,"href":"https:\/\/tecsecmty.com\/index.php\/wp-json\/wp\/v2\/product_brand?post=1990"},{"taxonomy":"product_cat","embeddable":true,"href":"https:\/\/tecsecmty.com\/index.php\/wp-json\/wp\/v2\/product_cat?post=1990"},{"taxonomy":"product_tag","embeddable":true,"href":"https:\/\/tecsecmty.com\/index.php\/wp-json\/wp\/v2\/product_tag?post=1990"}],"curies":[{"name":"wp","href":"https:\/\/api.w.org\/{rel}","templated":true}]}}